{"id":1482,"date":"2017-10-27T07:52:46","date_gmt":"2017-10-27T07:52:46","guid":{"rendered":"https:\/\/es.greenpeace.org\/ca\/?page_id=1482"},"modified":"2024-02-16T11:45:01","modified_gmt":"2024-02-16T09:45:01","slug":"consejo","status":"publish","type":"page","link":"https:\/\/es.greenpeace.org\/ca\/quienes-somos\/como-nos-organizamos\/consejo\/","title":{"rendered":"Consell"},"content":{"rendered":"<div class=\"col-12\" style=\"text-align: center;\">\n<h5 style=\"text-align: left;\">Consell de Greenpeace Espanya<\/h5>\n<p style=\"text-align: left;\">El Consell \u00e9s l&#8217;\u00f2rgan representatiu de les persones s\u00f2cies, escollit de conformitat amb les regulacions dels <a href=\"https:\/\/es.greenpeace.org\/es\/wp-content\/uploads\/sites\/3\/2021\/12\/estatutos-de-greenpeace-espana-2021.pdf\" target=\"_blank\" rel=\"noopener\">Estatuts de l&#8217;Associaci\u00f3<\/a>.<\/p>\n<p style=\"text-align: left;\">Es tracta del m\u00e0xim \u00f2rgan de decisi\u00f3 de Greenpeace Espanya i est\u00e0 constitu\u00eft per 75 persones: 60 s\u00f3n escollides per la nostra base social (m\u00e9s de 152.000 s\u00f2cies i socis) i 15 pel Consell sortint.<\/p>\n<p style=\"text-align: left;\">Entre les funcions del Consell, que es detallen als Estatuts, destaquem l&#8217;aprovaci\u00f3 dels pressupostos i el balan\u00e7 d&#8217;activitats, que es debaten a l&#8217;Assemblea ordin\u00e0ria que se celebra cada any al mes de mar\u00e7. Tamb\u00e9 escull les persones que integren la Junta Directiva, i exerceix la supervisi\u00f3 i el control de les seves tasques. Aix\u00ed mateix, \u00e9s l&#8217;\u00f2rgan responsable d&#8217;aprovar \u2014i modificar, si escau\u2014 els Estatuts i el Reglament de Funcionament Intern. El Consell celebra l&#8217;assemblea ordin\u00e0ria el primer trimestre de l&#8217;any i celebra una assemblea extraordin\u00e0ria l&#8217;\u00faltim trimestre, per al debat i la votaci\u00f3 del pressupost, sense perjudici que es puguin fer altres assemblees extraordin\u00e0ries o trobades si \u00e9s necessari.<\/p>\n<p style=\"text-align: left;\">Per facilitar el funcionament del Consell, hi ha tres comissions de car\u00e0cter permanent (Comissi\u00f3 d&#8217;Arbitratge, Comissi\u00f3 Electoral i Comissi\u00f3 de Funcionament Intern), i tamb\u00e9 grups de treball de car\u00e0cter temporal que se constitueixen per abordar q\u00fcestions concretes.<\/p>\n<p style=\"text-align: left;\">Finalitzades les eleccions que vam dur a terme el 2022, el nou mandat va comen\u00e7ar el 10 de gener de 2023. El Consell est\u00e0 constitu\u00eft actualment per <strong>47 s\u00f2cies<\/strong> i <strong>28 socis<\/strong>:<\/p>\n<div class=\"row\">\n<div class=\"col-lg\">\n<p style=\"text-align: left;\">Alonso Asensio, Oscar Manuel<\/p>\n<p style=\"text-align: left;\">Alonso Etayo, Martin Andr\u00e9s<\/p>\n<p style=\"text-align: left;\">Alonso Sanju\u00e1n, \u00c1ngel<\/p>\n<p style=\"text-align: left;\">Aparicio Ortega, Miguel<\/p>\n<p style=\"text-align: left;\">Ayuso S\u00e1nchez, Sandra<\/p>\n<p style=\"text-align: left;\">Carrascosa Vacas, \u00c1lex<\/p>\n<p style=\"text-align: left;\">Calzada Rodr\u00edguez, Julio<\/p>\n<p style=\"text-align: left;\">Ceccaroni, Luigi<\/p>\n<p style=\"text-align: left;\">Cereceda Gat\u00f3n, Raquel<\/p>\n<p style=\"text-align: left;\">De Andr\u00e9s Cuartero, M\u00f3nica<\/p>\n<p style=\"text-align: left;\">Del Olmo Garc\u00eda, Mar\u00eda Dolores<\/p>\n<p style=\"text-align: left;\">Dobaran Santiago, Naiara<\/p>\n<p style=\"text-align: left;\">Dom\u00ednguez L\u00f3pez, Pedro Jos\u00e9<\/p>\n<p style=\"text-align: left;\">Duro Lago, Ricard<\/p>\n<p style=\"text-align: left;\">Escud\u00e9 Mas, Ernest<\/p>\n<p style=\"text-align: left;\">Escudero Escudier, Alicia<\/p>\n<p style=\"text-align: left;\">Fern\u00e1ndez Castillo, Marta<\/p>\n<p style=\"text-align: left;\">Fern\u00e1ndez Fuentes, \u00c1ngeles<\/p>\n<p style=\"text-align: left;\">Fern\u00e1ndez Marino, Consolaci\u00f3n<\/p>\n<p style=\"text-align: left;\">Fern\u00e1ndez Milan, Blanca<\/p>\n<p style=\"text-align: left;\">Fern\u00e1ndez Montoya, Antonio<\/p>\n<p style=\"text-align: left;\">Frucella, Silvina<\/p>\n<p style=\"text-align: left;\">Garc\u00eda \u00c1lvarez, Teresa<\/p>\n<p style=\"text-align: left;\">Garc\u00eda Exp\u00f3sito, Maribel<\/p>\n<p style=\"text-align: left;\">Garz\u00f3n Pacheco, Dina<\/p>\n<\/div>\n<div class=\"col-lg\">\n<p style=\"text-align: left;\">G\u00f3mez Donat, Mar\u00eda Jos\u00e9<\/p>\n<p style=\"text-align: left;\">Gonz\u00e1lez Barona, Francisco<\/p>\n<p style=\"text-align: left;\">Gonz\u00e1lez Garrido, Amaia<\/p>\n<p style=\"text-align: left;\">Gonz\u00e1lez Prieto, Pablo \u00d3scar<\/p>\n<p style=\"text-align: left;\">Guinot Vera, Paula<\/p>\n<p style=\"text-align: left;\">Hern\u00e1ndez Adri\u00e1n, Raquel<\/p>\n<p style=\"text-align: left;\">Honrubia Garc\u00eda, Jes\u00fas<\/p>\n<p style=\"text-align: left;\">Jorda Solbes, Ester<\/p>\n<p style=\"text-align: left;\">Knoppen, Desiree<\/p>\n<p style=\"text-align: left;\">Kraft, Jan<\/p>\n<p style=\"text-align: left;\">Lled\u00f3 Vilaplana, Alba<\/p>\n<p style=\"text-align: left;\">Lobato Valero, Juan<\/p>\n<p style=\"text-align: left;\">L\u00f3pez de Uralde, Koro<\/p>\n<p style=\"text-align: left;\">Mart\u00ednez Guijosa, Jordi<\/p>\n<p style=\"text-align: left;\">Merino Hern\u00e1ndez, Carmen<\/p>\n<p style=\"text-align: left;\">Mielgo Mart\u00edn, Jos\u00e9 Manuel<\/p>\n<p style=\"text-align: left;\">Mijangos R\u00edus, Ander<\/p>\n<p style=\"text-align: left;\">Mu\u00f1oz Aznar, Dolores<\/p>\n<p style=\"text-align: left;\">Najarro Garc\u00eda, Maitane<\/p>\n<p style=\"text-align: left;\">Ogando Hermida, Beatriz<\/p>\n<p style=\"text-align: left;\">Olabarrieta Paul, Idoia<\/p>\n<p style=\"text-align: left;\">Olaizola, Edita<\/p>\n<p style=\"text-align: left;\">Pastor Alfonso, Paloma<\/p>\n<p style=\"text-align: left;\">Pe\u00f1a Fern\u00e1ndez, Xos\u00e9<\/p>\n<p style=\"text-align: left;\">P\u00e9rez-Lozao Gallego, Miguel<\/p>\n<\/div>\n<div class=\"col-lg\">\n<p style=\"text-align: left;\">Pina Castillo, F\u00e9lix<\/p>\n<p style=\"text-align: left;\">Pozo Gimon, Lupe<\/p>\n<p style=\"text-align: left;\">Quilez Cerd\u00e0, Am\u00e9lia<\/p>\n<p style=\"text-align: left;\">Rodr\u00edguez Fern\u00e1ndez-Blanco, Carmen<\/p>\n<p style=\"text-align: left;\">Romero Soler, Alicia<\/p>\n<p style=\"text-align: left;\">Rubio Arcones, Juan Manuel<\/p>\n<p style=\"text-align: left;\">Rubio Hernando, Sonia<\/p>\n<p style=\"text-align: left;\">Ruiz Fern\u00e1ndez, Concepci\u00f3n<\/p>\n<p style=\"text-align: left;\">Sandoval Gracia, Idoia<\/p>\n<p style=\"text-align: left;\">Serrano Linares, \u00c1ngel<\/p>\n<p style=\"text-align: left;\">Sim\u00f3 Espert, Francesc<\/p>\n<p style=\"text-align: left;\">Soto O\u00f1ate, David<\/p>\n<p style=\"text-align: left;\">Su\u00e1rez Luna, Julia<\/p>\n<p style=\"text-align: left;\">Taboada Fern\u00e1ndez, Susana<\/p>\n<p style=\"text-align: left;\">Tellitu Franco, Izaskun<\/p>\n<p style=\"text-align: left;\">Torada Ma\u00f1ez, Rebeca<\/p>\n<p style=\"text-align: left;\">Villanueva Vico, Mar\u00eda<\/p>\n<p style=\"text-align: left;\">Villar Arnal, Teresa<\/p>\n<p style=\"text-align: left;\">Villena Barjau, Elisenda<\/p>\n<p style=\"text-align: left;\">Vi\u00f1uales Edo, V\u00edctor<\/p>\n<p style=\"text-align: left;\">Xort\u00f3 Borr\u00e0s, Xavier<\/p>\n<p style=\"text-align: left;\">Zamora Barcel\u00f3, Josefina<\/p>\n<\/div>\n<\/div>\n<\/div>\n","protected":false},"excerpt":{"rendered":"<p>Consell de Greenpeace Espanya El Consell \u00e9s l&#8217;\u00f2rgan representatiu de les persones s\u00f2cies, escollit de conformitat amb les regulacions dels Estatuts de l&#8217;Associaci\u00f3. Es tracta del m\u00e0xim \u00f2rgan de decisi\u00f3 de Greenpeace Espanya i est\u00e0 constitu\u00eft per 75 persones: 60 s\u00f3n escollides per la nostra base social (m\u00e9s de 152.000 s\u00f2cies i socis) i 15 [&hellip;]<\/p>\n","protected":false},"author":4,"featured_media":0,"parent":197,"menu_order":0,"comment_status":"closed","ping_status":"closed","template":"template-generic-page.php","meta":{"_acf_changed":false,"footnotes":""},"categories":[],"tags":[],"class_list":["post-1482","page","type-page","status-publish","hentry"],"acf":[],"yoast_head":"<!-- This site is optimized with the Yoast SEO plugin v27.1.1 - https:\/\/yoast.com\/product\/yoast-seo-wordpress\/ -->\n<title>Consell - CA | Greenpeace Espa\u00f1a<\/title>\n<meta name=\"robots\" content=\"index, follow, max-snippet:-1, max-image-preview:large, max-video-preview:-1\" \/>\n<link rel=\"canonical\" href=\"https:\/\/es.greenpeace.org\/ca\/quienes-somos\/como-nos-organizamos\/consejo\/\" \/>\n<meta property=\"og:locale\" content=\"ca_ES\" \/>\n<meta property=\"og:type\" content=\"article\" \/>\n<meta property=\"og:title\" content=\"Consell - CA | Greenpeace Espa\u00f1a\" \/>\n<meta property=\"og:description\" content=\"Consell de Greenpeace Espanya El Consell \u00e9s l&#8217;\u00f2rgan representatiu de les persones s\u00f2cies, escollit de conformitat amb les regulacions dels Estatuts de l&#8217;Associaci\u00f3. Es tracta del m\u00e0xim \u00f2rgan de decisi\u00f3 de Greenpeace Espanya i est\u00e0 constitu\u00eft per 75 persones: 60 s\u00f3n escollides per la nostra base social (m\u00e9s de 152.000 s\u00f2cies i socis) i 15 [&hellip;]\" \/>\n<meta property=\"og:url\" content=\"https:\/\/es.greenpeace.org\/ca\/quienes-somos\/como-nos-organizamos\/consejo\/\" \/>\n<meta property=\"og:site_name\" content=\"CA | Greenpeace Espa\u00f1a\" \/>\n<meta property=\"article:publisher\" content=\"https:\/\/www.facebook.com\/greenpeace.spain\" \/>\n<meta property=\"article:modified_time\" content=\"2024-02-16T09:45:01+00:00\" \/>\n<meta name=\"twitter:card\" content=\"summary_large_image\" \/>\n<meta name=\"twitter:site\" content=\"@greenpeace_esp\" \/>\n<meta name=\"twitter:label1\" content=\"Temps estimat de lectura\" \/>\n\t<meta name=\"twitter:data1\" content=\"3 minuts\" \/>\n<script type=\"application\/ld+json\" class=\"yoast-schema-graph\">{\"@context\":\"https:\/\/schema.org\",\"@graph\":[{\"@type\":\"WebPage\",\"@id\":\"https:\/\/es.greenpeace.org\/ca\/quienes-somos\/como-nos-organizamos\/consejo\/\",\"url\":\"https:\/\/es.greenpeace.org\/ca\/quienes-somos\/como-nos-organizamos\/consejo\/\",\"name\":\"Consell - CA | Greenpeace Espa\u00f1a\",\"isPartOf\":{\"@id\":\"https:\/\/es.greenpeace.org\/ca\/#website\"},\"datePublished\":\"2017-10-27T07:52:46+00:00\",\"dateModified\":\"2024-02-16T09:45:01+00:00\",\"breadcrumb\":{\"@id\":\"https:\/\/es.greenpeace.org\/ca\/quienes-somos\/como-nos-organizamos\/consejo\/#breadcrumb\"},\"inLanguage\":\"ca\",\"potentialAction\":[{\"@type\":\"ReadAction\",\"target\":[\"https:\/\/es.greenpeace.org\/ca\/quienes-somos\/como-nos-organizamos\/consejo\/\"]}]},{\"@type\":\"BreadcrumbList\",\"@id\":\"https:\/\/es.greenpeace.org\/ca\/quienes-somos\/como-nos-organizamos\/consejo\/#breadcrumb\",\"itemListElement\":[{\"@type\":\"ListItem\",\"position\":1,\"name\":\"Home\",\"item\":\"https:\/\/es.greenpeace.org\/ca\/\"},{\"@type\":\"ListItem\",\"position\":2,\"name\":\"Qui som\",\"item\":\"https:\/\/es.greenpeace.org\/ca\/quienes-somos\/\"},{\"@type\":\"ListItem\",\"position\":3,\"name\":\"Com ens organitzem\",\"item\":\"https:\/\/es.greenpeace.org\/ca\/quienes-somos\/como-nos-organizamos\/\"},{\"@type\":\"ListItem\",\"position\":4,\"name\":\"Consell\"}]},{\"@type\":\"WebSite\",\"@id\":\"https:\/\/es.greenpeace.org\/ca\/#website\",\"url\":\"https:\/\/es.greenpeace.org\/ca\/\",\"name\":\"CA | Greenpeace Espa\u00f1a\",\"description\":\"\",\"publisher\":{\"@id\":\"https:\/\/es.greenpeace.org\/ca\/#organization\"},\"potentialAction\":[{\"@type\":\"SearchAction\",\"target\":{\"@type\":\"EntryPoint\",\"urlTemplate\":\"https:\/\/es.greenpeace.org\/ca\/?s={search_term_string}\"},\"query-input\":{\"@type\":\"PropertyValueSpecification\",\"valueRequired\":true,\"valueName\":\"search_term_string\"}}],\"inLanguage\":\"ca\"},{\"@type\":\"Organization\",\"@id\":\"https:\/\/es.greenpeace.org\/ca\/#organization\",\"name\":\"Greenpeace Espa\u00f1a\",\"alternateName\":\"Greenpeace\",\"url\":\"https:\/\/es.greenpeace.org\/ca\/\",\"logo\":{\"@type\":\"ImageObject\",\"inLanguage\":\"ca\",\"@id\":\"https:\/\/es.greenpeace.org\/ca\/#\/schema\/logo\/image\/\",\"url\":\"https:\/\/es.greenpeace.org\/ca\/wp-content\/uploads\/sites\/6\/2024\/07\/greenpeace-logo-verde.svg\",\"contentUrl\":\"https:\/\/es.greenpeace.org\/ca\/wp-content\/uploads\/sites\/6\/2024\/07\/greenpeace-logo-verde.svg\",\"width\":1,\"height\":1,\"caption\":\"Greenpeace Espa\u00f1a\"},\"image\":{\"@id\":\"https:\/\/es.greenpeace.org\/ca\/#\/schema\/logo\/image\/\"},\"sameAs\":[\"https:\/\/www.facebook.com\/greenpeace.spain\",\"https:\/\/x.com\/greenpeace_esp\",\"https:\/\/www.instagram.com\/greenpeace_esp\/\"]}]}<\/script>\n<!-- \/ Yoast SEO plugin. -->","yoast_head_json":{"title":"Consell - CA | Greenpeace Espa\u00f1a","robots":{"index":"index","follow":"follow","max-snippet":"max-snippet:-1","max-image-preview":"max-image-preview:large","max-video-preview":"max-video-preview:-1"},"canonical":"https:\/\/es.greenpeace.org\/ca\/quienes-somos\/como-nos-organizamos\/consejo\/","og_locale":"ca_ES","og_type":"article","og_title":"Consell - CA | Greenpeace Espa\u00f1a","og_description":"Consell de Greenpeace Espanya El Consell \u00e9s l&#8217;\u00f2rgan representatiu de les persones s\u00f2cies, escollit de conformitat amb les regulacions dels Estatuts de l&#8217;Associaci\u00f3. Es tracta del m\u00e0xim \u00f2rgan de decisi\u00f3 de Greenpeace Espanya i est\u00e0 constitu\u00eft per 75 persones: 60 s\u00f3n escollides per la nostra base social (m\u00e9s de 152.000 s\u00f2cies i socis) i 15 [&hellip;]","og_url":"https:\/\/es.greenpeace.org\/ca\/quienes-somos\/como-nos-organizamos\/consejo\/","og_site_name":"CA | Greenpeace Espa\u00f1a","article_publisher":"https:\/\/www.facebook.com\/greenpeace.spain","article_modified_time":"2024-02-16T09:45:01+00:00","twitter_card":"summary_large_image","twitter_site":"@greenpeace_esp","twitter_misc":{"Temps estimat de lectura":"3 minuts"},"schema":{"@context":"https:\/\/schema.org","@graph":[{"@type":"WebPage","@id":"https:\/\/es.greenpeace.org\/ca\/quienes-somos\/como-nos-organizamos\/consejo\/","url":"https:\/\/es.greenpeace.org\/ca\/quienes-somos\/como-nos-organizamos\/consejo\/","name":"Consell - CA | Greenpeace Espa\u00f1a","isPartOf":{"@id":"https:\/\/es.greenpeace.org\/ca\/#website"},"datePublished":"2017-10-27T07:52:46+00:00","dateModified":"2024-02-16T09:45:01+00:00","breadcrumb":{"@id":"https:\/\/es.greenpeace.org\/ca\/quienes-somos\/como-nos-organizamos\/consejo\/#breadcrumb"},"inLanguage":"ca","potentialAction":[{"@type":"ReadAction","target":["https:\/\/es.greenpeace.org\/ca\/quienes-somos\/como-nos-organizamos\/consejo\/"]}]},{"@type":"BreadcrumbList","@id":"https:\/\/es.greenpeace.org\/ca\/quienes-somos\/como-nos-organizamos\/consejo\/#breadcrumb","itemListElement":[{"@type":"ListItem","position":1,"name":"Home","item":"https:\/\/es.greenpeace.org\/ca\/"},{"@type":"ListItem","position":2,"name":"Qui som","item":"https:\/\/es.greenpeace.org\/ca\/quienes-somos\/"},{"@type":"ListItem","position":3,"name":"Com ens organitzem","item":"https:\/\/es.greenpeace.org\/ca\/quienes-somos\/como-nos-organizamos\/"},{"@type":"ListItem","position":4,"name":"Consell"}]},{"@type":"WebSite","@id":"https:\/\/es.greenpeace.org\/ca\/#website","url":"https:\/\/es.greenpeace.org\/ca\/","name":"CA | Greenpeace Espa\u00f1a","description":"","publisher":{"@id":"https:\/\/es.greenpeace.org\/ca\/#organization"},"potentialAction":[{"@type":"SearchAction","target":{"@type":"EntryPoint","urlTemplate":"https:\/\/es.greenpeace.org\/ca\/?s={search_term_string}"},"query-input":{"@type":"PropertyValueSpecification","valueRequired":true,"valueName":"search_term_string"}}],"inLanguage":"ca"},{"@type":"Organization","@id":"https:\/\/es.greenpeace.org\/ca\/#organization","name":"Greenpeace Espa\u00f1a","alternateName":"Greenpeace","url":"https:\/\/es.greenpeace.org\/ca\/","logo":{"@type":"ImageObject","inLanguage":"ca","@id":"https:\/\/es.greenpeace.org\/ca\/#\/schema\/logo\/image\/","url":"https:\/\/es.greenpeace.org\/ca\/wp-content\/uploads\/sites\/6\/2024\/07\/greenpeace-logo-verde.svg","contentUrl":"https:\/\/es.greenpeace.org\/ca\/wp-content\/uploads\/sites\/6\/2024\/07\/greenpeace-logo-verde.svg","width":1,"height":1,"caption":"Greenpeace Espa\u00f1a"},"image":{"@id":"https:\/\/es.greenpeace.org\/ca\/#\/schema\/logo\/image\/"},"sameAs":["https:\/\/www.facebook.com\/greenpeace.spain","https:\/\/x.com\/greenpeace_esp","https:\/\/www.instagram.com\/greenpeace_esp\/"]}]}},"_links":{"self":[{"href":"https:\/\/es.greenpeace.org\/ca\/wp-json\/wp\/v2\/pages\/1482","targetHints":{"allow":["GET"]}}],"collection":[{"href":"https:\/\/es.greenpeace.org\/ca\/wp-json\/wp\/v2\/pages"}],"about":[{"href":"https:\/\/es.greenpeace.org\/ca\/wp-json\/wp\/v2\/types\/page"}],"author":[{"embeddable":true,"href":"https:\/\/es.greenpeace.org\/ca\/wp-json\/wp\/v2\/users\/4"}],"replies":[{"embeddable":true,"href":"https:\/\/es.greenpeace.org\/ca\/wp-json\/wp\/v2\/comments?post=1482"}],"version-history":[{"count":13,"href":"https:\/\/es.greenpeace.org\/ca\/wp-json\/wp\/v2\/pages\/1482\/revisions"}],"predecessor-version":[{"id":6070,"href":"https:\/\/es.greenpeace.org\/ca\/wp-json\/wp\/v2\/pages\/1482\/revisions\/6070"}],"up":[{"embeddable":true,"href":"https:\/\/es.greenpeace.org\/ca\/wp-json\/wp\/v2\/pages\/197"}],"wp:attachment":[{"href":"https:\/\/es.greenpeace.org\/ca\/wp-json\/wp\/v2\/media?parent=1482"}],"wp:term":[{"taxonomy":"category","embeddable":true,"href":"https:\/\/es.greenpeace.org\/ca\/wp-json\/wp\/v2\/categories?post=1482"},{"taxonomy":"post_tag","embeddable":true,"href":"https:\/\/es.greenpeace.org\/ca\/wp-json\/wp\/v2\/tags?post=1482"}],"curies":[{"name":"wp","href":"https:\/\/api.w.org\/{rel}","templated":true}]}}