{"id":1595,"date":"2017-10-27T12:51:10","date_gmt":"2017-10-27T12:51:10","guid":{"rendered":"https:\/\/es.greenpeace.org\/ca\/?page_id=1595"},"modified":"2022-12-09T17:51:04","modified_gmt":"2022-12-09T15:51:04","slug":"testamento-solidario","status":"publish","type":"page","link":"https:\/\/es.greenpeace.org\/ca\/que-puedes-hacer-tu\/testamento-solidario\/","title":{"rendered":"Testament solidari"},"content":{"rendered":"<p><a name=\"video\"><\/a><br \/>\n\n\t\t\t<div class=\"plyr__video-embed\"  data-plyr-provider=\"youtube\" data-plyr-embed-id=\"https:\/\/youtu.be\/64Ydp7qxWBs\" data-plyr-config=\"{noCookie:true,youtube:{noCookie:true}}\"><\/div>\n    <\/p>\n<h4>\u00abCal que defensem el planeta. Cal que ho fem ara i caldr\u00e0 que ho fem dem\u00e0. No hi ha un planeta B.\u00bb<\/h4>\n<p>El teu comprom\u00eds amb el medi ambient continuar\u00e0 viu, fins i tot quan ja no hi siguis. Perqu\u00e8 si inclous Greenpeace en el testament, els teus b\u00e9ns contribuiran a lluitar contra els perills mediambientals i retornar als teus fills una Terra verda i en pau.<\/p>\n","protected":false},"excerpt":{"rendered":"<p>\u00abCal que defensem el planeta. Cal que ho fem ara i caldr\u00e0 que ho fem dem\u00e0. No hi ha un planeta B.\u00bb El teu comprom\u00eds amb el medi ambient continuar\u00e0 viu, fins i tot quan ja no hi siguis. Perqu\u00e8 si inclous Greenpeace en el testament, els teus b\u00e9ns contribuiran a lluitar contra els perills [&hellip;]<\/p>\n","protected":false},"author":5,"featured_media":5793,"parent":916,"menu_order":0,"comment_status":"closed","ping_status":"closed","template":"","meta":{"_acf_changed":false,"footnotes":""},"categories":[],"tags":[],"class_list":["post-1595","page","type-page","status-publish","has-post-thumbnail","hentry"],"acf":[],"yoast_head":"<!-- This site is optimized with the Yoast SEO plugin v27.1.1 - https:\/\/yoast.com\/product\/yoast-seo-wordpress\/ -->\n<title>Testament solidari - CA | Greenpeace Espa\u00f1a<\/title>\n<meta name=\"robots\" content=\"index, follow, max-snippet:-1, max-image-preview:large, max-video-preview:-1\" \/>\n<link rel=\"canonical\" href=\"https:\/\/es.greenpeace.org\/ca\/que-puedes-hacer-tu\/testamento-solidario\/\" \/>\n<meta property=\"og:locale\" content=\"ca_ES\" \/>\n<meta property=\"og:type\" content=\"article\" \/>\n<meta property=\"og:title\" content=\"Testament solidari - CA | Greenpeace Espa\u00f1a\" \/>\n<meta property=\"og:description\" content=\"\u00abCal que defensem el planeta. Cal que ho fem ara i caldr\u00e0 que ho fem dem\u00e0. No hi ha un planeta B.\u00bb El teu comprom\u00eds amb el medi ambient continuar\u00e0 viu, fins i tot quan ja no hi siguis. Perqu\u00e8 si inclous Greenpeace en el testament, els teus b\u00e9ns contribuiran a lluitar contra els perills [&hellip;]\" \/>\n<meta property=\"og:url\" content=\"https:\/\/es.greenpeace.org\/ca\/que-puedes-hacer-tu\/testamento-solidario\/\" \/>\n<meta property=\"og:site_name\" content=\"CA | Greenpeace Espa\u00f1a\" \/>\n<meta property=\"article:publisher\" content=\"https:\/\/www.facebook.com\/greenpeace.spain\" \/>\n<meta property=\"article:modified_time\" content=\"2022-12-09T15:51:04+00:00\" \/>\n<meta property=\"og:image\" content=\"https:\/\/es.greenpeace.org\/ca\/wp-content\/uploads\/sites\/6\/2022\/12\/GP1SX0CZ_2800x1867-scaled.jpg\" \/>\n\t<meta property=\"og:image:width\" content=\"2560\" \/>\n\t<meta property=\"og:image:height\" content=\"1707\" \/>\n\t<meta property=\"og:image:type\" content=\"image\/jpeg\" \/>\n<meta name=\"twitter:card\" content=\"summary_large_image\" \/>\n<meta name=\"twitter:site\" content=\"@greenpeace_esp\" \/>\n<script type=\"application\/ld+json\" class=\"yoast-schema-graph\">{\"@context\":\"https:\/\/schema.org\",\"@graph\":[{\"@type\":\"WebPage\",\"@id\":\"https:\/\/es.greenpeace.org\/ca\/que-puedes-hacer-tu\/testamento-solidario\/\",\"url\":\"https:\/\/es.greenpeace.org\/ca\/que-puedes-hacer-tu\/testamento-solidario\/\",\"name\":\"Testament solidari - CA | Greenpeace Espa\u00f1a\",\"isPartOf\":{\"@id\":\"https:\/\/es.greenpeace.org\/ca\/#website\"},\"primaryImageOfPage\":{\"@id\":\"https:\/\/es.greenpeace.org\/ca\/que-puedes-hacer-tu\/testamento-solidario\/#primaryimage\"},\"image\":{\"@id\":\"https:\/\/es.greenpeace.org\/ca\/que-puedes-hacer-tu\/testamento-solidario\/#primaryimage\"},\"thumbnailUrl\":\"https:\/\/es.greenpeace.org\/ca\/wp-content\/uploads\/sites\/6\/2022\/12\/GP1SX0CZ_2800x1867-scaled.jpg\",\"datePublished\":\"2017-10-27T12:51:10+00:00\",\"dateModified\":\"2022-12-09T15:51:04+00:00\",\"breadcrumb\":{\"@id\":\"https:\/\/es.greenpeace.org\/ca\/que-puedes-hacer-tu\/testamento-solidario\/#breadcrumb\"},\"inLanguage\":\"ca\",\"potentialAction\":[{\"@type\":\"ReadAction\",\"target\":[\"https:\/\/es.greenpeace.org\/ca\/que-puedes-hacer-tu\/testamento-solidario\/\"]}]},{\"@type\":\"ImageObject\",\"inLanguage\":\"ca\",\"@id\":\"https:\/\/es.greenpeace.org\/ca\/que-puedes-hacer-tu\/testamento-solidario\/#primaryimage\",\"url\":\"https:\/\/es.greenpeace.org\/ca\/wp-content\/uploads\/sites\/6\/2022\/12\/GP1SX0CZ_2800x1867-scaled.jpg\",\"contentUrl\":\"https:\/\/es.greenpeace.org\/ca\/wp-content\/uploads\/sites\/6\/2022\/12\/GP1SX0CZ_2800x1867-scaled.jpg\",\"width\":2560,\"height\":1707,\"caption\":\"Testament solidari\"},{\"@type\":\"BreadcrumbList\",\"@id\":\"https:\/\/es.greenpeace.org\/ca\/que-puedes-hacer-tu\/testamento-solidario\/#breadcrumb\",\"itemListElement\":[{\"@type\":\"ListItem\",\"position\":1,\"name\":\"Home\",\"item\":\"https:\/\/es.greenpeace.org\/ca\/\"},{\"@type\":\"ListItem\",\"position\":2,\"name\":\"Qu\u00e8 pots fer tu\",\"item\":\"https:\/\/es.greenpeace.org\/ca\/que-puedes-hacer-tu\/\"},{\"@type\":\"ListItem\",\"position\":3,\"name\":\"Testament solidari\"}]},{\"@type\":\"WebSite\",\"@id\":\"https:\/\/es.greenpeace.org\/ca\/#website\",\"url\":\"https:\/\/es.greenpeace.org\/ca\/\",\"name\":\"CA | Greenpeace Espa\u00f1a\",\"description\":\"\",\"publisher\":{\"@id\":\"https:\/\/es.greenpeace.org\/ca\/#organization\"},\"potentialAction\":[{\"@type\":\"SearchAction\",\"target\":{\"@type\":\"EntryPoint\",\"urlTemplate\":\"https:\/\/es.greenpeace.org\/ca\/?s={search_term_string}\"},\"query-input\":{\"@type\":\"PropertyValueSpecification\",\"valueRequired\":true,\"valueName\":\"search_term_string\"}}],\"inLanguage\":\"ca\"},{\"@type\":\"Organization\",\"@id\":\"https:\/\/es.greenpeace.org\/ca\/#organization\",\"name\":\"Greenpeace Espa\u00f1a\",\"alternateName\":\"Greenpeace\",\"url\":\"https:\/\/es.greenpeace.org\/ca\/\",\"logo\":{\"@type\":\"ImageObject\",\"inLanguage\":\"ca\",\"@id\":\"https:\/\/es.greenpeace.org\/ca\/#\/schema\/logo\/image\/\",\"url\":\"https:\/\/es.greenpeace.org\/ca\/wp-content\/uploads\/sites\/6\/2024\/07\/greenpeace-logo-verde.svg\",\"contentUrl\":\"https:\/\/es.greenpeace.org\/ca\/wp-content\/uploads\/sites\/6\/2024\/07\/greenpeace-logo-verde.svg\",\"width\":1,\"height\":1,\"caption\":\"Greenpeace Espa\u00f1a\"},\"image\":{\"@id\":\"https:\/\/es.greenpeace.org\/ca\/#\/schema\/logo\/image\/\"},\"sameAs\":[\"https:\/\/www.facebook.com\/greenpeace.spain\",\"https:\/\/x.com\/greenpeace_esp\",\"https:\/\/www.instagram.com\/greenpeace_esp\/\"]}]}<\/script>\n<!-- \/ Yoast SEO plugin. -->","yoast_head_json":{"title":"Testament solidari - CA | Greenpeace Espa\u00f1a","robots":{"index":"index","follow":"follow","max-snippet":"max-snippet:-1","max-image-preview":"max-image-preview:large","max-video-preview":"max-video-preview:-1"},"canonical":"https:\/\/es.greenpeace.org\/ca\/que-puedes-hacer-tu\/testamento-solidario\/","og_locale":"ca_ES","og_type":"article","og_title":"Testament solidari - CA | Greenpeace Espa\u00f1a","og_description":"\u00abCal que defensem el planeta. Cal que ho fem ara i caldr\u00e0 que ho fem dem\u00e0. No hi ha un planeta B.\u00bb El teu comprom\u00eds amb el medi ambient continuar\u00e0 viu, fins i tot quan ja no hi siguis. Perqu\u00e8 si inclous Greenpeace en el testament, els teus b\u00e9ns contribuiran a lluitar contra els perills [&hellip;]","og_url":"https:\/\/es.greenpeace.org\/ca\/que-puedes-hacer-tu\/testamento-solidario\/","og_site_name":"CA | Greenpeace Espa\u00f1a","article_publisher":"https:\/\/www.facebook.com\/greenpeace.spain","article_modified_time":"2022-12-09T15:51:04+00:00","og_image":[{"width":2560,"height":1707,"url":"https:\/\/es.greenpeace.org\/ca\/wp-content\/uploads\/sites\/6\/2022\/12\/GP1SX0CZ_2800x1867-scaled.jpg","type":"image\/jpeg"}],"twitter_card":"summary_large_image","twitter_site":"@greenpeace_esp","schema":{"@context":"https:\/\/schema.org","@graph":[{"@type":"WebPage","@id":"https:\/\/es.greenpeace.org\/ca\/que-puedes-hacer-tu\/testamento-solidario\/","url":"https:\/\/es.greenpeace.org\/ca\/que-puedes-hacer-tu\/testamento-solidario\/","name":"Testament solidari - CA | Greenpeace Espa\u00f1a","isPartOf":{"@id":"https:\/\/es.greenpeace.org\/ca\/#website"},"primaryImageOfPage":{"@id":"https:\/\/es.greenpeace.org\/ca\/que-puedes-hacer-tu\/testamento-solidario\/#primaryimage"},"image":{"@id":"https:\/\/es.greenpeace.org\/ca\/que-puedes-hacer-tu\/testamento-solidario\/#primaryimage"},"thumbnailUrl":"https:\/\/es.greenpeace.org\/ca\/wp-content\/uploads\/sites\/6\/2022\/12\/GP1SX0CZ_2800x1867-scaled.jpg","datePublished":"2017-10-27T12:51:10+00:00","dateModified":"2022-12-09T15:51:04+00:00","breadcrumb":{"@id":"https:\/\/es.greenpeace.org\/ca\/que-puedes-hacer-tu\/testamento-solidario\/#breadcrumb"},"inLanguage":"ca","potentialAction":[{"@type":"ReadAction","target":["https:\/\/es.greenpeace.org\/ca\/que-puedes-hacer-tu\/testamento-solidario\/"]}]},{"@type":"ImageObject","inLanguage":"ca","@id":"https:\/\/es.greenpeace.org\/ca\/que-puedes-hacer-tu\/testamento-solidario\/#primaryimage","url":"https:\/\/es.greenpeace.org\/ca\/wp-content\/uploads\/sites\/6\/2022\/12\/GP1SX0CZ_2800x1867-scaled.jpg","contentUrl":"https:\/\/es.greenpeace.org\/ca\/wp-content\/uploads\/sites\/6\/2022\/12\/GP1SX0CZ_2800x1867-scaled.jpg","width":2560,"height":1707,"caption":"Testament solidari"},{"@type":"BreadcrumbList","@id":"https:\/\/es.greenpeace.org\/ca\/que-puedes-hacer-tu\/testamento-solidario\/#breadcrumb","itemListElement":[{"@type":"ListItem","position":1,"name":"Home","item":"https:\/\/es.greenpeace.org\/ca\/"},{"@type":"ListItem","position":2,"name":"Qu\u00e8 pots fer tu","item":"https:\/\/es.greenpeace.org\/ca\/que-puedes-hacer-tu\/"},{"@type":"ListItem","position":3,"name":"Testament solidari"}]},{"@type":"WebSite","@id":"https:\/\/es.greenpeace.org\/ca\/#website","url":"https:\/\/es.greenpeace.org\/ca\/","name":"CA | Greenpeace Espa\u00f1a","description":"","publisher":{"@id":"https:\/\/es.greenpeace.org\/ca\/#organization"},"potentialAction":[{"@type":"SearchAction","target":{"@type":"EntryPoint","urlTemplate":"https:\/\/es.greenpeace.org\/ca\/?s={search_term_string}"},"query-input":{"@type":"PropertyValueSpecification","valueRequired":true,"valueName":"search_term_string"}}],"inLanguage":"ca"},{"@type":"Organization","@id":"https:\/\/es.greenpeace.org\/ca\/#organization","name":"Greenpeace Espa\u00f1a","alternateName":"Greenpeace","url":"https:\/\/es.greenpeace.org\/ca\/","logo":{"@type":"ImageObject","inLanguage":"ca","@id":"https:\/\/es.greenpeace.org\/ca\/#\/schema\/logo\/image\/","url":"https:\/\/es.greenpeace.org\/ca\/wp-content\/uploads\/sites\/6\/2024\/07\/greenpeace-logo-verde.svg","contentUrl":"https:\/\/es.greenpeace.org\/ca\/wp-content\/uploads\/sites\/6\/2024\/07\/greenpeace-logo-verde.svg","width":1,"height":1,"caption":"Greenpeace Espa\u00f1a"},"image":{"@id":"https:\/\/es.greenpeace.org\/ca\/#\/schema\/logo\/image\/"},"sameAs":["https:\/\/www.facebook.com\/greenpeace.spain","https:\/\/x.com\/greenpeace_esp","https:\/\/www.instagram.com\/greenpeace_esp\/"]}]}},"_links":{"self":[{"href":"https:\/\/es.greenpeace.org\/ca\/wp-json\/wp\/v2\/pages\/1595","targetHints":{"allow":["GET"]}}],"collection":[{"href":"https:\/\/es.greenpeace.org\/ca\/wp-json\/wp\/v2\/pages"}],"about":[{"href":"https:\/\/es.greenpeace.org\/ca\/wp-json\/wp\/v2\/types\/page"}],"author":[{"embeddable":true,"href":"https:\/\/es.greenpeace.org\/ca\/wp-json\/wp\/v2\/users\/5"}],"replies":[{"embeddable":true,"href":"https:\/\/es.greenpeace.org\/ca\/wp-json\/wp\/v2\/comments?post=1595"}],"version-history":[{"count":12,"href":"https:\/\/es.greenpeace.org\/ca\/wp-json\/wp\/v2\/pages\/1595\/revisions"}],"predecessor-version":[{"id":5798,"href":"https:\/\/es.greenpeace.org\/ca\/wp-json\/wp\/v2\/pages\/1595\/revisions\/5798"}],"up":[{"embeddable":true,"href":"https:\/\/es.greenpeace.org\/ca\/wp-json\/wp\/v2\/pages\/916"}],"wp:featuredmedia":[{"embeddable":true,"href":"https:\/\/es.greenpeace.org\/ca\/wp-json\/wp\/v2\/media\/5793"}],"wp:attachment":[{"href":"https:\/\/es.greenpeace.org\/ca\/wp-json\/wp\/v2\/media?parent=1595"}],"wp:term":[{"taxonomy":"category","embeddable":true,"href":"https:\/\/es.greenpeace.org\/ca\/wp-json\/wp\/v2\/categories?post=1595"},{"taxonomy":"post_tag","embeddable":true,"href":"https:\/\/es.greenpeace.org\/ca\/wp-json\/wp\/v2\/tags?post=1595"}],"curies":[{"name":"wp","href":"https:\/\/api.w.org\/{rel}","templated":true}]}}