{"id":4695,"date":"2019-03-21T13:47:17","date_gmt":"2019-03-21T11:47:17","guid":{"rendered":"https:\/\/es.greenpeace.org\/ca\/?page_id=4695"},"modified":"2025-11-07T18:59:26","modified_gmt":"2025-11-07T16:59:26","slug":"el-voluntariado-de-greenpeace","status":"publish","type":"page","link":"https:\/\/es.greenpeace.org\/ca\/quienes-somos\/como-nos-organizamos\/el-voluntariado-de-greenpeace\/","title":{"rendered":"El voluntariat de Greenpeace"},"content":{"rendered":"<h3 style=\"text-align: center;\">Forma part del voluntariat de Greenpeace!<\/h3>\n<p style=\"text-align: center;\">Fer xerrades de conscienciaci\u00f3, participar en esdeveniments al mig del carrer o treballar en equip per protegir el medi ambient. El voluntariat de Greenpeace \u00e9s vital per a l&#8217;organitzaci\u00f3 ja que apropa les campanyes globals a tota la societat a trav\u00e9s de la informaci\u00f3, la sensibilitzaci\u00f3 i la mobilitzaci\u00f3 ciutadana. Hi ha moltes maneres de fer voluntariat amb Greenpeace per protegir el planeta (i, a m\u00e9s, passar-s&#8217;ho b\u00e9!).<\/p>\n<p class=\"text-center mb-4\">\n    <a class=\"link button-2 h-auto mt-3 d-block d-md-inline-block text-center py-3 py-md-2\" href=\"https:\/\/greenwire.greenpeace.es\/pagina-de-inicio\/bienvenid-greenwire-0\" rel=\"noopener\">\n        Fes-te voluntari\/\u00e0ria de Greenpeace!\n    <\/a>\n<\/p>\n\n\n\t\t\t<div class=\"plyr__video-embed\"  data-plyr-provider=\"youtube\" data-plyr-embed-id=\"https:\/\/youtu.be\/fG6lIh9P-cg\" data-plyr-config=\"{noCookie:true,youtube:{noCookie:true}}\"><\/div>\n    \n","protected":false},"excerpt":{"rendered":"<p>Forma part del voluntariat de Greenpeace! Fer xerrades de conscienciaci\u00f3, participar en esdeveniments al mig del carrer o treballar en equip per protegir el medi ambient. El voluntariat de Greenpeace \u00e9s vital per a l&#8217;organitzaci\u00f3 ja que apropa les campanyes globals a tota la societat a trav\u00e9s de la informaci\u00f3, la sensibilitzaci\u00f3 i la mobilitzaci\u00f3 [&hellip;]<\/p>\n","protected":false},"author":44,"featured_media":5823,"parent":197,"menu_order":0,"comment_status":"closed","ping_status":"closed","template":"template-generic-acf.php","meta":{"_acf_changed":false,"footnotes":""},"categories":[],"tags":[],"class_list":["post-4695","page","type-page","status-publish","has-post-thumbnail","hentry"],"acf":[],"yoast_head":"<!-- This site is optimized with the Yoast SEO plugin v27.1.1 - https:\/\/yoast.com\/product\/yoast-seo-wordpress\/ -->\n<title>El voluntariat de Greenpeace - CA | Greenpeace Espa\u00f1a<\/title>\n<meta name=\"robots\" content=\"index, follow, max-snippet:-1, max-image-preview:large, max-video-preview:-1\" \/>\n<link rel=\"canonical\" href=\"https:\/\/es.greenpeace.org\/ca\/quienes-somos\/como-nos-organizamos\/el-voluntariado-de-greenpeace\/\" \/>\n<meta property=\"og:locale\" content=\"ca_ES\" \/>\n<meta property=\"og:type\" content=\"article\" \/>\n<meta property=\"og:title\" content=\"El voluntariat de Greenpeace - CA | Greenpeace Espa\u00f1a\" \/>\n<meta property=\"og:description\" content=\"Forma part del voluntariat de Greenpeace! Fer xerrades de conscienciaci\u00f3, participar en esdeveniments al mig del carrer o treballar en equip per protegir el medi ambient. El voluntariat de Greenpeace \u00e9s vital per a l&#8217;organitzaci\u00f3 ja que apropa les campanyes globals a tota la societat a trav\u00e9s de la informaci\u00f3, la sensibilitzaci\u00f3 i la mobilitzaci\u00f3 [&hellip;]\" \/>\n<meta property=\"og:url\" content=\"https:\/\/es.greenpeace.org\/ca\/quienes-somos\/como-nos-organizamos\/el-voluntariado-de-greenpeace\/\" \/>\n<meta property=\"og:site_name\" content=\"CA | Greenpeace Espa\u00f1a\" \/>\n<meta property=\"article:publisher\" content=\"https:\/\/www.facebook.com\/greenpeace.spain\" \/>\n<meta property=\"article:modified_time\" content=\"2025-11-07T16:59:26+00:00\" \/>\n<meta property=\"og:image\" content=\"https:\/\/es.greenpeace.org\/ca\/wp-content\/uploads\/sites\/6\/2023\/01\/voluntariado-greenpeace.jpg\" \/>\n\t<meta property=\"og:image:width\" content=\"1501\" \/>\n\t<meta property=\"og:image:height\" content=\"1001\" \/>\n\t<meta property=\"og:image:type\" content=\"image\/jpeg\" \/>\n<meta name=\"twitter:card\" content=\"summary_large_image\" \/>\n<meta name=\"twitter:site\" content=\"@greenpeace_esp\" \/>\n<meta name=\"twitter:label1\" content=\"Temps estimat de lectura\" \/>\n\t<meta name=\"twitter:data1\" content=\"12 minuts\" \/>\n<script type=\"application\/ld+json\" class=\"yoast-schema-graph\">{\"@context\":\"https:\/\/schema.org\",\"@graph\":[{\"@type\":\"WebPage\",\"@id\":\"https:\/\/es.greenpeace.org\/ca\/quienes-somos\/como-nos-organizamos\/el-voluntariado-de-greenpeace\/\",\"url\":\"https:\/\/es.greenpeace.org\/ca\/quienes-somos\/como-nos-organizamos\/el-voluntariado-de-greenpeace\/\",\"name\":\"El voluntariat de Greenpeace - CA | Greenpeace Espa\u00f1a\",\"isPartOf\":{\"@id\":\"https:\/\/es.greenpeace.org\/ca\/#website\"},\"primaryImageOfPage\":{\"@id\":\"https:\/\/es.greenpeace.org\/ca\/quienes-somos\/como-nos-organizamos\/el-voluntariado-de-greenpeace\/#primaryimage\"},\"image\":{\"@id\":\"https:\/\/es.greenpeace.org\/ca\/quienes-somos\/como-nos-organizamos\/el-voluntariado-de-greenpeace\/#primaryimage\"},\"thumbnailUrl\":\"https:\/\/es.greenpeace.org\/ca\/wp-content\/uploads\/sites\/6\/2023\/01\/voluntariado-greenpeace.jpg\",\"datePublished\":\"2019-03-21T11:47:17+00:00\",\"dateModified\":\"2025-11-07T16:59:26+00:00\",\"breadcrumb\":{\"@id\":\"https:\/\/es.greenpeace.org\/ca\/quienes-somos\/como-nos-organizamos\/el-voluntariado-de-greenpeace\/#breadcrumb\"},\"inLanguage\":\"ca\",\"potentialAction\":[{\"@type\":\"ReadAction\",\"target\":[\"https:\/\/es.greenpeace.org\/ca\/quienes-somos\/como-nos-organizamos\/el-voluntariado-de-greenpeace\/\"]}]},{\"@type\":\"ImageObject\",\"inLanguage\":\"ca\",\"@id\":\"https:\/\/es.greenpeace.org\/ca\/quienes-somos\/como-nos-organizamos\/el-voluntariado-de-greenpeace\/#primaryimage\",\"url\":\"https:\/\/es.greenpeace.org\/ca\/wp-content\/uploads\/sites\/6\/2023\/01\/voluntariado-greenpeace.jpg\",\"contentUrl\":\"https:\/\/es.greenpeace.org\/ca\/wp-content\/uploads\/sites\/6\/2023\/01\/voluntariado-greenpeace.jpg\",\"width\":1501,\"height\":1001},{\"@type\":\"BreadcrumbList\",\"@id\":\"https:\/\/es.greenpeace.org\/ca\/quienes-somos\/como-nos-organizamos\/el-voluntariado-de-greenpeace\/#breadcrumb\",\"itemListElement\":[{\"@type\":\"ListItem\",\"position\":1,\"name\":\"Home\",\"item\":\"https:\/\/es.greenpeace.org\/ca\/\"},{\"@type\":\"ListItem\",\"position\":2,\"name\":\"Qui som\",\"item\":\"https:\/\/es.greenpeace.org\/ca\/quienes-somos\/\"},{\"@type\":\"ListItem\",\"position\":3,\"name\":\"Com ens organitzem\",\"item\":\"https:\/\/es.greenpeace.org\/ca\/quienes-somos\/como-nos-organizamos\/\"},{\"@type\":\"ListItem\",\"position\":4,\"name\":\"El voluntariat de Greenpeace\"}]},{\"@type\":\"WebSite\",\"@id\":\"https:\/\/es.greenpeace.org\/ca\/#website\",\"url\":\"https:\/\/es.greenpeace.org\/ca\/\",\"name\":\"CA | Greenpeace Espa\u00f1a\",\"description\":\"\",\"publisher\":{\"@id\":\"https:\/\/es.greenpeace.org\/ca\/#organization\"},\"potentialAction\":[{\"@type\":\"SearchAction\",\"target\":{\"@type\":\"EntryPoint\",\"urlTemplate\":\"https:\/\/es.greenpeace.org\/ca\/?s={search_term_string}\"},\"query-input\":{\"@type\":\"PropertyValueSpecification\",\"valueRequired\":true,\"valueName\":\"search_term_string\"}}],\"inLanguage\":\"ca\"},{\"@type\":\"Organization\",\"@id\":\"https:\/\/es.greenpeace.org\/ca\/#organization\",\"name\":\"Greenpeace Espa\u00f1a\",\"alternateName\":\"Greenpeace\",\"url\":\"https:\/\/es.greenpeace.org\/ca\/\",\"logo\":{\"@type\":\"ImageObject\",\"inLanguage\":\"ca\",\"@id\":\"https:\/\/es.greenpeace.org\/ca\/#\/schema\/logo\/image\/\",\"url\":\"https:\/\/es.greenpeace.org\/ca\/wp-content\/uploads\/sites\/6\/2024\/07\/greenpeace-logo-verde.svg\",\"contentUrl\":\"https:\/\/es.greenpeace.org\/ca\/wp-content\/uploads\/sites\/6\/2024\/07\/greenpeace-logo-verde.svg\",\"width\":1,\"height\":1,\"caption\":\"Greenpeace Espa\u00f1a\"},\"image\":{\"@id\":\"https:\/\/es.greenpeace.org\/ca\/#\/schema\/logo\/image\/\"},\"sameAs\":[\"https:\/\/www.facebook.com\/greenpeace.spain\",\"https:\/\/x.com\/greenpeace_esp\",\"https:\/\/www.instagram.com\/greenpeace_esp\/\"]}]}<\/script>\n<!-- \/ Yoast SEO plugin. -->","yoast_head_json":{"title":"El voluntariat de Greenpeace - CA | Greenpeace Espa\u00f1a","robots":{"index":"index","follow":"follow","max-snippet":"max-snippet:-1","max-image-preview":"max-image-preview:large","max-video-preview":"max-video-preview:-1"},"canonical":"https:\/\/es.greenpeace.org\/ca\/quienes-somos\/como-nos-organizamos\/el-voluntariado-de-greenpeace\/","og_locale":"ca_ES","og_type":"article","og_title":"El voluntariat de Greenpeace - CA | Greenpeace Espa\u00f1a","og_description":"Forma part del voluntariat de Greenpeace! Fer xerrades de conscienciaci\u00f3, participar en esdeveniments al mig del carrer o treballar en equip per protegir el medi ambient. El voluntariat de Greenpeace \u00e9s vital per a l&#8217;organitzaci\u00f3 ja que apropa les campanyes globals a tota la societat a trav\u00e9s de la informaci\u00f3, la sensibilitzaci\u00f3 i la mobilitzaci\u00f3 [&hellip;]","og_url":"https:\/\/es.greenpeace.org\/ca\/quienes-somos\/como-nos-organizamos\/el-voluntariado-de-greenpeace\/","og_site_name":"CA | Greenpeace Espa\u00f1a","article_publisher":"https:\/\/www.facebook.com\/greenpeace.spain","article_modified_time":"2025-11-07T16:59:26+00:00","og_image":[{"width":1501,"height":1001,"url":"https:\/\/es.greenpeace.org\/ca\/wp-content\/uploads\/sites\/6\/2023\/01\/voluntariado-greenpeace.jpg","type":"image\/jpeg"}],"twitter_card":"summary_large_image","twitter_site":"@greenpeace_esp","twitter_misc":{"Temps estimat de lectura":"12 minuts"},"schema":{"@context":"https:\/\/schema.org","@graph":[{"@type":"WebPage","@id":"https:\/\/es.greenpeace.org\/ca\/quienes-somos\/como-nos-organizamos\/el-voluntariado-de-greenpeace\/","url":"https:\/\/es.greenpeace.org\/ca\/quienes-somos\/como-nos-organizamos\/el-voluntariado-de-greenpeace\/","name":"El voluntariat de Greenpeace - CA | Greenpeace Espa\u00f1a","isPartOf":{"@id":"https:\/\/es.greenpeace.org\/ca\/#website"},"primaryImageOfPage":{"@id":"https:\/\/es.greenpeace.org\/ca\/quienes-somos\/como-nos-organizamos\/el-voluntariado-de-greenpeace\/#primaryimage"},"image":{"@id":"https:\/\/es.greenpeace.org\/ca\/quienes-somos\/como-nos-organizamos\/el-voluntariado-de-greenpeace\/#primaryimage"},"thumbnailUrl":"https:\/\/es.greenpeace.org\/ca\/wp-content\/uploads\/sites\/6\/2023\/01\/voluntariado-greenpeace.jpg","datePublished":"2019-03-21T11:47:17+00:00","dateModified":"2025-11-07T16:59:26+00:00","breadcrumb":{"@id":"https:\/\/es.greenpeace.org\/ca\/quienes-somos\/como-nos-organizamos\/el-voluntariado-de-greenpeace\/#breadcrumb"},"inLanguage":"ca","potentialAction":[{"@type":"ReadAction","target":["https:\/\/es.greenpeace.org\/ca\/quienes-somos\/como-nos-organizamos\/el-voluntariado-de-greenpeace\/"]}]},{"@type":"ImageObject","inLanguage":"ca","@id":"https:\/\/es.greenpeace.org\/ca\/quienes-somos\/como-nos-organizamos\/el-voluntariado-de-greenpeace\/#primaryimage","url":"https:\/\/es.greenpeace.org\/ca\/wp-content\/uploads\/sites\/6\/2023\/01\/voluntariado-greenpeace.jpg","contentUrl":"https:\/\/es.greenpeace.org\/ca\/wp-content\/uploads\/sites\/6\/2023\/01\/voluntariado-greenpeace.jpg","width":1501,"height":1001},{"@type":"BreadcrumbList","@id":"https:\/\/es.greenpeace.org\/ca\/quienes-somos\/como-nos-organizamos\/el-voluntariado-de-greenpeace\/#breadcrumb","itemListElement":[{"@type":"ListItem","position":1,"name":"Home","item":"https:\/\/es.greenpeace.org\/ca\/"},{"@type":"ListItem","position":2,"name":"Qui som","item":"https:\/\/es.greenpeace.org\/ca\/quienes-somos\/"},{"@type":"ListItem","position":3,"name":"Com ens organitzem","item":"https:\/\/es.greenpeace.org\/ca\/quienes-somos\/como-nos-organizamos\/"},{"@type":"ListItem","position":4,"name":"El voluntariat de Greenpeace"}]},{"@type":"WebSite","@id":"https:\/\/es.greenpeace.org\/ca\/#website","url":"https:\/\/es.greenpeace.org\/ca\/","name":"CA | Greenpeace Espa\u00f1a","description":"","publisher":{"@id":"https:\/\/es.greenpeace.org\/ca\/#organization"},"potentialAction":[{"@type":"SearchAction","target":{"@type":"EntryPoint","urlTemplate":"https:\/\/es.greenpeace.org\/ca\/?s={search_term_string}"},"query-input":{"@type":"PropertyValueSpecification","valueRequired":true,"valueName":"search_term_string"}}],"inLanguage":"ca"},{"@type":"Organization","@id":"https:\/\/es.greenpeace.org\/ca\/#organization","name":"Greenpeace Espa\u00f1a","alternateName":"Greenpeace","url":"https:\/\/es.greenpeace.org\/ca\/","logo":{"@type":"ImageObject","inLanguage":"ca","@id":"https:\/\/es.greenpeace.org\/ca\/#\/schema\/logo\/image\/","url":"https:\/\/es.greenpeace.org\/ca\/wp-content\/uploads\/sites\/6\/2024\/07\/greenpeace-logo-verde.svg","contentUrl":"https:\/\/es.greenpeace.org\/ca\/wp-content\/uploads\/sites\/6\/2024\/07\/greenpeace-logo-verde.svg","width":1,"height":1,"caption":"Greenpeace Espa\u00f1a"},"image":{"@id":"https:\/\/es.greenpeace.org\/ca\/#\/schema\/logo\/image\/"},"sameAs":["https:\/\/www.facebook.com\/greenpeace.spain","https:\/\/x.com\/greenpeace_esp","https:\/\/www.instagram.com\/greenpeace_esp\/"]}]}},"_links":{"self":[{"href":"https:\/\/es.greenpeace.org\/ca\/wp-json\/wp\/v2\/pages\/4695","targetHints":{"allow":["GET"]}}],"collection":[{"href":"https:\/\/es.greenpeace.org\/ca\/wp-json\/wp\/v2\/pages"}],"about":[{"href":"https:\/\/es.greenpeace.org\/ca\/wp-json\/wp\/v2\/types\/page"}],"author":[{"embeddable":true,"href":"https:\/\/es.greenpeace.org\/ca\/wp-json\/wp\/v2\/users\/44"}],"replies":[{"embeddable":true,"href":"https:\/\/es.greenpeace.org\/ca\/wp-json\/wp\/v2\/comments?post=4695"}],"version-history":[{"count":12,"href":"https:\/\/es.greenpeace.org\/ca\/wp-json\/wp\/v2\/pages\/4695\/revisions"}],"predecessor-version":[{"id":6428,"href":"https:\/\/es.greenpeace.org\/ca\/wp-json\/wp\/v2\/pages\/4695\/revisions\/6428"}],"up":[{"embeddable":true,"href":"https:\/\/es.greenpeace.org\/ca\/wp-json\/wp\/v2\/pages\/197"}],"wp:featuredmedia":[{"embeddable":true,"href":"https:\/\/es.greenpeace.org\/ca\/wp-json\/wp\/v2\/media\/5823"}],"wp:attachment":[{"href":"https:\/\/es.greenpeace.org\/ca\/wp-json\/wp\/v2\/media?parent=4695"}],"wp:term":[{"taxonomy":"category","embeddable":true,"href":"https:\/\/es.greenpeace.org\/ca\/wp-json\/wp\/v2\/categories?post=4695"},{"taxonomy":"post_tag","embeddable":true,"href":"https:\/\/es.greenpeace.org\/ca\/wp-json\/wp\/v2\/tags?post=4695"}],"curies":[{"name":"wp","href":"https:\/\/api.w.org\/{rel}","templated":true}]}}