{"id":4720,"date":"2019-06-10T13:53:51","date_gmt":"2019-06-10T11:53:51","guid":{"rendered":"https:\/\/es.greenpeace.org\/ca\/?page_id=4720"},"modified":"2021-08-30T14:03:00","modified_gmt":"2021-08-30T12:03:00","slug":"ganaderia-industrial-10-razones-para-rechazarla","status":"publish","type":"page","link":"https:\/\/es.greenpeace.org\/ca\/trabajamos-en\/agricultura\/ganaderia-industrial-10-razones-para-rechazarla\/","title":{"rendered":"Ramaderia industrial: 10 raons per a rebutjar-la"},"content":{"rendered":"<h5>El model de ramaderia industrial nom\u00e9s posa en la balan\u00e7a els beneficis econ\u00f2mics immediats, sense considerar els efectes a llarg termini sobre les persones, la salut p\u00fablica, el medi ambient o el benestar animal.<\/h5>\n<p>A pesar que moltes vegades s\u2019anuncien com la salvaci\u00f3, les <a href=\"https:\/\/es.greenpeace.org\/es\/que-puedes-hacer-tu\/peticiones\/macrogranjas\/\">macrogranges<\/a> asfixien el medi rural, perqu\u00e8 a la llarga <strong>destrueixen els llocs de treball locals i afavoreixen la despoblaci\u00f3.\u00a0<\/strong>A m\u00e9s, l\u2019impacte ambiental \u00e9s elevat.<\/p>\n<p>Aquestes s\u00f3n les deu amenaces m\u00e9s importants de la ramaderia industrial:<\/p>\n<div class=\"container-fluid pb-5\">\n<div class=\"row\">\n<div class=\"container py-2\">\n<div class=\"row\">\n<div class=\"col-12\">\n<div class=\"bg-white p-4\">\n<h6 id=\"cortar-arboles\">#1<\/h6>\n<h5><b>Escalfament global<\/b><\/h5>\n<p><b><span lang=\"CA\">La ramaderia \u00e9s la responsable del 14,5 % de l\u2019emissi\u00f3 de gasos amb efecte d\u2019hivernacle<\/span><\/b><span lang=\"CA\">. <\/span><span lang=\"CA\">A Espanya,\u00a0<a href=\"https:\/\/www.miteco.gob.es\/es\/calidad-y-evaluacion-ambiental\/temas\/sistema-espanol-de-inventario-sei-\/avance-gei-2020_tcm30-528804.pdf\">segons les \u00faltimes dades publicades<\/a>, el sector agr\u00edcola emet ja el 14,1 % de les emissions totals i va ser gaireb\u00e9 l\u2019\u00fanic que en 2020 no va disminuir les seves emissions, de manera que la ramaderia va ser la responsable del 65 % d\u2019aquestes emissions. Segons el <strong>Registre Estatal d\u2019Emissions i Fonts Contaminants<\/strong>, la ramaderia industrial de porc\u00ed a Espanya \u00e9s la responsable del <strong>34 % de les emissions de met\u00e0<\/strong>, un gas amb <strong>efecte d\u2019hivernacle m\u00e9s potent que el CO\u2082<\/strong>. Curiosament, el bov\u00ed industrial est\u00e0 exempt de declarar les emissions de met\u00e0 que produeix.<br \/>\n<\/span><\/p>\n<\/div>\n<\/div>\n<\/div>\n<\/div>\n<div class=\"container py-2\">\n<div class=\"row\">\n<div class=\"col-12\">\n<div class=\"bg-white p-4\">\n<h6>#2<\/h6>\n<h5><strong>P\u00e8rdua de diversitat biol\u00f2gica i contaminaci\u00f3 de l\u2019aigua<br \/>\n<\/strong><\/h5>\n<p>La quantitat ingent de pinsos i de pastures que calen per a alimentar la <strong>producci\u00f3 industrial de carn<\/strong> \u00e9s un dels principals factors de <strong>desforestaci\u00f3 mundial<\/strong> i del canvi d\u2019\u00fas del s\u00f2l. El <strong>80 % de la superf\u00edcie agr\u00edcola mundial<\/strong> ja es destina a produir aliments per a animals i no per al consum hum\u00e0 directe. D\u2019altra banda, la <strong>sobrefertilitzaci\u00f3<\/strong> en l\u2019agricultura industrial duu, fins i tot, a l\u2019aparici\u00f3 de \u201czones mortes\u201d als oceans i a la contaminaci\u00f3 dels aq\u00fc\u00edfers, motiu pel qual la <strong>Comissi\u00f3 Europea<\/strong> va obrir un procediment d\u2019infracci\u00f3 contra Espanya. Fins i tot, molts pobles es queden sense aigua potable per aquest motiu. A aix\u00f2 conv\u00e9 afegir els <strong>plaguicides<\/strong> i els <strong>fertilitzants qu\u00edmics<\/strong> que s&#8217;usen per a produir els pinsos.<\/p>\n<\/div>\n<\/div>\n<\/div>\n<\/div>\n<div class=\"container py-2\">\n<div class=\"row\">\n<div class=\"col-12\">\n<div class=\"bg-white p-4\">\n<h6>#3<\/h6>\n<h5><b>Emissions d\u2019amon\u00edac<\/b><\/h5>\n<p>La ramaderia industrial \u00e9s la principal i gaireb\u00e9 \u00fanica emissora d\u2019amon\u00edac a Espanya i a la UE. A Espanya, el <strong>94 % de les emissions d\u2019amon\u00edac s\u00f3n generades per la ramaderia industrial<\/strong>, el 73 % pel porc\u00ed industrial i el 21 % pel sector av\u00edcola. Espanya incompleix el llindar d\u2019<strong>emissions d\u2019amon\u00edac<\/strong> des que es va establir en 2010.<\/p>\n<\/div>\n<\/div>\n<\/div>\n<\/div>\n<div class=\"container py-2\">\n<div class=\"row\">\n<div class=\"col-12\">\n<div class=\"bg-white p-4\">\n<h6>#4<\/h6>\n<h5><b>Impacte paisatg\u00edstic i destrucci\u00f3 d\u2019h\u00e0bitats<br \/>\n<\/b><\/h5>\n<p>Les <strong>macrogranges<\/strong> impliquen una ocupaci\u00f3 territorial important. A m\u00e9s de les instal\u00b7lacions, a Espanya el <strong>66 % de la superf\u00edcie conreada ja es destina a produir aliments per a animals<\/strong>, no per a persones. Com a exemple, les instal\u00b7lacions de la <strong>macrogranja projectada<\/strong> a <strong><a href=\"https:\/\/es.greenpeace.org\/es\/noticias\/la-macro-explotacion-de-noviercas-un-proyecto-faraonico\/\">Noviercas<\/a><\/strong> (S\u00f2ria), on es pretenen explotar <strong>23.520 vaques<\/strong> per a produir llet, ocuparien l\u2019equivalent a 120 camps de futbol aproximadament. Si es fes, aquesta seria la <strong>macrovaqueria<\/strong> m\u00e9s gran d\u2019Europa i estaria entre les cinc m\u00e9s grans del m\u00f3n.<\/p>\n<\/div>\n<\/div>\n<\/div>\n<\/div>\n<div class=\"container py-2\">\n<div class=\"row\">\n<div class=\"col-12\">\n<div class=\"bg-white p-4\">\n<h6>#5<\/h6>\n<h5><b>Impacte en la nostra salut<\/b><\/h5>\n<p>L\u2019excessiu consum de carn est\u00e0 associat al sobrep\u00e8s, obesitat, c\u00e0ncer, diabetis tipus II i malalties cardiovasculars. \u00c9s fonamental adoptar una <a href=\"https:\/\/es.greenpeace.org\/es\/noticias\/los-cientificos-urgen-a-un-cambio-de-dieta-dietasanaplanetasano\/\" target=\"_blank\" rel=\"noopener\">dieta de salut planet\u00e0ria<\/a>.<\/p>\n<\/div>\n<\/div>\n<\/div>\n<\/div>\n<div class=\"container py-2\">\n<div class=\"row\">\n<div class=\"col-12\">\n<div class=\"bg-white p-4\">\n<h6>#6<\/h6>\n<h5><b>Resist\u00e8ncia als antibi\u00f2tics<\/b><\/h5>\n<div>La <strong>ramaderia industrial<\/strong> \u00e9s la principal consumidora d\u2019antibi\u00f2tics al m\u00f3n, i Espanya \u00e9s el pa\u00eds d\u2019Europa on m\u00e9s s\u2019usen en aquest sector. L\u2019\u00fas massiu d\u2019antibi\u00f2tics en la ramaderia industrial contribueix significativament a la p\u00e8rdua d\u2019efici\u00e8ncia d\u2019aquests medicaments. Segons l\u2019OMS, la <strong>resist\u00e8ncia a antibi\u00f2tics podria provocar m\u00e9s morts que el c\u00e0ncer en 2050<\/strong>.<\/div>\n<\/div>\n<\/div>\n<\/div>\n<\/div>\n<div class=\"container py-2\">\n<div class=\"row\">\n<div class=\"col-12\">\n<div class=\"bg-white p-4\">\n<h6>#7<\/h6>\n<h5>Seguretat aliment\u00e0ria i pand\u00e8mies<\/h5>\n<p>Les grans i recents crisis de seguretat aliment\u00e0ria al m\u00f3n venen de la m\u00e0 de la <strong>ramaderia industrial<\/strong>: vaques boges, grip avi\u00e0ria, grip porcina, salmonel\u00b7la, list\u00e8ria\u2026 D\u2019altra banda, pand\u00e8mies com la de la <strong>COVID19<\/strong> estan \u00edntimament relacionades amb la <strong>destrucci\u00f3 dels h\u00e0bitats<\/strong>.<\/p>\n<\/div>\n<\/div>\n<\/div>\n<\/div>\n<div class=\"container py-2\">\n<div class=\"row\">\n<div class=\"col-12\">\n<div class=\"bg-white p-4\">\n<h6>#8<\/h6>\n<h5>Sofriment animal<\/h5>\n<p>En la ramaderia industrial els animals s\u00f3n tractats com m\u00e0quines de produir diners. Les condicions en qu\u00e8 viuen queden relegades al benefici econ\u00f2mic. A Espanya, en 2020 s\u2019han sacrificat m\u00e9s de 910 milions d\u2019animals per a consum hum\u00e0, 1.700 al minut.<\/p>\n<\/div>\n<\/div>\n<\/div>\n<\/div>\n<div class=\"container py-2\">\n<div class=\"row\">\n<div class=\"col-12\">\n<div class=\"bg-white p-4\">\n<h6>#9<\/h6>\n<h5><b>Escassetat d\u2019aigua<\/b><\/h5>\n<p>L\u2019<strong>agricultura industrial usa enormes quantitats d\u2019aigua<\/strong>, i gran part es destina a produir aliments per a animals. A Espanya, Greenpeace ha estimat que la ramaderia utilitza en un any l\u2019equivalent al consum de totes les cases en 21 anys. Un exemple: la <strong>macrogranja de Caparroso<\/strong>, denunciada reiteradament per <strong>Greenpeace,<\/strong> a m\u00e9s de contaminar els aq\u00fc\u00edfers amb <strong>l\u2019ampliaci\u00f3 per a explotar 7.200 vaques<\/strong> consumir\u00e0 tanta aigua com totes les persones dels pobles m\u00e9s pr\u00f2xims: Caparroso, Marcilla i Villafranca.<\/p>\n<\/div>\n<\/div>\n<\/div>\n<\/div>\n<div class=\"container py-2\">\n<div class=\"row\">\n<div class=\"col-12\">\n<div class=\"bg-white p-4\">\n<h6>#10<\/h6>\n<h5><b>P\u00e8rdua de llocs de treball i m\u00e9s concentraci\u00f3 en el sector<\/b><\/h5>\n<p>Una <strong>macrogranja<\/strong> genera menys ocupaci\u00f3 que la ramaderia extensiva i ecol\u00f2gica, at\u00e8s que tot est\u00e0 molt m\u00e9s automatitzat. A m\u00e9s suposa una amena\u00e7a per a les petites i mitjanes granges de la zona. A Espanya, entre 2004 i 2016, es va reduir un 27 % el nombre total d\u2019<strong>explotacions agr\u00edcoles<\/strong>, de manera que desaparegueren totalment les granges m\u00e9s petites i s\u2019increment\u00e0 un 96 % el nombre de les m\u00e9s grans (amb una producci\u00f3 econ\u00f2mica de 500.000 \u20ac o m\u00e9s).<\/p>\n<\/div>\n<\/div>\n<\/div>\n<\/div>\n<\/div>\n<\/div>\n","protected":false},"excerpt":{"rendered":"<p>El model de ramaderia industrial nom\u00e9s posa en la balan\u00e7a els beneficis econ\u00f2mics immediats, sense considerar els efectes a llarg termini sobre les persones, la salut p\u00fablica, el medi ambient o el benestar animal. A pesar que moltes vegades s\u2019anuncien com la salvaci\u00f3, les macrogranges asfixien el medi rural, perqu\u00e8 a la llarga destrueixen els [&hellip;]<\/p>\n","protected":false},"author":44,"featured_media":2889,"parent":406,"menu_order":0,"comment_status":"closed","ping_status":"closed","template":"template-generic-acf.php","meta":{"_acf_changed":false,"footnotes":""},"categories":[38],"tags":[],"class_list":["post-4720","page","type-page","status-publish","has-post-thumbnail","hentry","category-agricultura"],"acf":[],"yoast_head":"<!-- This site is optimized with the Yoast SEO plugin v27.1.1 - https:\/\/yoast.com\/product\/yoast-seo-wordpress\/ -->\n<title>Ramaderia industrial: 10 raons per a rebutjar-la - CA | Greenpeace Espa\u00f1a<\/title>\n<meta name=\"robots\" content=\"index, follow, max-snippet:-1, max-image-preview:large, max-video-preview:-1\" \/>\n<link rel=\"canonical\" href=\"https:\/\/es.greenpeace.org\/ca\/trabajamos-en\/agricultura\/ganaderia-industrial-10-razones-para-rechazarla\/\" \/>\n<meta property=\"og:locale\" content=\"ca_ES\" \/>\n<meta property=\"og:type\" content=\"article\" \/>\n<meta property=\"og:title\" content=\"Ramaderia industrial: 10 raons per a rebutjar-la - CA | Greenpeace Espa\u00f1a\" \/>\n<meta property=\"og:description\" content=\"El model de ramaderia industrial nom\u00e9s posa en la balan\u00e7a els beneficis econ\u00f2mics immediats, sense considerar els efectes a llarg termini sobre les persones, la salut p\u00fablica, el medi ambient o el benestar animal. A pesar que moltes vegades s\u2019anuncien com la salvaci\u00f3, les macrogranges asfixien el medi rural, perqu\u00e8 a la llarga destrueixen els [&hellip;]\" \/>\n<meta property=\"og:url\" content=\"https:\/\/es.greenpeace.org\/ca\/trabajamos-en\/agricultura\/ganaderia-industrial-10-razones-para-rechazarla\/\" \/>\n<meta property=\"og:site_name\" content=\"CA | Greenpeace Espa\u00f1a\" \/>\n<meta property=\"article:publisher\" content=\"https:\/\/www.facebook.com\/greenpeace.spain\" \/>\n<meta property=\"article:modified_time\" content=\"2021-08-30T12:03:00+00:00\" \/>\n<meta property=\"og:image\" content=\"https:\/\/es.greenpeace.org\/ca\/wp-content\/uploads\/sites\/6\/2017\/11\/6c8dcbed-gp0stow06_medium_res.jpg\" \/>\n\t<meta property=\"og:image:width\" content=\"1200\" \/>\n\t<meta property=\"og:image:height\" content=\"800\" \/>\n\t<meta property=\"og:image:type\" content=\"image\/jpeg\" \/>\n<meta name=\"twitter:card\" content=\"summary_large_image\" \/>\n<meta name=\"twitter:site\" content=\"@greenpeace_esp\" \/>\n<meta name=\"twitter:label1\" content=\"Temps estimat de lectura\" \/>\n\t<meta name=\"twitter:data1\" content=\"4 minuts\" \/>\n<script type=\"application\/ld+json\" class=\"yoast-schema-graph\">{\"@context\":\"https:\/\/schema.org\",\"@graph\":[{\"@type\":\"WebPage\",\"@id\":\"https:\/\/es.greenpeace.org\/ca\/trabajamos-en\/agricultura\/ganaderia-industrial-10-razones-para-rechazarla\/\",\"url\":\"https:\/\/es.greenpeace.org\/ca\/trabajamos-en\/agricultura\/ganaderia-industrial-10-razones-para-rechazarla\/\",\"name\":\"Ramaderia industrial: 10 raons per a rebutjar-la - CA | Greenpeace Espa\u00f1a\",\"isPartOf\":{\"@id\":\"https:\/\/es.greenpeace.org\/ca\/#website\"},\"primaryImageOfPage\":{\"@id\":\"https:\/\/es.greenpeace.org\/ca\/trabajamos-en\/agricultura\/ganaderia-industrial-10-razones-para-rechazarla\/#primaryimage\"},\"image\":{\"@id\":\"https:\/\/es.greenpeace.org\/ca\/trabajamos-en\/agricultura\/ganaderia-industrial-10-razones-para-rechazarla\/#primaryimage\"},\"thumbnailUrl\":\"https:\/\/es.greenpeace.org\/ca\/wp-content\/uploads\/sites\/6\/2017\/11\/6c8dcbed-gp0stow06_medium_res.jpg\",\"datePublished\":\"2019-06-10T11:53:51+00:00\",\"dateModified\":\"2021-08-30T12:03:00+00:00\",\"breadcrumb\":{\"@id\":\"https:\/\/es.greenpeace.org\/ca\/trabajamos-en\/agricultura\/ganaderia-industrial-10-razones-para-rechazarla\/#breadcrumb\"},\"inLanguage\":\"ca\",\"potentialAction\":[{\"@type\":\"ReadAction\",\"target\":[\"https:\/\/es.greenpeace.org\/ca\/trabajamos-en\/agricultura\/ganaderia-industrial-10-razones-para-rechazarla\/\"]}]},{\"@type\":\"ImageObject\",\"inLanguage\":\"ca\",\"@id\":\"https:\/\/es.greenpeace.org\/ca\/trabajamos-en\/agricultura\/ganaderia-industrial-10-razones-para-rechazarla\/#primaryimage\",\"url\":\"https:\/\/es.greenpeace.org\/ca\/wp-content\/uploads\/sites\/6\/2017\/11\/6c8dcbed-gp0stow06_medium_res.jpg\",\"contentUrl\":\"https:\/\/es.greenpeace.org\/ca\/wp-content\/uploads\/sites\/6\/2017\/11\/6c8dcbed-gp0stow06_medium_res.jpg\",\"width\":1200,\"height\":800,\"caption\":\"\u00a9 Greenpeace\"},{\"@type\":\"BreadcrumbList\",\"@id\":\"https:\/\/es.greenpeace.org\/ca\/trabajamos-en\/agricultura\/ganaderia-industrial-10-razones-para-rechazarla\/#breadcrumb\",\"itemListElement\":[{\"@type\":\"ListItem\",\"position\":1,\"name\":\"Home\",\"item\":\"https:\/\/es.greenpeace.org\/ca\/\"},{\"@type\":\"ListItem\",\"position\":2,\"name\":\"Treballem en\",\"item\":\"https:\/\/es.greenpeace.org\/ca\/trabajamos-en\/\"},{\"@type\":\"ListItem\",\"position\":3,\"name\":\"Agricultura i ramaderia\",\"item\":\"https:\/\/es.greenpeace.org\/ca\/trabajamos-en\/agricultura\/\"},{\"@type\":\"ListItem\",\"position\":4,\"name\":\"Ramaderia industrial: 10 raons per a rebutjar-la\"}]},{\"@type\":\"WebSite\",\"@id\":\"https:\/\/es.greenpeace.org\/ca\/#website\",\"url\":\"https:\/\/es.greenpeace.org\/ca\/\",\"name\":\"CA | Greenpeace Espa\u00f1a\",\"description\":\"\",\"publisher\":{\"@id\":\"https:\/\/es.greenpeace.org\/ca\/#organization\"},\"potentialAction\":[{\"@type\":\"SearchAction\",\"target\":{\"@type\":\"EntryPoint\",\"urlTemplate\":\"https:\/\/es.greenpeace.org\/ca\/?s={search_term_string}\"},\"query-input\":{\"@type\":\"PropertyValueSpecification\",\"valueRequired\":true,\"valueName\":\"search_term_string\"}}],\"inLanguage\":\"ca\"},{\"@type\":\"Organization\",\"@id\":\"https:\/\/es.greenpeace.org\/ca\/#organization\",\"name\":\"Greenpeace Espa\u00f1a\",\"alternateName\":\"Greenpeace\",\"url\":\"https:\/\/es.greenpeace.org\/ca\/\",\"logo\":{\"@type\":\"ImageObject\",\"inLanguage\":\"ca\",\"@id\":\"https:\/\/es.greenpeace.org\/ca\/#\/schema\/logo\/image\/\",\"url\":\"https:\/\/es.greenpeace.org\/ca\/wp-content\/uploads\/sites\/6\/2024\/07\/greenpeace-logo-verde.svg\",\"contentUrl\":\"https:\/\/es.greenpeace.org\/ca\/wp-content\/uploads\/sites\/6\/2024\/07\/greenpeace-logo-verde.svg\",\"width\":1,\"height\":1,\"caption\":\"Greenpeace Espa\u00f1a\"},\"image\":{\"@id\":\"https:\/\/es.greenpeace.org\/ca\/#\/schema\/logo\/image\/\"},\"sameAs\":[\"https:\/\/www.facebook.com\/greenpeace.spain\",\"https:\/\/x.com\/greenpeace_esp\",\"https:\/\/www.instagram.com\/greenpeace_esp\/\"]}]}<\/script>\n<!-- \/ Yoast SEO plugin. -->","yoast_head_json":{"title":"Ramaderia industrial: 10 raons per a rebutjar-la - CA | Greenpeace Espa\u00f1a","robots":{"index":"index","follow":"follow","max-snippet":"max-snippet:-1","max-image-preview":"max-image-preview:large","max-video-preview":"max-video-preview:-1"},"canonical":"https:\/\/es.greenpeace.org\/ca\/trabajamos-en\/agricultura\/ganaderia-industrial-10-razones-para-rechazarla\/","og_locale":"ca_ES","og_type":"article","og_title":"Ramaderia industrial: 10 raons per a rebutjar-la - CA | Greenpeace Espa\u00f1a","og_description":"El model de ramaderia industrial nom\u00e9s posa en la balan\u00e7a els beneficis econ\u00f2mics immediats, sense considerar els efectes a llarg termini sobre les persones, la salut p\u00fablica, el medi ambient o el benestar animal. A pesar que moltes vegades s\u2019anuncien com la salvaci\u00f3, les macrogranges asfixien el medi rural, perqu\u00e8 a la llarga destrueixen els [&hellip;]","og_url":"https:\/\/es.greenpeace.org\/ca\/trabajamos-en\/agricultura\/ganaderia-industrial-10-razones-para-rechazarla\/","og_site_name":"CA | Greenpeace Espa\u00f1a","article_publisher":"https:\/\/www.facebook.com\/greenpeace.spain","article_modified_time":"2021-08-30T12:03:00+00:00","og_image":[{"width":1200,"height":800,"url":"https:\/\/es.greenpeace.org\/ca\/wp-content\/uploads\/sites\/6\/2017\/11\/6c8dcbed-gp0stow06_medium_res.jpg","type":"image\/jpeg"}],"twitter_card":"summary_large_image","twitter_site":"@greenpeace_esp","twitter_misc":{"Temps estimat de lectura":"4 minuts"},"schema":{"@context":"https:\/\/schema.org","@graph":[{"@type":"WebPage","@id":"https:\/\/es.greenpeace.org\/ca\/trabajamos-en\/agricultura\/ganaderia-industrial-10-razones-para-rechazarla\/","url":"https:\/\/es.greenpeace.org\/ca\/trabajamos-en\/agricultura\/ganaderia-industrial-10-razones-para-rechazarla\/","name":"Ramaderia industrial: 10 raons per a rebutjar-la - CA | Greenpeace Espa\u00f1a","isPartOf":{"@id":"https:\/\/es.greenpeace.org\/ca\/#website"},"primaryImageOfPage":{"@id":"https:\/\/es.greenpeace.org\/ca\/trabajamos-en\/agricultura\/ganaderia-industrial-10-razones-para-rechazarla\/#primaryimage"},"image":{"@id":"https:\/\/es.greenpeace.org\/ca\/trabajamos-en\/agricultura\/ganaderia-industrial-10-razones-para-rechazarla\/#primaryimage"},"thumbnailUrl":"https:\/\/es.greenpeace.org\/ca\/wp-content\/uploads\/sites\/6\/2017\/11\/6c8dcbed-gp0stow06_medium_res.jpg","datePublished":"2019-06-10T11:53:51+00:00","dateModified":"2021-08-30T12:03:00+00:00","breadcrumb":{"@id":"https:\/\/es.greenpeace.org\/ca\/trabajamos-en\/agricultura\/ganaderia-industrial-10-razones-para-rechazarla\/#breadcrumb"},"inLanguage":"ca","potentialAction":[{"@type":"ReadAction","target":["https:\/\/es.greenpeace.org\/ca\/trabajamos-en\/agricultura\/ganaderia-industrial-10-razones-para-rechazarla\/"]}]},{"@type":"ImageObject","inLanguage":"ca","@id":"https:\/\/es.greenpeace.org\/ca\/trabajamos-en\/agricultura\/ganaderia-industrial-10-razones-para-rechazarla\/#primaryimage","url":"https:\/\/es.greenpeace.org\/ca\/wp-content\/uploads\/sites\/6\/2017\/11\/6c8dcbed-gp0stow06_medium_res.jpg","contentUrl":"https:\/\/es.greenpeace.org\/ca\/wp-content\/uploads\/sites\/6\/2017\/11\/6c8dcbed-gp0stow06_medium_res.jpg","width":1200,"height":800,"caption":"\u00a9 Greenpeace"},{"@type":"BreadcrumbList","@id":"https:\/\/es.greenpeace.org\/ca\/trabajamos-en\/agricultura\/ganaderia-industrial-10-razones-para-rechazarla\/#breadcrumb","itemListElement":[{"@type":"ListItem","position":1,"name":"Home","item":"https:\/\/es.greenpeace.org\/ca\/"},{"@type":"ListItem","position":2,"name":"Treballem en","item":"https:\/\/es.greenpeace.org\/ca\/trabajamos-en\/"},{"@type":"ListItem","position":3,"name":"Agricultura i ramaderia","item":"https:\/\/es.greenpeace.org\/ca\/trabajamos-en\/agricultura\/"},{"@type":"ListItem","position":4,"name":"Ramaderia industrial: 10 raons per a rebutjar-la"}]},{"@type":"WebSite","@id":"https:\/\/es.greenpeace.org\/ca\/#website","url":"https:\/\/es.greenpeace.org\/ca\/","name":"CA | Greenpeace Espa\u00f1a","description":"","publisher":{"@id":"https:\/\/es.greenpeace.org\/ca\/#organization"},"potentialAction":[{"@type":"SearchAction","target":{"@type":"EntryPoint","urlTemplate":"https:\/\/es.greenpeace.org\/ca\/?s={search_term_string}"},"query-input":{"@type":"PropertyValueSpecification","valueRequired":true,"valueName":"search_term_string"}}],"inLanguage":"ca"},{"@type":"Organization","@id":"https:\/\/es.greenpeace.org\/ca\/#organization","name":"Greenpeace Espa\u00f1a","alternateName":"Greenpeace","url":"https:\/\/es.greenpeace.org\/ca\/","logo":{"@type":"ImageObject","inLanguage":"ca","@id":"https:\/\/es.greenpeace.org\/ca\/#\/schema\/logo\/image\/","url":"https:\/\/es.greenpeace.org\/ca\/wp-content\/uploads\/sites\/6\/2024\/07\/greenpeace-logo-verde.svg","contentUrl":"https:\/\/es.greenpeace.org\/ca\/wp-content\/uploads\/sites\/6\/2024\/07\/greenpeace-logo-verde.svg","width":1,"height":1,"caption":"Greenpeace Espa\u00f1a"},"image":{"@id":"https:\/\/es.greenpeace.org\/ca\/#\/schema\/logo\/image\/"},"sameAs":["https:\/\/www.facebook.com\/greenpeace.spain","https:\/\/x.com\/greenpeace_esp","https:\/\/www.instagram.com\/greenpeace_esp\/"]}]}},"_links":{"self":[{"href":"https:\/\/es.greenpeace.org\/ca\/wp-json\/wp\/v2\/pages\/4720","targetHints":{"allow":["GET"]}}],"collection":[{"href":"https:\/\/es.greenpeace.org\/ca\/wp-json\/wp\/v2\/pages"}],"about":[{"href":"https:\/\/es.greenpeace.org\/ca\/wp-json\/wp\/v2\/types\/page"}],"author":[{"embeddable":true,"href":"https:\/\/es.greenpeace.org\/ca\/wp-json\/wp\/v2\/users\/44"}],"replies":[{"embeddable":true,"href":"https:\/\/es.greenpeace.org\/ca\/wp-json\/wp\/v2\/comments?post=4720"}],"version-history":[{"count":7,"href":"https:\/\/es.greenpeace.org\/ca\/wp-json\/wp\/v2\/pages\/4720\/revisions"}],"predecessor-version":[{"id":5320,"href":"https:\/\/es.greenpeace.org\/ca\/wp-json\/wp\/v2\/pages\/4720\/revisions\/5320"}],"up":[{"embeddable":true,"href":"https:\/\/es.greenpeace.org\/ca\/wp-json\/wp\/v2\/pages\/406"}],"wp:featuredmedia":[{"embeddable":true,"href":"https:\/\/es.greenpeace.org\/ca\/wp-json\/wp\/v2\/media\/2889"}],"wp:attachment":[{"href":"https:\/\/es.greenpeace.org\/ca\/wp-json\/wp\/v2\/media?parent=4720"}],"wp:term":[{"taxonomy":"category","embeddable":true,"href":"https:\/\/es.greenpeace.org\/ca\/wp-json\/wp\/v2\/categories?post=4720"},{"taxonomy":"post_tag","embeddable":true,"href":"https:\/\/es.greenpeace.org\/ca\/wp-json\/wp\/v2\/tags?post=4720"}],"curies":[{"name":"wp","href":"https:\/\/api.w.org\/{rel}","templated":true}]}}