{"id":10152,"date":"2018-08-14T11:30:00","date_gmt":"2018-08-14T09:30:00","guid":{"rendered":"https:\/\/es.greenpeace.org\/es\/?page_id=10152"},"modified":"2025-07-23T11:36:46","modified_gmt":"2025-07-23T09:36:46","slug":"informes-anuales","status":"publish","type":"page","link":"https:\/\/es.greenpeace.org\/es\/quienes-somos\/informes-anuales\/","title":{"rendered":"Informes anuales"},"content":{"rendered":"","protected":false},"excerpt":{"rendered":"","protected":false},"author":44,"featured_media":10221,"parent":6444,"menu_order":0,"comment_status":"closed","ping_status":"closed","template":"template-generic-acf.php","meta":{"_acf_changed":false,"footnotes":""},"categories":[4],"tags":[],"class_list":["post-10152","page","type-page","status-publish","has-post-thumbnail","hentry","category-general"],"acf":[],"yoast_head":"<!-- This site is optimized with the Yoast SEO plugin v27.1.1 - https:\/\/yoast.com\/product\/yoast-seo-wordpress\/ -->\n<title>Informes anuales | Greenpeace Espa\u00f1a<\/title>\n<meta name=\"description\" content=\"Transparencia y compromiso. Accede a nuestros informes anuales para estar al tanto de nuestras acciones, logros y avances en medioambiente.\" \/>\n<meta name=\"robots\" content=\"index, follow, max-snippet:-1, max-image-preview:large, max-video-preview:-1\" \/>\n<link rel=\"canonical\" href=\"https:\/\/es.greenpeace.org\/es\/quienes-somos\/informes-anuales\/\" \/>\n<meta property=\"og:locale\" content=\"es_ES\" \/>\n<meta property=\"og:type\" content=\"article\" \/>\n<meta property=\"og:title\" content=\"Informes anuales | Greenpeace Espa\u00f1a\" \/>\n<meta property=\"og:description\" content=\"Transparencia y compromiso. Accede a nuestros informes anuales para estar al tanto de nuestras acciones, logros y avances en medioambiente.\" \/>\n<meta property=\"og:url\" content=\"https:\/\/es.greenpeace.org\/es\/quienes-somos\/informes-anuales\/\" \/>\n<meta property=\"og:site_name\" content=\"ES | Greenpeace Espa\u00f1a\" \/>\n<meta property=\"article:publisher\" content=\"https:\/\/www.facebook.com\/greenpeace.spain\" \/>\n<meta property=\"article:modified_time\" content=\"2025-07-23T09:36:46+00:00\" \/>\n<meta property=\"og:image\" content=\"https:\/\/es.greenpeace.org\/es\/wp-content\/uploads\/sites\/3\/2018\/08\/GPES20181705MG0015.jpg\" \/>\n\t<meta property=\"og:image:width\" content=\"4256\" \/>\n\t<meta property=\"og:image:height\" content=\"2832\" \/>\n\t<meta property=\"og:image:type\" content=\"image\/jpeg\" \/>\n<meta name=\"twitter:card\" content=\"summary_large_image\" \/>\n<meta name=\"twitter:site\" content=\"@greenpeace_esp\" \/>\n<meta name=\"twitter:label1\" content=\"Tiempo de lectura\" \/>\n\t<meta name=\"twitter:data1\" content=\"2 minutos\" \/>\n<script type=\"application\/ld+json\" class=\"yoast-schema-graph\">{\"@context\":\"https:\/\/schema.org\",\"@graph\":[{\"@type\":\"WebPage\",\"@id\":\"https:\/\/es.greenpeace.org\/es\/quienes-somos\/informes-anuales\/\",\"url\":\"https:\/\/es.greenpeace.org\/es\/quienes-somos\/informes-anuales\/\",\"name\":\"Informes anuales | Greenpeace Espa\u00f1a\",\"isPartOf\":{\"@id\":\"https:\/\/es.greenpeace.org\/es\/#website\"},\"primaryImageOfPage\":{\"@id\":\"https:\/\/es.greenpeace.org\/es\/quienes-somos\/informes-anuales\/#primaryimage\"},\"image\":{\"@id\":\"https:\/\/es.greenpeace.org\/es\/quienes-somos\/informes-anuales\/#primaryimage\"},\"thumbnailUrl\":\"https:\/\/es.greenpeace.org\/es\/wp-content\/uploads\/sites\/3\/2018\/08\/GPES20181705MG0015.jpg\",\"datePublished\":\"2018-08-14T09:30:00+00:00\",\"dateModified\":\"2025-07-23T09:36:46+00:00\",\"description\":\"Transparencia y compromiso. Accede a nuestros informes anuales para estar al tanto de nuestras acciones, logros y avances en medioambiente.\",\"breadcrumb\":{\"@id\":\"https:\/\/es.greenpeace.org\/es\/quienes-somos\/informes-anuales\/#breadcrumb\"},\"inLanguage\":\"es\",\"potentialAction\":[{\"@type\":\"ReadAction\",\"target\":[\"https:\/\/es.greenpeace.org\/es\/quienes-somos\/informes-anuales\/\"]}]},{\"@type\":\"ImageObject\",\"inLanguage\":\"es\",\"@id\":\"https:\/\/es.greenpeace.org\/es\/quienes-somos\/informes-anuales\/#primaryimage\",\"url\":\"https:\/\/es.greenpeace.org\/es\/wp-content\/uploads\/sites\/3\/2018\/08\/GPES20181705MG0015.jpg\",\"contentUrl\":\"https:\/\/es.greenpeace.org\/es\/wp-content\/uploads\/sites\/3\/2018\/08\/GPES20181705MG0015.jpg\",\"width\":4256,\"height\":2832,\"caption\":\"17\/05\/2018. Ministerio de Energ\u00eda, Turismo y Agenda Digital, Madrid, Espa\u00f1a. Esta ma\u00f1ana escaladores de Greenpeace han colocado placas solares en la fachada del edificio del Ministerio de Energ\u00eda, Turismo y Agenda Digital (c\/ Poeta Joan Maragall, Madrid) y desplegado pancartas con los lemas: \u201cEl sol es de todos\u201d y \u201cNo impuesto al sol\u201d. Con esta acci\u00f3n, la organizaci\u00f3n ha querido hacer simb\u00f3licamente lo que los pol\u00edticos no est\u00e1n haciendo: aprovechar la energ\u00eda del sol para producir energ\u00eda y denunciar el boicot y falta de apoyo del Gobierno a las energ\u00edas renovables, como demuestran su pol\u00edtica energ\u00e9tica y la falta de instalaciones solares en los edificios oficiales. \u00a9Greenpeace\/Mario G\u00f3mez \u00a9Greenpeace Handout\/Mario G\u00f3mez - No sales - No Archives - Editorial Use Only - Free use only for 14 days after release. Photo provided by GREENPEACE, distributed handout photo to be used only to illustrate news reporting or commentary on the facts or events depicted in this image.\"},{\"@type\":\"BreadcrumbList\",\"@id\":\"https:\/\/es.greenpeace.org\/es\/quienes-somos\/informes-anuales\/#breadcrumb\",\"itemListElement\":[{\"@type\":\"ListItem\",\"position\":1,\"name\":\"Home\",\"item\":\"https:\/\/es.greenpeace.org\/es\/\"},{\"@type\":\"ListItem\",\"position\":2,\"name\":\"Qui\u00e9nes somos\",\"item\":\"https:\/\/es.greenpeace.org\/es\/quienes-somos\/\"},{\"@type\":\"ListItem\",\"position\":3,\"name\":\"Informes anuales\"}]},{\"@type\":\"WebSite\",\"@id\":\"https:\/\/es.greenpeace.org\/es\/#website\",\"url\":\"https:\/\/es.greenpeace.org\/es\/\",\"name\":\"Greenpeace Espa\u00f1a\",\"description\":\"\",\"publisher\":{\"@id\":\"https:\/\/es.greenpeace.org\/es\/#organization\"},\"potentialAction\":[{\"@type\":\"SearchAction\",\"target\":{\"@type\":\"EntryPoint\",\"urlTemplate\":\"https:\/\/es.greenpeace.org\/es\/?s={search_term_string}\"},\"query-input\":{\"@type\":\"PropertyValueSpecification\",\"valueRequired\":true,\"valueName\":\"search_term_string\"}}],\"inLanguage\":\"es\"},{\"@type\":\"Organization\",\"@id\":\"https:\/\/es.greenpeace.org\/es\/#organization\",\"name\":\"Greenpeace Espa\u00f1a\",\"alternateName\":\"Greenpeace\",\"url\":\"https:\/\/es.greenpeace.org\/es\/\",\"logo\":{\"@type\":\"ImageObject\",\"inLanguage\":\"es\",\"@id\":\"https:\/\/es.greenpeace.org\/es\/#\/schema\/logo\/image\/\",\"url\":\"https:\/\/es.greenpeace.org\/es\/wp-content\/uploads\/sites\/3\/2024\/07\/greenpeace-logo-verde.svg\",\"contentUrl\":\"https:\/\/es.greenpeace.org\/es\/wp-content\/uploads\/sites\/3\/2024\/07\/greenpeace-logo-verde.svg\",\"width\":1,\"height\":1,\"caption\":\"Greenpeace Espa\u00f1a\"},\"image\":{\"@id\":\"https:\/\/es.greenpeace.org\/es\/#\/schema\/logo\/image\/\"},\"sameAs\":[\"https:\/\/www.facebook.com\/greenpeace.spain\",\"https:\/\/x.com\/greenpeace_esp\",\"https:\/\/www.instagram.com\/greenpeace_esp\/\"]}]}<\/script>\n<!-- \/ Yoast SEO plugin. -->","yoast_head_json":{"title":"Informes anuales | Greenpeace Espa\u00f1a","description":"Transparencia y compromiso. Accede a nuestros informes anuales para estar al tanto de nuestras acciones, logros y avances en medioambiente.","robots":{"index":"index","follow":"follow","max-snippet":"max-snippet:-1","max-image-preview":"max-image-preview:large","max-video-preview":"max-video-preview:-1"},"canonical":"https:\/\/es.greenpeace.org\/es\/quienes-somos\/informes-anuales\/","og_locale":"es_ES","og_type":"article","og_title":"Informes anuales | Greenpeace Espa\u00f1a","og_description":"Transparencia y compromiso. Accede a nuestros informes anuales para estar al tanto de nuestras acciones, logros y avances en medioambiente.","og_url":"https:\/\/es.greenpeace.org\/es\/quienes-somos\/informes-anuales\/","og_site_name":"ES | Greenpeace Espa\u00f1a","article_publisher":"https:\/\/www.facebook.com\/greenpeace.spain","article_modified_time":"2025-07-23T09:36:46+00:00","og_image":[{"width":4256,"height":2832,"url":"https:\/\/es.greenpeace.org\/es\/wp-content\/uploads\/sites\/3\/2018\/08\/GPES20181705MG0015.jpg","type":"image\/jpeg"}],"twitter_card":"summary_large_image","twitter_site":"@greenpeace_esp","twitter_misc":{"Tiempo de lectura":"2 minutos"},"schema":{"@context":"https:\/\/schema.org","@graph":[{"@type":"WebPage","@id":"https:\/\/es.greenpeace.org\/es\/quienes-somos\/informes-anuales\/","url":"https:\/\/es.greenpeace.org\/es\/quienes-somos\/informes-anuales\/","name":"Informes anuales | Greenpeace Espa\u00f1a","isPartOf":{"@id":"https:\/\/es.greenpeace.org\/es\/#website"},"primaryImageOfPage":{"@id":"https:\/\/es.greenpeace.org\/es\/quienes-somos\/informes-anuales\/#primaryimage"},"image":{"@id":"https:\/\/es.greenpeace.org\/es\/quienes-somos\/informes-anuales\/#primaryimage"},"thumbnailUrl":"https:\/\/es.greenpeace.org\/es\/wp-content\/uploads\/sites\/3\/2018\/08\/GPES20181705MG0015.jpg","datePublished":"2018-08-14T09:30:00+00:00","dateModified":"2025-07-23T09:36:46+00:00","description":"Transparencia y compromiso. Accede a nuestros informes anuales para estar al tanto de nuestras acciones, logros y avances en medioambiente.","breadcrumb":{"@id":"https:\/\/es.greenpeace.org\/es\/quienes-somos\/informes-anuales\/#breadcrumb"},"inLanguage":"es","potentialAction":[{"@type":"ReadAction","target":["https:\/\/es.greenpeace.org\/es\/quienes-somos\/informes-anuales\/"]}]},{"@type":"ImageObject","inLanguage":"es","@id":"https:\/\/es.greenpeace.org\/es\/quienes-somos\/informes-anuales\/#primaryimage","url":"https:\/\/es.greenpeace.org\/es\/wp-content\/uploads\/sites\/3\/2018\/08\/GPES20181705MG0015.jpg","contentUrl":"https:\/\/es.greenpeace.org\/es\/wp-content\/uploads\/sites\/3\/2018\/08\/GPES20181705MG0015.jpg","width":4256,"height":2832,"caption":"17\/05\/2018. Ministerio de Energ\u00eda, Turismo y Agenda Digital, Madrid, Espa\u00f1a. Esta ma\u00f1ana escaladores de Greenpeace han colocado placas solares en la fachada del edificio del Ministerio de Energ\u00eda, Turismo y Agenda Digital (c\/ Poeta Joan Maragall, Madrid) y desplegado pancartas con los lemas: \u201cEl sol es de todos\u201d y \u201cNo impuesto al sol\u201d. Con esta acci\u00f3n, la organizaci\u00f3n ha querido hacer simb\u00f3licamente lo que los pol\u00edticos no est\u00e1n haciendo: aprovechar la energ\u00eda del sol para producir energ\u00eda y denunciar el boicot y falta de apoyo del Gobierno a las energ\u00edas renovables, como demuestran su pol\u00edtica energ\u00e9tica y la falta de instalaciones solares en los edificios oficiales. \u00a9Greenpeace\/Mario G\u00f3mez \u00a9Greenpeace Handout\/Mario G\u00f3mez - No sales - No Archives - Editorial Use Only - Free use only for 14 days after release. Photo provided by GREENPEACE, distributed handout photo to be used only to illustrate news reporting or commentary on the facts or events depicted in this image."},{"@type":"BreadcrumbList","@id":"https:\/\/es.greenpeace.org\/es\/quienes-somos\/informes-anuales\/#breadcrumb","itemListElement":[{"@type":"ListItem","position":1,"name":"Home","item":"https:\/\/es.greenpeace.org\/es\/"},{"@type":"ListItem","position":2,"name":"Qui\u00e9nes somos","item":"https:\/\/es.greenpeace.org\/es\/quienes-somos\/"},{"@type":"ListItem","position":3,"name":"Informes anuales"}]},{"@type":"WebSite","@id":"https:\/\/es.greenpeace.org\/es\/#website","url":"https:\/\/es.greenpeace.org\/es\/","name":"Greenpeace Espa\u00f1a","description":"","publisher":{"@id":"https:\/\/es.greenpeace.org\/es\/#organization"},"potentialAction":[{"@type":"SearchAction","target":{"@type":"EntryPoint","urlTemplate":"https:\/\/es.greenpeace.org\/es\/?s={search_term_string}"},"query-input":{"@type":"PropertyValueSpecification","valueRequired":true,"valueName":"search_term_string"}}],"inLanguage":"es"},{"@type":"Organization","@id":"https:\/\/es.greenpeace.org\/es\/#organization","name":"Greenpeace Espa\u00f1a","alternateName":"Greenpeace","url":"https:\/\/es.greenpeace.org\/es\/","logo":{"@type":"ImageObject","inLanguage":"es","@id":"https:\/\/es.greenpeace.org\/es\/#\/schema\/logo\/image\/","url":"https:\/\/es.greenpeace.org\/es\/wp-content\/uploads\/sites\/3\/2024\/07\/greenpeace-logo-verde.svg","contentUrl":"https:\/\/es.greenpeace.org\/es\/wp-content\/uploads\/sites\/3\/2024\/07\/greenpeace-logo-verde.svg","width":1,"height":1,"caption":"Greenpeace Espa\u00f1a"},"image":{"@id":"https:\/\/es.greenpeace.org\/es\/#\/schema\/logo\/image\/"},"sameAs":["https:\/\/www.facebook.com\/greenpeace.spain","https:\/\/x.com\/greenpeace_esp","https:\/\/www.instagram.com\/greenpeace_esp\/"]}]}},"_links":{"self":[{"href":"https:\/\/es.greenpeace.org\/es\/wp-json\/wp\/v2\/pages\/10152","targetHints":{"allow":["GET"]}}],"collection":[{"href":"https:\/\/es.greenpeace.org\/es\/wp-json\/wp\/v2\/pages"}],"about":[{"href":"https:\/\/es.greenpeace.org\/es\/wp-json\/wp\/v2\/types\/page"}],"author":[{"embeddable":true,"href":"https:\/\/es.greenpeace.org\/es\/wp-json\/wp\/v2\/users\/44"}],"replies":[{"embeddable":true,"href":"https:\/\/es.greenpeace.org\/es\/wp-json\/wp\/v2\/comments?post=10152"}],"version-history":[{"count":11,"href":"https:\/\/es.greenpeace.org\/es\/wp-json\/wp\/v2\/pages\/10152\/revisions"}],"predecessor-version":[{"id":67797,"href":"https:\/\/es.greenpeace.org\/es\/wp-json\/wp\/v2\/pages\/10152\/revisions\/67797"}],"up":[{"embeddable":true,"href":"https:\/\/es.greenpeace.org\/es\/wp-json\/wp\/v2\/pages\/6444"}],"wp:featuredmedia":[{"embeddable":true,"href":"https:\/\/es.greenpeace.org\/es\/wp-json\/wp\/v2\/media\/10221"}],"wp:attachment":[{"href":"https:\/\/es.greenpeace.org\/es\/wp-json\/wp\/v2\/media?parent=10152"}],"wp:term":[{"taxonomy":"category","embeddable":true,"href":"https:\/\/es.greenpeace.org\/es\/wp-json\/wp\/v2\/categories?post=10152"},{"taxonomy":"post_tag","embeddable":true,"href":"https:\/\/es.greenpeace.org\/es\/wp-json\/wp\/v2\/tags?post=10152"}],"curies":[{"name":"wp","href":"https:\/\/api.w.org\/{rel}","templated":true}]}}