{"id":10177,"date":"2018-08-16T01:25:17","date_gmt":"2018-08-15T23:25:17","guid":{"rendered":"https:\/\/es.greenpeace.org\/es\/?page_id=10177"},"modified":"2018-10-04T10:50:06","modified_gmt":"2018-10-04T08:50:06","slug":"democracia-proteccion-de-los-derechos-humanos-paz-y-dinamicas-de-poder","status":"publish","type":"page","link":"https:\/\/es.greenpeace.org\/es\/quienes-somos\/informes-anuales\/informe-anual-2017\/democracia-proteccion-de-los-derechos-humanos-paz-y-dinamicas-de-poder\/","title":{"rendered":"Democracia, protecci\u00f3n de los derechos humanos, paz y din\u00e1micas de poder"},"content":{"rendered":"<h4><strong>Dentro de Greenpeace emerge como prioridad la necesidad de cuestionar el actual modelo econ\u00f3mico y nuestra propia contribuci\u00f3n para impulsar otras formas de econom\u00eda que pongan en el centro la justicia, la solidaridad, el respeto al medio ambiente, la equidad y la cooperaci\u00f3n para las personas y el planeta.<\/strong><\/h4>\n","protected":false},"excerpt":{"rendered":"<p>Dentro de Greenpeace emerge como prioridad la necesidad de cuestionar el actual modelo econ\u00f3mico y nuestra propia contribuci\u00f3n para impulsar otras formas de econom\u00eda que pongan en el centro la justicia, la solidaridad, el respeto al medio ambiente, la equidad y la cooperaci\u00f3n para las personas y el planeta.<\/p>\n","protected":false},"author":44,"featured_media":10366,"parent":10155,"menu_order":0,"comment_status":"closed","ping_status":"closed","template":"template-generic-acf.php","meta":{"_acf_changed":false,"footnotes":""},"categories":[39,102],"tags":[],"class_list":["post-10177","page","type-page","status-publish","has-post-thumbnail","hentry","category-desarme-y-paz","category-justicia-social"],"acf":[],"yoast_head":"<!-- This site is optimized with the Yoast SEO plugin v27.1.1 - https:\/\/yoast.com\/product\/yoast-seo-wordpress\/ -->\n<title>Democracia, protecci\u00f3n de los derechos humanos, paz y din\u00e1micas de poder - ES | Greenpeace Espa\u00f1a<\/title>\n<meta name=\"robots\" content=\"index, follow, max-snippet:-1, max-image-preview:large, max-video-preview:-1\" \/>\n<link rel=\"canonical\" href=\"https:\/\/es.greenpeace.org\/es\/quienes-somos\/informes-anuales\/informe-anual-2017\/democracia-proteccion-de-los-derechos-humanos-paz-y-dinamicas-de-poder\/\" \/>\n<meta property=\"og:locale\" content=\"es_ES\" \/>\n<meta property=\"og:type\" content=\"article\" \/>\n<meta property=\"og:title\" content=\"Democracia, protecci\u00f3n de los derechos humanos, paz y din\u00e1micas de poder - ES | Greenpeace Espa\u00f1a\" \/>\n<meta property=\"og:description\" content=\"Dentro de Greenpeace emerge como prioridad la necesidad de cuestionar el actual modelo econ\u00f3mico y nuestra propia contribuci\u00f3n para impulsar otras formas de econom\u00eda que pongan en el centro la justicia, la solidaridad, el respeto al medio ambiente, la equidad y la cooperaci\u00f3n para las personas y el planeta.\" \/>\n<meta property=\"og:url\" content=\"https:\/\/es.greenpeace.org\/es\/quienes-somos\/informes-anuales\/informe-anual-2017\/democracia-proteccion-de-los-derechos-humanos-paz-y-dinamicas-de-poder\/\" \/>\n<meta property=\"og:site_name\" content=\"ES | Greenpeace Espa\u00f1a\" \/>\n<meta property=\"article:publisher\" content=\"https:\/\/www.facebook.com\/greenpeace.spain\" \/>\n<meta property=\"article:modified_time\" content=\"2018-10-04T08:50:06+00:00\" \/>\n<meta property=\"og:image\" content=\"https:\/\/es.greenpeace.org\/es\/wp-content\/uploads\/sites\/3\/2018\/08\/i-fZjBQ7k-X31.jpg\" \/>\n\t<meta property=\"og:image:width\" content=\"1600\" \/>\n\t<meta property=\"og:image:height\" content=\"1067\" \/>\n\t<meta property=\"og:image:type\" content=\"image\/jpeg\" \/>\n<meta name=\"twitter:card\" content=\"summary_large_image\" \/>\n<meta name=\"twitter:site\" content=\"@greenpeace_esp\" \/>\n<script type=\"application\/ld+json\" class=\"yoast-schema-graph\">{\"@context\":\"https:\/\/schema.org\",\"@graph\":[{\"@type\":\"WebPage\",\"@id\":\"https:\/\/es.greenpeace.org\/es\/quienes-somos\/informes-anuales\/informe-anual-2017\/democracia-proteccion-de-los-derechos-humanos-paz-y-dinamicas-de-poder\/\",\"url\":\"https:\/\/es.greenpeace.org\/es\/quienes-somos\/informes-anuales\/informe-anual-2017\/democracia-proteccion-de-los-derechos-humanos-paz-y-dinamicas-de-poder\/\",\"name\":\"Democracia, protecci\u00f3n de los derechos humanos, paz y din\u00e1micas de poder - ES | Greenpeace Espa\u00f1a\",\"isPartOf\":{\"@id\":\"https:\/\/es.greenpeace.org\/es\/#website\"},\"primaryImageOfPage\":{\"@id\":\"https:\/\/es.greenpeace.org\/es\/quienes-somos\/informes-anuales\/informe-anual-2017\/democracia-proteccion-de-los-derechos-humanos-paz-y-dinamicas-de-poder\/#primaryimage\"},\"image\":{\"@id\":\"https:\/\/es.greenpeace.org\/es\/quienes-somos\/informes-anuales\/informe-anual-2017\/democracia-proteccion-de-los-derechos-humanos-paz-y-dinamicas-de-poder\/#primaryimage\"},\"thumbnailUrl\":\"https:\/\/es.greenpeace.org\/es\/wp-content\/uploads\/sites\/3\/2018\/08\/i-fZjBQ7k-X31.jpg\",\"datePublished\":\"2018-08-15T23:25:17+00:00\",\"dateModified\":\"2018-10-04T08:50:06+00:00\",\"breadcrumb\":{\"@id\":\"https:\/\/es.greenpeace.org\/es\/quienes-somos\/informes-anuales\/informe-anual-2017\/democracia-proteccion-de-los-derechos-humanos-paz-y-dinamicas-de-poder\/#breadcrumb\"},\"inLanguage\":\"es\",\"potentialAction\":[{\"@type\":\"ReadAction\",\"target\":[\"https:\/\/es.greenpeace.org\/es\/quienes-somos\/informes-anuales\/informe-anual-2017\/democracia-proteccion-de-los-derechos-humanos-paz-y-dinamicas-de-poder\/\"]}]},{\"@type\":\"ImageObject\",\"inLanguage\":\"es\",\"@id\":\"https:\/\/es.greenpeace.org\/es\/quienes-somos\/informes-anuales\/informe-anual-2017\/democracia-proteccion-de-los-derechos-humanos-paz-y-dinamicas-de-poder\/#primaryimage\",\"url\":\"https:\/\/es.greenpeace.org\/es\/wp-content\/uploads\/sites\/3\/2018\/08\/i-fZjBQ7k-X31.jpg\",\"contentUrl\":\"https:\/\/es.greenpeace.org\/es\/wp-content\/uploads\/sites\/3\/2018\/08\/i-fZjBQ7k-X31.jpg\",\"width\":1600,\"height\":1067,\"caption\":\"22\/09\/2017. Puerto de Bilbao, Bizkaia, Euskadi\/Pa\u00eds Vasco, Espa\u00f1a. Un grupo de activistas de Greenpeace ha protestado pac\u00edficamente contra la carga de contenedores con armas fabricadas en Espa\u00f1a al barco Bahri Tabuk, con destino a Arabia Saud\u00ed, en una acci\u00f3n que pretende llamar la atenci\u00f3n sobre el oscurantismo que envuelve el comercio de armas. La autorizaci\u00f3n del Gobierno a este tipo de exportaciones de armas que podr\u00edan ser utilizadas contra la poblaci\u00f3n civil en conflictos armados es ilegal. \u00a9Greenpeace\/Pablo Blazquez \u00a9Greenpeace Handout\/ Pablo Blazquez - No sales - No Archives - Editorial Use Only - Free use only for 14 days after release. Photo provided by GREENPEACE, distributed handout photo to be used only to illustrate news reporting or commentary on the facts or events depicted in this image.\"},{\"@type\":\"BreadcrumbList\",\"@id\":\"https:\/\/es.greenpeace.org\/es\/quienes-somos\/informes-anuales\/informe-anual-2017\/democracia-proteccion-de-los-derechos-humanos-paz-y-dinamicas-de-poder\/#breadcrumb\",\"itemListElement\":[{\"@type\":\"ListItem\",\"position\":1,\"name\":\"Home\",\"item\":\"https:\/\/es.greenpeace.org\/es\/\"},{\"@type\":\"ListItem\",\"position\":2,\"name\":\"Qui\u00e9nes somos\",\"item\":\"https:\/\/es.greenpeace.org\/es\/quienes-somos\/\"},{\"@type\":\"ListItem\",\"position\":3,\"name\":\"Informes anuales\",\"item\":\"https:\/\/es.greenpeace.org\/es\/quienes-somos\/informes-anuales\/\"},{\"@type\":\"ListItem\",\"position\":4,\"name\":\"Informe anual 2017\",\"item\":\"https:\/\/es.greenpeace.org\/es\/quienes-somos\/informes-anuales\/informe-anual-2017\/\"},{\"@type\":\"ListItem\",\"position\":5,\"name\":\"Democracia, protecci\u00f3n de los derechos humanos, paz y din\u00e1micas de poder\"}]},{\"@type\":\"WebSite\",\"@id\":\"https:\/\/es.greenpeace.org\/es\/#website\",\"url\":\"https:\/\/es.greenpeace.org\/es\/\",\"name\":\"Greenpeace Espa\u00f1a\",\"description\":\"\",\"publisher\":{\"@id\":\"https:\/\/es.greenpeace.org\/es\/#organization\"},\"potentialAction\":[{\"@type\":\"SearchAction\",\"target\":{\"@type\":\"EntryPoint\",\"urlTemplate\":\"https:\/\/es.greenpeace.org\/es\/?s={search_term_string}\"},\"query-input\":{\"@type\":\"PropertyValueSpecification\",\"valueRequired\":true,\"valueName\":\"search_term_string\"}}],\"inLanguage\":\"es\"},{\"@type\":\"Organization\",\"@id\":\"https:\/\/es.greenpeace.org\/es\/#organization\",\"name\":\"Greenpeace Espa\u00f1a\",\"alternateName\":\"Greenpeace\",\"url\":\"https:\/\/es.greenpeace.org\/es\/\",\"logo\":{\"@type\":\"ImageObject\",\"inLanguage\":\"es\",\"@id\":\"https:\/\/es.greenpeace.org\/es\/#\/schema\/logo\/image\/\",\"url\":\"https:\/\/es.greenpeace.org\/es\/wp-content\/uploads\/sites\/3\/2024\/07\/greenpeace-logo-verde.svg\",\"contentUrl\":\"https:\/\/es.greenpeace.org\/es\/wp-content\/uploads\/sites\/3\/2024\/07\/greenpeace-logo-verde.svg\",\"width\":1,\"height\":1,\"caption\":\"Greenpeace Espa\u00f1a\"},\"image\":{\"@id\":\"https:\/\/es.greenpeace.org\/es\/#\/schema\/logo\/image\/\"},\"sameAs\":[\"https:\/\/www.facebook.com\/greenpeace.spain\",\"https:\/\/x.com\/greenpeace_esp\",\"https:\/\/www.instagram.com\/greenpeace_esp\/\"]}]}<\/script>\n<!-- \/ Yoast SEO plugin. -->","yoast_head_json":{"title":"Democracia, protecci\u00f3n de los derechos humanos, paz y din\u00e1micas de poder - ES | Greenpeace Espa\u00f1a","robots":{"index":"index","follow":"follow","max-snippet":"max-snippet:-1","max-image-preview":"max-image-preview:large","max-video-preview":"max-video-preview:-1"},"canonical":"https:\/\/es.greenpeace.org\/es\/quienes-somos\/informes-anuales\/informe-anual-2017\/democracia-proteccion-de-los-derechos-humanos-paz-y-dinamicas-de-poder\/","og_locale":"es_ES","og_type":"article","og_title":"Democracia, protecci\u00f3n de los derechos humanos, paz y din\u00e1micas de poder - ES | Greenpeace Espa\u00f1a","og_description":"Dentro de Greenpeace emerge como prioridad la necesidad de cuestionar el actual modelo econ\u00f3mico y nuestra propia contribuci\u00f3n para impulsar otras formas de econom\u00eda que pongan en el centro la justicia, la solidaridad, el respeto al medio ambiente, la equidad y la cooperaci\u00f3n para las personas y el planeta.","og_url":"https:\/\/es.greenpeace.org\/es\/quienes-somos\/informes-anuales\/informe-anual-2017\/democracia-proteccion-de-los-derechos-humanos-paz-y-dinamicas-de-poder\/","og_site_name":"ES | Greenpeace Espa\u00f1a","article_publisher":"https:\/\/www.facebook.com\/greenpeace.spain","article_modified_time":"2018-10-04T08:50:06+00:00","og_image":[{"width":1600,"height":1067,"url":"https:\/\/es.greenpeace.org\/es\/wp-content\/uploads\/sites\/3\/2018\/08\/i-fZjBQ7k-X31.jpg","type":"image\/jpeg"}],"twitter_card":"summary_large_image","twitter_site":"@greenpeace_esp","schema":{"@context":"https:\/\/schema.org","@graph":[{"@type":"WebPage","@id":"https:\/\/es.greenpeace.org\/es\/quienes-somos\/informes-anuales\/informe-anual-2017\/democracia-proteccion-de-los-derechos-humanos-paz-y-dinamicas-de-poder\/","url":"https:\/\/es.greenpeace.org\/es\/quienes-somos\/informes-anuales\/informe-anual-2017\/democracia-proteccion-de-los-derechos-humanos-paz-y-dinamicas-de-poder\/","name":"Democracia, protecci\u00f3n de los derechos humanos, paz y din\u00e1micas de poder - ES | Greenpeace Espa\u00f1a","isPartOf":{"@id":"https:\/\/es.greenpeace.org\/es\/#website"},"primaryImageOfPage":{"@id":"https:\/\/es.greenpeace.org\/es\/quienes-somos\/informes-anuales\/informe-anual-2017\/democracia-proteccion-de-los-derechos-humanos-paz-y-dinamicas-de-poder\/#primaryimage"},"image":{"@id":"https:\/\/es.greenpeace.org\/es\/quienes-somos\/informes-anuales\/informe-anual-2017\/democracia-proteccion-de-los-derechos-humanos-paz-y-dinamicas-de-poder\/#primaryimage"},"thumbnailUrl":"https:\/\/es.greenpeace.org\/es\/wp-content\/uploads\/sites\/3\/2018\/08\/i-fZjBQ7k-X31.jpg","datePublished":"2018-08-15T23:25:17+00:00","dateModified":"2018-10-04T08:50:06+00:00","breadcrumb":{"@id":"https:\/\/es.greenpeace.org\/es\/quienes-somos\/informes-anuales\/informe-anual-2017\/democracia-proteccion-de-los-derechos-humanos-paz-y-dinamicas-de-poder\/#breadcrumb"},"inLanguage":"es","potentialAction":[{"@type":"ReadAction","target":["https:\/\/es.greenpeace.org\/es\/quienes-somos\/informes-anuales\/informe-anual-2017\/democracia-proteccion-de-los-derechos-humanos-paz-y-dinamicas-de-poder\/"]}]},{"@type":"ImageObject","inLanguage":"es","@id":"https:\/\/es.greenpeace.org\/es\/quienes-somos\/informes-anuales\/informe-anual-2017\/democracia-proteccion-de-los-derechos-humanos-paz-y-dinamicas-de-poder\/#primaryimage","url":"https:\/\/es.greenpeace.org\/es\/wp-content\/uploads\/sites\/3\/2018\/08\/i-fZjBQ7k-X31.jpg","contentUrl":"https:\/\/es.greenpeace.org\/es\/wp-content\/uploads\/sites\/3\/2018\/08\/i-fZjBQ7k-X31.jpg","width":1600,"height":1067,"caption":"22\/09\/2017. Puerto de Bilbao, Bizkaia, Euskadi\/Pa\u00eds Vasco, Espa\u00f1a. Un grupo de activistas de Greenpeace ha protestado pac\u00edficamente contra la carga de contenedores con armas fabricadas en Espa\u00f1a al barco Bahri Tabuk, con destino a Arabia Saud\u00ed, en una acci\u00f3n que pretende llamar la atenci\u00f3n sobre el oscurantismo que envuelve el comercio de armas. La autorizaci\u00f3n del Gobierno a este tipo de exportaciones de armas que podr\u00edan ser utilizadas contra la poblaci\u00f3n civil en conflictos armados es ilegal. \u00a9Greenpeace\/Pablo Blazquez \u00a9Greenpeace Handout\/ Pablo Blazquez - No sales - No Archives - Editorial Use Only - Free use only for 14 days after release. Photo provided by GREENPEACE, distributed handout photo to be used only to illustrate news reporting or commentary on the facts or events depicted in this image."},{"@type":"BreadcrumbList","@id":"https:\/\/es.greenpeace.org\/es\/quienes-somos\/informes-anuales\/informe-anual-2017\/democracia-proteccion-de-los-derechos-humanos-paz-y-dinamicas-de-poder\/#breadcrumb","itemListElement":[{"@type":"ListItem","position":1,"name":"Home","item":"https:\/\/es.greenpeace.org\/es\/"},{"@type":"ListItem","position":2,"name":"Qui\u00e9nes somos","item":"https:\/\/es.greenpeace.org\/es\/quienes-somos\/"},{"@type":"ListItem","position":3,"name":"Informes anuales","item":"https:\/\/es.greenpeace.org\/es\/quienes-somos\/informes-anuales\/"},{"@type":"ListItem","position":4,"name":"Informe anual 2017","item":"https:\/\/es.greenpeace.org\/es\/quienes-somos\/informes-anuales\/informe-anual-2017\/"},{"@type":"ListItem","position":5,"name":"Democracia, protecci\u00f3n de los derechos humanos, paz y din\u00e1micas de poder"}]},{"@type":"WebSite","@id":"https:\/\/es.greenpeace.org\/es\/#website","url":"https:\/\/es.greenpeace.org\/es\/","name":"Greenpeace Espa\u00f1a","description":"","publisher":{"@id":"https:\/\/es.greenpeace.org\/es\/#organization"},"potentialAction":[{"@type":"SearchAction","target":{"@type":"EntryPoint","urlTemplate":"https:\/\/es.greenpeace.org\/es\/?s={search_term_string}"},"query-input":{"@type":"PropertyValueSpecification","valueRequired":true,"valueName":"search_term_string"}}],"inLanguage":"es"},{"@type":"Organization","@id":"https:\/\/es.greenpeace.org\/es\/#organization","name":"Greenpeace Espa\u00f1a","alternateName":"Greenpeace","url":"https:\/\/es.greenpeace.org\/es\/","logo":{"@type":"ImageObject","inLanguage":"es","@id":"https:\/\/es.greenpeace.org\/es\/#\/schema\/logo\/image\/","url":"https:\/\/es.greenpeace.org\/es\/wp-content\/uploads\/sites\/3\/2024\/07\/greenpeace-logo-verde.svg","contentUrl":"https:\/\/es.greenpeace.org\/es\/wp-content\/uploads\/sites\/3\/2024\/07\/greenpeace-logo-verde.svg","width":1,"height":1,"caption":"Greenpeace Espa\u00f1a"},"image":{"@id":"https:\/\/es.greenpeace.org\/es\/#\/schema\/logo\/image\/"},"sameAs":["https:\/\/www.facebook.com\/greenpeace.spain","https:\/\/x.com\/greenpeace_esp","https:\/\/www.instagram.com\/greenpeace_esp\/"]}]}},"_links":{"self":[{"href":"https:\/\/es.greenpeace.org\/es\/wp-json\/wp\/v2\/pages\/10177","targetHints":{"allow":["GET"]}}],"collection":[{"href":"https:\/\/es.greenpeace.org\/es\/wp-json\/wp\/v2\/pages"}],"about":[{"href":"https:\/\/es.greenpeace.org\/es\/wp-json\/wp\/v2\/types\/page"}],"author":[{"embeddable":true,"href":"https:\/\/es.greenpeace.org\/es\/wp-json\/wp\/v2\/users\/44"}],"replies":[{"embeddable":true,"href":"https:\/\/es.greenpeace.org\/es\/wp-json\/wp\/v2\/comments?post=10177"}],"version-history":[{"count":10,"href":"https:\/\/es.greenpeace.org\/es\/wp-json\/wp\/v2\/pages\/10177\/revisions"}],"predecessor-version":[{"id":10512,"href":"https:\/\/es.greenpeace.org\/es\/wp-json\/wp\/v2\/pages\/10177\/revisions\/10512"}],"up":[{"embeddable":true,"href":"https:\/\/es.greenpeace.org\/es\/wp-json\/wp\/v2\/pages\/10155"}],"wp:featuredmedia":[{"embeddable":true,"href":"https:\/\/es.greenpeace.org\/es\/wp-json\/wp\/v2\/media\/10366"}],"wp:attachment":[{"href":"https:\/\/es.greenpeace.org\/es\/wp-json\/wp\/v2\/media?parent=10177"}],"wp:term":[{"taxonomy":"category","embeddable":true,"href":"https:\/\/es.greenpeace.org\/es\/wp-json\/wp\/v2\/categories?post=10177"},{"taxonomy":"post_tag","embeddable":true,"href":"https:\/\/es.greenpeace.org\/es\/wp-json\/wp\/v2\/tags?post=10177"}],"curies":[{"name":"wp","href":"https:\/\/api.w.org\/{rel}","templated":true}]}}