{"id":11032,"date":"2018-09-10T11:32:32","date_gmt":"2018-09-10T09:32:32","guid":{"rendered":"https:\/\/es.greenpeace.org\/es\/?page_id=11032"},"modified":"2018-10-04T10:49:33","modified_gmt":"2018-10-04T08:49:33","slug":"carta-de-la-direccion","status":"publish","type":"page","link":"https:\/\/es.greenpeace.org\/es\/quienes-somos\/informes-anuales\/informe-anual-2017\/carta-de-la-direccion\/","title":{"rendered":"Carta de la direcci\u00f3n"},"content":{"rendered":"<p>Querida socia, querido socio:<\/p>\n<p>Concluye 2017 con el cierre de la central nuclear de Garo\u00f1a, la solicitud de Iberdrola de cerrar sus dos centrales t\u00e9rmicas o la moratoria a la prohibici\u00f3n de pesca en el \u00c1rtico. Pero no todo son buenas noticias, ya que en este a\u00f1o se ha alcanzado el el r\u00e9cord de temperaturas y de emisiones de CO2. La sequ\u00eda ha alcanzado niveles preocupantes y una nueva generaci\u00f3n de grandes incendios forestales ha venido para quedarse.<\/p>\n<p><strong>Han ocurrido mucha cosas a lo largo de 2017, tanto en Espa\u00f1a como en el resto del mundo, que han estado relacionadas con el desarrollo de nuestro trabajo.<\/strong> Un trabajo que ha sido posible gracias al apoyo de vosotras y vosotros: socias y socios; voluntarias y voluntarios, activistas, y el resto del gran equipo que formamos Greenpeace.<\/p>\n<ul>\n<li>Cierre definitivo de la central nuclear de Garo\u00f1a. Las principales compa\u00f1\u00edas el\u00e9ctricas espa\u00f1olas reconocen que todas las nucleares est\u00e1n en p\u00e9rdidas econ\u00f3micas. Incluso Iberdrola ha solicitado el cierre de sus dos \u00faltimas centrales t\u00e9rmicas de carb\u00f3n y se ha comprometido a recolocar al 100% de la plantilla.<\/li>\n<li>El Gobierno deber\u00e1 realizar una nueva evaluaci\u00f3n de impacto del proyecto de almac\u00e9n de gas en el Parque Nacional de Do\u00f1ana y el Tribunal Constitucional anul\u00f3 la indemnizaci\u00f3n de m\u00e1s de 1.350 millones de euros por la paralizaci\u00f3n de la plataforma Castor para el almacenamiento de gas natural.<\/li>\n<li>El proyecto de declaraci\u00f3n de \u00e1rea marina protegida \u201cCorredor de migraci\u00f3n de cet\u00e1ceos del Mediterr\u00e1neo\u201d y la propuesta de Zona Protegida al Convenio de Barcelona est\u00e1n listos para ser aprobados.<\/li>\n<li>La Comunidad Valenciana, Navarra, las Islas Baleares y Catalu\u00f1a preparan legislaciones para implantar un sistema de retorno y devoluci\u00f3n de envases.<\/li>\n<li>La superficie de agricultura ecol\u00f3gica supera ya los 2 millones de hect\u00e1reas y la lucha vecinal impide la puesta en marcha de varias macrogranjas ganaderas.<\/li>\n<li>La Comisi\u00f3n Europea propone la prohibici\u00f3n de tres neonicotinoides (salvo uso en invernaderos permanentes). Espa\u00f1a anuncia un \u201cPlan de Acci\u00f3n Nacional para la Conservaci\u00f3n de los Polinizadores\u201d.<\/li>\n<li>Aumenta la concienciaci\u00f3n y presi\u00f3n p\u00fablica contra los acuerdos comerciales con Canad\u00e1, Jap\u00f3n o los pa\u00edses del Mercosur por priorizar intereses econ\u00f3micos sobre las personas y el medioambiente.<\/li>\n<\/ul>\n<p><strong>Sin duda quedan muchos retos que afrontar durante 2018.<\/strong> De entre todos ellos destacamos:<\/p>\n<ul>\n<li>La aprobaci\u00f3n de una Ley de Cambio Clim\u00e1tico y Transici\u00f3n Energ\u00e9tica que garantice la lucha contra el cambio clim\u00e1tico y establezca el cierre de las centrales nucleares y el carb\u00f3n y su sustituci\u00f3n por energ\u00edas renovables en 2025, o el desbloqueo de la Proposici\u00f3n de Ley de Autoconsumo, eliminando el llamado \u00abImpuesto al Sol\u00bb.<\/li>\n<li>La derogaci\u00f3n de la Ley Mordaza y restituci\u00f3n de las garant\u00edas constitucionales de los derechos de reuni\u00f3n, manifestaci\u00f3n y libertad de expresi\u00f3n.<\/li>\n<li>La revisi\u00f3n de la actual pol\u00edtica de apoyo a los acuerdos comerciales y de inversi\u00f3n para que priorice el cumplimiento de los Objetivos de Desarrollo Sostenible y la defensa de los derechos sociales y ambientales.<\/li>\n<li>Convertir la conservaci\u00f3n de la biodiversidad en un pilar econ\u00f3mico y de fuente de empleo.<\/li>\n<li>Establecer una pol\u00edtica de prevenci\u00f3n y extinci\u00f3n de incendios que tenga en cuenta la variable del cambio clim\u00e1tico y las viviendas insertadas en un paisaje inflamable.<\/li>\n<li>Abordar un pacto social por el agua que garantice su sostenibilidad y buen estado respetando los caudales ambientales y dem\u00e1s exigencias de la Directiva Marco.<\/li>\n<li>Impulsar un cambio de modelo productivo basado en la econom\u00eda circular, con especial atenci\u00f3n a las pol\u00edticas de \u201cresiduos cero\u201d.<\/li>\n<\/ul>\n<p><strong> En lo que respecta a los \u00f3rganos de gobierno de Greenpeace<\/strong>, en la Asamblea del Consejo, celebrada los d\u00edas 25 y 26 de marzo, se incorporaron las personas elegidas por las socias y socios en el proceso electoral que tuvo lugar a lo largo de 2016. En esta ocasi\u00f3n se produjo una renovaci\u00f3n de casi la mitad del Consejo, ya que 35 de sus miembros se incorporaban por primera vez al mismo. Se iniciaba as\u00ed un nuevo mandato de tres a\u00f1os de duraci\u00f3n.<\/p>\n<p>En octubre tuvo lugar el habitual encuentro de oto\u00f1o del Consejo, que con un car\u00e1cter m\u00e1s informal que las asambleas permite profundizar en los debates sobre los temas de mayor actualidad e inter\u00e9s para el trabajo de nuestra asociaci\u00f3n. Este a\u00f1o destacamos la presentaci\u00f3n del Proyecto de G\u00e9nero de Greenpeace Espa\u00f1a, un proyecto transversal a toda la organizaci\u00f3n del que nos sentimos especialmente orgullosos.<\/p>\n<p>Entre los temas abordados a lo largo del a\u00f1o por los \u00f3rganos de gobierno (Consejo y Junta Directiva), destacamos el seguimiento de la puesta en marcha del nuevo Marco Estrat\u00e9gico de Greenpeace Espa\u00f1a, uno de cuyos objetivos prioritarios es que nuestras campa\u00f1as en favor del medio ambiente y la paz tengan un enfoque m\u00e1s integrado y sean m\u00e1s eficaces a la hora de abordar la ra\u00edz de los problemas e impulsar alternativas. Avanzamos con paso firme en esta direcci\u00f3n. Y en este contexto, destacamos tambi\u00e9n los debates en torno a la necesidad de dar un mayor impulso al trabajo en el territorio, que concluyeron con el reforzamiento del Departamento de Movilizaci\u00f3n.<\/p>\n<p>Esperamos que 2018 sea un a\u00f1o cargado de vicotorias para Greenpeace el medio ambiente. Seguro que con el constante apoyo de nuestras socias y socias, activistas, los grupos de voluntariado y el resto de simpatizantes de nuestra organizaci\u00f3n y personas que defienden el medio ambiente, lo ser\u00e1.<\/p>\n<p><em><strong>El Consejo, la Junta Directiva y el director ejecutivo de Greenpeace Espa\u00f1a<\/strong><\/em><\/p>\n","protected":false},"excerpt":{"rendered":"<p>Querida socia, querido socio: Concluye 2017 con el cierre de la central nuclear de Garo\u00f1a, la solicitud de Iberdrola de cerrar sus dos centrales t\u00e9rmicas o la moratoria a la prohibici\u00f3n de pesca en el \u00c1rtico. Pero no todo son buenas noticias, ya que en este a\u00f1o se ha alcanzado el el r\u00e9cord de temperaturas [&hellip;]<\/p>\n","protected":false},"author":44,"featured_media":10212,"parent":10155,"menu_order":0,"comment_status":"closed","ping_status":"closed","template":"template-generic-acf.php","meta":{"_acf_changed":false,"footnotes":""},"categories":[4],"tags":[],"class_list":["post-11032","page","type-page","status-publish","has-post-thumbnail","hentry","category-general"],"acf":[],"yoast_head":"<!-- This site is optimized with the Yoast SEO plugin v27.1.1 - https:\/\/yoast.com\/product\/yoast-seo-wordpress\/ -->\n<title>Carta de la direcci\u00f3n - ES | Greenpeace Espa\u00f1a<\/title>\n<meta name=\"robots\" content=\"index, follow, max-snippet:-1, max-image-preview:large, max-video-preview:-1\" \/>\n<link rel=\"canonical\" href=\"https:\/\/es.greenpeace.org\/es\/quienes-somos\/informes-anuales\/informe-anual-2017\/carta-de-la-direccion\/\" \/>\n<meta property=\"og:locale\" content=\"es_ES\" \/>\n<meta property=\"og:type\" content=\"article\" \/>\n<meta property=\"og:title\" content=\"Carta de la direcci\u00f3n - ES | Greenpeace Espa\u00f1a\" \/>\n<meta property=\"og:description\" content=\"Querida socia, querido socio: Concluye 2017 con el cierre de la central nuclear de Garo\u00f1a, la solicitud de Iberdrola de cerrar sus dos centrales t\u00e9rmicas o la moratoria a la prohibici\u00f3n de pesca en el \u00c1rtico. Pero no todo son buenas noticias, ya que en este a\u00f1o se ha alcanzado el el r\u00e9cord de temperaturas [&hellip;]\" \/>\n<meta property=\"og:url\" content=\"https:\/\/es.greenpeace.org\/es\/quienes-somos\/informes-anuales\/informe-anual-2017\/carta-de-la-direccion\/\" \/>\n<meta property=\"og:site_name\" content=\"ES | Greenpeace Espa\u00f1a\" \/>\n<meta property=\"article:publisher\" content=\"https:\/\/www.facebook.com\/greenpeace.spain\" \/>\n<meta property=\"article:modified_time\" content=\"2018-10-04T08:49:33+00:00\" \/>\n<meta property=\"og:image\" content=\"https:\/\/es.greenpeace.org\/es\/wp-content\/uploads\/sites\/3\/2018\/08\/i-LkP8NFr-X31.jpg\" \/>\n\t<meta property=\"og:image:width\" content=\"1600\" \/>\n\t<meta property=\"og:image:height\" content=\"1158\" \/>\n\t<meta property=\"og:image:type\" content=\"image\/jpeg\" \/>\n<meta name=\"twitter:card\" content=\"summary_large_image\" \/>\n<meta name=\"twitter:site\" content=\"@greenpeace_esp\" \/>\n<meta name=\"twitter:label1\" content=\"Tiempo de lectura\" \/>\n\t<meta name=\"twitter:data1\" content=\"5 minutos\" \/>\n<script type=\"application\/ld+json\" class=\"yoast-schema-graph\">{\"@context\":\"https:\/\/schema.org\",\"@graph\":[{\"@type\":\"WebPage\",\"@id\":\"https:\/\/es.greenpeace.org\/es\/quienes-somos\/informes-anuales\/informe-anual-2017\/carta-de-la-direccion\/\",\"url\":\"https:\/\/es.greenpeace.org\/es\/quienes-somos\/informes-anuales\/informe-anual-2017\/carta-de-la-direccion\/\",\"name\":\"Carta de la direcci\u00f3n - ES | Greenpeace Espa\u00f1a\",\"isPartOf\":{\"@id\":\"https:\/\/es.greenpeace.org\/es\/#website\"},\"primaryImageOfPage\":{\"@id\":\"https:\/\/es.greenpeace.org\/es\/quienes-somos\/informes-anuales\/informe-anual-2017\/carta-de-la-direccion\/#primaryimage\"},\"image\":{\"@id\":\"https:\/\/es.greenpeace.org\/es\/quienes-somos\/informes-anuales\/informe-anual-2017\/carta-de-la-direccion\/#primaryimage\"},\"thumbnailUrl\":\"https:\/\/es.greenpeace.org\/es\/wp-content\/uploads\/sites\/3\/2018\/08\/i-LkP8NFr-X31.jpg\",\"datePublished\":\"2018-09-10T09:32:32+00:00\",\"dateModified\":\"2018-10-04T08:49:33+00:00\",\"breadcrumb\":{\"@id\":\"https:\/\/es.greenpeace.org\/es\/quienes-somos\/informes-anuales\/informe-anual-2017\/carta-de-la-direccion\/#breadcrumb\"},\"inLanguage\":\"es\",\"potentialAction\":[{\"@type\":\"ReadAction\",\"target\":[\"https:\/\/es.greenpeace.org\/es\/quienes-somos\/informes-anuales\/informe-anual-2017\/carta-de-la-direccion\/\"]}]},{\"@type\":\"ImageObject\",\"inLanguage\":\"es\",\"@id\":\"https:\/\/es.greenpeace.org\/es\/quienes-somos\/informes-anuales\/informe-anual-2017\/carta-de-la-direccion\/#primaryimage\",\"url\":\"https:\/\/es.greenpeace.org\/es\/wp-content\/uploads\/sites\/3\/2018\/08\/i-LkP8NFr-X31.jpg\",\"contentUrl\":\"https:\/\/es.greenpeace.org\/es\/wp-content\/uploads\/sites\/3\/2018\/08\/i-LkP8NFr-X31.jpg\",\"width\":1600,\"height\":1158,\"caption\":\"25\/11\/2014. Calle Bailen, Madrid, Espa\u00f1a. Nueve activistas de Greenpeace despliegan una pancarta de 126m2 en el centro de Madrid para reivindicar el derecho a la defensa del medio ambiente. \u00a9Greenpeace\/Jose Luis Roca \u00a9Greenpeace Handout - No sales - No Archives - Editorial Use Only - Free use only for 14 days after release. Photo provided by GREENPEACE, distributed handout photo to be used only to illustrate news reporting or commentary on the facts or events depicted in this image.\"},{\"@type\":\"BreadcrumbList\",\"@id\":\"https:\/\/es.greenpeace.org\/es\/quienes-somos\/informes-anuales\/informe-anual-2017\/carta-de-la-direccion\/#breadcrumb\",\"itemListElement\":[{\"@type\":\"ListItem\",\"position\":1,\"name\":\"Home\",\"item\":\"https:\/\/es.greenpeace.org\/es\/\"},{\"@type\":\"ListItem\",\"position\":2,\"name\":\"Qui\u00e9nes somos\",\"item\":\"https:\/\/es.greenpeace.org\/es\/quienes-somos\/\"},{\"@type\":\"ListItem\",\"position\":3,\"name\":\"Informes anuales\",\"item\":\"https:\/\/es.greenpeace.org\/es\/quienes-somos\/informes-anuales\/\"},{\"@type\":\"ListItem\",\"position\":4,\"name\":\"Informe anual 2017\",\"item\":\"https:\/\/es.greenpeace.org\/es\/quienes-somos\/informes-anuales\/informe-anual-2017\/\"},{\"@type\":\"ListItem\",\"position\":5,\"name\":\"Carta de la direcci\u00f3n\"}]},{\"@type\":\"WebSite\",\"@id\":\"https:\/\/es.greenpeace.org\/es\/#website\",\"url\":\"https:\/\/es.greenpeace.org\/es\/\",\"name\":\"Greenpeace Espa\u00f1a\",\"description\":\"\",\"publisher\":{\"@id\":\"https:\/\/es.greenpeace.org\/es\/#organization\"},\"potentialAction\":[{\"@type\":\"SearchAction\",\"target\":{\"@type\":\"EntryPoint\",\"urlTemplate\":\"https:\/\/es.greenpeace.org\/es\/?s={search_term_string}\"},\"query-input\":{\"@type\":\"PropertyValueSpecification\",\"valueRequired\":true,\"valueName\":\"search_term_string\"}}],\"inLanguage\":\"es\"},{\"@type\":\"Organization\",\"@id\":\"https:\/\/es.greenpeace.org\/es\/#organization\",\"name\":\"Greenpeace Espa\u00f1a\",\"alternateName\":\"Greenpeace\",\"url\":\"https:\/\/es.greenpeace.org\/es\/\",\"logo\":{\"@type\":\"ImageObject\",\"inLanguage\":\"es\",\"@id\":\"https:\/\/es.greenpeace.org\/es\/#\/schema\/logo\/image\/\",\"url\":\"https:\/\/es.greenpeace.org\/es\/wp-content\/uploads\/sites\/3\/2024\/07\/greenpeace-logo-verde.svg\",\"contentUrl\":\"https:\/\/es.greenpeace.org\/es\/wp-content\/uploads\/sites\/3\/2024\/07\/greenpeace-logo-verde.svg\",\"width\":1,\"height\":1,\"caption\":\"Greenpeace Espa\u00f1a\"},\"image\":{\"@id\":\"https:\/\/es.greenpeace.org\/es\/#\/schema\/logo\/image\/\"},\"sameAs\":[\"https:\/\/www.facebook.com\/greenpeace.spain\",\"https:\/\/x.com\/greenpeace_esp\",\"https:\/\/www.instagram.com\/greenpeace_esp\/\"]}]}<\/script>\n<!-- \/ Yoast SEO plugin. -->","yoast_head_json":{"title":"Carta de la direcci\u00f3n - ES | Greenpeace Espa\u00f1a","robots":{"index":"index","follow":"follow","max-snippet":"max-snippet:-1","max-image-preview":"max-image-preview:large","max-video-preview":"max-video-preview:-1"},"canonical":"https:\/\/es.greenpeace.org\/es\/quienes-somos\/informes-anuales\/informe-anual-2017\/carta-de-la-direccion\/","og_locale":"es_ES","og_type":"article","og_title":"Carta de la direcci\u00f3n - ES | Greenpeace Espa\u00f1a","og_description":"Querida socia, querido socio: Concluye 2017 con el cierre de la central nuclear de Garo\u00f1a, la solicitud de Iberdrola de cerrar sus dos centrales t\u00e9rmicas o la moratoria a la prohibici\u00f3n de pesca en el \u00c1rtico. Pero no todo son buenas noticias, ya que en este a\u00f1o se ha alcanzado el el r\u00e9cord de temperaturas [&hellip;]","og_url":"https:\/\/es.greenpeace.org\/es\/quienes-somos\/informes-anuales\/informe-anual-2017\/carta-de-la-direccion\/","og_site_name":"ES | Greenpeace Espa\u00f1a","article_publisher":"https:\/\/www.facebook.com\/greenpeace.spain","article_modified_time":"2018-10-04T08:49:33+00:00","og_image":[{"width":1600,"height":1158,"url":"https:\/\/es.greenpeace.org\/es\/wp-content\/uploads\/sites\/3\/2018\/08\/i-LkP8NFr-X31.jpg","type":"image\/jpeg"}],"twitter_card":"summary_large_image","twitter_site":"@greenpeace_esp","twitter_misc":{"Tiempo de lectura":"5 minutos"},"schema":{"@context":"https:\/\/schema.org","@graph":[{"@type":"WebPage","@id":"https:\/\/es.greenpeace.org\/es\/quienes-somos\/informes-anuales\/informe-anual-2017\/carta-de-la-direccion\/","url":"https:\/\/es.greenpeace.org\/es\/quienes-somos\/informes-anuales\/informe-anual-2017\/carta-de-la-direccion\/","name":"Carta de la direcci\u00f3n - ES | Greenpeace Espa\u00f1a","isPartOf":{"@id":"https:\/\/es.greenpeace.org\/es\/#website"},"primaryImageOfPage":{"@id":"https:\/\/es.greenpeace.org\/es\/quienes-somos\/informes-anuales\/informe-anual-2017\/carta-de-la-direccion\/#primaryimage"},"image":{"@id":"https:\/\/es.greenpeace.org\/es\/quienes-somos\/informes-anuales\/informe-anual-2017\/carta-de-la-direccion\/#primaryimage"},"thumbnailUrl":"https:\/\/es.greenpeace.org\/es\/wp-content\/uploads\/sites\/3\/2018\/08\/i-LkP8NFr-X31.jpg","datePublished":"2018-09-10T09:32:32+00:00","dateModified":"2018-10-04T08:49:33+00:00","breadcrumb":{"@id":"https:\/\/es.greenpeace.org\/es\/quienes-somos\/informes-anuales\/informe-anual-2017\/carta-de-la-direccion\/#breadcrumb"},"inLanguage":"es","potentialAction":[{"@type":"ReadAction","target":["https:\/\/es.greenpeace.org\/es\/quienes-somos\/informes-anuales\/informe-anual-2017\/carta-de-la-direccion\/"]}]},{"@type":"ImageObject","inLanguage":"es","@id":"https:\/\/es.greenpeace.org\/es\/quienes-somos\/informes-anuales\/informe-anual-2017\/carta-de-la-direccion\/#primaryimage","url":"https:\/\/es.greenpeace.org\/es\/wp-content\/uploads\/sites\/3\/2018\/08\/i-LkP8NFr-X31.jpg","contentUrl":"https:\/\/es.greenpeace.org\/es\/wp-content\/uploads\/sites\/3\/2018\/08\/i-LkP8NFr-X31.jpg","width":1600,"height":1158,"caption":"25\/11\/2014. Calle Bailen, Madrid, Espa\u00f1a. Nueve activistas de Greenpeace despliegan una pancarta de 126m2 en el centro de Madrid para reivindicar el derecho a la defensa del medio ambiente. \u00a9Greenpeace\/Jose Luis Roca \u00a9Greenpeace Handout - No sales - No Archives - Editorial Use Only - Free use only for 14 days after release. Photo provided by GREENPEACE, distributed handout photo to be used only to illustrate news reporting or commentary on the facts or events depicted in this image."},{"@type":"BreadcrumbList","@id":"https:\/\/es.greenpeace.org\/es\/quienes-somos\/informes-anuales\/informe-anual-2017\/carta-de-la-direccion\/#breadcrumb","itemListElement":[{"@type":"ListItem","position":1,"name":"Home","item":"https:\/\/es.greenpeace.org\/es\/"},{"@type":"ListItem","position":2,"name":"Qui\u00e9nes somos","item":"https:\/\/es.greenpeace.org\/es\/quienes-somos\/"},{"@type":"ListItem","position":3,"name":"Informes anuales","item":"https:\/\/es.greenpeace.org\/es\/quienes-somos\/informes-anuales\/"},{"@type":"ListItem","position":4,"name":"Informe anual 2017","item":"https:\/\/es.greenpeace.org\/es\/quienes-somos\/informes-anuales\/informe-anual-2017\/"},{"@type":"ListItem","position":5,"name":"Carta de la direcci\u00f3n"}]},{"@type":"WebSite","@id":"https:\/\/es.greenpeace.org\/es\/#website","url":"https:\/\/es.greenpeace.org\/es\/","name":"Greenpeace Espa\u00f1a","description":"","publisher":{"@id":"https:\/\/es.greenpeace.org\/es\/#organization"},"potentialAction":[{"@type":"SearchAction","target":{"@type":"EntryPoint","urlTemplate":"https:\/\/es.greenpeace.org\/es\/?s={search_term_string}"},"query-input":{"@type":"PropertyValueSpecification","valueRequired":true,"valueName":"search_term_string"}}],"inLanguage":"es"},{"@type":"Organization","@id":"https:\/\/es.greenpeace.org\/es\/#organization","name":"Greenpeace Espa\u00f1a","alternateName":"Greenpeace","url":"https:\/\/es.greenpeace.org\/es\/","logo":{"@type":"ImageObject","inLanguage":"es","@id":"https:\/\/es.greenpeace.org\/es\/#\/schema\/logo\/image\/","url":"https:\/\/es.greenpeace.org\/es\/wp-content\/uploads\/sites\/3\/2024\/07\/greenpeace-logo-verde.svg","contentUrl":"https:\/\/es.greenpeace.org\/es\/wp-content\/uploads\/sites\/3\/2024\/07\/greenpeace-logo-verde.svg","width":1,"height":1,"caption":"Greenpeace Espa\u00f1a"},"image":{"@id":"https:\/\/es.greenpeace.org\/es\/#\/schema\/logo\/image\/"},"sameAs":["https:\/\/www.facebook.com\/greenpeace.spain","https:\/\/x.com\/greenpeace_esp","https:\/\/www.instagram.com\/greenpeace_esp\/"]}]}},"_links":{"self":[{"href":"https:\/\/es.greenpeace.org\/es\/wp-json\/wp\/v2\/pages\/11032","targetHints":{"allow":["GET"]}}],"collection":[{"href":"https:\/\/es.greenpeace.org\/es\/wp-json\/wp\/v2\/pages"}],"about":[{"href":"https:\/\/es.greenpeace.org\/es\/wp-json\/wp\/v2\/types\/page"}],"author":[{"embeddable":true,"href":"https:\/\/es.greenpeace.org\/es\/wp-json\/wp\/v2\/users\/44"}],"replies":[{"embeddable":true,"href":"https:\/\/es.greenpeace.org\/es\/wp-json\/wp\/v2\/comments?post=11032"}],"version-history":[{"count":2,"href":"https:\/\/es.greenpeace.org\/es\/wp-json\/wp\/v2\/pages\/11032\/revisions"}],"predecessor-version":[{"id":11042,"href":"https:\/\/es.greenpeace.org\/es\/wp-json\/wp\/v2\/pages\/11032\/revisions\/11042"}],"up":[{"embeddable":true,"href":"https:\/\/es.greenpeace.org\/es\/wp-json\/wp\/v2\/pages\/10155"}],"wp:featuredmedia":[{"embeddable":true,"href":"https:\/\/es.greenpeace.org\/es\/wp-json\/wp\/v2\/media\/10212"}],"wp:attachment":[{"href":"https:\/\/es.greenpeace.org\/es\/wp-json\/wp\/v2\/media?parent=11032"}],"wp:term":[{"taxonomy":"category","embeddable":true,"href":"https:\/\/es.greenpeace.org\/es\/wp-json\/wp\/v2\/categories?post=11032"},{"taxonomy":"post_tag","embeddable":true,"href":"https:\/\/es.greenpeace.org\/es\/wp-json\/wp\/v2\/tags?post=11032"}],"curies":[{"name":"wp","href":"https:\/\/api.w.org\/{rel}","templated":true}]}}