{"id":14615,"date":"2019-01-25T13:35:13","date_gmt":"2019-01-25T11:35:13","guid":{"rendered":"https:\/\/es.greenpeace.org\/es\/?page_id=14615"},"modified":"2019-01-29T16:27:28","modified_gmt":"2019-01-29T14:27:28","slug":"mas-fondos-para-la-oficina-de-cambio-climatico-y-parques-nacionales","status":"publish","type":"page","link":"https:\/\/es.greenpeace.org\/es\/trabajamos-en\/democracia-y-contrapoder\/analisis-medioambiental-de-los-presupuestos-generales-2019\/mas-fondos-para-la-oficina-de-cambio-climatico-y-parques-nacionales\/","title":{"rendered":"M\u00e1s fondos para la Oficina de Cambio Clim\u00e1tico y Parques Nacionales"},"content":{"rendered":"<div class=\"container my-3\">\n<h3><strong>M\u00e1s fondos para la Oficina de Cambio Clim\u00e1tico y Parques Nacionales<\/strong><\/h3>\n<h5><b>La reducci\u00f3n del presupuesto para programas de actuaci\u00f3n ambiental de la Secretar\u00eda de Medio Ambiente refleja la p\u00e9rdida de peso pol\u00edtico de un actor clave para la transici\u00f3n ecol\u00f3gica<\/b><\/h5>\n","protected":false},"excerpt":{"rendered":"<p>M\u00e1s fondos para la Oficina de Cambio Clim\u00e1tico y Parques Nacionales La reducci\u00f3n del presupuesto para programas de actuaci\u00f3n ambiental de la Secretar\u00eda de Medio Ambiente refleja la p\u00e9rdida de peso pol\u00edtico de un actor clave para la transici\u00f3n ecol\u00f3gica<\/p>\n","protected":false},"author":44,"featured_media":0,"parent":14572,"menu_order":0,"comment_status":"closed","ping_status":"closed","template":"template-generic-acf.php","meta":{"_acf_changed":false,"footnotes":""},"categories":[102],"tags":[],"class_list":["post-14615","page","type-page","status-publish","hentry","category-justicia-social"],"acf":[],"yoast_head":"<!-- This site is optimized with the Yoast SEO plugin v27.1.1 - https:\/\/yoast.com\/product\/yoast-seo-wordpress\/ -->\n<title>M\u00e1s fondos para la Oficina de Cambio Clim\u00e1tico y Parques Nacionales - ES | Greenpeace Espa\u00f1a<\/title>\n<meta name=\"robots\" content=\"index, follow, max-snippet:-1, max-image-preview:large, max-video-preview:-1\" \/>\n<link rel=\"canonical\" href=\"https:\/\/es.greenpeace.org\/es\/trabajamos-en\/democracia-y-contrapoder\/analisis-medioambiental-de-los-presupuestos-generales-2019\/mas-fondos-para-la-oficina-de-cambio-climatico-y-parques-nacionales\/\" \/>\n<meta property=\"og:locale\" content=\"es_ES\" \/>\n<meta property=\"og:type\" content=\"article\" \/>\n<meta property=\"og:title\" content=\"M\u00e1s fondos para la Oficina de Cambio Clim\u00e1tico y Parques Nacionales - ES | Greenpeace Espa\u00f1a\" \/>\n<meta property=\"og:description\" content=\"M\u00e1s fondos para la Oficina de Cambio Clim\u00e1tico y Parques Nacionales La reducci\u00f3n del presupuesto para programas de actuaci\u00f3n ambiental de la Secretar\u00eda de Medio Ambiente refleja la p\u00e9rdida de peso pol\u00edtico de un actor clave para la transici\u00f3n ecol\u00f3gica\" \/>\n<meta property=\"og:url\" content=\"https:\/\/es.greenpeace.org\/es\/trabajamos-en\/democracia-y-contrapoder\/analisis-medioambiental-de-los-presupuestos-generales-2019\/mas-fondos-para-la-oficina-de-cambio-climatico-y-parques-nacionales\/\" \/>\n<meta property=\"og:site_name\" content=\"ES | Greenpeace Espa\u00f1a\" \/>\n<meta property=\"article:publisher\" content=\"https:\/\/www.facebook.com\/greenpeace.spain\" \/>\n<meta property=\"article:modified_time\" content=\"2019-01-29T14:27:28+00:00\" \/>\n<meta name=\"twitter:card\" content=\"summary_large_image\" \/>\n<meta name=\"twitter:site\" content=\"@greenpeace_esp\" \/>\n<script type=\"application\/ld+json\" class=\"yoast-schema-graph\">{\"@context\":\"https:\/\/schema.org\",\"@graph\":[{\"@type\":\"WebPage\",\"@id\":\"https:\/\/es.greenpeace.org\/es\/trabajamos-en\/democracia-y-contrapoder\/analisis-medioambiental-de-los-presupuestos-generales-2019\/mas-fondos-para-la-oficina-de-cambio-climatico-y-parques-nacionales\/\",\"url\":\"https:\/\/es.greenpeace.org\/es\/trabajamos-en\/democracia-y-contrapoder\/analisis-medioambiental-de-los-presupuestos-generales-2019\/mas-fondos-para-la-oficina-de-cambio-climatico-y-parques-nacionales\/\",\"name\":\"M\u00e1s fondos para la Oficina de Cambio Clim\u00e1tico y Parques Nacionales - ES | Greenpeace Espa\u00f1a\",\"isPartOf\":{\"@id\":\"https:\/\/es.greenpeace.org\/es\/#website\"},\"datePublished\":\"2019-01-25T11:35:13+00:00\",\"dateModified\":\"2019-01-29T14:27:28+00:00\",\"breadcrumb\":{\"@id\":\"https:\/\/es.greenpeace.org\/es\/trabajamos-en\/democracia-y-contrapoder\/analisis-medioambiental-de-los-presupuestos-generales-2019\/mas-fondos-para-la-oficina-de-cambio-climatico-y-parques-nacionales\/#breadcrumb\"},\"inLanguage\":\"es\",\"potentialAction\":[{\"@type\":\"ReadAction\",\"target\":[\"https:\/\/es.greenpeace.org\/es\/trabajamos-en\/democracia-y-contrapoder\/analisis-medioambiental-de-los-presupuestos-generales-2019\/mas-fondos-para-la-oficina-de-cambio-climatico-y-parques-nacionales\/\"]}]},{\"@type\":\"BreadcrumbList\",\"@id\":\"https:\/\/es.greenpeace.org\/es\/trabajamos-en\/democracia-y-contrapoder\/analisis-medioambiental-de-los-presupuestos-generales-2019\/mas-fondos-para-la-oficina-de-cambio-climatico-y-parques-nacionales\/#breadcrumb\",\"itemListElement\":[{\"@type\":\"ListItem\",\"position\":1,\"name\":\"Home\",\"item\":\"https:\/\/es.greenpeace.org\/es\/\"},{\"@type\":\"ListItem\",\"position\":2,\"name\":\"Trabajamos en\",\"item\":\"https:\/\/es.greenpeace.org\/es\/trabajamos-en\/\"},{\"@type\":\"ListItem\",\"position\":3,\"name\":\"Democracia y contrapoder\",\"item\":\"https:\/\/es.greenpeace.org\/es\/trabajamos-en\/democracia-y-contrapoder\/\"},{\"@type\":\"ListItem\",\"position\":4,\"name\":\"An\u00e1lisis medioambiental de los Presupuestos Generales 2019\",\"item\":\"https:\/\/es.greenpeace.org\/es\/trabajamos-en\/democracia-y-contrapoder\/analisis-medioambiental-de-los-presupuestos-generales-2019\/\"},{\"@type\":\"ListItem\",\"position\":5,\"name\":\"M\u00e1s fondos para la Oficina de Cambio Clim\u00e1tico y Parques Nacionales\"}]},{\"@type\":\"WebSite\",\"@id\":\"https:\/\/es.greenpeace.org\/es\/#website\",\"url\":\"https:\/\/es.greenpeace.org\/es\/\",\"name\":\"Greenpeace Espa\u00f1a\",\"description\":\"\",\"publisher\":{\"@id\":\"https:\/\/es.greenpeace.org\/es\/#organization\"},\"potentialAction\":[{\"@type\":\"SearchAction\",\"target\":{\"@type\":\"EntryPoint\",\"urlTemplate\":\"https:\/\/es.greenpeace.org\/es\/?s={search_term_string}\"},\"query-input\":{\"@type\":\"PropertyValueSpecification\",\"valueRequired\":true,\"valueName\":\"search_term_string\"}}],\"inLanguage\":\"es\"},{\"@type\":\"Organization\",\"@id\":\"https:\/\/es.greenpeace.org\/es\/#organization\",\"name\":\"Greenpeace Espa\u00f1a\",\"alternateName\":\"Greenpeace\",\"url\":\"https:\/\/es.greenpeace.org\/es\/\",\"logo\":{\"@type\":\"ImageObject\",\"inLanguage\":\"es\",\"@id\":\"https:\/\/es.greenpeace.org\/es\/#\/schema\/logo\/image\/\",\"url\":\"https:\/\/es.greenpeace.org\/es\/wp-content\/uploads\/sites\/3\/2024\/07\/greenpeace-logo-verde.svg\",\"contentUrl\":\"https:\/\/es.greenpeace.org\/es\/wp-content\/uploads\/sites\/3\/2024\/07\/greenpeace-logo-verde.svg\",\"width\":1,\"height\":1,\"caption\":\"Greenpeace Espa\u00f1a\"},\"image\":{\"@id\":\"https:\/\/es.greenpeace.org\/es\/#\/schema\/logo\/image\/\"},\"sameAs\":[\"https:\/\/www.facebook.com\/greenpeace.spain\",\"https:\/\/x.com\/greenpeace_esp\",\"https:\/\/www.instagram.com\/greenpeace_esp\/\"]}]}<\/script>\n<!-- \/ Yoast SEO plugin. -->","yoast_head_json":{"title":"M\u00e1s fondos para la Oficina de Cambio Clim\u00e1tico y Parques Nacionales - ES | Greenpeace Espa\u00f1a","robots":{"index":"index","follow":"follow","max-snippet":"max-snippet:-1","max-image-preview":"max-image-preview:large","max-video-preview":"max-video-preview:-1"},"canonical":"https:\/\/es.greenpeace.org\/es\/trabajamos-en\/democracia-y-contrapoder\/analisis-medioambiental-de-los-presupuestos-generales-2019\/mas-fondos-para-la-oficina-de-cambio-climatico-y-parques-nacionales\/","og_locale":"es_ES","og_type":"article","og_title":"M\u00e1s fondos para la Oficina de Cambio Clim\u00e1tico y Parques Nacionales - ES | Greenpeace Espa\u00f1a","og_description":"M\u00e1s fondos para la Oficina de Cambio Clim\u00e1tico y Parques Nacionales La reducci\u00f3n del presupuesto para programas de actuaci\u00f3n ambiental de la Secretar\u00eda de Medio Ambiente refleja la p\u00e9rdida de peso pol\u00edtico de un actor clave para la transici\u00f3n ecol\u00f3gica","og_url":"https:\/\/es.greenpeace.org\/es\/trabajamos-en\/democracia-y-contrapoder\/analisis-medioambiental-de-los-presupuestos-generales-2019\/mas-fondos-para-la-oficina-de-cambio-climatico-y-parques-nacionales\/","og_site_name":"ES | Greenpeace Espa\u00f1a","article_publisher":"https:\/\/www.facebook.com\/greenpeace.spain","article_modified_time":"2019-01-29T14:27:28+00:00","twitter_card":"summary_large_image","twitter_site":"@greenpeace_esp","schema":{"@context":"https:\/\/schema.org","@graph":[{"@type":"WebPage","@id":"https:\/\/es.greenpeace.org\/es\/trabajamos-en\/democracia-y-contrapoder\/analisis-medioambiental-de-los-presupuestos-generales-2019\/mas-fondos-para-la-oficina-de-cambio-climatico-y-parques-nacionales\/","url":"https:\/\/es.greenpeace.org\/es\/trabajamos-en\/democracia-y-contrapoder\/analisis-medioambiental-de-los-presupuestos-generales-2019\/mas-fondos-para-la-oficina-de-cambio-climatico-y-parques-nacionales\/","name":"M\u00e1s fondos para la Oficina de Cambio Clim\u00e1tico y Parques Nacionales - ES | Greenpeace Espa\u00f1a","isPartOf":{"@id":"https:\/\/es.greenpeace.org\/es\/#website"},"datePublished":"2019-01-25T11:35:13+00:00","dateModified":"2019-01-29T14:27:28+00:00","breadcrumb":{"@id":"https:\/\/es.greenpeace.org\/es\/trabajamos-en\/democracia-y-contrapoder\/analisis-medioambiental-de-los-presupuestos-generales-2019\/mas-fondos-para-la-oficina-de-cambio-climatico-y-parques-nacionales\/#breadcrumb"},"inLanguage":"es","potentialAction":[{"@type":"ReadAction","target":["https:\/\/es.greenpeace.org\/es\/trabajamos-en\/democracia-y-contrapoder\/analisis-medioambiental-de-los-presupuestos-generales-2019\/mas-fondos-para-la-oficina-de-cambio-climatico-y-parques-nacionales\/"]}]},{"@type":"BreadcrumbList","@id":"https:\/\/es.greenpeace.org\/es\/trabajamos-en\/democracia-y-contrapoder\/analisis-medioambiental-de-los-presupuestos-generales-2019\/mas-fondos-para-la-oficina-de-cambio-climatico-y-parques-nacionales\/#breadcrumb","itemListElement":[{"@type":"ListItem","position":1,"name":"Home","item":"https:\/\/es.greenpeace.org\/es\/"},{"@type":"ListItem","position":2,"name":"Trabajamos en","item":"https:\/\/es.greenpeace.org\/es\/trabajamos-en\/"},{"@type":"ListItem","position":3,"name":"Democracia y contrapoder","item":"https:\/\/es.greenpeace.org\/es\/trabajamos-en\/democracia-y-contrapoder\/"},{"@type":"ListItem","position":4,"name":"An\u00e1lisis medioambiental de los Presupuestos Generales 2019","item":"https:\/\/es.greenpeace.org\/es\/trabajamos-en\/democracia-y-contrapoder\/analisis-medioambiental-de-los-presupuestos-generales-2019\/"},{"@type":"ListItem","position":5,"name":"M\u00e1s fondos para la Oficina de Cambio Clim\u00e1tico y Parques Nacionales"}]},{"@type":"WebSite","@id":"https:\/\/es.greenpeace.org\/es\/#website","url":"https:\/\/es.greenpeace.org\/es\/","name":"Greenpeace Espa\u00f1a","description":"","publisher":{"@id":"https:\/\/es.greenpeace.org\/es\/#organization"},"potentialAction":[{"@type":"SearchAction","target":{"@type":"EntryPoint","urlTemplate":"https:\/\/es.greenpeace.org\/es\/?s={search_term_string}"},"query-input":{"@type":"PropertyValueSpecification","valueRequired":true,"valueName":"search_term_string"}}],"inLanguage":"es"},{"@type":"Organization","@id":"https:\/\/es.greenpeace.org\/es\/#organization","name":"Greenpeace Espa\u00f1a","alternateName":"Greenpeace","url":"https:\/\/es.greenpeace.org\/es\/","logo":{"@type":"ImageObject","inLanguage":"es","@id":"https:\/\/es.greenpeace.org\/es\/#\/schema\/logo\/image\/","url":"https:\/\/es.greenpeace.org\/es\/wp-content\/uploads\/sites\/3\/2024\/07\/greenpeace-logo-verde.svg","contentUrl":"https:\/\/es.greenpeace.org\/es\/wp-content\/uploads\/sites\/3\/2024\/07\/greenpeace-logo-verde.svg","width":1,"height":1,"caption":"Greenpeace Espa\u00f1a"},"image":{"@id":"https:\/\/es.greenpeace.org\/es\/#\/schema\/logo\/image\/"},"sameAs":["https:\/\/www.facebook.com\/greenpeace.spain","https:\/\/x.com\/greenpeace_esp","https:\/\/www.instagram.com\/greenpeace_esp\/"]}]}},"_links":{"self":[{"href":"https:\/\/es.greenpeace.org\/es\/wp-json\/wp\/v2\/pages\/14615","targetHints":{"allow":["GET"]}}],"collection":[{"href":"https:\/\/es.greenpeace.org\/es\/wp-json\/wp\/v2\/pages"}],"about":[{"href":"https:\/\/es.greenpeace.org\/es\/wp-json\/wp\/v2\/types\/page"}],"author":[{"embeddable":true,"href":"https:\/\/es.greenpeace.org\/es\/wp-json\/wp\/v2\/users\/44"}],"replies":[{"embeddable":true,"href":"https:\/\/es.greenpeace.org\/es\/wp-json\/wp\/v2\/comments?post=14615"}],"version-history":[{"count":11,"href":"https:\/\/es.greenpeace.org\/es\/wp-json\/wp\/v2\/pages\/14615\/revisions"}],"predecessor-version":[{"id":15003,"href":"https:\/\/es.greenpeace.org\/es\/wp-json\/wp\/v2\/pages\/14615\/revisions\/15003"}],"up":[{"embeddable":true,"href":"https:\/\/es.greenpeace.org\/es\/wp-json\/wp\/v2\/pages\/14572"}],"wp:attachment":[{"href":"https:\/\/es.greenpeace.org\/es\/wp-json\/wp\/v2\/media?parent=14615"}],"wp:term":[{"taxonomy":"category","embeddable":true,"href":"https:\/\/es.greenpeace.org\/es\/wp-json\/wp\/v2\/categories?post=14615"},{"taxonomy":"post_tag","embeddable":true,"href":"https:\/\/es.greenpeace.org\/es\/wp-json\/wp\/v2\/tags?post=14615"}],"curies":[{"name":"wp","href":"https:\/\/api.w.org\/{rel}","templated":true}]}}