{"id":14680,"date":"2019-01-28T15:08:38","date_gmt":"2019-01-28T13:08:38","guid":{"rendered":"https:\/\/es.greenpeace.org\/es\/?page_id=14680"},"modified":"2021-06-30T10:38:07","modified_gmt":"2021-06-30T08:38:07","slug":"cierta-mejora-en-la-gestion-del-agua","status":"publish","type":"page","link":"https:\/\/es.greenpeace.org\/es\/trabajamos-en\/democracia-y-contrapoder\/analisis-medioambiental-de-los-presupuestos-generales-2019\/cierta-mejora-en-la-gestion-del-agua\/","title":{"rendered":"Cierta mejora en la gesti\u00f3n del agua"},"content":{"rendered":"<div class=\"container my-3\">\n<h3><strong>Cierta mejora en la gesti\u00f3n del agua<\/strong><\/h3>\n<h5><b>La prioridad sigue siendo el abastecimiento y la regulaci\u00f3n de caudales, en lugar del consumo responsable y la depuraci\u00f3n sostenible<\/b><\/h5>\n<\/div>\n","protected":false},"excerpt":{"rendered":"<p>Cierta mejora en la gesti\u00f3n del agua La prioridad sigue siendo el abastecimiento y la regulaci\u00f3n de caudales, en lugar del consumo responsable y la depuraci\u00f3n sostenible<\/p>\n","protected":false},"author":44,"featured_media":34892,"parent":14572,"menu_order":0,"comment_status":"closed","ping_status":"closed","template":"template-generic-acf.php","meta":{"_acf_changed":false,"footnotes":""},"categories":[102],"tags":[],"class_list":["post-14680","page","type-page","status-publish","has-post-thumbnail","hentry","category-justicia-social"],"acf":[],"yoast_head":"<!-- This site is optimized with the Yoast SEO plugin v27.1.1 - https:\/\/yoast.com\/product\/yoast-seo-wordpress\/ -->\n<title>Cierta mejora en la gesti\u00f3n del agua - ES | Greenpeace Espa\u00f1a<\/title>\n<meta name=\"robots\" content=\"index, follow, max-snippet:-1, max-image-preview:large, max-video-preview:-1\" \/>\n<link rel=\"canonical\" href=\"https:\/\/es.greenpeace.org\/es\/trabajamos-en\/democracia-y-contrapoder\/analisis-medioambiental-de-los-presupuestos-generales-2019\/cierta-mejora-en-la-gestion-del-agua\/\" \/>\n<meta property=\"og:locale\" content=\"es_ES\" \/>\n<meta property=\"og:type\" content=\"article\" \/>\n<meta property=\"og:title\" content=\"Cierta mejora en la gesti\u00f3n del agua - ES | Greenpeace Espa\u00f1a\" \/>\n<meta property=\"og:description\" content=\"Cierta mejora en la gesti\u00f3n del agua La prioridad sigue siendo el abastecimiento y la regulaci\u00f3n de caudales, en lugar del consumo responsable y la depuraci\u00f3n sostenible\" \/>\n<meta property=\"og:url\" content=\"https:\/\/es.greenpeace.org\/es\/trabajamos-en\/democracia-y-contrapoder\/analisis-medioambiental-de-los-presupuestos-generales-2019\/cierta-mejora-en-la-gestion-del-agua\/\" \/>\n<meta property=\"og:site_name\" content=\"ES | Greenpeace Espa\u00f1a\" \/>\n<meta property=\"article:publisher\" content=\"https:\/\/www.facebook.com\/greenpeace.spain\" \/>\n<meta property=\"article:modified_time\" content=\"2021-06-30T08:38:07+00:00\" \/>\n<meta property=\"og:image\" content=\"https:\/\/es.greenpeace.org\/es\/wp-content\/uploads\/sites\/3\/2021\/06\/sequia-problemas.jpg\" \/>\n\t<meta property=\"og:image:width\" content=\"500\" \/>\n\t<meta property=\"og:image:height\" content=\"347\" \/>\n\t<meta property=\"og:image:type\" content=\"image\/jpeg\" \/>\n<meta name=\"twitter:card\" content=\"summary_large_image\" \/>\n<meta name=\"twitter:site\" content=\"@greenpeace_esp\" \/>\n<script type=\"application\/ld+json\" class=\"yoast-schema-graph\">{\"@context\":\"https:\/\/schema.org\",\"@graph\":[{\"@type\":\"WebPage\",\"@id\":\"https:\/\/es.greenpeace.org\/es\/trabajamos-en\/democracia-y-contrapoder\/analisis-medioambiental-de-los-presupuestos-generales-2019\/cierta-mejora-en-la-gestion-del-agua\/\",\"url\":\"https:\/\/es.greenpeace.org\/es\/trabajamos-en\/democracia-y-contrapoder\/analisis-medioambiental-de-los-presupuestos-generales-2019\/cierta-mejora-en-la-gestion-del-agua\/\",\"name\":\"Cierta mejora en la gesti\u00f3n del agua - ES | Greenpeace Espa\u00f1a\",\"isPartOf\":{\"@id\":\"https:\/\/es.greenpeace.org\/es\/#website\"},\"primaryImageOfPage\":{\"@id\":\"https:\/\/es.greenpeace.org\/es\/trabajamos-en\/democracia-y-contrapoder\/analisis-medioambiental-de-los-presupuestos-generales-2019\/cierta-mejora-en-la-gestion-del-agua\/#primaryimage\"},\"image\":{\"@id\":\"https:\/\/es.greenpeace.org\/es\/trabajamos-en\/democracia-y-contrapoder\/analisis-medioambiental-de-los-presupuestos-generales-2019\/cierta-mejora-en-la-gestion-del-agua\/#primaryimage\"},\"thumbnailUrl\":\"https:\/\/es.greenpeace.org\/es\/wp-content\/uploads\/sites\/3\/2021\/06\/sequia-problemas.jpg\",\"datePublished\":\"2019-01-28T13:08:38+00:00\",\"dateModified\":\"2021-06-30T08:38:07+00:00\",\"breadcrumb\":{\"@id\":\"https:\/\/es.greenpeace.org\/es\/trabajamos-en\/democracia-y-contrapoder\/analisis-medioambiental-de-los-presupuestos-generales-2019\/cierta-mejora-en-la-gestion-del-agua\/#breadcrumb\"},\"inLanguage\":\"es\",\"potentialAction\":[{\"@type\":\"ReadAction\",\"target\":[\"https:\/\/es.greenpeace.org\/es\/trabajamos-en\/democracia-y-contrapoder\/analisis-medioambiental-de-los-presupuestos-generales-2019\/cierta-mejora-en-la-gestion-del-agua\/\"]}]},{\"@type\":\"ImageObject\",\"inLanguage\":\"es\",\"@id\":\"https:\/\/es.greenpeace.org\/es\/trabajamos-en\/democracia-y-contrapoder\/analisis-medioambiental-de-los-presupuestos-generales-2019\/cierta-mejora-en-la-gestion-del-agua\/#primaryimage\",\"url\":\"https:\/\/es.greenpeace.org\/es\/wp-content\/uploads\/sites\/3\/2021\/06\/sequia-problemas.jpg\",\"contentUrl\":\"https:\/\/es.greenpeace.org\/es\/wp-content\/uploads\/sites\/3\/2021\/06\/sequia-problemas.jpg\",\"width\":500,\"height\":347,\"caption\":\"8\/10\/2019. Carde\u00f1osa, \u00c1vila, Castilla y Le\u00f3n, Espa\u00f1a. R\u00edo Adaja. Embalse del Castro de las Cogotas. Los embalses que abastecen \u00c1vila se encuentran en m\u00ednimos hist\u00f3ricos, lo que podr\u00eda provocar cortes en el suministro de agua a los municipios. Mientras, se sigue regando el campo de golf de la capital. \u00a9Greenpeace\/Pedro Armestre \u00a9Greenpeace Handout\/Pedro Armestre - No sales - No Archives - Editorial Use Only - Free use only for 14 days after release. Photo provided by GREENPEACE, distributed handout photo to be used only to illustrate news reporting or commentary on the facts or events depicted in this image.\"},{\"@type\":\"BreadcrumbList\",\"@id\":\"https:\/\/es.greenpeace.org\/es\/trabajamos-en\/democracia-y-contrapoder\/analisis-medioambiental-de-los-presupuestos-generales-2019\/cierta-mejora-en-la-gestion-del-agua\/#breadcrumb\",\"itemListElement\":[{\"@type\":\"ListItem\",\"position\":1,\"name\":\"Home\",\"item\":\"https:\/\/es.greenpeace.org\/es\/\"},{\"@type\":\"ListItem\",\"position\":2,\"name\":\"Trabajamos en\",\"item\":\"https:\/\/es.greenpeace.org\/es\/trabajamos-en\/\"},{\"@type\":\"ListItem\",\"position\":3,\"name\":\"Democracia y contrapoder\",\"item\":\"https:\/\/es.greenpeace.org\/es\/trabajamos-en\/democracia-y-contrapoder\/\"},{\"@type\":\"ListItem\",\"position\":4,\"name\":\"An\u00e1lisis medioambiental de los Presupuestos Generales 2019\",\"item\":\"https:\/\/es.greenpeace.org\/es\/trabajamos-en\/democracia-y-contrapoder\/analisis-medioambiental-de-los-presupuestos-generales-2019\/\"},{\"@type\":\"ListItem\",\"position\":5,\"name\":\"Cierta mejora en la gesti\u00f3n del agua\"}]},{\"@type\":\"WebSite\",\"@id\":\"https:\/\/es.greenpeace.org\/es\/#website\",\"url\":\"https:\/\/es.greenpeace.org\/es\/\",\"name\":\"Greenpeace Espa\u00f1a\",\"description\":\"\",\"publisher\":{\"@id\":\"https:\/\/es.greenpeace.org\/es\/#organization\"},\"potentialAction\":[{\"@type\":\"SearchAction\",\"target\":{\"@type\":\"EntryPoint\",\"urlTemplate\":\"https:\/\/es.greenpeace.org\/es\/?s={search_term_string}\"},\"query-input\":{\"@type\":\"PropertyValueSpecification\",\"valueRequired\":true,\"valueName\":\"search_term_string\"}}],\"inLanguage\":\"es\"},{\"@type\":\"Organization\",\"@id\":\"https:\/\/es.greenpeace.org\/es\/#organization\",\"name\":\"Greenpeace Espa\u00f1a\",\"alternateName\":\"Greenpeace\",\"url\":\"https:\/\/es.greenpeace.org\/es\/\",\"logo\":{\"@type\":\"ImageObject\",\"inLanguage\":\"es\",\"@id\":\"https:\/\/es.greenpeace.org\/es\/#\/schema\/logo\/image\/\",\"url\":\"https:\/\/es.greenpeace.org\/es\/wp-content\/uploads\/sites\/3\/2024\/07\/greenpeace-logo-verde.svg\",\"contentUrl\":\"https:\/\/es.greenpeace.org\/es\/wp-content\/uploads\/sites\/3\/2024\/07\/greenpeace-logo-verde.svg\",\"width\":1,\"height\":1,\"caption\":\"Greenpeace Espa\u00f1a\"},\"image\":{\"@id\":\"https:\/\/es.greenpeace.org\/es\/#\/schema\/logo\/image\/\"},\"sameAs\":[\"https:\/\/www.facebook.com\/greenpeace.spain\",\"https:\/\/x.com\/greenpeace_esp\",\"https:\/\/www.instagram.com\/greenpeace_esp\/\"]}]}<\/script>\n<!-- \/ Yoast SEO plugin. -->","yoast_head_json":{"title":"Cierta mejora en la gesti\u00f3n del agua - ES | Greenpeace Espa\u00f1a","robots":{"index":"index","follow":"follow","max-snippet":"max-snippet:-1","max-image-preview":"max-image-preview:large","max-video-preview":"max-video-preview:-1"},"canonical":"https:\/\/es.greenpeace.org\/es\/trabajamos-en\/democracia-y-contrapoder\/analisis-medioambiental-de-los-presupuestos-generales-2019\/cierta-mejora-en-la-gestion-del-agua\/","og_locale":"es_ES","og_type":"article","og_title":"Cierta mejora en la gesti\u00f3n del agua - ES | Greenpeace Espa\u00f1a","og_description":"Cierta mejora en la gesti\u00f3n del agua La prioridad sigue siendo el abastecimiento y la regulaci\u00f3n de caudales, en lugar del consumo responsable y la depuraci\u00f3n sostenible","og_url":"https:\/\/es.greenpeace.org\/es\/trabajamos-en\/democracia-y-contrapoder\/analisis-medioambiental-de-los-presupuestos-generales-2019\/cierta-mejora-en-la-gestion-del-agua\/","og_site_name":"ES | Greenpeace Espa\u00f1a","article_publisher":"https:\/\/www.facebook.com\/greenpeace.spain","article_modified_time":"2021-06-30T08:38:07+00:00","og_image":[{"width":500,"height":347,"url":"https:\/\/es.greenpeace.org\/es\/wp-content\/uploads\/sites\/3\/2021\/06\/sequia-problemas.jpg","type":"image\/jpeg"}],"twitter_card":"summary_large_image","twitter_site":"@greenpeace_esp","schema":{"@context":"https:\/\/schema.org","@graph":[{"@type":"WebPage","@id":"https:\/\/es.greenpeace.org\/es\/trabajamos-en\/democracia-y-contrapoder\/analisis-medioambiental-de-los-presupuestos-generales-2019\/cierta-mejora-en-la-gestion-del-agua\/","url":"https:\/\/es.greenpeace.org\/es\/trabajamos-en\/democracia-y-contrapoder\/analisis-medioambiental-de-los-presupuestos-generales-2019\/cierta-mejora-en-la-gestion-del-agua\/","name":"Cierta mejora en la gesti\u00f3n del agua - ES | Greenpeace Espa\u00f1a","isPartOf":{"@id":"https:\/\/es.greenpeace.org\/es\/#website"},"primaryImageOfPage":{"@id":"https:\/\/es.greenpeace.org\/es\/trabajamos-en\/democracia-y-contrapoder\/analisis-medioambiental-de-los-presupuestos-generales-2019\/cierta-mejora-en-la-gestion-del-agua\/#primaryimage"},"image":{"@id":"https:\/\/es.greenpeace.org\/es\/trabajamos-en\/democracia-y-contrapoder\/analisis-medioambiental-de-los-presupuestos-generales-2019\/cierta-mejora-en-la-gestion-del-agua\/#primaryimage"},"thumbnailUrl":"https:\/\/es.greenpeace.org\/es\/wp-content\/uploads\/sites\/3\/2021\/06\/sequia-problemas.jpg","datePublished":"2019-01-28T13:08:38+00:00","dateModified":"2021-06-30T08:38:07+00:00","breadcrumb":{"@id":"https:\/\/es.greenpeace.org\/es\/trabajamos-en\/democracia-y-contrapoder\/analisis-medioambiental-de-los-presupuestos-generales-2019\/cierta-mejora-en-la-gestion-del-agua\/#breadcrumb"},"inLanguage":"es","potentialAction":[{"@type":"ReadAction","target":["https:\/\/es.greenpeace.org\/es\/trabajamos-en\/democracia-y-contrapoder\/analisis-medioambiental-de-los-presupuestos-generales-2019\/cierta-mejora-en-la-gestion-del-agua\/"]}]},{"@type":"ImageObject","inLanguage":"es","@id":"https:\/\/es.greenpeace.org\/es\/trabajamos-en\/democracia-y-contrapoder\/analisis-medioambiental-de-los-presupuestos-generales-2019\/cierta-mejora-en-la-gestion-del-agua\/#primaryimage","url":"https:\/\/es.greenpeace.org\/es\/wp-content\/uploads\/sites\/3\/2021\/06\/sequia-problemas.jpg","contentUrl":"https:\/\/es.greenpeace.org\/es\/wp-content\/uploads\/sites\/3\/2021\/06\/sequia-problemas.jpg","width":500,"height":347,"caption":"8\/10\/2019. Carde\u00f1osa, \u00c1vila, Castilla y Le\u00f3n, Espa\u00f1a. R\u00edo Adaja. Embalse del Castro de las Cogotas. Los embalses que abastecen \u00c1vila se encuentran en m\u00ednimos hist\u00f3ricos, lo que podr\u00eda provocar cortes en el suministro de agua a los municipios. Mientras, se sigue regando el campo de golf de la capital. \u00a9Greenpeace\/Pedro Armestre \u00a9Greenpeace Handout\/Pedro Armestre - No sales - No Archives - Editorial Use Only - Free use only for 14 days after release. Photo provided by GREENPEACE, distributed handout photo to be used only to illustrate news reporting or commentary on the facts or events depicted in this image."},{"@type":"BreadcrumbList","@id":"https:\/\/es.greenpeace.org\/es\/trabajamos-en\/democracia-y-contrapoder\/analisis-medioambiental-de-los-presupuestos-generales-2019\/cierta-mejora-en-la-gestion-del-agua\/#breadcrumb","itemListElement":[{"@type":"ListItem","position":1,"name":"Home","item":"https:\/\/es.greenpeace.org\/es\/"},{"@type":"ListItem","position":2,"name":"Trabajamos en","item":"https:\/\/es.greenpeace.org\/es\/trabajamos-en\/"},{"@type":"ListItem","position":3,"name":"Democracia y contrapoder","item":"https:\/\/es.greenpeace.org\/es\/trabajamos-en\/democracia-y-contrapoder\/"},{"@type":"ListItem","position":4,"name":"An\u00e1lisis medioambiental de los Presupuestos Generales 2019","item":"https:\/\/es.greenpeace.org\/es\/trabajamos-en\/democracia-y-contrapoder\/analisis-medioambiental-de-los-presupuestos-generales-2019\/"},{"@type":"ListItem","position":5,"name":"Cierta mejora en la gesti\u00f3n del agua"}]},{"@type":"WebSite","@id":"https:\/\/es.greenpeace.org\/es\/#website","url":"https:\/\/es.greenpeace.org\/es\/","name":"Greenpeace Espa\u00f1a","description":"","publisher":{"@id":"https:\/\/es.greenpeace.org\/es\/#organization"},"potentialAction":[{"@type":"SearchAction","target":{"@type":"EntryPoint","urlTemplate":"https:\/\/es.greenpeace.org\/es\/?s={search_term_string}"},"query-input":{"@type":"PropertyValueSpecification","valueRequired":true,"valueName":"search_term_string"}}],"inLanguage":"es"},{"@type":"Organization","@id":"https:\/\/es.greenpeace.org\/es\/#organization","name":"Greenpeace Espa\u00f1a","alternateName":"Greenpeace","url":"https:\/\/es.greenpeace.org\/es\/","logo":{"@type":"ImageObject","inLanguage":"es","@id":"https:\/\/es.greenpeace.org\/es\/#\/schema\/logo\/image\/","url":"https:\/\/es.greenpeace.org\/es\/wp-content\/uploads\/sites\/3\/2024\/07\/greenpeace-logo-verde.svg","contentUrl":"https:\/\/es.greenpeace.org\/es\/wp-content\/uploads\/sites\/3\/2024\/07\/greenpeace-logo-verde.svg","width":1,"height":1,"caption":"Greenpeace Espa\u00f1a"},"image":{"@id":"https:\/\/es.greenpeace.org\/es\/#\/schema\/logo\/image\/"},"sameAs":["https:\/\/www.facebook.com\/greenpeace.spain","https:\/\/x.com\/greenpeace_esp","https:\/\/www.instagram.com\/greenpeace_esp\/"]}]}},"_links":{"self":[{"href":"https:\/\/es.greenpeace.org\/es\/wp-json\/wp\/v2\/pages\/14680","targetHints":{"allow":["GET"]}}],"collection":[{"href":"https:\/\/es.greenpeace.org\/es\/wp-json\/wp\/v2\/pages"}],"about":[{"href":"https:\/\/es.greenpeace.org\/es\/wp-json\/wp\/v2\/types\/page"}],"author":[{"embeddable":true,"href":"https:\/\/es.greenpeace.org\/es\/wp-json\/wp\/v2\/users\/44"}],"replies":[{"embeddable":true,"href":"https:\/\/es.greenpeace.org\/es\/wp-json\/wp\/v2\/comments?post=14680"}],"version-history":[{"count":10,"href":"https:\/\/es.greenpeace.org\/es\/wp-json\/wp\/v2\/pages\/14680\/revisions"}],"predecessor-version":[{"id":34897,"href":"https:\/\/es.greenpeace.org\/es\/wp-json\/wp\/v2\/pages\/14680\/revisions\/34897"}],"up":[{"embeddable":true,"href":"https:\/\/es.greenpeace.org\/es\/wp-json\/wp\/v2\/pages\/14572"}],"wp:featuredmedia":[{"embeddable":true,"href":"https:\/\/es.greenpeace.org\/es\/wp-json\/wp\/v2\/media\/34892"}],"wp:attachment":[{"href":"https:\/\/es.greenpeace.org\/es\/wp-json\/wp\/v2\/media?parent=14680"}],"wp:term":[{"taxonomy":"category","embeddable":true,"href":"https:\/\/es.greenpeace.org\/es\/wp-json\/wp\/v2\/categories?post=14680"},{"taxonomy":"post_tag","embeddable":true,"href":"https:\/\/es.greenpeace.org\/es\/wp-json\/wp\/v2\/tags?post=14680"}],"curies":[{"name":"wp","href":"https:\/\/api.w.org\/{rel}","templated":true}]}}