{"id":1482,"date":"2017-10-27T07:52:46","date_gmt":"2017-10-27T06:52:46","guid":{"rendered":"https:\/\/es.greenpeace.org\/es\/?page_id=1482"},"modified":"2025-12-09T10:29:40","modified_gmt":"2025-12-09T08:29:40","slug":"consejo","status":"publish","type":"page","link":"https:\/\/es.greenpeace.org\/es\/quienes-somos\/como-nos-organizamos\/consejo\/","title":{"rendered":"Consejo"},"content":{"rendered":"<div class=\"col-12\" style=\"text-align: center;\">\n<h5 style=\"text-align: left;\">Consejo de Greenpeace Espa\u00f1a<\/h5>\n<p style=\"text-align: left;\">El Consejo es el \u00f3rgano representativo de las personas socias, elegido segu\u0301n se regula en los <a href=\"https:\/\/es.greenpeace.org\/es\/wp-content\/uploads\/sites\/3\/2021\/12\/estatutos-de-greenpeace-espana-2021.pdf\" target=\"_blank\" rel=\"noopener\">Estatutos de la Asociaci\u00f3n<\/a>.<\/p>\n<p style=\"text-align: left;\">Se trata del m\u00e1ximo \u00f3rgano de decisi\u00f3n de Greenpeace Espa\u00f1a y est\u00e1 constituido por 71 personas: 60 son elegidas por nuestra base social (m\u00e1s de 152.000 socias y socios) y 15 por el Consejo saliente.<\/p>\n<p style=\"text-align: left;\">Entre las funciones del Consejo, que se detallan en los Estatutos, destacamos la aprobaci\u00f3n de los presupuestos y el balance de actividades, que se debaten en la Asamblea Ordinaria y que se celebra cada a\u00f1o en el mes de marzo. Tambi\u00e9n elige a las personas que integran la Junta Directiva, ejerciendo la supervisi\u00f3n y control de su trabajo. Es igualmente el \u00f3rgano responsable de aprobar \u2014y modificar cuando sea necesario\u2014 los Estatutos y el Reglamento de Funcionamiento Interno. El Consejo celebra su asamblea ordinaria en el primer trimestre del a\u00f1o y celebra una asamblea extraordinaria en el \u00faltimo trimestre, para el debate y la votaci\u00f3n del presupuesto, sin perjuicio de que se puedan hacer otras asambleas extraordinarias o encuentros si resulta necesario.<\/p>\n<p style=\"text-align: left;\">Para facilitar el funcionamiento del Consejo, existen tres comisiones de car\u00e1cter permanente (Comisi\u00f3n de Arbitraje, Comisi\u00f3n Electoral y Comisi\u00f3n de Funcionamiento Interno), as\u00ed como grupos de trabajo de car\u00e1cter temporal que se constituyen para abordar cuestiones concretas.<\/p>\n<p style=\"text-align: left;\">Finalizadas las elecciones llevadas a cabo en 2025, el Consejo est\u00e1 constituido actualmente por<strong> 71 personas socias<\/strong>:<\/p>\n<div class=\"row\">\n<div class=\"col-lg\">\n<p style=\"text-align: left;\">Adriana Echeverr\u00eda Bobba<\/p>\n<p style=\"text-align: left;\">Alejandra Ram\u00edrez Ram\u00edrez<\/p>\n<p style=\"text-align: left;\">\u00c1lvaro Bovendeert<\/p>\n<p style=\"text-align: left;\">Ana Gadea Catal\u00e1<\/p>\n<p style=\"text-align: left;\">Ander Mijangos R\u00edus<\/p>\n<p style=\"text-align: left;\">Andr\u00e9s Rodr\u00edguez Amayuelas<\/p>\n<p style=\"text-align: left;\">Antonio Fern\u00e1ndez Montoya<\/p>\n<p style=\"text-align: left;\">Blanca Fernandez Mil\u00e1n<\/p>\n<p style=\"text-align: left;\">Carmen Merino Hern\u00e1ndez<\/p>\n<p style=\"text-align: left;\">Carolina Costa Bazet<\/p>\n<p style=\"text-align: left;\">Cati Chamorro Moreno<\/p>\n<p style=\"text-align: left;\">Cesar Mendez Dominguez<\/p>\n<p style=\"text-align: left;\">Cristina Conteras L\u00f3pez<\/p>\n<p style=\"text-align: left;\">David Soto O\u00f1ate<\/p>\n<p style=\"text-align: left;\">David Tripiana Figuera<\/p>\n<p style=\"text-align: left;\">Desir\u00e9e Knoppen<\/p>\n<p style=\"text-align: left;\">Dolores Romano Mozo<\/p>\n<p style=\"text-align: left;\">Elisenda Villena Barjau<\/p>\n<p style=\"text-align: left;\">Erica Escalante Rodriguez<\/p>\n<p style=\"text-align: left;\">F\u00e9lix Pina Castillo<\/p>\n<p style=\"text-align: left;\">Fernando Ferrando Vitales<\/p>\n<p style=\"text-align: left;\">Fernando Medina Zurita<\/p>\n<p style=\"text-align: left;\">Fruela Medina Fern\u00e1ndez<\/p>\n<p style=\"text-align: left;\">Guillermo Tur Estrada<\/p>\n<p style=\"text-align: left;\">Idoia Olabarrieta Paul<\/p>\n<\/div>\n<div class=\"col-lg\">\n<p style=\"text-align: left;\">Isabel Buenestado Rodr\u00edguez<\/p>\n<p style=\"text-align: left;\">Izaskun Tellitu Franco<\/p>\n<p style=\"text-align: left;\">Javier Avila Rivera<\/p>\n<p style=\"text-align: left;\">Javier Valdivieso Lopez<\/p>\n<p style=\"text-align: left;\">Jes\u00fas Honrubia Garc\u00eda<\/p>\n<p style=\"text-align: left;\">Jordi Josep Ba\u00f1uls Camarena<\/p>\n<p style=\"text-align: left;\">Jos\u00e9 Javier Gonz\u00e1lez Gonz\u00e1lez<\/p>\n<p style=\"text-align: left;\">Jose Manuel Campillo Mart\u00ednez<\/p>\n<p style=\"text-align: left;\">Jose Manuel Mielgo Mart\u00edn<\/p>\n<p style=\"text-align: left;\">Jos\u00e9 Manuel Rom\u00e1n G\u00f3mez<\/p>\n<p style=\"text-align: left;\">Jose Maria Garcia Guerra<\/p>\n<p style=\"text-align: left;\">Josefina Zamora Barcel\u00f3<\/p>\n<p style=\"text-align: left;\">Juan Lobato Valero<\/p>\n<p style=\"text-align: left;\">Juan Manuel Rubio Arcones<\/p>\n<p style=\"text-align: left;\">Lola Mu\u00f1oz Aznar<\/p>\n<p style=\"text-align: left;\">Luigi Ceccaroni<\/p>\n<p style=\"text-align: left;\">Manuel Pulido Guerrero<\/p>\n<p style=\"text-align: left;\">Maria de los Angeles Garcia Pascual<\/p>\n<p style=\"text-align: left;\">Maria del Koro L\u00f3pez de Uralde Castellano<\/p>\n<p style=\"text-align: left;\">Maria Jose Gomez Donat<\/p>\n<p style=\"text-align: left;\">Maribel Garc\u00eda Exp\u00f3sito<\/p>\n<p style=\"text-align: left;\">Mart\u00edn Andr\u00e9s Alonso Etayo<\/p>\n<p style=\"text-align: left;\">Miguel Aparicio Ortega<\/p>\n<p style=\"text-align: left;\">Miguel P\u00e9rez-Lozao<\/p>\n<p style=\"text-align: left;\">M\u00f3nica de Andres Cuartero<\/p>\n<\/div>\n<div class=\"col-lg\">\n<p style=\"text-align: left;\">M\u00f3nica S\u00e1nchez de Oca\u00f1a Cullell<\/p>\n<p style=\"text-align: left;\">M\u00f3nica Sentieri<\/p>\n<p style=\"text-align: left;\">Naiara Dobaran Santiago<\/p>\n<p style=\"text-align: left;\">Olga Forn\u00e9 Gonzalez<\/p>\n<p style=\"text-align: left;\">Oscar Manuel Alonso Asensio<\/p>\n<p style=\"text-align: left;\">Oscar Sanz de Acedo Pollan<\/p>\n<p style=\"text-align: left;\">Pablo Oscar Gonz\u00e1lez Prieto<\/p>\n<p style=\"text-align: left;\">Rafa Palomares G\u00f3mez<\/p>\n<p style=\"text-align: left;\">Raquel Cereceda<\/p>\n<p style=\"text-align: left;\">Rebeca Torada M\u00e1\u00f1ez<\/p>\n<p style=\"text-align: left;\">Ricardo Duro Lago<\/p>\n<p style=\"text-align: left;\">Salvador Mil\u00e1 Solsona<\/p>\n<p style=\"text-align: left;\">Sandra Ayuso S\u00e1nchez<\/p>\n<p style=\"text-align: left;\">Silvia Puglisi<\/p>\n<p style=\"text-align: left;\">Sonia Rubio Hernando<\/p>\n<p style=\"text-align: left;\">Teresa Garc\u00eda \u00c1lvarez<\/p>\n<p style=\"text-align: left;\">Teresa Villar Arnal<\/p>\n<p style=\"text-align: left;\">Urbina Aguilar Raposo<\/p>\n<p style=\"text-align: left;\">Vanessa Servera Hoyos<\/p>\n<p style=\"text-align: left;\">Xavier Xort\u00f3 Borr\u00e0s<\/p>\n<p style=\"text-align: left;\">Xos\u00e9 Pe\u00f1a Fern\u00e1ndez<\/p>\n<\/div>\n<\/div>\n<\/div>\n","protected":false},"excerpt":{"rendered":"<p>Consejo de Greenpeace Espa\u00f1a El Consejo es el \u00f3rgano representativo de las personas socias, elegido segu\u0301n se regula en los Estatutos de la Asociaci\u00f3n. Se trata del m\u00e1ximo \u00f3rgano de decisi\u00f3n de Greenpeace Espa\u00f1a y est\u00e1 constituido por 71 personas: 60 son elegidas por nuestra base social (m\u00e1s de 152.000 socias y socios) y 15 [&hellip;]<\/p>\n","protected":false},"author":4,"featured_media":0,"parent":6424,"menu_order":0,"comment_status":"closed","ping_status":"closed","template":"template-generic-acf.php","meta":{"_acf_changed":false,"footnotes":""},"categories":[],"tags":[],"class_list":["post-1482","page","type-page","status-publish","hentry"],"acf":[],"yoast_head":"<!-- This site is optimized with the Yoast SEO plugin v27.1.1 - https:\/\/yoast.com\/product\/yoast-seo-wordpress\/ -->\n<title>Consejo de Greenpeace Greenpeace Espa\u00f1a<\/title>\n<meta name=\"description\" content=\"Es el m\u00e1ximo \u00f3rgano de decisi\u00f3n de Greenpeace Espa\u00f1a; lo forman 71 personas: 60 elegidas por la base social y 15 por el Consejo saliente.\" \/>\n<meta name=\"robots\" content=\"index, follow, max-snippet:-1, max-image-preview:large, max-video-preview:-1\" \/>\n<link rel=\"canonical\" href=\"https:\/\/es.greenpeace.org\/es\/quienes-somos\/como-nos-organizamos\/consejo\/\" \/>\n<meta property=\"og:locale\" content=\"es_ES\" \/>\n<meta property=\"og:type\" content=\"article\" \/>\n<meta property=\"og:title\" content=\"Consejo de Greenpeace Greenpeace Espa\u00f1a\" \/>\n<meta property=\"og:description\" content=\"Es el m\u00e1ximo \u00f3rgano de decisi\u00f3n de Greenpeace Espa\u00f1a; lo forman 71 personas: 60 elegidas por la base social y 15 por el Consejo saliente.\" \/>\n<meta property=\"og:url\" content=\"https:\/\/es.greenpeace.org\/es\/quienes-somos\/como-nos-organizamos\/consejo\/\" \/>\n<meta property=\"og:site_name\" content=\"ES | Greenpeace Espa\u00f1a\" \/>\n<meta property=\"article:publisher\" content=\"https:\/\/www.facebook.com\/greenpeace.spain\" \/>\n<meta property=\"article:modified_time\" content=\"2025-12-09T08:29:40+00:00\" \/>\n<meta name=\"twitter:card\" content=\"summary_large_image\" \/>\n<meta name=\"twitter:site\" content=\"@greenpeace_esp\" \/>\n<meta name=\"twitter:label1\" content=\"Tiempo de lectura\" \/>\n\t<meta name=\"twitter:data1\" content=\"3 minutos\" \/>\n<script type=\"application\/ld+json\" class=\"yoast-schema-graph\">{\"@context\":\"https:\/\/schema.org\",\"@graph\":[{\"@type\":\"WebPage\",\"@id\":\"https:\/\/es.greenpeace.org\/es\/quienes-somos\/como-nos-organizamos\/consejo\/\",\"url\":\"https:\/\/es.greenpeace.org\/es\/quienes-somos\/como-nos-organizamos\/consejo\/\",\"name\":\"Consejo de Greenpeace Greenpeace Espa\u00f1a\",\"isPartOf\":{\"@id\":\"https:\/\/es.greenpeace.org\/es\/#website\"},\"datePublished\":\"2017-10-27T06:52:46+00:00\",\"dateModified\":\"2025-12-09T08:29:40+00:00\",\"description\":\"Es el m\u00e1ximo \u00f3rgano de decisi\u00f3n de Greenpeace Espa\u00f1a; lo forman 71 personas: 60 elegidas por la base social y 15 por el Consejo saliente.\",\"breadcrumb\":{\"@id\":\"https:\/\/es.greenpeace.org\/es\/quienes-somos\/como-nos-organizamos\/consejo\/#breadcrumb\"},\"inLanguage\":\"es\",\"potentialAction\":[{\"@type\":\"ReadAction\",\"target\":[\"https:\/\/es.greenpeace.org\/es\/quienes-somos\/como-nos-organizamos\/consejo\/\"]}]},{\"@type\":\"BreadcrumbList\",\"@id\":\"https:\/\/es.greenpeace.org\/es\/quienes-somos\/como-nos-organizamos\/consejo\/#breadcrumb\",\"itemListElement\":[{\"@type\":\"ListItem\",\"position\":1,\"name\":\"Home\",\"item\":\"https:\/\/es.greenpeace.org\/es\/\"},{\"@type\":\"ListItem\",\"position\":2,\"name\":\"Qui\u00e9nes somos\",\"item\":\"https:\/\/es.greenpeace.org\/es\/quienes-somos\/\"},{\"@type\":\"ListItem\",\"position\":3,\"name\":\"C\u00f3mo nos organizamos\",\"item\":\"https:\/\/es.greenpeace.org\/es\/quienes-somos\/como-nos-organizamos\/\"},{\"@type\":\"ListItem\",\"position\":4,\"name\":\"Consejo\"}]},{\"@type\":\"WebSite\",\"@id\":\"https:\/\/es.greenpeace.org\/es\/#website\",\"url\":\"https:\/\/es.greenpeace.org\/es\/\",\"name\":\"Greenpeace Espa\u00f1a\",\"description\":\"\",\"publisher\":{\"@id\":\"https:\/\/es.greenpeace.org\/es\/#organization\"},\"potentialAction\":[{\"@type\":\"SearchAction\",\"target\":{\"@type\":\"EntryPoint\",\"urlTemplate\":\"https:\/\/es.greenpeace.org\/es\/?s={search_term_string}\"},\"query-input\":{\"@type\":\"PropertyValueSpecification\",\"valueRequired\":true,\"valueName\":\"search_term_string\"}}],\"inLanguage\":\"es\"},{\"@type\":\"Organization\",\"@id\":\"https:\/\/es.greenpeace.org\/es\/#organization\",\"name\":\"Greenpeace Espa\u00f1a\",\"alternateName\":\"Greenpeace\",\"url\":\"https:\/\/es.greenpeace.org\/es\/\",\"logo\":{\"@type\":\"ImageObject\",\"inLanguage\":\"es\",\"@id\":\"https:\/\/es.greenpeace.org\/es\/#\/schema\/logo\/image\/\",\"url\":\"https:\/\/es.greenpeace.org\/es\/wp-content\/uploads\/sites\/3\/2024\/07\/greenpeace-logo-verde.svg\",\"contentUrl\":\"https:\/\/es.greenpeace.org\/es\/wp-content\/uploads\/sites\/3\/2024\/07\/greenpeace-logo-verde.svg\",\"width\":1,\"height\":1,\"caption\":\"Greenpeace Espa\u00f1a\"},\"image\":{\"@id\":\"https:\/\/es.greenpeace.org\/es\/#\/schema\/logo\/image\/\"},\"sameAs\":[\"https:\/\/www.facebook.com\/greenpeace.spain\",\"https:\/\/x.com\/greenpeace_esp\",\"https:\/\/www.instagram.com\/greenpeace_esp\/\"]}]}<\/script>\n<!-- \/ Yoast SEO plugin. -->","yoast_head_json":{"title":"Consejo de Greenpeace Greenpeace Espa\u00f1a","description":"Es el m\u00e1ximo \u00f3rgano de decisi\u00f3n de Greenpeace Espa\u00f1a; lo forman 71 personas: 60 elegidas por la base social y 15 por el Consejo saliente.","robots":{"index":"index","follow":"follow","max-snippet":"max-snippet:-1","max-image-preview":"max-image-preview:large","max-video-preview":"max-video-preview:-1"},"canonical":"https:\/\/es.greenpeace.org\/es\/quienes-somos\/como-nos-organizamos\/consejo\/","og_locale":"es_ES","og_type":"article","og_title":"Consejo de Greenpeace Greenpeace Espa\u00f1a","og_description":"Es el m\u00e1ximo \u00f3rgano de decisi\u00f3n de Greenpeace Espa\u00f1a; lo forman 71 personas: 60 elegidas por la base social y 15 por el Consejo saliente.","og_url":"https:\/\/es.greenpeace.org\/es\/quienes-somos\/como-nos-organizamos\/consejo\/","og_site_name":"ES | Greenpeace Espa\u00f1a","article_publisher":"https:\/\/www.facebook.com\/greenpeace.spain","article_modified_time":"2025-12-09T08:29:40+00:00","twitter_card":"summary_large_image","twitter_site":"@greenpeace_esp","twitter_misc":{"Tiempo de lectura":"3 minutos"},"schema":{"@context":"https:\/\/schema.org","@graph":[{"@type":"WebPage","@id":"https:\/\/es.greenpeace.org\/es\/quienes-somos\/como-nos-organizamos\/consejo\/","url":"https:\/\/es.greenpeace.org\/es\/quienes-somos\/como-nos-organizamos\/consejo\/","name":"Consejo de Greenpeace Greenpeace Espa\u00f1a","isPartOf":{"@id":"https:\/\/es.greenpeace.org\/es\/#website"},"datePublished":"2017-10-27T06:52:46+00:00","dateModified":"2025-12-09T08:29:40+00:00","description":"Es el m\u00e1ximo \u00f3rgano de decisi\u00f3n de Greenpeace Espa\u00f1a; lo forman 71 personas: 60 elegidas por la base social y 15 por el Consejo saliente.","breadcrumb":{"@id":"https:\/\/es.greenpeace.org\/es\/quienes-somos\/como-nos-organizamos\/consejo\/#breadcrumb"},"inLanguage":"es","potentialAction":[{"@type":"ReadAction","target":["https:\/\/es.greenpeace.org\/es\/quienes-somos\/como-nos-organizamos\/consejo\/"]}]},{"@type":"BreadcrumbList","@id":"https:\/\/es.greenpeace.org\/es\/quienes-somos\/como-nos-organizamos\/consejo\/#breadcrumb","itemListElement":[{"@type":"ListItem","position":1,"name":"Home","item":"https:\/\/es.greenpeace.org\/es\/"},{"@type":"ListItem","position":2,"name":"Qui\u00e9nes somos","item":"https:\/\/es.greenpeace.org\/es\/quienes-somos\/"},{"@type":"ListItem","position":3,"name":"C\u00f3mo nos organizamos","item":"https:\/\/es.greenpeace.org\/es\/quienes-somos\/como-nos-organizamos\/"},{"@type":"ListItem","position":4,"name":"Consejo"}]},{"@type":"WebSite","@id":"https:\/\/es.greenpeace.org\/es\/#website","url":"https:\/\/es.greenpeace.org\/es\/","name":"Greenpeace Espa\u00f1a","description":"","publisher":{"@id":"https:\/\/es.greenpeace.org\/es\/#organization"},"potentialAction":[{"@type":"SearchAction","target":{"@type":"EntryPoint","urlTemplate":"https:\/\/es.greenpeace.org\/es\/?s={search_term_string}"},"query-input":{"@type":"PropertyValueSpecification","valueRequired":true,"valueName":"search_term_string"}}],"inLanguage":"es"},{"@type":"Organization","@id":"https:\/\/es.greenpeace.org\/es\/#organization","name":"Greenpeace Espa\u00f1a","alternateName":"Greenpeace","url":"https:\/\/es.greenpeace.org\/es\/","logo":{"@type":"ImageObject","inLanguage":"es","@id":"https:\/\/es.greenpeace.org\/es\/#\/schema\/logo\/image\/","url":"https:\/\/es.greenpeace.org\/es\/wp-content\/uploads\/sites\/3\/2024\/07\/greenpeace-logo-verde.svg","contentUrl":"https:\/\/es.greenpeace.org\/es\/wp-content\/uploads\/sites\/3\/2024\/07\/greenpeace-logo-verde.svg","width":1,"height":1,"caption":"Greenpeace Espa\u00f1a"},"image":{"@id":"https:\/\/es.greenpeace.org\/es\/#\/schema\/logo\/image\/"},"sameAs":["https:\/\/www.facebook.com\/greenpeace.spain","https:\/\/x.com\/greenpeace_esp","https:\/\/www.instagram.com\/greenpeace_esp\/"]}]}},"_links":{"self":[{"href":"https:\/\/es.greenpeace.org\/es\/wp-json\/wp\/v2\/pages\/1482","targetHints":{"allow":["GET"]}}],"collection":[{"href":"https:\/\/es.greenpeace.org\/es\/wp-json\/wp\/v2\/pages"}],"about":[{"href":"https:\/\/es.greenpeace.org\/es\/wp-json\/wp\/v2\/types\/page"}],"author":[{"embeddable":true,"href":"https:\/\/es.greenpeace.org\/es\/wp-json\/wp\/v2\/users\/4"}],"replies":[{"embeddable":true,"href":"https:\/\/es.greenpeace.org\/es\/wp-json\/wp\/v2\/comments?post=1482"}],"version-history":[{"count":14,"href":"https:\/\/es.greenpeace.org\/es\/wp-json\/wp\/v2\/pages\/1482\/revisions"}],"predecessor-version":[{"id":70775,"href":"https:\/\/es.greenpeace.org\/es\/wp-json\/wp\/v2\/pages\/1482\/revisions\/70775"}],"up":[{"embeddable":true,"href":"https:\/\/es.greenpeace.org\/es\/wp-json\/wp\/v2\/pages\/6424"}],"wp:attachment":[{"href":"https:\/\/es.greenpeace.org\/es\/wp-json\/wp\/v2\/media?parent=1482"}],"wp:term":[{"taxonomy":"category","embeddable":true,"href":"https:\/\/es.greenpeace.org\/es\/wp-json\/wp\/v2\/categories?post=1482"},{"taxonomy":"post_tag","embeddable":true,"href":"https:\/\/es.greenpeace.org\/es\/wp-json\/wp\/v2\/tags?post=1482"}],"curies":[{"name":"wp","href":"https:\/\/api.w.org\/{rel}","templated":true}]}}