{"id":14879,"date":"2019-01-29T12:03:59","date_gmt":"2019-01-29T10:03:59","guid":{"rendered":"https:\/\/es.greenpeace.org\/es\/?page_id=14879"},"modified":"2019-01-30T14:59:27","modified_gmt":"2019-01-30T12:59:27","slug":"defensa-no-se-aprieta-el-cinturon","status":"publish","type":"page","link":"https:\/\/es.greenpeace.org\/es\/trabajamos-en\/democracia-y-contrapoder\/analisis-medioambiental-de-los-presupuestos-generales-2019\/defensa-no-se-aprieta-el-cinturon\/","title":{"rendered":"Defensa no se aprieta el cintur\u00f3n"},"content":{"rendered":"<div class=\"container my-3\">\n<h3><strong>Defensa no se aprieta el cintur\u00f3n<\/strong><\/h3>\n<h5><b>El crecimiento del presupuesto aumenta a\u00f1o tras a\u00f1o e incluso acapara la mitad de toda la partida de fondos del Estado para inversiones<\/b><\/h5>\n","protected":false},"excerpt":{"rendered":"<p>Defensa no se aprieta el cintur\u00f3n El crecimiento del presupuesto aumenta a\u00f1o tras a\u00f1o e incluso acapara la mitad de toda la partida de fondos del Estado para inversiones<\/p>\n","protected":false},"author":44,"featured_media":0,"parent":14572,"menu_order":0,"comment_status":"closed","ping_status":"closed","template":"template-generic-acf.php","meta":{"_acf_changed":false,"footnotes":""},"categories":[102],"tags":[],"class_list":["post-14879","page","type-page","status-publish","hentry","category-justicia-social"],"acf":[],"yoast_head":"<!-- This site is optimized with the Yoast SEO plugin v27.1.1 - https:\/\/yoast.com\/product\/yoast-seo-wordpress\/ -->\n<title>Defensa no se aprieta el cintur\u00f3n - ES | Greenpeace Espa\u00f1a<\/title>\n<meta name=\"robots\" content=\"index, follow, max-snippet:-1, max-image-preview:large, max-video-preview:-1\" \/>\n<link rel=\"canonical\" href=\"https:\/\/es.greenpeace.org\/es\/trabajamos-en\/democracia-y-contrapoder\/analisis-medioambiental-de-los-presupuestos-generales-2019\/defensa-no-se-aprieta-el-cinturon\/\" \/>\n<meta property=\"og:locale\" content=\"es_ES\" \/>\n<meta property=\"og:type\" content=\"article\" \/>\n<meta property=\"og:title\" content=\"Defensa no se aprieta el cintur\u00f3n - ES | Greenpeace Espa\u00f1a\" \/>\n<meta property=\"og:description\" content=\"Defensa no se aprieta el cintur\u00f3n El crecimiento del presupuesto aumenta a\u00f1o tras a\u00f1o e incluso acapara la mitad de toda la partida de fondos del Estado para inversiones\" \/>\n<meta property=\"og:url\" content=\"https:\/\/es.greenpeace.org\/es\/trabajamos-en\/democracia-y-contrapoder\/analisis-medioambiental-de-los-presupuestos-generales-2019\/defensa-no-se-aprieta-el-cinturon\/\" \/>\n<meta property=\"og:site_name\" content=\"ES | Greenpeace Espa\u00f1a\" \/>\n<meta property=\"article:publisher\" content=\"https:\/\/www.facebook.com\/greenpeace.spain\" \/>\n<meta property=\"article:modified_time\" content=\"2019-01-30T12:59:27+00:00\" \/>\n<meta name=\"twitter:card\" content=\"summary_large_image\" \/>\n<meta name=\"twitter:site\" content=\"@greenpeace_esp\" \/>\n<script type=\"application\/ld+json\" class=\"yoast-schema-graph\">{\"@context\":\"https:\/\/schema.org\",\"@graph\":[{\"@type\":\"WebPage\",\"@id\":\"https:\/\/es.greenpeace.org\/es\/trabajamos-en\/democracia-y-contrapoder\/analisis-medioambiental-de-los-presupuestos-generales-2019\/defensa-no-se-aprieta-el-cinturon\/\",\"url\":\"https:\/\/es.greenpeace.org\/es\/trabajamos-en\/democracia-y-contrapoder\/analisis-medioambiental-de-los-presupuestos-generales-2019\/defensa-no-se-aprieta-el-cinturon\/\",\"name\":\"Defensa no se aprieta el cintur\u00f3n - ES | Greenpeace Espa\u00f1a\",\"isPartOf\":{\"@id\":\"https:\/\/es.greenpeace.org\/es\/#website\"},\"datePublished\":\"2019-01-29T10:03:59+00:00\",\"dateModified\":\"2019-01-30T12:59:27+00:00\",\"breadcrumb\":{\"@id\":\"https:\/\/es.greenpeace.org\/es\/trabajamos-en\/democracia-y-contrapoder\/analisis-medioambiental-de-los-presupuestos-generales-2019\/defensa-no-se-aprieta-el-cinturon\/#breadcrumb\"},\"inLanguage\":\"es\",\"potentialAction\":[{\"@type\":\"ReadAction\",\"target\":[\"https:\/\/es.greenpeace.org\/es\/trabajamos-en\/democracia-y-contrapoder\/analisis-medioambiental-de-los-presupuestos-generales-2019\/defensa-no-se-aprieta-el-cinturon\/\"]}]},{\"@type\":\"BreadcrumbList\",\"@id\":\"https:\/\/es.greenpeace.org\/es\/trabajamos-en\/democracia-y-contrapoder\/analisis-medioambiental-de-los-presupuestos-generales-2019\/defensa-no-se-aprieta-el-cinturon\/#breadcrumb\",\"itemListElement\":[{\"@type\":\"ListItem\",\"position\":1,\"name\":\"Home\",\"item\":\"https:\/\/es.greenpeace.org\/es\/\"},{\"@type\":\"ListItem\",\"position\":2,\"name\":\"Trabajamos en\",\"item\":\"https:\/\/es.greenpeace.org\/es\/trabajamos-en\/\"},{\"@type\":\"ListItem\",\"position\":3,\"name\":\"Democracia y contrapoder\",\"item\":\"https:\/\/es.greenpeace.org\/es\/trabajamos-en\/democracia-y-contrapoder\/\"},{\"@type\":\"ListItem\",\"position\":4,\"name\":\"An\u00e1lisis medioambiental de los Presupuestos Generales 2019\",\"item\":\"https:\/\/es.greenpeace.org\/es\/trabajamos-en\/democracia-y-contrapoder\/analisis-medioambiental-de-los-presupuestos-generales-2019\/\"},{\"@type\":\"ListItem\",\"position\":5,\"name\":\"Defensa no se aprieta el cintur\u00f3n\"}]},{\"@type\":\"WebSite\",\"@id\":\"https:\/\/es.greenpeace.org\/es\/#website\",\"url\":\"https:\/\/es.greenpeace.org\/es\/\",\"name\":\"Greenpeace Espa\u00f1a\",\"description\":\"\",\"publisher\":{\"@id\":\"https:\/\/es.greenpeace.org\/es\/#organization\"},\"potentialAction\":[{\"@type\":\"SearchAction\",\"target\":{\"@type\":\"EntryPoint\",\"urlTemplate\":\"https:\/\/es.greenpeace.org\/es\/?s={search_term_string}\"},\"query-input\":{\"@type\":\"PropertyValueSpecification\",\"valueRequired\":true,\"valueName\":\"search_term_string\"}}],\"inLanguage\":\"es\"},{\"@type\":\"Organization\",\"@id\":\"https:\/\/es.greenpeace.org\/es\/#organization\",\"name\":\"Greenpeace Espa\u00f1a\",\"alternateName\":\"Greenpeace\",\"url\":\"https:\/\/es.greenpeace.org\/es\/\",\"logo\":{\"@type\":\"ImageObject\",\"inLanguage\":\"es\",\"@id\":\"https:\/\/es.greenpeace.org\/es\/#\/schema\/logo\/image\/\",\"url\":\"https:\/\/es.greenpeace.org\/es\/wp-content\/uploads\/sites\/3\/2024\/07\/greenpeace-logo-verde.svg\",\"contentUrl\":\"https:\/\/es.greenpeace.org\/es\/wp-content\/uploads\/sites\/3\/2024\/07\/greenpeace-logo-verde.svg\",\"width\":1,\"height\":1,\"caption\":\"Greenpeace Espa\u00f1a\"},\"image\":{\"@id\":\"https:\/\/es.greenpeace.org\/es\/#\/schema\/logo\/image\/\"},\"sameAs\":[\"https:\/\/www.facebook.com\/greenpeace.spain\",\"https:\/\/x.com\/greenpeace_esp\",\"https:\/\/www.instagram.com\/greenpeace_esp\/\"]}]}<\/script>\n<!-- \/ Yoast SEO plugin. -->","yoast_head_json":{"title":"Defensa no se aprieta el cintur\u00f3n - ES | Greenpeace Espa\u00f1a","robots":{"index":"index","follow":"follow","max-snippet":"max-snippet:-1","max-image-preview":"max-image-preview:large","max-video-preview":"max-video-preview:-1"},"canonical":"https:\/\/es.greenpeace.org\/es\/trabajamos-en\/democracia-y-contrapoder\/analisis-medioambiental-de-los-presupuestos-generales-2019\/defensa-no-se-aprieta-el-cinturon\/","og_locale":"es_ES","og_type":"article","og_title":"Defensa no se aprieta el cintur\u00f3n - ES | Greenpeace Espa\u00f1a","og_description":"Defensa no se aprieta el cintur\u00f3n El crecimiento del presupuesto aumenta a\u00f1o tras a\u00f1o e incluso acapara la mitad de toda la partida de fondos del Estado para inversiones","og_url":"https:\/\/es.greenpeace.org\/es\/trabajamos-en\/democracia-y-contrapoder\/analisis-medioambiental-de-los-presupuestos-generales-2019\/defensa-no-se-aprieta-el-cinturon\/","og_site_name":"ES | Greenpeace Espa\u00f1a","article_publisher":"https:\/\/www.facebook.com\/greenpeace.spain","article_modified_time":"2019-01-30T12:59:27+00:00","twitter_card":"summary_large_image","twitter_site":"@greenpeace_esp","schema":{"@context":"https:\/\/schema.org","@graph":[{"@type":"WebPage","@id":"https:\/\/es.greenpeace.org\/es\/trabajamos-en\/democracia-y-contrapoder\/analisis-medioambiental-de-los-presupuestos-generales-2019\/defensa-no-se-aprieta-el-cinturon\/","url":"https:\/\/es.greenpeace.org\/es\/trabajamos-en\/democracia-y-contrapoder\/analisis-medioambiental-de-los-presupuestos-generales-2019\/defensa-no-se-aprieta-el-cinturon\/","name":"Defensa no se aprieta el cintur\u00f3n - ES | Greenpeace Espa\u00f1a","isPartOf":{"@id":"https:\/\/es.greenpeace.org\/es\/#website"},"datePublished":"2019-01-29T10:03:59+00:00","dateModified":"2019-01-30T12:59:27+00:00","breadcrumb":{"@id":"https:\/\/es.greenpeace.org\/es\/trabajamos-en\/democracia-y-contrapoder\/analisis-medioambiental-de-los-presupuestos-generales-2019\/defensa-no-se-aprieta-el-cinturon\/#breadcrumb"},"inLanguage":"es","potentialAction":[{"@type":"ReadAction","target":["https:\/\/es.greenpeace.org\/es\/trabajamos-en\/democracia-y-contrapoder\/analisis-medioambiental-de-los-presupuestos-generales-2019\/defensa-no-se-aprieta-el-cinturon\/"]}]},{"@type":"BreadcrumbList","@id":"https:\/\/es.greenpeace.org\/es\/trabajamos-en\/democracia-y-contrapoder\/analisis-medioambiental-de-los-presupuestos-generales-2019\/defensa-no-se-aprieta-el-cinturon\/#breadcrumb","itemListElement":[{"@type":"ListItem","position":1,"name":"Home","item":"https:\/\/es.greenpeace.org\/es\/"},{"@type":"ListItem","position":2,"name":"Trabajamos en","item":"https:\/\/es.greenpeace.org\/es\/trabajamos-en\/"},{"@type":"ListItem","position":3,"name":"Democracia y contrapoder","item":"https:\/\/es.greenpeace.org\/es\/trabajamos-en\/democracia-y-contrapoder\/"},{"@type":"ListItem","position":4,"name":"An\u00e1lisis medioambiental de los Presupuestos Generales 2019","item":"https:\/\/es.greenpeace.org\/es\/trabajamos-en\/democracia-y-contrapoder\/analisis-medioambiental-de-los-presupuestos-generales-2019\/"},{"@type":"ListItem","position":5,"name":"Defensa no se aprieta el cintur\u00f3n"}]},{"@type":"WebSite","@id":"https:\/\/es.greenpeace.org\/es\/#website","url":"https:\/\/es.greenpeace.org\/es\/","name":"Greenpeace Espa\u00f1a","description":"","publisher":{"@id":"https:\/\/es.greenpeace.org\/es\/#organization"},"potentialAction":[{"@type":"SearchAction","target":{"@type":"EntryPoint","urlTemplate":"https:\/\/es.greenpeace.org\/es\/?s={search_term_string}"},"query-input":{"@type":"PropertyValueSpecification","valueRequired":true,"valueName":"search_term_string"}}],"inLanguage":"es"},{"@type":"Organization","@id":"https:\/\/es.greenpeace.org\/es\/#organization","name":"Greenpeace Espa\u00f1a","alternateName":"Greenpeace","url":"https:\/\/es.greenpeace.org\/es\/","logo":{"@type":"ImageObject","inLanguage":"es","@id":"https:\/\/es.greenpeace.org\/es\/#\/schema\/logo\/image\/","url":"https:\/\/es.greenpeace.org\/es\/wp-content\/uploads\/sites\/3\/2024\/07\/greenpeace-logo-verde.svg","contentUrl":"https:\/\/es.greenpeace.org\/es\/wp-content\/uploads\/sites\/3\/2024\/07\/greenpeace-logo-verde.svg","width":1,"height":1,"caption":"Greenpeace Espa\u00f1a"},"image":{"@id":"https:\/\/es.greenpeace.org\/es\/#\/schema\/logo\/image\/"},"sameAs":["https:\/\/www.facebook.com\/greenpeace.spain","https:\/\/x.com\/greenpeace_esp","https:\/\/www.instagram.com\/greenpeace_esp\/"]}]}},"_links":{"self":[{"href":"https:\/\/es.greenpeace.org\/es\/wp-json\/wp\/v2\/pages\/14879","targetHints":{"allow":["GET"]}}],"collection":[{"href":"https:\/\/es.greenpeace.org\/es\/wp-json\/wp\/v2\/pages"}],"about":[{"href":"https:\/\/es.greenpeace.org\/es\/wp-json\/wp\/v2\/types\/page"}],"author":[{"embeddable":true,"href":"https:\/\/es.greenpeace.org\/es\/wp-json\/wp\/v2\/users\/44"}],"replies":[{"embeddable":true,"href":"https:\/\/es.greenpeace.org\/es\/wp-json\/wp\/v2\/comments?post=14879"}],"version-history":[{"count":10,"href":"https:\/\/es.greenpeace.org\/es\/wp-json\/wp\/v2\/pages\/14879\/revisions"}],"predecessor-version":[{"id":15087,"href":"https:\/\/es.greenpeace.org\/es\/wp-json\/wp\/v2\/pages\/14879\/revisions\/15087"}],"up":[{"embeddable":true,"href":"https:\/\/es.greenpeace.org\/es\/wp-json\/wp\/v2\/pages\/14572"}],"wp:attachment":[{"href":"https:\/\/es.greenpeace.org\/es\/wp-json\/wp\/v2\/media?parent=14879"}],"wp:term":[{"taxonomy":"category","embeddable":true,"href":"https:\/\/es.greenpeace.org\/es\/wp-json\/wp\/v2\/categories?post=14879"},{"taxonomy":"post_tag","embeddable":true,"href":"https:\/\/es.greenpeace.org\/es\/wp-json\/wp\/v2\/tags?post=14879"}],"curies":[{"name":"wp","href":"https:\/\/api.w.org\/{rel}","templated":true}]}}