{"id":14900,"date":"2019-01-29T13:08:10","date_gmt":"2019-01-29T11:08:10","guid":{"rendered":"https:\/\/es.greenpeace.org\/es\/?page_id=14900"},"modified":"2019-01-30T09:47:38","modified_gmt":"2019-01-30T07:47:38","slug":"propuestas-de-greenpeace","status":"publish","type":"page","link":"https:\/\/es.greenpeace.org\/es\/trabajamos-en\/democracia-y-contrapoder\/analisis-medioambiental-de-los-presupuestos-generales-2019\/propuestas-de-greenpeace\/","title":{"rendered":"Propuestas de Greenpeace"},"content":{"rendered":"<div class=\"container my-3\">\n<h3><strong>Propuestas de Greenpeace<\/strong><\/h3>\n<p>El an\u00e1lisis de los Presupuestos realizado por Greenpeace muestra que aunque se aprecian ciertos \u201cbrotes verdes\u201d es necesario un revisi\u00f3n seria para adaptarlos a los impactos del cambio clim\u00e1tico.<\/p>\n<p>La transici\u00f3n ecol\u00f3gica de la econom\u00eda espa\u00f1ola debe situar el trabajo para frenar el Cambio Clim\u00e1tico como la palanca de cambio y como el eje en el que se articulen las pol\u00edticas y partidas presupuestarias, por lo que debe haber un replanteamiento sustancial de la Ley de Presupuestos y sus contenidos. Los presupuestos deber\u00edan concretar cu\u00e1l es su apuesta real por la transici\u00f3n ecol\u00f3gica.<\/p>\n<p>Para ello, Greenpeace realiza las siguientes propuestas:<\/p>\n","protected":false},"excerpt":{"rendered":"<p>Propuestas de Greenpeace El an\u00e1lisis de los Presupuestos realizado por Greenpeace muestra que aunque se aprecian ciertos \u201cbrotes verdes\u201d es necesario un revisi\u00f3n seria para adaptarlos a los impactos del cambio clim\u00e1tico. La transici\u00f3n ecol\u00f3gica de la econom\u00eda espa\u00f1ola debe situar el trabajo para frenar el Cambio Clim\u00e1tico como la palanca de cambio y como [&hellip;]<\/p>\n","protected":false},"author":44,"featured_media":0,"parent":14572,"menu_order":0,"comment_status":"closed","ping_status":"closed","template":"template-generic-acf.php","meta":{"_acf_changed":false,"footnotes":""},"categories":[102],"tags":[],"class_list":["post-14900","page","type-page","status-publish","hentry","category-justicia-social"],"acf":[],"yoast_head":"<!-- This site is optimized with the Yoast SEO plugin v27.1.1 - https:\/\/yoast.com\/product\/yoast-seo-wordpress\/ -->\n<title>Propuestas de Greenpeace - ES | Greenpeace Espa\u00f1a<\/title>\n<meta name=\"robots\" content=\"index, follow, max-snippet:-1, max-image-preview:large, max-video-preview:-1\" \/>\n<link rel=\"canonical\" href=\"https:\/\/es.greenpeace.org\/es\/trabajamos-en\/democracia-y-contrapoder\/analisis-medioambiental-de-los-presupuestos-generales-2019\/propuestas-de-greenpeace\/\" \/>\n<meta property=\"og:locale\" content=\"es_ES\" \/>\n<meta property=\"og:type\" content=\"article\" \/>\n<meta property=\"og:title\" content=\"Propuestas de Greenpeace - ES | Greenpeace Espa\u00f1a\" \/>\n<meta property=\"og:description\" content=\"Propuestas de Greenpeace El an\u00e1lisis de los Presupuestos realizado por Greenpeace muestra que aunque se aprecian ciertos \u201cbrotes verdes\u201d es necesario un revisi\u00f3n seria para adaptarlos a los impactos del cambio clim\u00e1tico. La transici\u00f3n ecol\u00f3gica de la econom\u00eda espa\u00f1ola debe situar el trabajo para frenar el Cambio Clim\u00e1tico como la palanca de cambio y como [&hellip;]\" \/>\n<meta property=\"og:url\" content=\"https:\/\/es.greenpeace.org\/es\/trabajamos-en\/democracia-y-contrapoder\/analisis-medioambiental-de-los-presupuestos-generales-2019\/propuestas-de-greenpeace\/\" \/>\n<meta property=\"og:site_name\" content=\"ES | Greenpeace Espa\u00f1a\" \/>\n<meta property=\"article:publisher\" content=\"https:\/\/www.facebook.com\/greenpeace.spain\" \/>\n<meta property=\"article:modified_time\" content=\"2019-01-30T07:47:38+00:00\" \/>\n<meta name=\"twitter:card\" content=\"summary_large_image\" \/>\n<meta name=\"twitter:site\" content=\"@greenpeace_esp\" \/>\n<meta name=\"twitter:label1\" content=\"Tiempo de lectura\" \/>\n\t<meta name=\"twitter:data1\" content=\"1 minuto\" \/>\n<script type=\"application\/ld+json\" class=\"yoast-schema-graph\">{\"@context\":\"https:\/\/schema.org\",\"@graph\":[{\"@type\":\"WebPage\",\"@id\":\"https:\/\/es.greenpeace.org\/es\/trabajamos-en\/democracia-y-contrapoder\/analisis-medioambiental-de-los-presupuestos-generales-2019\/propuestas-de-greenpeace\/\",\"url\":\"https:\/\/es.greenpeace.org\/es\/trabajamos-en\/democracia-y-contrapoder\/analisis-medioambiental-de-los-presupuestos-generales-2019\/propuestas-de-greenpeace\/\",\"name\":\"Propuestas de Greenpeace - ES | Greenpeace Espa\u00f1a\",\"isPartOf\":{\"@id\":\"https:\/\/es.greenpeace.org\/es\/#website\"},\"datePublished\":\"2019-01-29T11:08:10+00:00\",\"dateModified\":\"2019-01-30T07:47:38+00:00\",\"breadcrumb\":{\"@id\":\"https:\/\/es.greenpeace.org\/es\/trabajamos-en\/democracia-y-contrapoder\/analisis-medioambiental-de-los-presupuestos-generales-2019\/propuestas-de-greenpeace\/#breadcrumb\"},\"inLanguage\":\"es\",\"potentialAction\":[{\"@type\":\"ReadAction\",\"target\":[\"https:\/\/es.greenpeace.org\/es\/trabajamos-en\/democracia-y-contrapoder\/analisis-medioambiental-de-los-presupuestos-generales-2019\/propuestas-de-greenpeace\/\"]}]},{\"@type\":\"BreadcrumbList\",\"@id\":\"https:\/\/es.greenpeace.org\/es\/trabajamos-en\/democracia-y-contrapoder\/analisis-medioambiental-de-los-presupuestos-generales-2019\/propuestas-de-greenpeace\/#breadcrumb\",\"itemListElement\":[{\"@type\":\"ListItem\",\"position\":1,\"name\":\"Home\",\"item\":\"https:\/\/es.greenpeace.org\/es\/\"},{\"@type\":\"ListItem\",\"position\":2,\"name\":\"Trabajamos en\",\"item\":\"https:\/\/es.greenpeace.org\/es\/trabajamos-en\/\"},{\"@type\":\"ListItem\",\"position\":3,\"name\":\"Democracia y contrapoder\",\"item\":\"https:\/\/es.greenpeace.org\/es\/trabajamos-en\/democracia-y-contrapoder\/\"},{\"@type\":\"ListItem\",\"position\":4,\"name\":\"An\u00e1lisis medioambiental de los Presupuestos Generales 2019\",\"item\":\"https:\/\/es.greenpeace.org\/es\/trabajamos-en\/democracia-y-contrapoder\/analisis-medioambiental-de-los-presupuestos-generales-2019\/\"},{\"@type\":\"ListItem\",\"position\":5,\"name\":\"Propuestas de Greenpeace\"}]},{\"@type\":\"WebSite\",\"@id\":\"https:\/\/es.greenpeace.org\/es\/#website\",\"url\":\"https:\/\/es.greenpeace.org\/es\/\",\"name\":\"Greenpeace Espa\u00f1a\",\"description\":\"\",\"publisher\":{\"@id\":\"https:\/\/es.greenpeace.org\/es\/#organization\"},\"potentialAction\":[{\"@type\":\"SearchAction\",\"target\":{\"@type\":\"EntryPoint\",\"urlTemplate\":\"https:\/\/es.greenpeace.org\/es\/?s={search_term_string}\"},\"query-input\":{\"@type\":\"PropertyValueSpecification\",\"valueRequired\":true,\"valueName\":\"search_term_string\"}}],\"inLanguage\":\"es\"},{\"@type\":\"Organization\",\"@id\":\"https:\/\/es.greenpeace.org\/es\/#organization\",\"name\":\"Greenpeace Espa\u00f1a\",\"alternateName\":\"Greenpeace\",\"url\":\"https:\/\/es.greenpeace.org\/es\/\",\"logo\":{\"@type\":\"ImageObject\",\"inLanguage\":\"es\",\"@id\":\"https:\/\/es.greenpeace.org\/es\/#\/schema\/logo\/image\/\",\"url\":\"https:\/\/es.greenpeace.org\/es\/wp-content\/uploads\/sites\/3\/2024\/07\/greenpeace-logo-verde.svg\",\"contentUrl\":\"https:\/\/es.greenpeace.org\/es\/wp-content\/uploads\/sites\/3\/2024\/07\/greenpeace-logo-verde.svg\",\"width\":1,\"height\":1,\"caption\":\"Greenpeace Espa\u00f1a\"},\"image\":{\"@id\":\"https:\/\/es.greenpeace.org\/es\/#\/schema\/logo\/image\/\"},\"sameAs\":[\"https:\/\/www.facebook.com\/greenpeace.spain\",\"https:\/\/x.com\/greenpeace_esp\",\"https:\/\/www.instagram.com\/greenpeace_esp\/\"]}]}<\/script>\n<!-- \/ Yoast SEO plugin. -->","yoast_head_json":{"title":"Propuestas de Greenpeace - ES | Greenpeace Espa\u00f1a","robots":{"index":"index","follow":"follow","max-snippet":"max-snippet:-1","max-image-preview":"max-image-preview:large","max-video-preview":"max-video-preview:-1"},"canonical":"https:\/\/es.greenpeace.org\/es\/trabajamos-en\/democracia-y-contrapoder\/analisis-medioambiental-de-los-presupuestos-generales-2019\/propuestas-de-greenpeace\/","og_locale":"es_ES","og_type":"article","og_title":"Propuestas de Greenpeace - ES | Greenpeace Espa\u00f1a","og_description":"Propuestas de Greenpeace El an\u00e1lisis de los Presupuestos realizado por Greenpeace muestra que aunque se aprecian ciertos \u201cbrotes verdes\u201d es necesario un revisi\u00f3n seria para adaptarlos a los impactos del cambio clim\u00e1tico. La transici\u00f3n ecol\u00f3gica de la econom\u00eda espa\u00f1ola debe situar el trabajo para frenar el Cambio Clim\u00e1tico como la palanca de cambio y como [&hellip;]","og_url":"https:\/\/es.greenpeace.org\/es\/trabajamos-en\/democracia-y-contrapoder\/analisis-medioambiental-de-los-presupuestos-generales-2019\/propuestas-de-greenpeace\/","og_site_name":"ES | Greenpeace Espa\u00f1a","article_publisher":"https:\/\/www.facebook.com\/greenpeace.spain","article_modified_time":"2019-01-30T07:47:38+00:00","twitter_card":"summary_large_image","twitter_site":"@greenpeace_esp","twitter_misc":{"Tiempo de lectura":"1 minuto"},"schema":{"@context":"https:\/\/schema.org","@graph":[{"@type":"WebPage","@id":"https:\/\/es.greenpeace.org\/es\/trabajamos-en\/democracia-y-contrapoder\/analisis-medioambiental-de-los-presupuestos-generales-2019\/propuestas-de-greenpeace\/","url":"https:\/\/es.greenpeace.org\/es\/trabajamos-en\/democracia-y-contrapoder\/analisis-medioambiental-de-los-presupuestos-generales-2019\/propuestas-de-greenpeace\/","name":"Propuestas de Greenpeace - ES | Greenpeace Espa\u00f1a","isPartOf":{"@id":"https:\/\/es.greenpeace.org\/es\/#website"},"datePublished":"2019-01-29T11:08:10+00:00","dateModified":"2019-01-30T07:47:38+00:00","breadcrumb":{"@id":"https:\/\/es.greenpeace.org\/es\/trabajamos-en\/democracia-y-contrapoder\/analisis-medioambiental-de-los-presupuestos-generales-2019\/propuestas-de-greenpeace\/#breadcrumb"},"inLanguage":"es","potentialAction":[{"@type":"ReadAction","target":["https:\/\/es.greenpeace.org\/es\/trabajamos-en\/democracia-y-contrapoder\/analisis-medioambiental-de-los-presupuestos-generales-2019\/propuestas-de-greenpeace\/"]}]},{"@type":"BreadcrumbList","@id":"https:\/\/es.greenpeace.org\/es\/trabajamos-en\/democracia-y-contrapoder\/analisis-medioambiental-de-los-presupuestos-generales-2019\/propuestas-de-greenpeace\/#breadcrumb","itemListElement":[{"@type":"ListItem","position":1,"name":"Home","item":"https:\/\/es.greenpeace.org\/es\/"},{"@type":"ListItem","position":2,"name":"Trabajamos en","item":"https:\/\/es.greenpeace.org\/es\/trabajamos-en\/"},{"@type":"ListItem","position":3,"name":"Democracia y contrapoder","item":"https:\/\/es.greenpeace.org\/es\/trabajamos-en\/democracia-y-contrapoder\/"},{"@type":"ListItem","position":4,"name":"An\u00e1lisis medioambiental de los Presupuestos Generales 2019","item":"https:\/\/es.greenpeace.org\/es\/trabajamos-en\/democracia-y-contrapoder\/analisis-medioambiental-de-los-presupuestos-generales-2019\/"},{"@type":"ListItem","position":5,"name":"Propuestas de Greenpeace"}]},{"@type":"WebSite","@id":"https:\/\/es.greenpeace.org\/es\/#website","url":"https:\/\/es.greenpeace.org\/es\/","name":"Greenpeace Espa\u00f1a","description":"","publisher":{"@id":"https:\/\/es.greenpeace.org\/es\/#organization"},"potentialAction":[{"@type":"SearchAction","target":{"@type":"EntryPoint","urlTemplate":"https:\/\/es.greenpeace.org\/es\/?s={search_term_string}"},"query-input":{"@type":"PropertyValueSpecification","valueRequired":true,"valueName":"search_term_string"}}],"inLanguage":"es"},{"@type":"Organization","@id":"https:\/\/es.greenpeace.org\/es\/#organization","name":"Greenpeace Espa\u00f1a","alternateName":"Greenpeace","url":"https:\/\/es.greenpeace.org\/es\/","logo":{"@type":"ImageObject","inLanguage":"es","@id":"https:\/\/es.greenpeace.org\/es\/#\/schema\/logo\/image\/","url":"https:\/\/es.greenpeace.org\/es\/wp-content\/uploads\/sites\/3\/2024\/07\/greenpeace-logo-verde.svg","contentUrl":"https:\/\/es.greenpeace.org\/es\/wp-content\/uploads\/sites\/3\/2024\/07\/greenpeace-logo-verde.svg","width":1,"height":1,"caption":"Greenpeace Espa\u00f1a"},"image":{"@id":"https:\/\/es.greenpeace.org\/es\/#\/schema\/logo\/image\/"},"sameAs":["https:\/\/www.facebook.com\/greenpeace.spain","https:\/\/x.com\/greenpeace_esp","https:\/\/www.instagram.com\/greenpeace_esp\/"]}]}},"_links":{"self":[{"href":"https:\/\/es.greenpeace.org\/es\/wp-json\/wp\/v2\/pages\/14900","targetHints":{"allow":["GET"]}}],"collection":[{"href":"https:\/\/es.greenpeace.org\/es\/wp-json\/wp\/v2\/pages"}],"about":[{"href":"https:\/\/es.greenpeace.org\/es\/wp-json\/wp\/v2\/types\/page"}],"author":[{"embeddable":true,"href":"https:\/\/es.greenpeace.org\/es\/wp-json\/wp\/v2\/users\/44"}],"replies":[{"embeddable":true,"href":"https:\/\/es.greenpeace.org\/es\/wp-json\/wp\/v2\/comments?post=14900"}],"version-history":[{"count":9,"href":"https:\/\/es.greenpeace.org\/es\/wp-json\/wp\/v2\/pages\/14900\/revisions"}],"predecessor-version":[{"id":15046,"href":"https:\/\/es.greenpeace.org\/es\/wp-json\/wp\/v2\/pages\/14900\/revisions\/15046"}],"up":[{"embeddable":true,"href":"https:\/\/es.greenpeace.org\/es\/wp-json\/wp\/v2\/pages\/14572"}],"wp:attachment":[{"href":"https:\/\/es.greenpeace.org\/es\/wp-json\/wp\/v2\/media?parent=14900"}],"wp:term":[{"taxonomy":"category","embeddable":true,"href":"https:\/\/es.greenpeace.org\/es\/wp-json\/wp\/v2\/categories?post=14900"},{"taxonomy":"post_tag","embeddable":true,"href":"https:\/\/es.greenpeace.org\/es\/wp-json\/wp\/v2\/tags?post=14900"}],"curies":[{"name":"wp","href":"https:\/\/api.w.org\/{rel}","templated":true}]}}