{"id":15744,"date":"2019-03-08T14:16:18","date_gmt":"2019-03-08T12:16:18","guid":{"rendered":"https:\/\/es.greenpeace.org\/es\/?page_id=15744"},"modified":"2021-05-27T09:35:44","modified_gmt":"2021-05-27T07:35:44","slug":"pozos-ilegales","status":"publish","type":"page","link":"https:\/\/es.greenpeace.org\/es\/trabajamos-en\/agricultura\/pozos-ilegales\/","title":{"rendered":"El robo del agua, impunidad m\u00e1s all\u00e1 de los pozos ilegales"},"content":{"rendered":"<div class=\"row row-1 my-5\">\n<div class=\"col-md-6 text-md-left text-center col-sm-12 d-flex pb-5 pb-md-0\">\n<div class=\"content m-auto\">\n<h5>Sustracci\u00f3n de un bien p\u00fablico. Impunidad. Inacci\u00f3n de las administraciones. No se trata de un caso de corrupci\u00f3n pol\u00edtica, sino del robo de un recurso escaso y tan relevante para la vida como el agua: uno de los delitos contra el medio ambiente m\u00e1s cometidos en Espa\u00f1a.<\/h5>\n<\/div>\n<\/div>\n<div class=\"col-md-6 col-sm-12 d-flex pl-md-5\">\n<div class=\"content m-auto\"><\/div>\n<\/div>\n<\/div>\n","protected":false},"excerpt":{"rendered":"<p>Sustracci\u00f3n de un bien p\u00fablico. Impunidad. Inacci\u00f3n de las administraciones. No se trata de un caso de corrupci\u00f3n pol\u00edtica, sino del robo de un recurso escaso y tan relevante para la vida como el agua: uno de los delitos contra el medio ambiente m\u00e1s cometidos en Espa\u00f1a.<\/p>\n","protected":false},"author":5,"featured_media":15936,"parent":406,"menu_order":0,"comment_status":"closed","ping_status":"closed","template":"template-generic-acf.php","meta":{"_acf_changed":false,"footnotes":""},"categories":[38],"tags":[],"class_list":["post-15744","page","type-page","status-publish","has-post-thumbnail","hentry","category-agricultura"],"acf":[],"yoast_head":"<!-- This site is optimized with the Yoast SEO plugin v27.1.1 - https:\/\/yoast.com\/product\/yoast-seo-wordpress\/ -->\n<title>El robo del agua, impunidad m\u00e1s all\u00e1 de los pozos ilegales - ES | Greenpeace Espa\u00f1a<\/title>\n<meta name=\"robots\" content=\"index, follow, max-snippet:-1, max-image-preview:large, max-video-preview:-1\" \/>\n<link rel=\"canonical\" href=\"https:\/\/es.greenpeace.org\/es\/trabajamos-en\/agricultura\/pozos-ilegales\/\" \/>\n<meta property=\"og:locale\" content=\"es_ES\" \/>\n<meta property=\"og:type\" content=\"article\" \/>\n<meta property=\"og:title\" content=\"El robo del agua, impunidad m\u00e1s all\u00e1 de los pozos ilegales - ES | Greenpeace Espa\u00f1a\" \/>\n<meta property=\"og:description\" content=\"Sustracci\u00f3n de un bien p\u00fablico. Impunidad. Inacci\u00f3n de las administraciones. No se trata de un caso de corrupci\u00f3n pol\u00edtica, sino del robo de un recurso escaso y tan relevante para la vida como el agua: uno de los delitos contra el medio ambiente m\u00e1s cometidos en Espa\u00f1a.\" \/>\n<meta property=\"og:url\" content=\"https:\/\/es.greenpeace.org\/es\/trabajamos-en\/agricultura\/pozos-ilegales\/\" \/>\n<meta property=\"og:site_name\" content=\"ES | Greenpeace Espa\u00f1a\" \/>\n<meta property=\"article:publisher\" content=\"https:\/\/www.facebook.com\/greenpeace.spain\" \/>\n<meta property=\"article:modified_time\" content=\"2021-05-27T07:35:44+00:00\" \/>\n<meta property=\"og:image\" content=\"https:\/\/es.greenpeace.org\/es\/wp-content\/uploads\/sites\/3\/2019\/03\/GP0STRDC6-rio-tajo-sequia-2100x1400.jpg\" \/>\n\t<meta property=\"og:image:width\" content=\"2100\" \/>\n\t<meta property=\"og:image:height\" content=\"1400\" \/>\n\t<meta property=\"og:image:type\" content=\"image\/jpeg\" \/>\n<meta name=\"twitter:card\" content=\"summary_large_image\" \/>\n<meta name=\"twitter:site\" content=\"@greenpeace_esp\" \/>\n<script type=\"application\/ld+json\" class=\"yoast-schema-graph\">{\"@context\":\"https:\/\/schema.org\",\"@graph\":[{\"@type\":\"WebPage\",\"@id\":\"https:\/\/es.greenpeace.org\/es\/trabajamos-en\/agricultura\/pozos-ilegales\/\",\"url\":\"https:\/\/es.greenpeace.org\/es\/trabajamos-en\/agricultura\/pozos-ilegales\/\",\"name\":\"El robo del agua, impunidad m\u00e1s all\u00e1 de los pozos ilegales - ES | Greenpeace Espa\u00f1a\",\"isPartOf\":{\"@id\":\"https:\/\/es.greenpeace.org\/es\/#website\"},\"primaryImageOfPage\":{\"@id\":\"https:\/\/es.greenpeace.org\/es\/trabajamos-en\/agricultura\/pozos-ilegales\/#primaryimage\"},\"image\":{\"@id\":\"https:\/\/es.greenpeace.org\/es\/trabajamos-en\/agricultura\/pozos-ilegales\/#primaryimage\"},\"thumbnailUrl\":\"https:\/\/es.greenpeace.org\/es\/wp-content\/uploads\/sites\/3\/2019\/03\/GP0STRDC6-rio-tajo-sequia.jpg\",\"datePublished\":\"2019-03-08T12:16:18+00:00\",\"dateModified\":\"2021-05-27T07:35:44+00:00\",\"breadcrumb\":{\"@id\":\"https:\/\/es.greenpeace.org\/es\/trabajamos-en\/agricultura\/pozos-ilegales\/#breadcrumb\"},\"inLanguage\":\"es\",\"potentialAction\":[{\"@type\":\"ReadAction\",\"target\":[\"https:\/\/es.greenpeace.org\/es\/trabajamos-en\/agricultura\/pozos-ilegales\/\"]}]},{\"@type\":\"ImageObject\",\"inLanguage\":\"es\",\"@id\":\"https:\/\/es.greenpeace.org\/es\/trabajamos-en\/agricultura\/pozos-ilegales\/#primaryimage\",\"url\":\"https:\/\/es.greenpeace.org\/es\/wp-content\/uploads\/sites\/3\/2019\/03\/GP0STRDC6-rio-tajo-sequia.jpg\",\"contentUrl\":\"https:\/\/es.greenpeace.org\/es\/wp-content\/uploads\/sites\/3\/2019\/03\/GP0STRDC6-rio-tajo-sequia.jpg\",\"width\":5679,\"height\":3786,\"caption\":\"Tagus (Tajo) river. Greenpeace has documented some of the effects of the severe drought that is being experienced in Spain. Greenpeace denounces that the current shortage of water is not only the result of lack of rain but also of poor water management and waste of water resources. Rio Tajo. Trillo. Guadalajara Greenpeace ha documentado algunos de los efectos de la grave sequ\u00eda que se est\u00e1 viviendo en Espa\u00f1a. La organizaci\u00f3n denuncia que la actual escasez de agua no es solo producto de la falta de lluvia si no de una mala gesti\u00f3n del agua y del derroche de los recursos h\u00eddricos.\"},{\"@type\":\"BreadcrumbList\",\"@id\":\"https:\/\/es.greenpeace.org\/es\/trabajamos-en\/agricultura\/pozos-ilegales\/#breadcrumb\",\"itemListElement\":[{\"@type\":\"ListItem\",\"position\":1,\"name\":\"Home\",\"item\":\"https:\/\/es.greenpeace.org\/es\/\"},{\"@type\":\"ListItem\",\"position\":2,\"name\":\"Trabajamos en\",\"item\":\"https:\/\/es.greenpeace.org\/es\/trabajamos-en\/\"},{\"@type\":\"ListItem\",\"position\":3,\"name\":\"Agricultura y ganader\u00eda\",\"item\":\"https:\/\/es.greenpeace.org\/es\/trabajamos-en\/agricultura\/\"},{\"@type\":\"ListItem\",\"position\":4,\"name\":\"El robo del agua, impunidad m\u00e1s all\u00e1 de los pozos ilegales\"}]},{\"@type\":\"WebSite\",\"@id\":\"https:\/\/es.greenpeace.org\/es\/#website\",\"url\":\"https:\/\/es.greenpeace.org\/es\/\",\"name\":\"Greenpeace Espa\u00f1a\",\"description\":\"\",\"publisher\":{\"@id\":\"https:\/\/es.greenpeace.org\/es\/#organization\"},\"potentialAction\":[{\"@type\":\"SearchAction\",\"target\":{\"@type\":\"EntryPoint\",\"urlTemplate\":\"https:\/\/es.greenpeace.org\/es\/?s={search_term_string}\"},\"query-input\":{\"@type\":\"PropertyValueSpecification\",\"valueRequired\":true,\"valueName\":\"search_term_string\"}}],\"inLanguage\":\"es\"},{\"@type\":\"Organization\",\"@id\":\"https:\/\/es.greenpeace.org\/es\/#organization\",\"name\":\"Greenpeace Espa\u00f1a\",\"alternateName\":\"Greenpeace\",\"url\":\"https:\/\/es.greenpeace.org\/es\/\",\"logo\":{\"@type\":\"ImageObject\",\"inLanguage\":\"es\",\"@id\":\"https:\/\/es.greenpeace.org\/es\/#\/schema\/logo\/image\/\",\"url\":\"https:\/\/es.greenpeace.org\/es\/wp-content\/uploads\/sites\/3\/2024\/07\/greenpeace-logo-verde.svg\",\"contentUrl\":\"https:\/\/es.greenpeace.org\/es\/wp-content\/uploads\/sites\/3\/2024\/07\/greenpeace-logo-verde.svg\",\"width\":1,\"height\":1,\"caption\":\"Greenpeace Espa\u00f1a\"},\"image\":{\"@id\":\"https:\/\/es.greenpeace.org\/es\/#\/schema\/logo\/image\/\"},\"sameAs\":[\"https:\/\/www.facebook.com\/greenpeace.spain\",\"https:\/\/x.com\/greenpeace_esp\",\"https:\/\/www.instagram.com\/greenpeace_esp\/\"]}]}<\/script>\n<!-- \/ Yoast SEO plugin. -->","yoast_head_json":{"title":"El robo del agua, impunidad m\u00e1s all\u00e1 de los pozos ilegales - ES | Greenpeace Espa\u00f1a","robots":{"index":"index","follow":"follow","max-snippet":"max-snippet:-1","max-image-preview":"max-image-preview:large","max-video-preview":"max-video-preview:-1"},"canonical":"https:\/\/es.greenpeace.org\/es\/trabajamos-en\/agricultura\/pozos-ilegales\/","og_locale":"es_ES","og_type":"article","og_title":"El robo del agua, impunidad m\u00e1s all\u00e1 de los pozos ilegales - ES | Greenpeace Espa\u00f1a","og_description":"Sustracci\u00f3n de un bien p\u00fablico. Impunidad. Inacci\u00f3n de las administraciones. No se trata de un caso de corrupci\u00f3n pol\u00edtica, sino del robo de un recurso escaso y tan relevante para la vida como el agua: uno de los delitos contra el medio ambiente m\u00e1s cometidos en Espa\u00f1a.","og_url":"https:\/\/es.greenpeace.org\/es\/trabajamos-en\/agricultura\/pozos-ilegales\/","og_site_name":"ES | Greenpeace Espa\u00f1a","article_publisher":"https:\/\/www.facebook.com\/greenpeace.spain","article_modified_time":"2021-05-27T07:35:44+00:00","og_image":[{"width":2100,"height":1400,"url":"https:\/\/es.greenpeace.org\/es\/wp-content\/uploads\/sites\/3\/2019\/03\/GP0STRDC6-rio-tajo-sequia-2100x1400.jpg","type":"image\/jpeg"}],"twitter_card":"summary_large_image","twitter_site":"@greenpeace_esp","schema":{"@context":"https:\/\/schema.org","@graph":[{"@type":"WebPage","@id":"https:\/\/es.greenpeace.org\/es\/trabajamos-en\/agricultura\/pozos-ilegales\/","url":"https:\/\/es.greenpeace.org\/es\/trabajamos-en\/agricultura\/pozos-ilegales\/","name":"El robo del agua, impunidad m\u00e1s all\u00e1 de los pozos ilegales - ES | Greenpeace Espa\u00f1a","isPartOf":{"@id":"https:\/\/es.greenpeace.org\/es\/#website"},"primaryImageOfPage":{"@id":"https:\/\/es.greenpeace.org\/es\/trabajamos-en\/agricultura\/pozos-ilegales\/#primaryimage"},"image":{"@id":"https:\/\/es.greenpeace.org\/es\/trabajamos-en\/agricultura\/pozos-ilegales\/#primaryimage"},"thumbnailUrl":"https:\/\/es.greenpeace.org\/es\/wp-content\/uploads\/sites\/3\/2019\/03\/GP0STRDC6-rio-tajo-sequia.jpg","datePublished":"2019-03-08T12:16:18+00:00","dateModified":"2021-05-27T07:35:44+00:00","breadcrumb":{"@id":"https:\/\/es.greenpeace.org\/es\/trabajamos-en\/agricultura\/pozos-ilegales\/#breadcrumb"},"inLanguage":"es","potentialAction":[{"@type":"ReadAction","target":["https:\/\/es.greenpeace.org\/es\/trabajamos-en\/agricultura\/pozos-ilegales\/"]}]},{"@type":"ImageObject","inLanguage":"es","@id":"https:\/\/es.greenpeace.org\/es\/trabajamos-en\/agricultura\/pozos-ilegales\/#primaryimage","url":"https:\/\/es.greenpeace.org\/es\/wp-content\/uploads\/sites\/3\/2019\/03\/GP0STRDC6-rio-tajo-sequia.jpg","contentUrl":"https:\/\/es.greenpeace.org\/es\/wp-content\/uploads\/sites\/3\/2019\/03\/GP0STRDC6-rio-tajo-sequia.jpg","width":5679,"height":3786,"caption":"Tagus (Tajo) river. Greenpeace has documented some of the effects of the severe drought that is being experienced in Spain. Greenpeace denounces that the current shortage of water is not only the result of lack of rain but also of poor water management and waste of water resources. Rio Tajo. Trillo. Guadalajara Greenpeace ha documentado algunos de los efectos de la grave sequ\u00eda que se est\u00e1 viviendo en Espa\u00f1a. La organizaci\u00f3n denuncia que la actual escasez de agua no es solo producto de la falta de lluvia si no de una mala gesti\u00f3n del agua y del derroche de los recursos h\u00eddricos."},{"@type":"BreadcrumbList","@id":"https:\/\/es.greenpeace.org\/es\/trabajamos-en\/agricultura\/pozos-ilegales\/#breadcrumb","itemListElement":[{"@type":"ListItem","position":1,"name":"Home","item":"https:\/\/es.greenpeace.org\/es\/"},{"@type":"ListItem","position":2,"name":"Trabajamos en","item":"https:\/\/es.greenpeace.org\/es\/trabajamos-en\/"},{"@type":"ListItem","position":3,"name":"Agricultura y ganader\u00eda","item":"https:\/\/es.greenpeace.org\/es\/trabajamos-en\/agricultura\/"},{"@type":"ListItem","position":4,"name":"El robo del agua, impunidad m\u00e1s all\u00e1 de los pozos ilegales"}]},{"@type":"WebSite","@id":"https:\/\/es.greenpeace.org\/es\/#website","url":"https:\/\/es.greenpeace.org\/es\/","name":"Greenpeace Espa\u00f1a","description":"","publisher":{"@id":"https:\/\/es.greenpeace.org\/es\/#organization"},"potentialAction":[{"@type":"SearchAction","target":{"@type":"EntryPoint","urlTemplate":"https:\/\/es.greenpeace.org\/es\/?s={search_term_string}"},"query-input":{"@type":"PropertyValueSpecification","valueRequired":true,"valueName":"search_term_string"}}],"inLanguage":"es"},{"@type":"Organization","@id":"https:\/\/es.greenpeace.org\/es\/#organization","name":"Greenpeace Espa\u00f1a","alternateName":"Greenpeace","url":"https:\/\/es.greenpeace.org\/es\/","logo":{"@type":"ImageObject","inLanguage":"es","@id":"https:\/\/es.greenpeace.org\/es\/#\/schema\/logo\/image\/","url":"https:\/\/es.greenpeace.org\/es\/wp-content\/uploads\/sites\/3\/2024\/07\/greenpeace-logo-verde.svg","contentUrl":"https:\/\/es.greenpeace.org\/es\/wp-content\/uploads\/sites\/3\/2024\/07\/greenpeace-logo-verde.svg","width":1,"height":1,"caption":"Greenpeace Espa\u00f1a"},"image":{"@id":"https:\/\/es.greenpeace.org\/es\/#\/schema\/logo\/image\/"},"sameAs":["https:\/\/www.facebook.com\/greenpeace.spain","https:\/\/x.com\/greenpeace_esp","https:\/\/www.instagram.com\/greenpeace_esp\/"]}]}},"_links":{"self":[{"href":"https:\/\/es.greenpeace.org\/es\/wp-json\/wp\/v2\/pages\/15744","targetHints":{"allow":["GET"]}}],"collection":[{"href":"https:\/\/es.greenpeace.org\/es\/wp-json\/wp\/v2\/pages"}],"about":[{"href":"https:\/\/es.greenpeace.org\/es\/wp-json\/wp\/v2\/types\/page"}],"author":[{"embeddable":true,"href":"https:\/\/es.greenpeace.org\/es\/wp-json\/wp\/v2\/users\/5"}],"replies":[{"embeddable":true,"href":"https:\/\/es.greenpeace.org\/es\/wp-json\/wp\/v2\/comments?post=15744"}],"version-history":[{"count":11,"href":"https:\/\/es.greenpeace.org\/es\/wp-json\/wp\/v2\/pages\/15744\/revisions"}],"predecessor-version":[{"id":16434,"href":"https:\/\/es.greenpeace.org\/es\/wp-json\/wp\/v2\/pages\/15744\/revisions\/16434"}],"up":[{"embeddable":true,"href":"https:\/\/es.greenpeace.org\/es\/wp-json\/wp\/v2\/pages\/406"}],"wp:featuredmedia":[{"embeddable":true,"href":"https:\/\/es.greenpeace.org\/es\/wp-json\/wp\/v2\/media\/15936"}],"wp:attachment":[{"href":"https:\/\/es.greenpeace.org\/es\/wp-json\/wp\/v2\/media?parent=15744"}],"wp:term":[{"taxonomy":"category","embeddable":true,"href":"https:\/\/es.greenpeace.org\/es\/wp-json\/wp\/v2\/categories?post=15744"},{"taxonomy":"post_tag","embeddable":true,"href":"https:\/\/es.greenpeace.org\/es\/wp-json\/wp\/v2\/tags?post=15744"}],"curies":[{"name":"wp","href":"https:\/\/api.w.org\/{rel}","templated":true}]}}