{"id":16772,"date":"2019-04-04T14:19:15","date_gmt":"2019-04-04T12:19:15","guid":{"rendered":"https:\/\/es.greenpeace.org\/es\/?page_id=16772"},"modified":"2019-10-01T13:22:04","modified_gmt":"2019-10-01T11:22:04","slug":"biblioteca-de-desmentidos-ambientales","status":"publish","type":"page","link":"https:\/\/es.greenpeace.org\/es\/trabajamos-en\/democracia-y-contrapoder\/biblioteca-de-desmentidos-ambientales\/","title":{"rendered":"Biblioteca de desmentidos ambientales"},"content":{"rendered":"<h3>La proliferaci\u00f3n de bulos est\u00e1 minando los fundamentos de la democracia. La ciudadan\u00eda no puede elegir a sus representantes con buen criterio si no est\u00e1 correctamente informada.<\/h3>\n<p>El medio ambiente no es ajeno a esta desinformaci\u00f3n, a trav\u00e9s de noticias falsas, im\u00e1genes con datos err\u00f3neos que se propagan en redes sociales o pol\u00edticos que hacen declaraciones equ\u00edvocas para atraer la atenci\u00f3n.<\/p>\n<p>Para conocer en detalle c\u00f3mo funcionan los bulos informativos te invitamos a escuchar el cap\u00edtulo de nuestro podcast \u00ab<a href=\"https:\/\/es.greenpeace.org\/es\/noticias\/?tag=podcast\">Ruido blanco<\/a>\u00bb dedicado a ellos:<\/p>\n<iframe loading=\"lazy\" src=\"https:\/\/www.podiumpodcast.com\/widget\/embed\/20190415161035338\" width=\"100%\" height=\"100px\" frameborder=\"0\"><\/iframe>\n","protected":false},"excerpt":{"rendered":"<p>La proliferaci\u00f3n de bulos est\u00e1 minando los fundamentos de la democracia. La ciudadan\u00eda no puede elegir a sus representantes con buen criterio si no est\u00e1 correctamente informada. El medio ambiente no es ajeno a esta desinformaci\u00f3n, a trav\u00e9s de noticias falsas, im\u00e1genes con datos err\u00f3neos que se propagan en redes sociales o pol\u00edticos que hacen [&hellip;]<\/p>\n","protected":false},"author":44,"featured_media":16466,"parent":6874,"menu_order":0,"comment_status":"closed","ping_status":"closed","template":"template-generic-acf.php","meta":{"_acf_changed":false,"footnotes":""},"categories":[102],"tags":[],"class_list":["post-16772","page","type-page","status-publish","has-post-thumbnail","hentry","category-justicia-social"],"acf":[],"yoast_head":"<!-- This site is optimized with the Yoast SEO plugin v27.1.1 - https:\/\/yoast.com\/product\/yoast-seo-wordpress\/ -->\n<title>Biblioteca de desmentidos ambientales - ES | Greenpeace Espa\u00f1a<\/title>\n<meta name=\"robots\" content=\"index, follow, max-snippet:-1, max-image-preview:large, max-video-preview:-1\" \/>\n<link rel=\"canonical\" href=\"https:\/\/es.greenpeace.org\/es\/trabajamos-en\/democracia-y-contrapoder\/biblioteca-de-desmentidos-ambientales\/\" \/>\n<meta property=\"og:locale\" content=\"es_ES\" \/>\n<meta property=\"og:type\" content=\"article\" \/>\n<meta property=\"og:title\" content=\"Biblioteca de desmentidos ambientales - ES | Greenpeace Espa\u00f1a\" \/>\n<meta property=\"og:description\" content=\"La proliferaci\u00f3n de bulos est\u00e1 minando los fundamentos de la democracia. La ciudadan\u00eda no puede elegir a sus representantes con buen criterio si no est\u00e1 correctamente informada. El medio ambiente no es ajeno a esta desinformaci\u00f3n, a trav\u00e9s de noticias falsas, im\u00e1genes con datos err\u00f3neos que se propagan en redes sociales o pol\u00edticos que hacen [&hellip;]\" \/>\n<meta property=\"og:url\" content=\"https:\/\/es.greenpeace.org\/es\/trabajamos-en\/democracia-y-contrapoder\/biblioteca-de-desmentidos-ambientales\/\" \/>\n<meta property=\"og:site_name\" content=\"ES | Greenpeace Espa\u00f1a\" \/>\n<meta property=\"article:publisher\" content=\"https:\/\/www.facebook.com\/greenpeace.spain\" \/>\n<meta property=\"article:modified_time\" content=\"2019-10-01T11:22:04+00:00\" \/>\n<meta property=\"og:image\" content=\"https:\/\/es.greenpeace.org\/es\/wp-content\/uploads\/sites\/3\/2019\/03\/GPES20171015PA1184.jpg\" \/>\n\t<meta property=\"og:image:width\" content=\"1200\" \/>\n\t<meta property=\"og:image:height\" content=\"800\" \/>\n\t<meta property=\"og:image:type\" content=\"image\/jpeg\" \/>\n<meta name=\"twitter:card\" content=\"summary_large_image\" \/>\n<meta name=\"twitter:site\" content=\"@greenpeace_esp\" \/>\n<meta name=\"twitter:label1\" content=\"Tiempo de lectura\" \/>\n\t<meta name=\"twitter:data1\" content=\"1 minuto\" \/>\n<script type=\"application\/ld+json\" class=\"yoast-schema-graph\">{\"@context\":\"https:\/\/schema.org\",\"@graph\":[{\"@type\":\"WebPage\",\"@id\":\"https:\/\/es.greenpeace.org\/es\/trabajamos-en\/democracia-y-contrapoder\/biblioteca-de-desmentidos-ambientales\/\",\"url\":\"https:\/\/es.greenpeace.org\/es\/trabajamos-en\/democracia-y-contrapoder\/biblioteca-de-desmentidos-ambientales\/\",\"name\":\"Biblioteca de desmentidos ambientales - ES | Greenpeace Espa\u00f1a\",\"isPartOf\":{\"@id\":\"https:\/\/es.greenpeace.org\/es\/#website\"},\"primaryImageOfPage\":{\"@id\":\"https:\/\/es.greenpeace.org\/es\/trabajamos-en\/democracia-y-contrapoder\/biblioteca-de-desmentidos-ambientales\/#primaryimage\"},\"image\":{\"@id\":\"https:\/\/es.greenpeace.org\/es\/trabajamos-en\/democracia-y-contrapoder\/biblioteca-de-desmentidos-ambientales\/#primaryimage\"},\"thumbnailUrl\":\"https:\/\/es.greenpeace.org\/es\/wp-content\/uploads\/sites\/3\/2019\/03\/GPES20171015PA1184.jpg\",\"datePublished\":\"2019-04-04T12:19:15+00:00\",\"dateModified\":\"2019-10-01T11:22:04+00:00\",\"breadcrumb\":{\"@id\":\"https:\/\/es.greenpeace.org\/es\/trabajamos-en\/democracia-y-contrapoder\/biblioteca-de-desmentidos-ambientales\/#breadcrumb\"},\"inLanguage\":\"es\",\"potentialAction\":[{\"@type\":\"ReadAction\",\"target\":[\"https:\/\/es.greenpeace.org\/es\/trabajamos-en\/democracia-y-contrapoder\/biblioteca-de-desmentidos-ambientales\/\"]}]},{\"@type\":\"ImageObject\",\"inLanguage\":\"es\",\"@id\":\"https:\/\/es.greenpeace.org\/es\/trabajamos-en\/democracia-y-contrapoder\/biblioteca-de-desmentidos-ambientales\/#primaryimage\",\"url\":\"https:\/\/es.greenpeace.org\/es\/wp-content\/uploads\/sites\/3\/2019\/03\/GPES20171015PA1184.jpg\",\"contentUrl\":\"https:\/\/es.greenpeace.org\/es\/wp-content\/uploads\/sites\/3\/2019\/03\/GPES20171015PA1184.jpg\",\"width\":1200,\"height\":800,\"caption\":\"Sequ\u00eda\"},{\"@type\":\"BreadcrumbList\",\"@id\":\"https:\/\/es.greenpeace.org\/es\/trabajamos-en\/democracia-y-contrapoder\/biblioteca-de-desmentidos-ambientales\/#breadcrumb\",\"itemListElement\":[{\"@type\":\"ListItem\",\"position\":1,\"name\":\"Home\",\"item\":\"https:\/\/es.greenpeace.org\/es\/\"},{\"@type\":\"ListItem\",\"position\":2,\"name\":\"Trabajamos en\",\"item\":\"https:\/\/es.greenpeace.org\/es\/trabajamos-en\/\"},{\"@type\":\"ListItem\",\"position\":3,\"name\":\"Democracia y contrapoder\",\"item\":\"https:\/\/es.greenpeace.org\/es\/trabajamos-en\/democracia-y-contrapoder\/\"},{\"@type\":\"ListItem\",\"position\":4,\"name\":\"Biblioteca de desmentidos ambientales\"}]},{\"@type\":\"WebSite\",\"@id\":\"https:\/\/es.greenpeace.org\/es\/#website\",\"url\":\"https:\/\/es.greenpeace.org\/es\/\",\"name\":\"Greenpeace Espa\u00f1a\",\"description\":\"\",\"publisher\":{\"@id\":\"https:\/\/es.greenpeace.org\/es\/#organization\"},\"potentialAction\":[{\"@type\":\"SearchAction\",\"target\":{\"@type\":\"EntryPoint\",\"urlTemplate\":\"https:\/\/es.greenpeace.org\/es\/?s={search_term_string}\"},\"query-input\":{\"@type\":\"PropertyValueSpecification\",\"valueRequired\":true,\"valueName\":\"search_term_string\"}}],\"inLanguage\":\"es\"},{\"@type\":\"Organization\",\"@id\":\"https:\/\/es.greenpeace.org\/es\/#organization\",\"name\":\"Greenpeace Espa\u00f1a\",\"alternateName\":\"Greenpeace\",\"url\":\"https:\/\/es.greenpeace.org\/es\/\",\"logo\":{\"@type\":\"ImageObject\",\"inLanguage\":\"es\",\"@id\":\"https:\/\/es.greenpeace.org\/es\/#\/schema\/logo\/image\/\",\"url\":\"https:\/\/es.greenpeace.org\/es\/wp-content\/uploads\/sites\/3\/2024\/07\/greenpeace-logo-verde.svg\",\"contentUrl\":\"https:\/\/es.greenpeace.org\/es\/wp-content\/uploads\/sites\/3\/2024\/07\/greenpeace-logo-verde.svg\",\"width\":1,\"height\":1,\"caption\":\"Greenpeace Espa\u00f1a\"},\"image\":{\"@id\":\"https:\/\/es.greenpeace.org\/es\/#\/schema\/logo\/image\/\"},\"sameAs\":[\"https:\/\/www.facebook.com\/greenpeace.spain\",\"https:\/\/x.com\/greenpeace_esp\",\"https:\/\/www.instagram.com\/greenpeace_esp\/\"]}]}<\/script>\n<!-- \/ Yoast SEO plugin. -->","yoast_head_json":{"title":"Biblioteca de desmentidos ambientales - ES | Greenpeace Espa\u00f1a","robots":{"index":"index","follow":"follow","max-snippet":"max-snippet:-1","max-image-preview":"max-image-preview:large","max-video-preview":"max-video-preview:-1"},"canonical":"https:\/\/es.greenpeace.org\/es\/trabajamos-en\/democracia-y-contrapoder\/biblioteca-de-desmentidos-ambientales\/","og_locale":"es_ES","og_type":"article","og_title":"Biblioteca de desmentidos ambientales - ES | Greenpeace Espa\u00f1a","og_description":"La proliferaci\u00f3n de bulos est\u00e1 minando los fundamentos de la democracia. La ciudadan\u00eda no puede elegir a sus representantes con buen criterio si no est\u00e1 correctamente informada. El medio ambiente no es ajeno a esta desinformaci\u00f3n, a trav\u00e9s de noticias falsas, im\u00e1genes con datos err\u00f3neos que se propagan en redes sociales o pol\u00edticos que hacen [&hellip;]","og_url":"https:\/\/es.greenpeace.org\/es\/trabajamos-en\/democracia-y-contrapoder\/biblioteca-de-desmentidos-ambientales\/","og_site_name":"ES | Greenpeace Espa\u00f1a","article_publisher":"https:\/\/www.facebook.com\/greenpeace.spain","article_modified_time":"2019-10-01T11:22:04+00:00","og_image":[{"width":1200,"height":800,"url":"https:\/\/es.greenpeace.org\/es\/wp-content\/uploads\/sites\/3\/2019\/03\/GPES20171015PA1184.jpg","type":"image\/jpeg"}],"twitter_card":"summary_large_image","twitter_site":"@greenpeace_esp","twitter_misc":{"Tiempo de lectura":"1 minuto"},"schema":{"@context":"https:\/\/schema.org","@graph":[{"@type":"WebPage","@id":"https:\/\/es.greenpeace.org\/es\/trabajamos-en\/democracia-y-contrapoder\/biblioteca-de-desmentidos-ambientales\/","url":"https:\/\/es.greenpeace.org\/es\/trabajamos-en\/democracia-y-contrapoder\/biblioteca-de-desmentidos-ambientales\/","name":"Biblioteca de desmentidos ambientales - ES | Greenpeace Espa\u00f1a","isPartOf":{"@id":"https:\/\/es.greenpeace.org\/es\/#website"},"primaryImageOfPage":{"@id":"https:\/\/es.greenpeace.org\/es\/trabajamos-en\/democracia-y-contrapoder\/biblioteca-de-desmentidos-ambientales\/#primaryimage"},"image":{"@id":"https:\/\/es.greenpeace.org\/es\/trabajamos-en\/democracia-y-contrapoder\/biblioteca-de-desmentidos-ambientales\/#primaryimage"},"thumbnailUrl":"https:\/\/es.greenpeace.org\/es\/wp-content\/uploads\/sites\/3\/2019\/03\/GPES20171015PA1184.jpg","datePublished":"2019-04-04T12:19:15+00:00","dateModified":"2019-10-01T11:22:04+00:00","breadcrumb":{"@id":"https:\/\/es.greenpeace.org\/es\/trabajamos-en\/democracia-y-contrapoder\/biblioteca-de-desmentidos-ambientales\/#breadcrumb"},"inLanguage":"es","potentialAction":[{"@type":"ReadAction","target":["https:\/\/es.greenpeace.org\/es\/trabajamos-en\/democracia-y-contrapoder\/biblioteca-de-desmentidos-ambientales\/"]}]},{"@type":"ImageObject","inLanguage":"es","@id":"https:\/\/es.greenpeace.org\/es\/trabajamos-en\/democracia-y-contrapoder\/biblioteca-de-desmentidos-ambientales\/#primaryimage","url":"https:\/\/es.greenpeace.org\/es\/wp-content\/uploads\/sites\/3\/2019\/03\/GPES20171015PA1184.jpg","contentUrl":"https:\/\/es.greenpeace.org\/es\/wp-content\/uploads\/sites\/3\/2019\/03\/GPES20171015PA1184.jpg","width":1200,"height":800,"caption":"Sequ\u00eda"},{"@type":"BreadcrumbList","@id":"https:\/\/es.greenpeace.org\/es\/trabajamos-en\/democracia-y-contrapoder\/biblioteca-de-desmentidos-ambientales\/#breadcrumb","itemListElement":[{"@type":"ListItem","position":1,"name":"Home","item":"https:\/\/es.greenpeace.org\/es\/"},{"@type":"ListItem","position":2,"name":"Trabajamos en","item":"https:\/\/es.greenpeace.org\/es\/trabajamos-en\/"},{"@type":"ListItem","position":3,"name":"Democracia y contrapoder","item":"https:\/\/es.greenpeace.org\/es\/trabajamos-en\/democracia-y-contrapoder\/"},{"@type":"ListItem","position":4,"name":"Biblioteca de desmentidos ambientales"}]},{"@type":"WebSite","@id":"https:\/\/es.greenpeace.org\/es\/#website","url":"https:\/\/es.greenpeace.org\/es\/","name":"Greenpeace Espa\u00f1a","description":"","publisher":{"@id":"https:\/\/es.greenpeace.org\/es\/#organization"},"potentialAction":[{"@type":"SearchAction","target":{"@type":"EntryPoint","urlTemplate":"https:\/\/es.greenpeace.org\/es\/?s={search_term_string}"},"query-input":{"@type":"PropertyValueSpecification","valueRequired":true,"valueName":"search_term_string"}}],"inLanguage":"es"},{"@type":"Organization","@id":"https:\/\/es.greenpeace.org\/es\/#organization","name":"Greenpeace Espa\u00f1a","alternateName":"Greenpeace","url":"https:\/\/es.greenpeace.org\/es\/","logo":{"@type":"ImageObject","inLanguage":"es","@id":"https:\/\/es.greenpeace.org\/es\/#\/schema\/logo\/image\/","url":"https:\/\/es.greenpeace.org\/es\/wp-content\/uploads\/sites\/3\/2024\/07\/greenpeace-logo-verde.svg","contentUrl":"https:\/\/es.greenpeace.org\/es\/wp-content\/uploads\/sites\/3\/2024\/07\/greenpeace-logo-verde.svg","width":1,"height":1,"caption":"Greenpeace Espa\u00f1a"},"image":{"@id":"https:\/\/es.greenpeace.org\/es\/#\/schema\/logo\/image\/"},"sameAs":["https:\/\/www.facebook.com\/greenpeace.spain","https:\/\/x.com\/greenpeace_esp","https:\/\/www.instagram.com\/greenpeace_esp\/"]}]}},"_links":{"self":[{"href":"https:\/\/es.greenpeace.org\/es\/wp-json\/wp\/v2\/pages\/16772","targetHints":{"allow":["GET"]}}],"collection":[{"href":"https:\/\/es.greenpeace.org\/es\/wp-json\/wp\/v2\/pages"}],"about":[{"href":"https:\/\/es.greenpeace.org\/es\/wp-json\/wp\/v2\/types\/page"}],"author":[{"embeddable":true,"href":"https:\/\/es.greenpeace.org\/es\/wp-json\/wp\/v2\/users\/44"}],"replies":[{"embeddable":true,"href":"https:\/\/es.greenpeace.org\/es\/wp-json\/wp\/v2\/comments?post=16772"}],"version-history":[{"count":12,"href":"https:\/\/es.greenpeace.org\/es\/wp-json\/wp\/v2\/pages\/16772\/revisions"}],"predecessor-version":[{"id":21203,"href":"https:\/\/es.greenpeace.org\/es\/wp-json\/wp\/v2\/pages\/16772\/revisions\/21203"}],"up":[{"embeddable":true,"href":"https:\/\/es.greenpeace.org\/es\/wp-json\/wp\/v2\/pages\/6874"}],"wp:featuredmedia":[{"embeddable":true,"href":"https:\/\/es.greenpeace.org\/es\/wp-json\/wp\/v2\/media\/16466"}],"wp:attachment":[{"href":"https:\/\/es.greenpeace.org\/es\/wp-json\/wp\/v2\/media?parent=16772"}],"wp:term":[{"taxonomy":"category","embeddable":true,"href":"https:\/\/es.greenpeace.org\/es\/wp-json\/wp\/v2\/categories?post=16772"},{"taxonomy":"post_tag","embeddable":true,"href":"https:\/\/es.greenpeace.org\/es\/wp-json\/wp\/v2\/tags?post=16772"}],"curies":[{"name":"wp","href":"https:\/\/api.w.org\/{rel}","templated":true}]}}