{"id":17522,"date":"2019-05-03T12:14:39","date_gmt":"2019-05-03T10:14:39","guid":{"rendered":"https:\/\/es.greenpeace.org\/es\/?page_id=17522"},"modified":"2019-07-22T15:38:53","modified_gmt":"2019-07-22T13:38:53","slug":"carta-de-la-direccion","status":"publish","type":"page","link":"https:\/\/es.greenpeace.org\/es\/quienes-somos\/informes-anuales\/informe-anual-2018\/carta-de-la-direccion\/","title":{"rendered":"Carta de la direcci\u00f3n"},"content":{"rendered":"<p><strong>Querida socia, querido socio:<\/strong><\/p>\n<p>Concluye 2018 con una llamada urgente a la acci\u00f3n en la lucha contra el cambio clim\u00e1tico. La transici\u00f3n ecol\u00f3gica hacia un nuevo modelo productivo, que renuncie al consumismo y a la sobreexplotaci\u00f3n de los recursos en un planeta finito y fr\u00e1gil, es urgente. No tenemos m\u00e1s que una d\u00e9cada para evitar las consecuencias m\u00e1s negativas e irreversibles.<\/p>\n<p>Durante este a\u00f1o han ocurrido multitud de cosas, tanto en Espa\u00f1a como en el resto del mundo, que han estado relacionadas con el desarrollo de nuestro trabajo. Un trabajo que ha sido posible gracias al apoyo de vosotras y vosotros: socias y socios; voluntarias y voluntarios, activistas, y el resto del gran equipo que formamos Greenpeace.<\/p>\n<ul>\n<li>Participamos en el primer molino e\u00f3lico comunitario del Sur de Europa junto a 500 organizaciones y particulares y contratamos directamente su suministro el\u00e9ctrico para nuestra sede.<\/li>\n<li>Se aprueba el Decreto sobre la conservaci\u00f3n de la Posidonia en las Illes Balears que protege 650 km2 de esta planta marina.<\/li>\n<li>El Ayuntamiento de Madrid pone en marcha \u201cMadrid Central\u201d, un proyecto para reducir la contaminaci\u00f3n ambiental y el tr\u00e1fico motorizado en el centro de la ciudad.<\/li>\n<li>El Parlamento de Navarra aprueba la Ley de Residuos m\u00e1s avanzada de todo el Estado para acabar con los productos de un solo uso y volver a los reutilizables.<\/li>\n<li>Realizamos una expedici\u00f3n hist\u00f3rica para reclamar la creaci\u00f3n del mayor santuario del mundo en aguas ant\u00e1rticas y el 85% de la industria pesquera de kril se compromete a dejar de pescar en las \u00e1reas ecol\u00f3gicamente sensibles del oc\u00e9ano ant\u00e1rtico.<\/li>\n<li>Los gobiernos europeos respaldan la propuesta de la Comisi\u00f3n Europea para prohibir casi totalmente el uso al aire libre de tres insecticidas neonicotinoides especialmente peligrosos para las abejas.<\/li>\n<li>La Comisi\u00f3n Europea ha aprobado la primera Directiva en el mundo que reduce los pl\u00e1sticos de un solo uso.<\/li>\n<\/ul>\n<p><b>Aun as\u00ed, sin duda quedan muchos retos que afrontar durante 2019.<\/b> Por ejemplo:<\/p>\n<ul>\n<li>Que se apruebe una Ley de Cambio Clim\u00e1tico y Transici\u00f3n Energ\u00e9tica ambiciosa en cuanto a reducci\u00f3n de emisiones y renovables , acorde con la emergencia clim\u00e1tica que vivimos y que tenga tambi\u00e9n\u00a0 en consideraci\u00f3n la importancia del sector agr\u00edcola tanto para la mitigaci\u00f3n del cambio clim\u00e1tico como en las medidas de adaptaci\u00f3n.<\/li>\n<li>La demolici\u00f3n del hotel ilegal de El Algarrobico, haciendo efectivas las sentencias judiciales.<\/li>\n<li>Garantizar un Tratado de los Oc\u00e9anos de Naciones Unidas que permita la creaci\u00f3n y la gesti\u00f3n global de santuarios en alta mar.<\/li>\n<li>Poner en evidencia la huella ecol\u00f3gica de las importaciones de la UE de materias primas (aceite de palma, soja, carne, caucho, madera o papel) procedentes de la deforestaci\u00f3n como forma de evitar las emisiones de gases de efecto invernadero y la p\u00e9rdida de biodiversidad.<\/li>\n<li>M\u00e1s compromisos y actuaciones de las ciudades espa\u00f1olas para ser m\u00e1s sostenibles fomentando una movilidad sostenible, priorizando a las personas, fomentando una alimentaci\u00f3n, gestionando de manera eficiente sus residuos pl\u00e1sticos.<\/li>\n<li>Incrementar de la concienciaci\u00f3n sobre los impactos negativos de la ganader\u00eda industrial y el consumo desmesurado de carne y otros derivados animales para nuestra salud y la del planeta.<\/li>\n<li>Garantizar el cumplimiento estricto por parte del gobierno de la Ley de Control de Comercio de Armas y paralizaci\u00f3n de la exportaci\u00f3n de armas a Israel y los pa\u00edses de la coalici\u00f3n encabezada por Arabia Saud\u00ed en Yemen.<\/li>\n<li>Lograr definitivamente una reforma de la Ley Mordaza que se adec\u00fae a los est\u00e1ndares internacionales de derechos y libertades democr\u00e1ticos, y que proteja de forma efectiva el ejercicio del derecho a la protesta pac\u00edfica.<\/li>\n<\/ul>\n<p><b>En lo que respecta a los \u00f3rganos de gobierno de Greenpeace<\/b>, 2018 ha sido el ecuador del actual mandato del Consejo de Greenpeace Espa\u00f1a (2017-2019) y un a\u00f1o intenso de trabajo. En la Asamblea Anual, celebrada los d\u00edas 3 y 4 de marzo, se renovaron cinco de los siete puestos de la Junta Directiva. Un nuevo equipo que se marc\u00f3 como uno de sus objetivos prioritarios una mayor integraci\u00f3n de Junta y Consejo en las din\u00e1micas de Greenpeace Espa\u00f1a.<\/p>\n<p>Un paso en esta direcci\u00f3n fue nuestra incorporaci\u00f3n a la plataforma de movilizaci\u00f3n<a href=\"https:\/\/greenwire.greenpeace.org\/spain\/es-ES\/node\/90072\"> Greenwire<\/a> para estar m\u00e1s cerca de las actividades del voluntariado, que juega un papel imprescindible y cada vez m\u00e1s potente en Greenpeace. Integramos tambi\u00e9n en nuestro funcionamiento metodolog\u00edas y herramientas de trabajo acordes con las del resto de la organizaci\u00f3n.<\/p>\n<p>Todo ello para facilitar una mejor coordinaci\u00f3n y eficacia en nuestra labor de reflexi\u00f3n e impulso al excelente trabajo que realiza el equipo de Greenpeace Espa\u00f1a, en unos momentos en los que la emergencia clim\u00e1tica y la acelerada p\u00e9rdida de biodiversidad son una llamada constante a la acci\u00f3n. Desde el compromiso, la innovaci\u00f3n, la creatividad y el establecimiento de nuevas alianzas, hemos de combinar estrat\u00e9gicamente la denuncia y la puesta en marcha de alternativas, buscando la complicidad y la implicaci\u00f3n de sectores cada vez m\u00e1s amplios de la sociedad.<\/p>\n<p>En este contexto, en 2018 desde los \u00f3rganos de gobierno hemos tenido la oportunidad de facilitar y acompa\u00f1ar dos procesos importantes para Greenpeace Espa\u00f1a. La b\u00fasqueda de una nueva sede y del mejor proyecto para su adecuaci\u00f3n a criterios ambientales. Finalmente la organizaci\u00f3n cuenta con una sede que es ejemplo vivo de que los cambios que pedimos son viables y vienen acompa\u00f1ados, adem\u00e1s, de una mejor calidad de vida. El proyecto para una mayor presencia en los territorios, intensificando la contribuci\u00f3n desde lo local a los grandes retos ambientales por los que trabajamos, ha sido otro objetivo materializado en 2018.<\/p>\n<p>Seguimos adelante sabiendo que contamos con el compromiso y el impulso de todas las personas que hac\u00e9is posible la existencia y el trabajo de Greenpeace: socios y socias, voluntariado, activistas, equipo t\u00e9cnico, simpatizantes\u2026 <b>\u00a1GRACIAS!<\/b><\/p>\n<p style=\"text-align: right\"><b>El Consejo, la Junta Directiva y el director ejecutivo de Greenpeace Espa\u00f1a<\/b><\/p>\n","protected":false},"excerpt":{"rendered":"<p>Querida socia, querido socio: Concluye 2018 con una llamada urgente a la acci\u00f3n en la lucha contra el cambio clim\u00e1tico. La transici\u00f3n ecol\u00f3gica hacia un nuevo modelo productivo, que renuncie al consumismo y a la sobreexplotaci\u00f3n de los recursos en un planeta finito y fr\u00e1gil, es urgente. No tenemos m\u00e1s que una d\u00e9cada para evitar [&hellip;]<\/p>\n","protected":false},"author":44,"featured_media":17519,"parent":17503,"menu_order":0,"comment_status":"closed","ping_status":"closed","template":"template-generic-acf.php","meta":{"_acf_changed":false,"footnotes":""},"categories":[4],"tags":[],"class_list":["post-17522","page","type-page","status-publish","has-post-thumbnail","hentry","category-general"],"acf":[],"yoast_head":"<!-- This site is optimized with the Yoast SEO plugin v27.1.1 - https:\/\/yoast.com\/product\/yoast-seo-wordpress\/ -->\n<title>Carta de la direcci\u00f3n - ES | Greenpeace Espa\u00f1a<\/title>\n<meta name=\"robots\" content=\"index, follow, max-snippet:-1, max-image-preview:large, max-video-preview:-1\" \/>\n<link rel=\"canonical\" href=\"https:\/\/es.greenpeace.org\/es\/quienes-somos\/informes-anuales\/informe-anual-2018\/carta-de-la-direccion\/\" \/>\n<meta property=\"og:locale\" content=\"es_ES\" \/>\n<meta property=\"og:type\" content=\"article\" \/>\n<meta property=\"og:title\" content=\"Carta de la direcci\u00f3n - ES | Greenpeace Espa\u00f1a\" \/>\n<meta property=\"og:description\" content=\"Querida socia, querido socio: Concluye 2018 con una llamada urgente a la acci\u00f3n en la lucha contra el cambio clim\u00e1tico. La transici\u00f3n ecol\u00f3gica hacia un nuevo modelo productivo, que renuncie al consumismo y a la sobreexplotaci\u00f3n de los recursos en un planeta finito y fr\u00e1gil, es urgente. No tenemos m\u00e1s que una d\u00e9cada para evitar [&hellip;]\" \/>\n<meta property=\"og:url\" content=\"https:\/\/es.greenpeace.org\/es\/quienes-somos\/informes-anuales\/informe-anual-2018\/carta-de-la-direccion\/\" \/>\n<meta property=\"og:site_name\" content=\"ES | Greenpeace Espa\u00f1a\" \/>\n<meta property=\"article:publisher\" content=\"https:\/\/www.facebook.com\/greenpeace.spain\" \/>\n<meta property=\"article:modified_time\" content=\"2019-07-22T13:38:53+00:00\" \/>\n<meta property=\"og:image\" content=\"https:\/\/es.greenpeace.org\/es\/wp-content\/uploads\/sites\/3\/2019\/05\/GPES20181123NP0223-5K1.jpg\" \/>\n\t<meta property=\"og:image:width\" content=\"5120\" \/>\n\t<meta property=\"og:image:height\" content=\"3413\" \/>\n\t<meta property=\"og:image:type\" content=\"image\/jpeg\" \/>\n<meta name=\"twitter:card\" content=\"summary_large_image\" \/>\n<meta name=\"twitter:site\" content=\"@greenpeace_esp\" \/>\n<meta name=\"twitter:label1\" content=\"Tiempo de lectura\" \/>\n\t<meta name=\"twitter:data1\" content=\"5 minutos\" \/>\n<script type=\"application\/ld+json\" class=\"yoast-schema-graph\">{\"@context\":\"https:\/\/schema.org\",\"@graph\":[{\"@type\":\"WebPage\",\"@id\":\"https:\/\/es.greenpeace.org\/es\/quienes-somos\/informes-anuales\/informe-anual-2018\/carta-de-la-direccion\/\",\"url\":\"https:\/\/es.greenpeace.org\/es\/quienes-somos\/informes-anuales\/informe-anual-2018\/carta-de-la-direccion\/\",\"name\":\"Carta de la direcci\u00f3n - ES | Greenpeace Espa\u00f1a\",\"isPartOf\":{\"@id\":\"https:\/\/es.greenpeace.org\/es\/#website\"},\"primaryImageOfPage\":{\"@id\":\"https:\/\/es.greenpeace.org\/es\/quienes-somos\/informes-anuales\/informe-anual-2018\/carta-de-la-direccion\/#primaryimage\"},\"image\":{\"@id\":\"https:\/\/es.greenpeace.org\/es\/quienes-somos\/informes-anuales\/informe-anual-2018\/carta-de-la-direccion\/#primaryimage\"},\"thumbnailUrl\":\"https:\/\/es.greenpeace.org\/es\/wp-content\/uploads\/sites\/3\/2019\/05\/GPES20181123NP0223-5K1.jpg\",\"datePublished\":\"2019-05-03T10:14:39+00:00\",\"dateModified\":\"2019-07-22T13:38:53+00:00\",\"breadcrumb\":{\"@id\":\"https:\/\/es.greenpeace.org\/es\/quienes-somos\/informes-anuales\/informe-anual-2018\/carta-de-la-direccion\/#breadcrumb\"},\"inLanguage\":\"es\",\"potentialAction\":[{\"@type\":\"ReadAction\",\"target\":[\"https:\/\/es.greenpeace.org\/es\/quienes-somos\/informes-anuales\/informe-anual-2018\/carta-de-la-direccion\/\"]}]},{\"@type\":\"ImageObject\",\"inLanguage\":\"es\",\"@id\":\"https:\/\/es.greenpeace.org\/es\/quienes-somos\/informes-anuales\/informe-anual-2018\/carta-de-la-direccion\/#primaryimage\",\"url\":\"https:\/\/es.greenpeace.org\/es\/wp-content\/uploads\/sites\/3\/2019\/05\/GPES20181123NP0223-5K1.jpg\",\"contentUrl\":\"https:\/\/es.greenpeace.org\/es\/wp-content\/uploads\/sites\/3\/2019\/05\/GPES20181123NP0223-5K1.jpg\",\"width\":5120,\"height\":3413,\"caption\":\"24\/11\/2018. Espacio Ephimera, Madrid, Comunidad de Madrid, Espa\u00f1a. Madrid celebra su evento HAZ (Make Something Week) para proponer un Black Friday 2018 diferente, no basado en comprar sino en crear, compartir y reparar. HAZ promueve alternativas creativas al consumismo y tomar medidas para mejorar el mundo. HAZ es parte de MAKE SMTHNG WEEK, un festival internacional de creaci\u00f3n que desaf\u00eda la cultura consumista. Es una respuesta al Black Friday: en lugar de ir de compras te proponemos pasar tiempo de calidad con nuestras amistades y familiares, \u00a1y conocer gente nueva! HAZ es un conjunto de eventos y talleres en los que podr\u00e1s aprender nuevas habilidades y formas divertidas, creativas y bonitas de aprovechar al m\u00e1ximo los recursos que nos rodean. Cuando compartimos, reparamos, fabricamos y creamos transformamos las cosas antiguas en algo nuevo y extraordinario. Juntos y juntas podemos abandonar el sobreconsumo y dar un respiro a nuestro hermoso planeta. \u00a9Greenpeace\/Noelia Palafox \u00a9Greenpeace\/Noelia Palafox - No sales - No Archives - Editorial Use Only - Free use only for 14 days after release. Photo provided by GREENPEACE, distributed handout photo to be used only to illustrate news reporting or commentary on the facts or events depicted in this image.\"},{\"@type\":\"BreadcrumbList\",\"@id\":\"https:\/\/es.greenpeace.org\/es\/quienes-somos\/informes-anuales\/informe-anual-2018\/carta-de-la-direccion\/#breadcrumb\",\"itemListElement\":[{\"@type\":\"ListItem\",\"position\":1,\"name\":\"Home\",\"item\":\"https:\/\/es.greenpeace.org\/es\/\"},{\"@type\":\"ListItem\",\"position\":2,\"name\":\"Qui\u00e9nes somos\",\"item\":\"https:\/\/es.greenpeace.org\/es\/quienes-somos\/\"},{\"@type\":\"ListItem\",\"position\":3,\"name\":\"Informes anuales\",\"item\":\"https:\/\/es.greenpeace.org\/es\/quienes-somos\/informes-anuales\/\"},{\"@type\":\"ListItem\",\"position\":4,\"name\":\"Informe anual 2018\",\"item\":\"https:\/\/es.greenpeace.org\/es\/quienes-somos\/informes-anuales\/informe-anual-2018\/\"},{\"@type\":\"ListItem\",\"position\":5,\"name\":\"Carta de la direcci\u00f3n\"}]},{\"@type\":\"WebSite\",\"@id\":\"https:\/\/es.greenpeace.org\/es\/#website\",\"url\":\"https:\/\/es.greenpeace.org\/es\/\",\"name\":\"Greenpeace Espa\u00f1a\",\"description\":\"\",\"publisher\":{\"@id\":\"https:\/\/es.greenpeace.org\/es\/#organization\"},\"potentialAction\":[{\"@type\":\"SearchAction\",\"target\":{\"@type\":\"EntryPoint\",\"urlTemplate\":\"https:\/\/es.greenpeace.org\/es\/?s={search_term_string}\"},\"query-input\":{\"@type\":\"PropertyValueSpecification\",\"valueRequired\":true,\"valueName\":\"search_term_string\"}}],\"inLanguage\":\"es\"},{\"@type\":\"Organization\",\"@id\":\"https:\/\/es.greenpeace.org\/es\/#organization\",\"name\":\"Greenpeace Espa\u00f1a\",\"alternateName\":\"Greenpeace\",\"url\":\"https:\/\/es.greenpeace.org\/es\/\",\"logo\":{\"@type\":\"ImageObject\",\"inLanguage\":\"es\",\"@id\":\"https:\/\/es.greenpeace.org\/es\/#\/schema\/logo\/image\/\",\"url\":\"https:\/\/es.greenpeace.org\/es\/wp-content\/uploads\/sites\/3\/2024\/07\/greenpeace-logo-verde.svg\",\"contentUrl\":\"https:\/\/es.greenpeace.org\/es\/wp-content\/uploads\/sites\/3\/2024\/07\/greenpeace-logo-verde.svg\",\"width\":1,\"height\":1,\"caption\":\"Greenpeace Espa\u00f1a\"},\"image\":{\"@id\":\"https:\/\/es.greenpeace.org\/es\/#\/schema\/logo\/image\/\"},\"sameAs\":[\"https:\/\/www.facebook.com\/greenpeace.spain\",\"https:\/\/x.com\/greenpeace_esp\",\"https:\/\/www.instagram.com\/greenpeace_esp\/\"]}]}<\/script>\n<!-- \/ Yoast SEO plugin. -->","yoast_head_json":{"title":"Carta de la direcci\u00f3n - ES | Greenpeace Espa\u00f1a","robots":{"index":"index","follow":"follow","max-snippet":"max-snippet:-1","max-image-preview":"max-image-preview:large","max-video-preview":"max-video-preview:-1"},"canonical":"https:\/\/es.greenpeace.org\/es\/quienes-somos\/informes-anuales\/informe-anual-2018\/carta-de-la-direccion\/","og_locale":"es_ES","og_type":"article","og_title":"Carta de la direcci\u00f3n - ES | Greenpeace Espa\u00f1a","og_description":"Querida socia, querido socio: Concluye 2018 con una llamada urgente a la acci\u00f3n en la lucha contra el cambio clim\u00e1tico. La transici\u00f3n ecol\u00f3gica hacia un nuevo modelo productivo, que renuncie al consumismo y a la sobreexplotaci\u00f3n de los recursos en un planeta finito y fr\u00e1gil, es urgente. No tenemos m\u00e1s que una d\u00e9cada para evitar [&hellip;]","og_url":"https:\/\/es.greenpeace.org\/es\/quienes-somos\/informes-anuales\/informe-anual-2018\/carta-de-la-direccion\/","og_site_name":"ES | Greenpeace Espa\u00f1a","article_publisher":"https:\/\/www.facebook.com\/greenpeace.spain","article_modified_time":"2019-07-22T13:38:53+00:00","og_image":[{"width":5120,"height":3413,"url":"https:\/\/es.greenpeace.org\/es\/wp-content\/uploads\/sites\/3\/2019\/05\/GPES20181123NP0223-5K1.jpg","type":"image\/jpeg"}],"twitter_card":"summary_large_image","twitter_site":"@greenpeace_esp","twitter_misc":{"Tiempo de lectura":"5 minutos"},"schema":{"@context":"https:\/\/schema.org","@graph":[{"@type":"WebPage","@id":"https:\/\/es.greenpeace.org\/es\/quienes-somos\/informes-anuales\/informe-anual-2018\/carta-de-la-direccion\/","url":"https:\/\/es.greenpeace.org\/es\/quienes-somos\/informes-anuales\/informe-anual-2018\/carta-de-la-direccion\/","name":"Carta de la direcci\u00f3n - ES | Greenpeace Espa\u00f1a","isPartOf":{"@id":"https:\/\/es.greenpeace.org\/es\/#website"},"primaryImageOfPage":{"@id":"https:\/\/es.greenpeace.org\/es\/quienes-somos\/informes-anuales\/informe-anual-2018\/carta-de-la-direccion\/#primaryimage"},"image":{"@id":"https:\/\/es.greenpeace.org\/es\/quienes-somos\/informes-anuales\/informe-anual-2018\/carta-de-la-direccion\/#primaryimage"},"thumbnailUrl":"https:\/\/es.greenpeace.org\/es\/wp-content\/uploads\/sites\/3\/2019\/05\/GPES20181123NP0223-5K1.jpg","datePublished":"2019-05-03T10:14:39+00:00","dateModified":"2019-07-22T13:38:53+00:00","breadcrumb":{"@id":"https:\/\/es.greenpeace.org\/es\/quienes-somos\/informes-anuales\/informe-anual-2018\/carta-de-la-direccion\/#breadcrumb"},"inLanguage":"es","potentialAction":[{"@type":"ReadAction","target":["https:\/\/es.greenpeace.org\/es\/quienes-somos\/informes-anuales\/informe-anual-2018\/carta-de-la-direccion\/"]}]},{"@type":"ImageObject","inLanguage":"es","@id":"https:\/\/es.greenpeace.org\/es\/quienes-somos\/informes-anuales\/informe-anual-2018\/carta-de-la-direccion\/#primaryimage","url":"https:\/\/es.greenpeace.org\/es\/wp-content\/uploads\/sites\/3\/2019\/05\/GPES20181123NP0223-5K1.jpg","contentUrl":"https:\/\/es.greenpeace.org\/es\/wp-content\/uploads\/sites\/3\/2019\/05\/GPES20181123NP0223-5K1.jpg","width":5120,"height":3413,"caption":"24\/11\/2018. Espacio Ephimera, Madrid, Comunidad de Madrid, Espa\u00f1a. Madrid celebra su evento HAZ (Make Something Week) para proponer un Black Friday 2018 diferente, no basado en comprar sino en crear, compartir y reparar. HAZ promueve alternativas creativas al consumismo y tomar medidas para mejorar el mundo. HAZ es parte de MAKE SMTHNG WEEK, un festival internacional de creaci\u00f3n que desaf\u00eda la cultura consumista. Es una respuesta al Black Friday: en lugar de ir de compras te proponemos pasar tiempo de calidad con nuestras amistades y familiares, \u00a1y conocer gente nueva! HAZ es un conjunto de eventos y talleres en los que podr\u00e1s aprender nuevas habilidades y formas divertidas, creativas y bonitas de aprovechar al m\u00e1ximo los recursos que nos rodean. Cuando compartimos, reparamos, fabricamos y creamos transformamos las cosas antiguas en algo nuevo y extraordinario. Juntos y juntas podemos abandonar el sobreconsumo y dar un respiro a nuestro hermoso planeta. \u00a9Greenpeace\/Noelia Palafox \u00a9Greenpeace\/Noelia Palafox - No sales - No Archives - Editorial Use Only - Free use only for 14 days after release. Photo provided by GREENPEACE, distributed handout photo to be used only to illustrate news reporting or commentary on the facts or events depicted in this image."},{"@type":"BreadcrumbList","@id":"https:\/\/es.greenpeace.org\/es\/quienes-somos\/informes-anuales\/informe-anual-2018\/carta-de-la-direccion\/#breadcrumb","itemListElement":[{"@type":"ListItem","position":1,"name":"Home","item":"https:\/\/es.greenpeace.org\/es\/"},{"@type":"ListItem","position":2,"name":"Qui\u00e9nes somos","item":"https:\/\/es.greenpeace.org\/es\/quienes-somos\/"},{"@type":"ListItem","position":3,"name":"Informes anuales","item":"https:\/\/es.greenpeace.org\/es\/quienes-somos\/informes-anuales\/"},{"@type":"ListItem","position":4,"name":"Informe anual 2018","item":"https:\/\/es.greenpeace.org\/es\/quienes-somos\/informes-anuales\/informe-anual-2018\/"},{"@type":"ListItem","position":5,"name":"Carta de la direcci\u00f3n"}]},{"@type":"WebSite","@id":"https:\/\/es.greenpeace.org\/es\/#website","url":"https:\/\/es.greenpeace.org\/es\/","name":"Greenpeace Espa\u00f1a","description":"","publisher":{"@id":"https:\/\/es.greenpeace.org\/es\/#organization"},"potentialAction":[{"@type":"SearchAction","target":{"@type":"EntryPoint","urlTemplate":"https:\/\/es.greenpeace.org\/es\/?s={search_term_string}"},"query-input":{"@type":"PropertyValueSpecification","valueRequired":true,"valueName":"search_term_string"}}],"inLanguage":"es"},{"@type":"Organization","@id":"https:\/\/es.greenpeace.org\/es\/#organization","name":"Greenpeace Espa\u00f1a","alternateName":"Greenpeace","url":"https:\/\/es.greenpeace.org\/es\/","logo":{"@type":"ImageObject","inLanguage":"es","@id":"https:\/\/es.greenpeace.org\/es\/#\/schema\/logo\/image\/","url":"https:\/\/es.greenpeace.org\/es\/wp-content\/uploads\/sites\/3\/2024\/07\/greenpeace-logo-verde.svg","contentUrl":"https:\/\/es.greenpeace.org\/es\/wp-content\/uploads\/sites\/3\/2024\/07\/greenpeace-logo-verde.svg","width":1,"height":1,"caption":"Greenpeace Espa\u00f1a"},"image":{"@id":"https:\/\/es.greenpeace.org\/es\/#\/schema\/logo\/image\/"},"sameAs":["https:\/\/www.facebook.com\/greenpeace.spain","https:\/\/x.com\/greenpeace_esp","https:\/\/www.instagram.com\/greenpeace_esp\/"]}]}},"_links":{"self":[{"href":"https:\/\/es.greenpeace.org\/es\/wp-json\/wp\/v2\/pages\/17522","targetHints":{"allow":["GET"]}}],"collection":[{"href":"https:\/\/es.greenpeace.org\/es\/wp-json\/wp\/v2\/pages"}],"about":[{"href":"https:\/\/es.greenpeace.org\/es\/wp-json\/wp\/v2\/types\/page"}],"author":[{"embeddable":true,"href":"https:\/\/es.greenpeace.org\/es\/wp-json\/wp\/v2\/users\/44"}],"replies":[{"embeddable":true,"href":"https:\/\/es.greenpeace.org\/es\/wp-json\/wp\/v2\/comments?post=17522"}],"version-history":[{"count":5,"href":"https:\/\/es.greenpeace.org\/es\/wp-json\/wp\/v2\/pages\/17522\/revisions"}],"predecessor-version":[{"id":19908,"href":"https:\/\/es.greenpeace.org\/es\/wp-json\/wp\/v2\/pages\/17522\/revisions\/19908"}],"up":[{"embeddable":true,"href":"https:\/\/es.greenpeace.org\/es\/wp-json\/wp\/v2\/pages\/17503"}],"wp:featuredmedia":[{"embeddable":true,"href":"https:\/\/es.greenpeace.org\/es\/wp-json\/wp\/v2\/media\/17519"}],"wp:attachment":[{"href":"https:\/\/es.greenpeace.org\/es\/wp-json\/wp\/v2\/media?parent=17522"}],"wp:term":[{"taxonomy":"category","embeddable":true,"href":"https:\/\/es.greenpeace.org\/es\/wp-json\/wp\/v2\/categories?post=17522"},{"taxonomy":"post_tag","embeddable":true,"href":"https:\/\/es.greenpeace.org\/es\/wp-json\/wp\/v2\/tags?post=17522"}],"curies":[{"name":"wp","href":"https:\/\/api.w.org\/{rel}","templated":true}]}}