{"id":17543,"date":"2019-05-03T17:00:34","date_gmt":"2019-05-03T15:00:34","guid":{"rendered":"https:\/\/es.greenpeace.org\/es\/?page_id=17543"},"modified":"2020-07-23T10:30:44","modified_gmt":"2020-07-23T08:30:44","slug":"lucha-contra-el-cambio-climatico-revolucion-ciudadana-y-transicion-justa","status":"publish","type":"page","link":"https:\/\/es.greenpeace.org\/es\/quienes-somos\/informes-anuales\/informe-anual-2018\/lucha-contra-el-cambio-climatico-revolucion-ciudadana-y-transicion-justa\/","title":{"rendered":"Lucha contra el cambio clim\u00e1tico: revoluci\u00f3n ciudadana y transici\u00f3n justa"},"content":{"rendered":"<h4>2018 ha sido el a\u00f1o en que hemos conseguido derrotar el impuesto al sol. Adem\u00e1s hemos unido fuerzas con otras organizaciones y movimientos sociales en la mayor movilizaci\u00f3n de nuestro pa\u00eds contra el carb\u00f3n. Como resultado, dos tercios de las centrales t\u00e9rmicas de carb\u00f3n han anunciado su cierre.<\/h4>\n<p><strong>Es de vital importancia actuar de forma contundente contra el cambio clim\u00e1tico.<\/strong> Lo expres\u00f3 en octubre el Grupo Intergubernamental de Expertos sobre Cambio Clim\u00e1tico de Naciones Unidas (IPCC), en <a href=\"https:\/\/es.greenpeace.org\/es\/sala-de-prensa\/comunicados\/es-posible-evitar-el-calentamiento-de-mas-de-15-oc-si-se-actua-con-urgencia-y-determinacion\/\">un informe<\/a> que alertaba que el calentamiento global superar\u00eda los 1,5 \u00baC entre 2030 y 2052 si contin\u00faan los ritmos actuales de emisiones de CO2.<\/p>\n<p><strong>Espa\u00f1a ser\u00e1 uno de los pa\u00edses m\u00e1s afectados por el cambio clim\u00e1tico,<\/strong> con olas de calor, fen\u00f3menos meteorol\u00f3gicos extremos, especies invasoras o intensificaci\u00f3n de enfermedades, seg\u00fan <a href=\"https:\/\/es.greenpeace.org\/es\/trabajamos-en\/cambio-climatico\/asi-afecta-el-cambio-climatico\/\">un estudio<\/a> que publicamos en noviembre, de cara a la <a href=\"https:\/\/es.greenpeace.org\/es\/sala-de-prensa\/comunicados\/la-cop24-finaliza-sin-compromisos-firmes-para-aumentar-la-accion-y-la-ambicion-climatica\/\">Cumbre del Clima de Polonia<\/a>, que finaliz\u00f3 sin grandes acuerdos.<\/p>\n<p>Pero es posible actuar, tal y como demostramos en el estudio <a href=\"https:\/\/es.greenpeace.org\/es\/sala-de-prensa\/informes\/unico-sentido-2025-sin-carbon-ni-energia-nuclear\/\"><em>\u00danico sentido<\/em><\/a>, donde demostramos la viabilidad del cierre de todas las centrales de carb\u00f3n y nucleares en Espa\u00f1a en 2025.<\/p>\n","protected":false},"excerpt":{"rendered":"<p>2018 ha sido el a\u00f1o en que hemos conseguido derrotar el impuesto al sol. Adem\u00e1s hemos unido fuerzas con otras organizaciones y movimientos sociales en la mayor movilizaci\u00f3n de nuestro pa\u00eds contra el carb\u00f3n. Como resultado, dos tercios de las centrales t\u00e9rmicas de carb\u00f3n han anunciado su cierre. Es de vital importancia actuar de forma [&hellip;]<\/p>\n","protected":false},"author":44,"featured_media":13161,"parent":17503,"menu_order":0,"comment_status":"closed","ping_status":"closed","template":"template-generic-acf.php","meta":{"_acf_changed":false,"footnotes":""},"categories":[35],"tags":[],"class_list":["post-17543","page","type-page","status-publish","has-post-thumbnail","hentry","category-cambio-climatico"],"acf":[],"yoast_head":"<!-- This site is optimized with the Yoast SEO plugin v27.1.1 - https:\/\/yoast.com\/product\/yoast-seo-wordpress\/ -->\n<title>Lucha contra el cambio clim\u00e1tico: revoluci\u00f3n ciudadana y transici\u00f3n justa - ES | Greenpeace Espa\u00f1a<\/title>\n<meta name=\"robots\" content=\"index, follow, max-snippet:-1, max-image-preview:large, max-video-preview:-1\" \/>\n<link rel=\"canonical\" href=\"https:\/\/es.greenpeace.org\/es\/quienes-somos\/informes-anuales\/informe-anual-2018\/lucha-contra-el-cambio-climatico-revolucion-ciudadana-y-transicion-justa\/\" \/>\n<meta property=\"og:locale\" content=\"es_ES\" \/>\n<meta property=\"og:type\" content=\"article\" \/>\n<meta property=\"og:title\" content=\"Lucha contra el cambio clim\u00e1tico: revoluci\u00f3n ciudadana y transici\u00f3n justa - ES | Greenpeace Espa\u00f1a\" \/>\n<meta property=\"og:description\" content=\"2018 ha sido el a\u00f1o en que hemos conseguido derrotar el impuesto al sol. Adem\u00e1s hemos unido fuerzas con otras organizaciones y movimientos sociales en la mayor movilizaci\u00f3n de nuestro pa\u00eds contra el carb\u00f3n. Como resultado, dos tercios de las centrales t\u00e9rmicas de carb\u00f3n han anunciado su cierre. Es de vital importancia actuar de forma [&hellip;]\" \/>\n<meta property=\"og:url\" content=\"https:\/\/es.greenpeace.org\/es\/quienes-somos\/informes-anuales\/informe-anual-2018\/lucha-contra-el-cambio-climatico-revolucion-ciudadana-y-transicion-justa\/\" \/>\n<meta property=\"og:site_name\" content=\"ES | Greenpeace Espa\u00f1a\" \/>\n<meta property=\"article:publisher\" content=\"https:\/\/www.facebook.com\/greenpeace.spain\" \/>\n<meta property=\"article:modified_time\" content=\"2020-07-23T08:30:44+00:00\" \/>\n<meta property=\"og:image\" content=\"https:\/\/es.greenpeace.org\/es\/wp-content\/uploads\/sites\/3\/2018\/11\/GPES20181126PA0027-2100x1400.jpg\" \/>\n\t<meta property=\"og:image:width\" content=\"2100\" \/>\n\t<meta property=\"og:image:height\" content=\"1400\" \/>\n\t<meta property=\"og:image:type\" content=\"image\/jpeg\" \/>\n<meta name=\"twitter:card\" content=\"summary_large_image\" \/>\n<meta name=\"twitter:site\" content=\"@greenpeace_esp\" \/>\n<meta name=\"twitter:label1\" content=\"Tiempo de lectura\" \/>\n\t<meta name=\"twitter:data1\" content=\"1 minuto\" \/>\n<script type=\"application\/ld+json\" class=\"yoast-schema-graph\">{\"@context\":\"https:\/\/schema.org\",\"@graph\":[{\"@type\":\"WebPage\",\"@id\":\"https:\/\/es.greenpeace.org\/es\/quienes-somos\/informes-anuales\/informe-anual-2018\/lucha-contra-el-cambio-climatico-revolucion-ciudadana-y-transicion-justa\/\",\"url\":\"https:\/\/es.greenpeace.org\/es\/quienes-somos\/informes-anuales\/informe-anual-2018\/lucha-contra-el-cambio-climatico-revolucion-ciudadana-y-transicion-justa\/\",\"name\":\"Lucha contra el cambio clim\u00e1tico: revoluci\u00f3n ciudadana y transici\u00f3n justa - ES | Greenpeace Espa\u00f1a\",\"isPartOf\":{\"@id\":\"https:\/\/es.greenpeace.org\/es\/#website\"},\"primaryImageOfPage\":{\"@id\":\"https:\/\/es.greenpeace.org\/es\/quienes-somos\/informes-anuales\/informe-anual-2018\/lucha-contra-el-cambio-climatico-revolucion-ciudadana-y-transicion-justa\/#primaryimage\"},\"image\":{\"@id\":\"https:\/\/es.greenpeace.org\/es\/quienes-somos\/informes-anuales\/informe-anual-2018\/lucha-contra-el-cambio-climatico-revolucion-ciudadana-y-transicion-justa\/#primaryimage\"},\"thumbnailUrl\":\"https:\/\/es.greenpeace.org\/es\/wp-content\/uploads\/sites\/3\/2018\/11\/GPES20181126PA0027.jpg\",\"datePublished\":\"2019-05-03T15:00:34+00:00\",\"dateModified\":\"2020-07-23T08:30:44+00:00\",\"breadcrumb\":{\"@id\":\"https:\/\/es.greenpeace.org\/es\/quienes-somos\/informes-anuales\/informe-anual-2018\/lucha-contra-el-cambio-climatico-revolucion-ciudadana-y-transicion-justa\/#breadcrumb\"},\"inLanguage\":\"es\",\"potentialAction\":[{\"@type\":\"ReadAction\",\"target\":[\"https:\/\/es.greenpeace.org\/es\/quienes-somos\/informes-anuales\/informe-anual-2018\/lucha-contra-el-cambio-climatico-revolucion-ciudadana-y-transicion-justa\/\"]}]},{\"@type\":\"ImageObject\",\"inLanguage\":\"es\",\"@id\":\"https:\/\/es.greenpeace.org\/es\/quienes-somos\/informes-anuales\/informe-anual-2018\/lucha-contra-el-cambio-climatico-revolucion-ciudadana-y-transicion-justa\/#primaryimage\",\"url\":\"https:\/\/es.greenpeace.org\/es\/wp-content\/uploads\/sites\/3\/2018\/11\/GPES20181126PA0027.jpg\",\"contentUrl\":\"https:\/\/es.greenpeace.org\/es\/wp-content\/uploads\/sites\/3\/2018\/11\/GPES20181126PA0027.jpg\",\"width\":5812,\"height\":3875,\"caption\":\"26\/11\/2018. Central T\u008ermica Litoral de Almer\u0092a. Carboneras, Almer\u0092a, Espa\u0096a. M\u0087s de 70 activistas de Greenpeace de siete nacionalidades distintas han bloqueado esta ma\u0096ana a bordo de 45 kayaks el puerto de la central t\u008ermica de Endesa en Carboneras (Almer\u0092a) para exigir su cierre a la compa\u0096\u0092a el\u008ectrica. Los activistas portaban pancartas con los mensajes \\\"Apaga el carb\u0097n\\\" y \\\"No al carb\u0097n\\\" en ingl\u008es y en espa\u0096ol. Con esta acci\u0097n de protesta pac\u0092fica, la organizaci\u0097n denuncia que el carb\u0097n es el principal responsable del cambio clim\u0087tico en el mundo y Endesa la empresa que m\u0087s cambio clim\u0087tico provoca en Espa\u0096a adem\u0087s de la sexta compa\u0096\u0092a t\u008ermica m\u0087s contaminante de Europa. \u00a9Greenpeace\/Pedro Armestre Copy \u00a9Greenpeace Handout\/Pedro Armestre - No sales - No Archives - Editorial Use Only - Free use only for 14 days after release. Photo provided by GREENPEACE, distributed handout photo to be used only to illustrate news reporting or commentary on the facts or events depicted in this image.\"},{\"@type\":\"BreadcrumbList\",\"@id\":\"https:\/\/es.greenpeace.org\/es\/quienes-somos\/informes-anuales\/informe-anual-2018\/lucha-contra-el-cambio-climatico-revolucion-ciudadana-y-transicion-justa\/#breadcrumb\",\"itemListElement\":[{\"@type\":\"ListItem\",\"position\":1,\"name\":\"Home\",\"item\":\"https:\/\/es.greenpeace.org\/es\/\"},{\"@type\":\"ListItem\",\"position\":2,\"name\":\"Qui\u00e9nes somos\",\"item\":\"https:\/\/es.greenpeace.org\/es\/quienes-somos\/\"},{\"@type\":\"ListItem\",\"position\":3,\"name\":\"Informes anuales\",\"item\":\"https:\/\/es.greenpeace.org\/es\/quienes-somos\/informes-anuales\/\"},{\"@type\":\"ListItem\",\"position\":4,\"name\":\"Informe anual 2018\",\"item\":\"https:\/\/es.greenpeace.org\/es\/quienes-somos\/informes-anuales\/informe-anual-2018\/\"},{\"@type\":\"ListItem\",\"position\":5,\"name\":\"Lucha contra el cambio clim\u00e1tico: revoluci\u00f3n ciudadana y transici\u00f3n justa\"}]},{\"@type\":\"WebSite\",\"@id\":\"https:\/\/es.greenpeace.org\/es\/#website\",\"url\":\"https:\/\/es.greenpeace.org\/es\/\",\"name\":\"Greenpeace Espa\u00f1a\",\"description\":\"\",\"publisher\":{\"@id\":\"https:\/\/es.greenpeace.org\/es\/#organization\"},\"potentialAction\":[{\"@type\":\"SearchAction\",\"target\":{\"@type\":\"EntryPoint\",\"urlTemplate\":\"https:\/\/es.greenpeace.org\/es\/?s={search_term_string}\"},\"query-input\":{\"@type\":\"PropertyValueSpecification\",\"valueRequired\":true,\"valueName\":\"search_term_string\"}}],\"inLanguage\":\"es\"},{\"@type\":\"Organization\",\"@id\":\"https:\/\/es.greenpeace.org\/es\/#organization\",\"name\":\"Greenpeace Espa\u00f1a\",\"alternateName\":\"Greenpeace\",\"url\":\"https:\/\/es.greenpeace.org\/es\/\",\"logo\":{\"@type\":\"ImageObject\",\"inLanguage\":\"es\",\"@id\":\"https:\/\/es.greenpeace.org\/es\/#\/schema\/logo\/image\/\",\"url\":\"https:\/\/es.greenpeace.org\/es\/wp-content\/uploads\/sites\/3\/2024\/07\/greenpeace-logo-verde.svg\",\"contentUrl\":\"https:\/\/es.greenpeace.org\/es\/wp-content\/uploads\/sites\/3\/2024\/07\/greenpeace-logo-verde.svg\",\"width\":1,\"height\":1,\"caption\":\"Greenpeace Espa\u00f1a\"},\"image\":{\"@id\":\"https:\/\/es.greenpeace.org\/es\/#\/schema\/logo\/image\/\"},\"sameAs\":[\"https:\/\/www.facebook.com\/greenpeace.spain\",\"https:\/\/x.com\/greenpeace_esp\",\"https:\/\/www.instagram.com\/greenpeace_esp\/\"]}]}<\/script>\n<!-- \/ Yoast SEO plugin. -->","yoast_head_json":{"title":"Lucha contra el cambio clim\u00e1tico: revoluci\u00f3n ciudadana y transici\u00f3n justa - ES | Greenpeace Espa\u00f1a","robots":{"index":"index","follow":"follow","max-snippet":"max-snippet:-1","max-image-preview":"max-image-preview:large","max-video-preview":"max-video-preview:-1"},"canonical":"https:\/\/es.greenpeace.org\/es\/quienes-somos\/informes-anuales\/informe-anual-2018\/lucha-contra-el-cambio-climatico-revolucion-ciudadana-y-transicion-justa\/","og_locale":"es_ES","og_type":"article","og_title":"Lucha contra el cambio clim\u00e1tico: revoluci\u00f3n ciudadana y transici\u00f3n justa - ES | Greenpeace Espa\u00f1a","og_description":"2018 ha sido el a\u00f1o en que hemos conseguido derrotar el impuesto al sol. Adem\u00e1s hemos unido fuerzas con otras organizaciones y movimientos sociales en la mayor movilizaci\u00f3n de nuestro pa\u00eds contra el carb\u00f3n. Como resultado, dos tercios de las centrales t\u00e9rmicas de carb\u00f3n han anunciado su cierre. Es de vital importancia actuar de forma [&hellip;]","og_url":"https:\/\/es.greenpeace.org\/es\/quienes-somos\/informes-anuales\/informe-anual-2018\/lucha-contra-el-cambio-climatico-revolucion-ciudadana-y-transicion-justa\/","og_site_name":"ES | Greenpeace Espa\u00f1a","article_publisher":"https:\/\/www.facebook.com\/greenpeace.spain","article_modified_time":"2020-07-23T08:30:44+00:00","og_image":[{"width":2100,"height":1400,"url":"https:\/\/es.greenpeace.org\/es\/wp-content\/uploads\/sites\/3\/2018\/11\/GPES20181126PA0027-2100x1400.jpg","type":"image\/jpeg"}],"twitter_card":"summary_large_image","twitter_site":"@greenpeace_esp","twitter_misc":{"Tiempo de lectura":"1 minuto"},"schema":{"@context":"https:\/\/schema.org","@graph":[{"@type":"WebPage","@id":"https:\/\/es.greenpeace.org\/es\/quienes-somos\/informes-anuales\/informe-anual-2018\/lucha-contra-el-cambio-climatico-revolucion-ciudadana-y-transicion-justa\/","url":"https:\/\/es.greenpeace.org\/es\/quienes-somos\/informes-anuales\/informe-anual-2018\/lucha-contra-el-cambio-climatico-revolucion-ciudadana-y-transicion-justa\/","name":"Lucha contra el cambio clim\u00e1tico: revoluci\u00f3n ciudadana y transici\u00f3n justa - ES | Greenpeace Espa\u00f1a","isPartOf":{"@id":"https:\/\/es.greenpeace.org\/es\/#website"},"primaryImageOfPage":{"@id":"https:\/\/es.greenpeace.org\/es\/quienes-somos\/informes-anuales\/informe-anual-2018\/lucha-contra-el-cambio-climatico-revolucion-ciudadana-y-transicion-justa\/#primaryimage"},"image":{"@id":"https:\/\/es.greenpeace.org\/es\/quienes-somos\/informes-anuales\/informe-anual-2018\/lucha-contra-el-cambio-climatico-revolucion-ciudadana-y-transicion-justa\/#primaryimage"},"thumbnailUrl":"https:\/\/es.greenpeace.org\/es\/wp-content\/uploads\/sites\/3\/2018\/11\/GPES20181126PA0027.jpg","datePublished":"2019-05-03T15:00:34+00:00","dateModified":"2020-07-23T08:30:44+00:00","breadcrumb":{"@id":"https:\/\/es.greenpeace.org\/es\/quienes-somos\/informes-anuales\/informe-anual-2018\/lucha-contra-el-cambio-climatico-revolucion-ciudadana-y-transicion-justa\/#breadcrumb"},"inLanguage":"es","potentialAction":[{"@type":"ReadAction","target":["https:\/\/es.greenpeace.org\/es\/quienes-somos\/informes-anuales\/informe-anual-2018\/lucha-contra-el-cambio-climatico-revolucion-ciudadana-y-transicion-justa\/"]}]},{"@type":"ImageObject","inLanguage":"es","@id":"https:\/\/es.greenpeace.org\/es\/quienes-somos\/informes-anuales\/informe-anual-2018\/lucha-contra-el-cambio-climatico-revolucion-ciudadana-y-transicion-justa\/#primaryimage","url":"https:\/\/es.greenpeace.org\/es\/wp-content\/uploads\/sites\/3\/2018\/11\/GPES20181126PA0027.jpg","contentUrl":"https:\/\/es.greenpeace.org\/es\/wp-content\/uploads\/sites\/3\/2018\/11\/GPES20181126PA0027.jpg","width":5812,"height":3875,"caption":"26\/11\/2018. Central T\u008ermica Litoral de Almer\u0092a. Carboneras, Almer\u0092a, Espa\u0096a. M\u0087s de 70 activistas de Greenpeace de siete nacionalidades distintas han bloqueado esta ma\u0096ana a bordo de 45 kayaks el puerto de la central t\u008ermica de Endesa en Carboneras (Almer\u0092a) para exigir su cierre a la compa\u0096\u0092a el\u008ectrica. Los activistas portaban pancartas con los mensajes \"Apaga el carb\u0097n\" y \"No al carb\u0097n\" en ingl\u008es y en espa\u0096ol. Con esta acci\u0097n de protesta pac\u0092fica, la organizaci\u0097n denuncia que el carb\u0097n es el principal responsable del cambio clim\u0087tico en el mundo y Endesa la empresa que m\u0087s cambio clim\u0087tico provoca en Espa\u0096a adem\u0087s de la sexta compa\u0096\u0092a t\u008ermica m\u0087s contaminante de Europa. \u00a9Greenpeace\/Pedro Armestre Copy \u00a9Greenpeace Handout\/Pedro Armestre - No sales - No Archives - Editorial Use Only - Free use only for 14 days after release. Photo provided by GREENPEACE, distributed handout photo to be used only to illustrate news reporting or commentary on the facts or events depicted in this image."},{"@type":"BreadcrumbList","@id":"https:\/\/es.greenpeace.org\/es\/quienes-somos\/informes-anuales\/informe-anual-2018\/lucha-contra-el-cambio-climatico-revolucion-ciudadana-y-transicion-justa\/#breadcrumb","itemListElement":[{"@type":"ListItem","position":1,"name":"Home","item":"https:\/\/es.greenpeace.org\/es\/"},{"@type":"ListItem","position":2,"name":"Qui\u00e9nes somos","item":"https:\/\/es.greenpeace.org\/es\/quienes-somos\/"},{"@type":"ListItem","position":3,"name":"Informes anuales","item":"https:\/\/es.greenpeace.org\/es\/quienes-somos\/informes-anuales\/"},{"@type":"ListItem","position":4,"name":"Informe anual 2018","item":"https:\/\/es.greenpeace.org\/es\/quienes-somos\/informes-anuales\/informe-anual-2018\/"},{"@type":"ListItem","position":5,"name":"Lucha contra el cambio clim\u00e1tico: revoluci\u00f3n ciudadana y transici\u00f3n justa"}]},{"@type":"WebSite","@id":"https:\/\/es.greenpeace.org\/es\/#website","url":"https:\/\/es.greenpeace.org\/es\/","name":"Greenpeace Espa\u00f1a","description":"","publisher":{"@id":"https:\/\/es.greenpeace.org\/es\/#organization"},"potentialAction":[{"@type":"SearchAction","target":{"@type":"EntryPoint","urlTemplate":"https:\/\/es.greenpeace.org\/es\/?s={search_term_string}"},"query-input":{"@type":"PropertyValueSpecification","valueRequired":true,"valueName":"search_term_string"}}],"inLanguage":"es"},{"@type":"Organization","@id":"https:\/\/es.greenpeace.org\/es\/#organization","name":"Greenpeace Espa\u00f1a","alternateName":"Greenpeace","url":"https:\/\/es.greenpeace.org\/es\/","logo":{"@type":"ImageObject","inLanguage":"es","@id":"https:\/\/es.greenpeace.org\/es\/#\/schema\/logo\/image\/","url":"https:\/\/es.greenpeace.org\/es\/wp-content\/uploads\/sites\/3\/2024\/07\/greenpeace-logo-verde.svg","contentUrl":"https:\/\/es.greenpeace.org\/es\/wp-content\/uploads\/sites\/3\/2024\/07\/greenpeace-logo-verde.svg","width":1,"height":1,"caption":"Greenpeace Espa\u00f1a"},"image":{"@id":"https:\/\/es.greenpeace.org\/es\/#\/schema\/logo\/image\/"},"sameAs":["https:\/\/www.facebook.com\/greenpeace.spain","https:\/\/x.com\/greenpeace_esp","https:\/\/www.instagram.com\/greenpeace_esp\/"]}]}},"_links":{"self":[{"href":"https:\/\/es.greenpeace.org\/es\/wp-json\/wp\/v2\/pages\/17543","targetHints":{"allow":["GET"]}}],"collection":[{"href":"https:\/\/es.greenpeace.org\/es\/wp-json\/wp\/v2\/pages"}],"about":[{"href":"https:\/\/es.greenpeace.org\/es\/wp-json\/wp\/v2\/types\/page"}],"author":[{"embeddable":true,"href":"https:\/\/es.greenpeace.org\/es\/wp-json\/wp\/v2\/users\/44"}],"replies":[{"embeddable":true,"href":"https:\/\/es.greenpeace.org\/es\/wp-json\/wp\/v2\/comments?post=17543"}],"version-history":[{"count":10,"href":"https:\/\/es.greenpeace.org\/es\/wp-json\/wp\/v2\/pages\/17543\/revisions"}],"predecessor-version":[{"id":19688,"href":"https:\/\/es.greenpeace.org\/es\/wp-json\/wp\/v2\/pages\/17543\/revisions\/19688"}],"up":[{"embeddable":true,"href":"https:\/\/es.greenpeace.org\/es\/wp-json\/wp\/v2\/pages\/17503"}],"wp:featuredmedia":[{"embeddable":true,"href":"https:\/\/es.greenpeace.org\/es\/wp-json\/wp\/v2\/media\/13161"}],"wp:attachment":[{"href":"https:\/\/es.greenpeace.org\/es\/wp-json\/wp\/v2\/media?parent=17543"}],"wp:term":[{"taxonomy":"category","embeddable":true,"href":"https:\/\/es.greenpeace.org\/es\/wp-json\/wp\/v2\/categories?post=17543"},{"taxonomy":"post_tag","embeddable":true,"href":"https:\/\/es.greenpeace.org\/es\/wp-json\/wp\/v2\/tags?post=17543"}],"curies":[{"name":"wp","href":"https:\/\/api.w.org\/{rel}","templated":true}]}}