{"id":18494,"date":"2019-06-05T15:24:16","date_gmt":"2019-06-05T13:24:16","guid":{"rendered":"https:\/\/es.greenpeace.org\/es\/?page_id=18494"},"modified":"2019-06-17T16:39:32","modified_gmt":"2019-06-17T14:39:32","slug":"democracia-proteccion-de-los-derechos-humanos-paz-y-dinamicas-de-poder","status":"publish","type":"page","link":"https:\/\/es.greenpeace.org\/es\/quienes-somos\/informes-anuales\/informe-anual-2018\/democracia-proteccion-de-los-derechos-humanos-paz-y-dinamicas-de-poder\/","title":{"rendered":"Democracia, protecci\u00f3n de los derechos humanos, paz y din\u00e1micas de poder"},"content":{"rendered":"","protected":false},"excerpt":{"rendered":"","protected":false},"author":44,"featured_media":13834,"parent":17503,"menu_order":0,"comment_status":"closed","ping_status":"closed","template":"template-generic-acf.php","meta":{"_acf_changed":false,"footnotes":""},"categories":[],"tags":[],"class_list":["post-18494","page","type-page","status-publish","has-post-thumbnail","hentry"],"acf":[],"yoast_head":"<!-- This site is optimized with the Yoast SEO plugin v27.1.1 - https:\/\/yoast.com\/product\/yoast-seo-wordpress\/ -->\n<title>Democracia, protecci\u00f3n de los derechos humanos, paz y din\u00e1micas de poder - ES | Greenpeace Espa\u00f1a<\/title>\n<meta name=\"robots\" content=\"index, follow, max-snippet:-1, max-image-preview:large, max-video-preview:-1\" \/>\n<link rel=\"canonical\" href=\"https:\/\/es.greenpeace.org\/es\/quienes-somos\/informes-anuales\/informe-anual-2018\/democracia-proteccion-de-los-derechos-humanos-paz-y-dinamicas-de-poder\/\" \/>\n<meta property=\"og:locale\" content=\"es_ES\" \/>\n<meta property=\"og:type\" content=\"article\" \/>\n<meta property=\"og:title\" content=\"Democracia, protecci\u00f3n de los derechos humanos, paz y din\u00e1micas de poder - ES | Greenpeace Espa\u00f1a\" \/>\n<meta property=\"og:url\" content=\"https:\/\/es.greenpeace.org\/es\/quienes-somos\/informes-anuales\/informe-anual-2018\/democracia-proteccion-de-los-derechos-humanos-paz-y-dinamicas-de-poder\/\" \/>\n<meta property=\"og:site_name\" content=\"ES | Greenpeace Espa\u00f1a\" \/>\n<meta property=\"article:publisher\" content=\"https:\/\/www.facebook.com\/greenpeace.spain\" \/>\n<meta property=\"article:modified_time\" content=\"2019-06-17T14:39:32+00:00\" \/>\n<meta property=\"og:image\" content=\"https:\/\/es.greenpeace.org\/es\/wp-content\/uploads\/sites\/3\/2018\/12\/GPES20181210PB0573-2100x1400.jpg\" \/>\n\t<meta property=\"og:image:width\" content=\"2100\" \/>\n\t<meta property=\"og:image:height\" content=\"1400\" \/>\n\t<meta property=\"og:image:type\" content=\"image\/jpeg\" \/>\n<meta name=\"twitter:card\" content=\"summary_large_image\" \/>\n<meta name=\"twitter:site\" content=\"@greenpeace_esp\" \/>\n<script type=\"application\/ld+json\" class=\"yoast-schema-graph\">{\"@context\":\"https:\/\/schema.org\",\"@graph\":[{\"@type\":\"WebPage\",\"@id\":\"https:\/\/es.greenpeace.org\/es\/quienes-somos\/informes-anuales\/informe-anual-2018\/democracia-proteccion-de-los-derechos-humanos-paz-y-dinamicas-de-poder\/\",\"url\":\"https:\/\/es.greenpeace.org\/es\/quienes-somos\/informes-anuales\/informe-anual-2018\/democracia-proteccion-de-los-derechos-humanos-paz-y-dinamicas-de-poder\/\",\"name\":\"Democracia, protecci\u00f3n de los derechos humanos, paz y din\u00e1micas de poder - ES | Greenpeace Espa\u00f1a\",\"isPartOf\":{\"@id\":\"https:\/\/es.greenpeace.org\/es\/#website\"},\"primaryImageOfPage\":{\"@id\":\"https:\/\/es.greenpeace.org\/es\/quienes-somos\/informes-anuales\/informe-anual-2018\/democracia-proteccion-de-los-derechos-humanos-paz-y-dinamicas-de-poder\/#primaryimage\"},\"image\":{\"@id\":\"https:\/\/es.greenpeace.org\/es\/quienes-somos\/informes-anuales\/informe-anual-2018\/democracia-proteccion-de-los-derechos-humanos-paz-y-dinamicas-de-poder\/#primaryimage\"},\"thumbnailUrl\":\"https:\/\/es.greenpeace.org\/es\/wp-content\/uploads\/sites\/3\/2018\/12\/GPES20181210PB0573.jpg\",\"datePublished\":\"2019-06-05T13:24:16+00:00\",\"dateModified\":\"2019-06-17T14:39:32+00:00\",\"breadcrumb\":{\"@id\":\"https:\/\/es.greenpeace.org\/es\/quienes-somos\/informes-anuales\/informe-anual-2018\/democracia-proteccion-de-los-derechos-humanos-paz-y-dinamicas-de-poder\/#breadcrumb\"},\"inLanguage\":\"es\",\"potentialAction\":[{\"@type\":\"ReadAction\",\"target\":[\"https:\/\/es.greenpeace.org\/es\/quienes-somos\/informes-anuales\/informe-anual-2018\/democracia-proteccion-de-los-derechos-humanos-paz-y-dinamicas-de-poder\/\"]}]},{\"@type\":\"ImageObject\",\"inLanguage\":\"es\",\"@id\":\"https:\/\/es.greenpeace.org\/es\/quienes-somos\/informes-anuales\/informe-anual-2018\/democracia-proteccion-de-los-derechos-humanos-paz-y-dinamicas-de-poder\/#primaryimage\",\"url\":\"https:\/\/es.greenpeace.org\/es\/wp-content\/uploads\/sites\/3\/2018\/12\/GPES20181210PB0573.jpg\",\"contentUrl\":\"https:\/\/es.greenpeace.org\/es\/wp-content\/uploads\/sites\/3\/2018\/12\/GPES20181210PB0573.jpg\",\"width\":4918,\"height\":3279,\"caption\":\"10\/12\/2018 Arco de Moncloa, Madrid, Espa\u00f1a. Activistas de Greenpeace han colgado un gran meme de 240 metros cuadrados en el arco de Moncloa en Madrid (conocido como arco de la Victoria, un lugar muy cercano a la sede del Gobierno) con la intenci\u00f3n de mandar al presidente un mensaje: \u201cPedro, no te pases los derechos humanos por el arco del triunfo\u201d y \u201cNo m\u00e1s armas para matar civiles\u201d, relacionando la conocida expresi\u00f3n con la asignatura pendiente del Gobierno respecto los Derechos Humanos y su inacci\u00f3n en el cese de la exportaci\u00f3n de armas que pueden ser usadas para vulnerar el derecho internacional. \u00a9Greenpeace\/Pablo Bl\u00e1zquez Copy \u00a9Greenpeace Handout\/Pablo Bl\u00e1zquez - No sales - No Archives - Editorial Use Only - Free use only for 14 days after release. Photo provided by GREENPEACE, distributed handout photo to be used only to illustrate news reporting or commentary on the facts or events depicted in this image.\"},{\"@type\":\"BreadcrumbList\",\"@id\":\"https:\/\/es.greenpeace.org\/es\/quienes-somos\/informes-anuales\/informe-anual-2018\/democracia-proteccion-de-los-derechos-humanos-paz-y-dinamicas-de-poder\/#breadcrumb\",\"itemListElement\":[{\"@type\":\"ListItem\",\"position\":1,\"name\":\"Home\",\"item\":\"https:\/\/es.greenpeace.org\/es\/\"},{\"@type\":\"ListItem\",\"position\":2,\"name\":\"Qui\u00e9nes somos\",\"item\":\"https:\/\/es.greenpeace.org\/es\/quienes-somos\/\"},{\"@type\":\"ListItem\",\"position\":3,\"name\":\"Informes anuales\",\"item\":\"https:\/\/es.greenpeace.org\/es\/quienes-somos\/informes-anuales\/\"},{\"@type\":\"ListItem\",\"position\":4,\"name\":\"Informe anual 2018\",\"item\":\"https:\/\/es.greenpeace.org\/es\/quienes-somos\/informes-anuales\/informe-anual-2018\/\"},{\"@type\":\"ListItem\",\"position\":5,\"name\":\"Democracia, protecci\u00f3n de los derechos humanos, paz y din\u00e1micas de poder\"}]},{\"@type\":\"WebSite\",\"@id\":\"https:\/\/es.greenpeace.org\/es\/#website\",\"url\":\"https:\/\/es.greenpeace.org\/es\/\",\"name\":\"Greenpeace Espa\u00f1a\",\"description\":\"\",\"publisher\":{\"@id\":\"https:\/\/es.greenpeace.org\/es\/#organization\"},\"potentialAction\":[{\"@type\":\"SearchAction\",\"target\":{\"@type\":\"EntryPoint\",\"urlTemplate\":\"https:\/\/es.greenpeace.org\/es\/?s={search_term_string}\"},\"query-input\":{\"@type\":\"PropertyValueSpecification\",\"valueRequired\":true,\"valueName\":\"search_term_string\"}}],\"inLanguage\":\"es\"},{\"@type\":\"Organization\",\"@id\":\"https:\/\/es.greenpeace.org\/es\/#organization\",\"name\":\"Greenpeace Espa\u00f1a\",\"alternateName\":\"Greenpeace\",\"url\":\"https:\/\/es.greenpeace.org\/es\/\",\"logo\":{\"@type\":\"ImageObject\",\"inLanguage\":\"es\",\"@id\":\"https:\/\/es.greenpeace.org\/es\/#\/schema\/logo\/image\/\",\"url\":\"https:\/\/es.greenpeace.org\/es\/wp-content\/uploads\/sites\/3\/2024\/07\/greenpeace-logo-verde.svg\",\"contentUrl\":\"https:\/\/es.greenpeace.org\/es\/wp-content\/uploads\/sites\/3\/2024\/07\/greenpeace-logo-verde.svg\",\"width\":1,\"height\":1,\"caption\":\"Greenpeace Espa\u00f1a\"},\"image\":{\"@id\":\"https:\/\/es.greenpeace.org\/es\/#\/schema\/logo\/image\/\"},\"sameAs\":[\"https:\/\/www.facebook.com\/greenpeace.spain\",\"https:\/\/x.com\/greenpeace_esp\",\"https:\/\/www.instagram.com\/greenpeace_esp\/\"]}]}<\/script>\n<!-- \/ Yoast SEO plugin. -->","yoast_head_json":{"title":"Democracia, protecci\u00f3n de los derechos humanos, paz y din\u00e1micas de poder - ES | Greenpeace Espa\u00f1a","robots":{"index":"index","follow":"follow","max-snippet":"max-snippet:-1","max-image-preview":"max-image-preview:large","max-video-preview":"max-video-preview:-1"},"canonical":"https:\/\/es.greenpeace.org\/es\/quienes-somos\/informes-anuales\/informe-anual-2018\/democracia-proteccion-de-los-derechos-humanos-paz-y-dinamicas-de-poder\/","og_locale":"es_ES","og_type":"article","og_title":"Democracia, protecci\u00f3n de los derechos humanos, paz y din\u00e1micas de poder - ES | Greenpeace Espa\u00f1a","og_url":"https:\/\/es.greenpeace.org\/es\/quienes-somos\/informes-anuales\/informe-anual-2018\/democracia-proteccion-de-los-derechos-humanos-paz-y-dinamicas-de-poder\/","og_site_name":"ES | Greenpeace Espa\u00f1a","article_publisher":"https:\/\/www.facebook.com\/greenpeace.spain","article_modified_time":"2019-06-17T14:39:32+00:00","og_image":[{"width":2100,"height":1400,"url":"https:\/\/es.greenpeace.org\/es\/wp-content\/uploads\/sites\/3\/2018\/12\/GPES20181210PB0573-2100x1400.jpg","type":"image\/jpeg"}],"twitter_card":"summary_large_image","twitter_site":"@greenpeace_esp","schema":{"@context":"https:\/\/schema.org","@graph":[{"@type":"WebPage","@id":"https:\/\/es.greenpeace.org\/es\/quienes-somos\/informes-anuales\/informe-anual-2018\/democracia-proteccion-de-los-derechos-humanos-paz-y-dinamicas-de-poder\/","url":"https:\/\/es.greenpeace.org\/es\/quienes-somos\/informes-anuales\/informe-anual-2018\/democracia-proteccion-de-los-derechos-humanos-paz-y-dinamicas-de-poder\/","name":"Democracia, protecci\u00f3n de los derechos humanos, paz y din\u00e1micas de poder - ES | Greenpeace Espa\u00f1a","isPartOf":{"@id":"https:\/\/es.greenpeace.org\/es\/#website"},"primaryImageOfPage":{"@id":"https:\/\/es.greenpeace.org\/es\/quienes-somos\/informes-anuales\/informe-anual-2018\/democracia-proteccion-de-los-derechos-humanos-paz-y-dinamicas-de-poder\/#primaryimage"},"image":{"@id":"https:\/\/es.greenpeace.org\/es\/quienes-somos\/informes-anuales\/informe-anual-2018\/democracia-proteccion-de-los-derechos-humanos-paz-y-dinamicas-de-poder\/#primaryimage"},"thumbnailUrl":"https:\/\/es.greenpeace.org\/es\/wp-content\/uploads\/sites\/3\/2018\/12\/GPES20181210PB0573.jpg","datePublished":"2019-06-05T13:24:16+00:00","dateModified":"2019-06-17T14:39:32+00:00","breadcrumb":{"@id":"https:\/\/es.greenpeace.org\/es\/quienes-somos\/informes-anuales\/informe-anual-2018\/democracia-proteccion-de-los-derechos-humanos-paz-y-dinamicas-de-poder\/#breadcrumb"},"inLanguage":"es","potentialAction":[{"@type":"ReadAction","target":["https:\/\/es.greenpeace.org\/es\/quienes-somos\/informes-anuales\/informe-anual-2018\/democracia-proteccion-de-los-derechos-humanos-paz-y-dinamicas-de-poder\/"]}]},{"@type":"ImageObject","inLanguage":"es","@id":"https:\/\/es.greenpeace.org\/es\/quienes-somos\/informes-anuales\/informe-anual-2018\/democracia-proteccion-de-los-derechos-humanos-paz-y-dinamicas-de-poder\/#primaryimage","url":"https:\/\/es.greenpeace.org\/es\/wp-content\/uploads\/sites\/3\/2018\/12\/GPES20181210PB0573.jpg","contentUrl":"https:\/\/es.greenpeace.org\/es\/wp-content\/uploads\/sites\/3\/2018\/12\/GPES20181210PB0573.jpg","width":4918,"height":3279,"caption":"10\/12\/2018 Arco de Moncloa, Madrid, Espa\u00f1a. Activistas de Greenpeace han colgado un gran meme de 240 metros cuadrados en el arco de Moncloa en Madrid (conocido como arco de la Victoria, un lugar muy cercano a la sede del Gobierno) con la intenci\u00f3n de mandar al presidente un mensaje: \u201cPedro, no te pases los derechos humanos por el arco del triunfo\u201d y \u201cNo m\u00e1s armas para matar civiles\u201d, relacionando la conocida expresi\u00f3n con la asignatura pendiente del Gobierno respecto los Derechos Humanos y su inacci\u00f3n en el cese de la exportaci\u00f3n de armas que pueden ser usadas para vulnerar el derecho internacional. \u00a9Greenpeace\/Pablo Bl\u00e1zquez Copy \u00a9Greenpeace Handout\/Pablo Bl\u00e1zquez - No sales - No Archives - Editorial Use Only - Free use only for 14 days after release. Photo provided by GREENPEACE, distributed handout photo to be used only to illustrate news reporting or commentary on the facts or events depicted in this image."},{"@type":"BreadcrumbList","@id":"https:\/\/es.greenpeace.org\/es\/quienes-somos\/informes-anuales\/informe-anual-2018\/democracia-proteccion-de-los-derechos-humanos-paz-y-dinamicas-de-poder\/#breadcrumb","itemListElement":[{"@type":"ListItem","position":1,"name":"Home","item":"https:\/\/es.greenpeace.org\/es\/"},{"@type":"ListItem","position":2,"name":"Qui\u00e9nes somos","item":"https:\/\/es.greenpeace.org\/es\/quienes-somos\/"},{"@type":"ListItem","position":3,"name":"Informes anuales","item":"https:\/\/es.greenpeace.org\/es\/quienes-somos\/informes-anuales\/"},{"@type":"ListItem","position":4,"name":"Informe anual 2018","item":"https:\/\/es.greenpeace.org\/es\/quienes-somos\/informes-anuales\/informe-anual-2018\/"},{"@type":"ListItem","position":5,"name":"Democracia, protecci\u00f3n de los derechos humanos, paz y din\u00e1micas de poder"}]},{"@type":"WebSite","@id":"https:\/\/es.greenpeace.org\/es\/#website","url":"https:\/\/es.greenpeace.org\/es\/","name":"Greenpeace Espa\u00f1a","description":"","publisher":{"@id":"https:\/\/es.greenpeace.org\/es\/#organization"},"potentialAction":[{"@type":"SearchAction","target":{"@type":"EntryPoint","urlTemplate":"https:\/\/es.greenpeace.org\/es\/?s={search_term_string}"},"query-input":{"@type":"PropertyValueSpecification","valueRequired":true,"valueName":"search_term_string"}}],"inLanguage":"es"},{"@type":"Organization","@id":"https:\/\/es.greenpeace.org\/es\/#organization","name":"Greenpeace Espa\u00f1a","alternateName":"Greenpeace","url":"https:\/\/es.greenpeace.org\/es\/","logo":{"@type":"ImageObject","inLanguage":"es","@id":"https:\/\/es.greenpeace.org\/es\/#\/schema\/logo\/image\/","url":"https:\/\/es.greenpeace.org\/es\/wp-content\/uploads\/sites\/3\/2024\/07\/greenpeace-logo-verde.svg","contentUrl":"https:\/\/es.greenpeace.org\/es\/wp-content\/uploads\/sites\/3\/2024\/07\/greenpeace-logo-verde.svg","width":1,"height":1,"caption":"Greenpeace Espa\u00f1a"},"image":{"@id":"https:\/\/es.greenpeace.org\/es\/#\/schema\/logo\/image\/"},"sameAs":["https:\/\/www.facebook.com\/greenpeace.spain","https:\/\/x.com\/greenpeace_esp","https:\/\/www.instagram.com\/greenpeace_esp\/"]}]}},"_links":{"self":[{"href":"https:\/\/es.greenpeace.org\/es\/wp-json\/wp\/v2\/pages\/18494","targetHints":{"allow":["GET"]}}],"collection":[{"href":"https:\/\/es.greenpeace.org\/es\/wp-json\/wp\/v2\/pages"}],"about":[{"href":"https:\/\/es.greenpeace.org\/es\/wp-json\/wp\/v2\/types\/page"}],"author":[{"embeddable":true,"href":"https:\/\/es.greenpeace.org\/es\/wp-json\/wp\/v2\/users\/44"}],"replies":[{"embeddable":true,"href":"https:\/\/es.greenpeace.org\/es\/wp-json\/wp\/v2\/comments?post=18494"}],"version-history":[{"count":11,"href":"https:\/\/es.greenpeace.org\/es\/wp-json\/wp\/v2\/pages\/18494\/revisions"}],"predecessor-version":[{"id":18910,"href":"https:\/\/es.greenpeace.org\/es\/wp-json\/wp\/v2\/pages\/18494\/revisions\/18910"}],"up":[{"embeddable":true,"href":"https:\/\/es.greenpeace.org\/es\/wp-json\/wp\/v2\/pages\/17503"}],"wp:featuredmedia":[{"embeddable":true,"href":"https:\/\/es.greenpeace.org\/es\/wp-json\/wp\/v2\/media\/13834"}],"wp:attachment":[{"href":"https:\/\/es.greenpeace.org\/es\/wp-json\/wp\/v2\/media?parent=18494"}],"wp:term":[{"taxonomy":"category","embeddable":true,"href":"https:\/\/es.greenpeace.org\/es\/wp-json\/wp\/v2\/categories?post=18494"},{"taxonomy":"post_tag","embeddable":true,"href":"https:\/\/es.greenpeace.org\/es\/wp-json\/wp\/v2\/tags?post=18494"}],"curies":[{"name":"wp","href":"https:\/\/api.w.org\/{rel}","templated":true}]}}