{"id":18657,"date":"2019-06-10T11:00:35","date_gmt":"2019-06-10T09:00:35","guid":{"rendered":"https:\/\/es.greenpeace.org\/es\/?page_id=18657"},"modified":"2022-01-19T15:05:08","modified_gmt":"2022-01-19T13:05:08","slug":"ganaderia-industrial-10-razones-para-rechazarla","status":"publish","type":"page","link":"https:\/\/es.greenpeace.org\/es\/trabajamos-en\/agricultura\/ganaderia-industrial-10-razones-para-rechazarla\/","title":{"rendered":"Ganader\u00eda industrial: 10 razones para rechazarla"},"content":{"rendered":"<h5>El modelo de ganader\u00eda industrial solo pone en la balanza los beneficios econ\u00f3micos inmediatos, sin considerar los efectos en el largo plazo sobre las personas, la salud p\u00fablica, el medio ambiente o el bienestar animal.<\/h5>\n<p>A pesar de que muchas veces se anuncian como su salvaci\u00f3n, las <a href=\"https:\/\/es.greenpeace.org\/es\/que-puedes-hacer-tu\/peticiones\/macrogranjas\/\">macrogranjas<\/a> asfixian el medio rural porque a la larga<strong> destruyen empleo local y favorecen la despoblaci\u00f3n.<\/strong> Adem\u00e1s, su impacto ambiental es elevado.<\/p>\n<p>Estas son las diez amenazas m\u00e1s importantes de la ganader\u00eda industrial:<\/p>\n<div class=\"container-fluid pb-5\">\n<div class=\"row\">\n<div class=\"container py-2\">\n<div class=\"row\">\n<div class=\"col-12\">\n<div class=\"bg-white p-4\">\n<h6 id=\"cortar-arboles\">#1<\/h6>\n<h5><b>Calentamiento global<\/b><\/h5>\n<p><strong>La ganader\u00eda es responsable del 14,5% de la emisi\u00f3n mundial de gases de efecto invernadero.<\/strong> En Espa\u00f1a, <a href=\"https:\/\/www.miteco.gob.es\/es\/calidad-y-evaluacion-ambiental\/temas\/sistema-espanol-de-inventario-sei-\/avance-gei-2020_tcm30-528804.pdf\">seg\u00fan los \u00faltimos datos publicados<\/a>, el sector agr\u00edcola emite ya el 14,1% de las emisiones totales y fue casi el \u00fanico que en el 2020 no disminuy\u00f3 sus emisiones, siendo la ganader\u00eda la responsable del 65% de estas emisiones. Seg\u00fan el <strong>Registro Estatal de Emisiones y Fuentes Contaminantes<\/strong> la ganader\u00eda industrial de porcino en Espa\u00f1a es la responsable del <strong>34% de las emisiones de metano<\/strong>, un gas de<strong> efecto invernadero m\u00e1s potente que el CO2<\/strong>. Curiosamente, el vacuno industrial est\u00e1 exento de declarar sus emisiones de metano.<\/p>\n<\/div>\n<\/div>\n<\/div>\n<\/div>\n<div class=\"container py-2\">\n<div class=\"row\">\n<div class=\"col-12\">\n<div class=\"bg-white p-4\">\n<h6>#2<\/h6>\n<h5><b>P\u00e9rdida de diversidad biol\u00f3gica y contaminaci\u00f3n del agua<\/b><\/h5>\n<p>La ingente cantidad de piensos y pastos necesarios para alimentar la <strong>producci\u00f3n industrial de carne<\/strong> son uno de los principales factores de <a href=\"https:\/\/es.greenpeace.org\/es\/sala-de-prensa\/comunicados\/los-satelites-confirman-que-la-deforestacion-en-la-amazonia-sigue-fuera-de-control\/\"><strong>deforestaci\u00f3n mundial<\/strong><\/a> y de cambio de usos del suelo. El<strong> 80% de la superficie agr\u00edcola mundial<\/strong> ya se destina a producir alimentos para animales y no para consumo humano directo. Por otro lado, la <strong>sobrefertilizaci\u00f3n<\/strong> en la agricultura industrial lleva incluso a la aparici\u00f3n de \u201czonas muertas\u201d en los oc\u00e9anos y a la contaminaci\u00f3n de los acu\u00edferos, por este motivo la <strong>Comisi\u00f3n Europea<\/strong> abri\u00f3 un procedimiento de infracci\u00f3n contra Espa\u00f1a. Incluso, muchos pueblos se quedan sin agua potable por este motivo. A esto habr\u00eda que a\u00f1adir los <strong>plaguicidas y fertilizantes qu\u00edmicos<\/strong> que se utilizan para producir los piensos.<\/p>\n<\/div>\n<\/div>\n<\/div>\n<\/div>\n<div class=\"container py-2\">\n<div class=\"row\">\n<div class=\"col-12\">\n<div class=\"bg-white p-4\">\n<h6>#3<\/h6>\n<h5><b>Emisiones de amoniaco<\/b><\/h5>\n<p>La ganader\u00eda industrial es la principal y casi \u00fanica emisora de amoniaco en Espa\u00f1a y en la UE. En Espa\u00f1a, el <strong>94% de las emisiones de amoniaco son generadas por la ganader\u00eda industrial<\/strong>, 73% por el porcino industrial y 21% por el sector av\u00edcola. Espa\u00f1a viene incumpliendo el umbral de <strong>emisiones de amoniaco<\/strong> desde que se estableci\u00f3 en 2010.<\/p>\n<\/div>\n<\/div>\n<\/div>\n<\/div>\n<div class=\"container py-2\">\n<div class=\"row\">\n<div class=\"col-12\">\n<div class=\"bg-white p-4\">\n<h6>#4<\/h6>\n<h5><b>Impacto paisaj\u00edstico y destrucci\u00f3n de h\u00e1bitats<br \/>\n<\/b><\/h5>\n<p>Las <strong>macrogranjas<\/strong> implican una ocupaci\u00f3n territorial importante. Adem\u00e1s de las instalaciones, en Espa\u00f1a el <strong>66% de la superficie cultivada ya se destina a producir alimentos para animales<\/strong>, no para personas. Como ejemplo, las instalaciones de la <strong>macrogranja proyectada en <a href=\"https:\/\/es.greenpeace.org\/es\/noticias\/la-macro-explotacion-de-noviercas-un-proyecto-faraonico\/\">Noviercas <\/a><\/strong>(Soria), donde se pretenden explotar <strong>23.520 vacas<\/strong> para producir leche, ocupar\u00edan lo equivalente a 120 campos de f\u00fatbol aproximadamente. De hacerse, esta ser\u00eda la <strong>macrovaquer\u00eda<\/strong> m\u00e1s grande de Europa y estar\u00eda entre las cinco m\u00e1s grandes del mundo.<\/p>\n<\/div>\n<\/div>\n<\/div>\n<\/div>\n<div class=\"container py-2\">\n<div class=\"row\">\n<div class=\"col-12\">\n<div class=\"bg-white p-4\">\n<h6>#5<\/h6>\n<h5><b>Impacto en nuestra salud<br \/>\n<\/b><\/h5>\n<p>El excesivo consumo de carne est\u00e1 asociado al sobrepeso, obesidad, c\u00e1ncer, diabetes tipo II y enfermedades cardiovasculares. Es fundamental adoptar una <strong><a href=\"https:\/\/es.greenpeace.org\/es\/noticias\/los-cientificos-urgen-a-un-cambio-de-dieta-dietasanaplanetasano\/\" target=\"_blank\" rel=\"noopener\">dieta de salud planetaria<\/a><\/strong>.<\/p>\n<\/div>\n<\/div>\n<\/div>\n<\/div>\n<div class=\"container py-2\">\n<div class=\"row\">\n<div class=\"col-12\">\n<div class=\"bg-white p-4\">\n<h6>#6<\/h6>\n<h5><b>Resistencia a los antibi\u00f3ticos<br \/>\n<\/b><\/h5>\n<div>La <strong>ganader\u00eda industrial<\/strong> es la principal consumidora de antibi\u00f3ticos en el mundo, y Espa\u00f1a es el pa\u00eds de Europa donde m\u00e1s se utilizan en este sector. El uso masivo de antibi\u00f3ticos en la ganader\u00eda industrial contribuye significativamente a la p\u00e9rdida de eficiencia de estos medicamentos. Seg\u00fan la OMS, la <strong>resistencia a antibi\u00f3ticos podr\u00eda provocar m\u00e1s muertes que el c\u00e1ncer en 2050<\/strong>.<\/div>\n<\/div>\n<\/div>\n<\/div>\n<\/div>\n<div class=\"container py-2\">\n<div class=\"row\">\n<div class=\"col-12\">\n<div class=\"bg-white p-4\">\n<h6>7<\/h6>\n<h5><b>Seguridad alimentaria y pandemias<\/b><\/h5>\n<p>Las grandes y recientes crisis de seguridad alimentaria en el mundo vienen de la mano de la<strong> ganader\u00eda industrial<\/strong>: vacas locas, gripe aviar, gripe porcina, salmonella, listeria\u2026 Por otro lado, pandemias como la de la <strong>COVID19 <\/strong>est\u00e1n \u00edntimamente relacionadas con la <strong>destrucci\u00f3n de los h\u00e1bitats<\/strong>.<\/p>\n<\/div>\n<\/div>\n<\/div>\n<\/div>\n<div class=\"container py-2\">\n<div class=\"row\">\n<div class=\"col-12\">\n<div class=\"bg-white p-4\">\n<h6>#8<\/h6>\n<h5><b>Sufrimiento animal<\/b><\/h5>\n<p>En la ganader\u00eda industrial los animales son tratados como m\u00e1quinas de producir dinero. Las condiciones en las que viven quedan relegadas al beneficio econ\u00f3mico. En Espa\u00f1a, en 2020 se han sacrificado m\u00e1s de 910 millones de animales para consumo humano, 1.700 al minuto.<\/p>\n<\/div>\n<\/div>\n<\/div>\n<\/div>\n<div class=\"container py-2\">\n<div class=\"row\">\n<div class=\"col-12\">\n<div class=\"bg-white p-4\">\n<h6>#9<\/h6>\n<h5><b>Escasez de agua<\/b><\/h5>\n<p>La <strong>agricultura industrial usa enormes cantidades de agua<\/strong>, y gran parte se destina a producir alimentos para animales. En Espa\u00f1a, Greenpeace ha estimado que la ganader\u00eda utiliza en un a\u00f1o lo equivalente al consumo de todos los hogares en 21 a\u00f1os. Un ejemplo: la <strong>macrogranja de Caparroso<\/strong>, denunciada reiteradamente por <strong>Greenpeace<\/strong>, adem\u00e1s de estar contaminando los acu\u00edferos con <strong>la ampliaci\u00f3n para explotar 7.200 vacas<\/strong> consumir\u00e1 tanta agua como todas las personas de los pueblos m\u00e1s cercanos: Caparroso, Marcilla y Villafranca.<\/p>\n<\/div>\n<\/div>\n<\/div>\n<\/div>\n<div class=\"container py-2\">\n<div class=\"row\">\n<div class=\"col-12\">\n<div class=\"bg-white p-4\">\n<h6>#10<\/h6>\n<h5><b>P\u00e9rdida de empleos y m\u00e1s concentraci\u00f3n en el sector<\/b><\/h5>\n<p>Una <strong>macrogranja <\/strong>genera menos empleo que la <a href=\"https:\/\/es.greenpeace.org\/es\/sala-de-prensa\/comunicados\/en-emergencia-climatica-hay-que-alimentar-sin-contaminar\/\"><strong>ganader\u00eda extensiva y ecol\u00f3gica<\/strong><\/a>, dado que todo est\u00e1 mucho m\u00e1s automatizado. Adem\u00e1s supone una amenaza para las peque\u00f1as y medianas granjas de la zona. En Espa\u00f1a, entre 2004 y 2016, en Espa\u00f1a se redujo un 27% el n\u00famero total de <strong>explotaciones agr\u00edcolas<\/strong>, habiendo desaparecido totalmente las granjas m\u00e1s peque\u00f1as e increment\u00e1ndose un 96% el n\u00famero de las m\u00e1s grandes (con una producci\u00f3n econ\u00f3mica de 500.000\u20ac o m\u00e1s).<\/p>\n<\/div>\n<\/div>\n<\/div>\n<\/div>\n<\/div>\n<\/div>\n","protected":false},"excerpt":{"rendered":"<p>El modelo de ganader\u00eda industrial solo pone en la balanza los beneficios econ\u00f3micos inmediatos, sin considerar los efectos en el largo plazo sobre las personas, la salud p\u00fablica, el medio ambiente o el bienestar animal. A pesar de que muchas veces se anuncian como su salvaci\u00f3n, las macrogranjas asfixian el medio rural porque a la [&hellip;]<\/p>\n","protected":false},"author":44,"featured_media":2889,"parent":406,"menu_order":0,"comment_status":"closed","ping_status":"closed","template":"template-generic-acf.php","meta":{"_acf_changed":false,"footnotes":""},"categories":[38],"tags":[],"class_list":["post-18657","page","type-page","status-publish","has-post-thumbnail","hentry","category-agricultura"],"acf":[],"yoast_head":"<!-- This site is optimized with the Yoast SEO plugin v27.1.1 - https:\/\/yoast.com\/product\/yoast-seo-wordpress\/ -->\n<title>Ganader\u00eda industrial: 10 razones para rechazarla - ES | Greenpeace Espa\u00f1a<\/title>\n<meta name=\"robots\" content=\"index, follow, max-snippet:-1, max-image-preview:large, max-video-preview:-1\" \/>\n<link rel=\"canonical\" href=\"https:\/\/es.greenpeace.org\/es\/trabajamos-en\/agricultura\/ganaderia-industrial-10-razones-para-rechazarla\/\" \/>\n<meta property=\"og:locale\" content=\"es_ES\" \/>\n<meta property=\"og:type\" content=\"article\" \/>\n<meta property=\"og:title\" content=\"Ganader\u00eda industrial: 10 razones para rechazarla - ES | Greenpeace Espa\u00f1a\" \/>\n<meta property=\"og:description\" content=\"El modelo de ganader\u00eda industrial solo pone en la balanza los beneficios econ\u00f3micos inmediatos, sin considerar los efectos en el largo plazo sobre las personas, la salud p\u00fablica, el medio ambiente o el bienestar animal. A pesar de que muchas veces se anuncian como su salvaci\u00f3n, las macrogranjas asfixian el medio rural porque a la [&hellip;]\" \/>\n<meta property=\"og:url\" content=\"https:\/\/es.greenpeace.org\/es\/trabajamos-en\/agricultura\/ganaderia-industrial-10-razones-para-rechazarla\/\" \/>\n<meta property=\"og:site_name\" content=\"ES | Greenpeace Espa\u00f1a\" \/>\n<meta property=\"article:publisher\" content=\"https:\/\/www.facebook.com\/greenpeace.spain\" \/>\n<meta property=\"article:modified_time\" content=\"2022-01-19T13:05:08+00:00\" \/>\n<meta property=\"og:image\" content=\"https:\/\/es.greenpeace.org\/es\/wp-content\/uploads\/sites\/3\/2017\/11\/6c8dcbed-gp0stow06_medium_res.jpg\" \/>\n\t<meta property=\"og:image:width\" content=\"1200\" \/>\n\t<meta property=\"og:image:height\" content=\"800\" \/>\n\t<meta property=\"og:image:type\" content=\"image\/jpeg\" \/>\n<meta name=\"twitter:card\" content=\"summary_large_image\" \/>\n<meta name=\"twitter:site\" content=\"@greenpeace_esp\" \/>\n<meta name=\"twitter:label1\" content=\"Tiempo de lectura\" \/>\n\t<meta name=\"twitter:data1\" content=\"4 minutos\" \/>\n<script type=\"application\/ld+json\" class=\"yoast-schema-graph\">{\"@context\":\"https:\/\/schema.org\",\"@graph\":[{\"@type\":\"WebPage\",\"@id\":\"https:\/\/es.greenpeace.org\/es\/trabajamos-en\/agricultura\/ganaderia-industrial-10-razones-para-rechazarla\/\",\"url\":\"https:\/\/es.greenpeace.org\/es\/trabajamos-en\/agricultura\/ganaderia-industrial-10-razones-para-rechazarla\/\",\"name\":\"Ganader\u00eda industrial: 10 razones para rechazarla - ES | Greenpeace Espa\u00f1a\",\"isPartOf\":{\"@id\":\"https:\/\/es.greenpeace.org\/es\/#website\"},\"primaryImageOfPage\":{\"@id\":\"https:\/\/es.greenpeace.org\/es\/trabajamos-en\/agricultura\/ganaderia-industrial-10-razones-para-rechazarla\/#primaryimage\"},\"image\":{\"@id\":\"https:\/\/es.greenpeace.org\/es\/trabajamos-en\/agricultura\/ganaderia-industrial-10-razones-para-rechazarla\/#primaryimage\"},\"thumbnailUrl\":\"https:\/\/es.greenpeace.org\/es\/wp-content\/uploads\/sites\/3\/2017\/11\/6c8dcbed-gp0stow06_medium_res.jpg\",\"datePublished\":\"2019-06-10T09:00:35+00:00\",\"dateModified\":\"2022-01-19T13:05:08+00:00\",\"breadcrumb\":{\"@id\":\"https:\/\/es.greenpeace.org\/es\/trabajamos-en\/agricultura\/ganaderia-industrial-10-razones-para-rechazarla\/#breadcrumb\"},\"inLanguage\":\"es\",\"potentialAction\":[{\"@type\":\"ReadAction\",\"target\":[\"https:\/\/es.greenpeace.org\/es\/trabajamos-en\/agricultura\/ganaderia-industrial-10-razones-para-rechazarla\/\"]}]},{\"@type\":\"ImageObject\",\"inLanguage\":\"es\",\"@id\":\"https:\/\/es.greenpeace.org\/es\/trabajamos-en\/agricultura\/ganaderia-industrial-10-razones-para-rechazarla\/#primaryimage\",\"url\":\"https:\/\/es.greenpeace.org\/es\/wp-content\/uploads\/sites\/3\/2017\/11\/6c8dcbed-gp0stow06_medium_res.jpg\",\"contentUrl\":\"https:\/\/es.greenpeace.org\/es\/wp-content\/uploads\/sites\/3\/2017\/11\/6c8dcbed-gp0stow06_medium_res.jpg\",\"width\":1200,\"height\":800,\"caption\":\"\u00a9 Greenpeace\"},{\"@type\":\"BreadcrumbList\",\"@id\":\"https:\/\/es.greenpeace.org\/es\/trabajamos-en\/agricultura\/ganaderia-industrial-10-razones-para-rechazarla\/#breadcrumb\",\"itemListElement\":[{\"@type\":\"ListItem\",\"position\":1,\"name\":\"Home\",\"item\":\"https:\/\/es.greenpeace.org\/es\/\"},{\"@type\":\"ListItem\",\"position\":2,\"name\":\"Trabajamos en\",\"item\":\"https:\/\/es.greenpeace.org\/es\/trabajamos-en\/\"},{\"@type\":\"ListItem\",\"position\":3,\"name\":\"Agricultura y ganader\u00eda\",\"item\":\"https:\/\/es.greenpeace.org\/es\/trabajamos-en\/agricultura\/\"},{\"@type\":\"ListItem\",\"position\":4,\"name\":\"Ganader\u00eda industrial: 10 razones para rechazarla\"}]},{\"@type\":\"WebSite\",\"@id\":\"https:\/\/es.greenpeace.org\/es\/#website\",\"url\":\"https:\/\/es.greenpeace.org\/es\/\",\"name\":\"Greenpeace Espa\u00f1a\",\"description\":\"\",\"publisher\":{\"@id\":\"https:\/\/es.greenpeace.org\/es\/#organization\"},\"potentialAction\":[{\"@type\":\"SearchAction\",\"target\":{\"@type\":\"EntryPoint\",\"urlTemplate\":\"https:\/\/es.greenpeace.org\/es\/?s={search_term_string}\"},\"query-input\":{\"@type\":\"PropertyValueSpecification\",\"valueRequired\":true,\"valueName\":\"search_term_string\"}}],\"inLanguage\":\"es\"},{\"@type\":\"Organization\",\"@id\":\"https:\/\/es.greenpeace.org\/es\/#organization\",\"name\":\"Greenpeace Espa\u00f1a\",\"alternateName\":\"Greenpeace\",\"url\":\"https:\/\/es.greenpeace.org\/es\/\",\"logo\":{\"@type\":\"ImageObject\",\"inLanguage\":\"es\",\"@id\":\"https:\/\/es.greenpeace.org\/es\/#\/schema\/logo\/image\/\",\"url\":\"https:\/\/es.greenpeace.org\/es\/wp-content\/uploads\/sites\/3\/2024\/07\/greenpeace-logo-verde.svg\",\"contentUrl\":\"https:\/\/es.greenpeace.org\/es\/wp-content\/uploads\/sites\/3\/2024\/07\/greenpeace-logo-verde.svg\",\"width\":1,\"height\":1,\"caption\":\"Greenpeace Espa\u00f1a\"},\"image\":{\"@id\":\"https:\/\/es.greenpeace.org\/es\/#\/schema\/logo\/image\/\"},\"sameAs\":[\"https:\/\/www.facebook.com\/greenpeace.spain\",\"https:\/\/x.com\/greenpeace_esp\",\"https:\/\/www.instagram.com\/greenpeace_esp\/\"]}]}<\/script>\n<!-- \/ Yoast SEO plugin. -->","yoast_head_json":{"title":"Ganader\u00eda industrial: 10 razones para rechazarla - ES | Greenpeace Espa\u00f1a","robots":{"index":"index","follow":"follow","max-snippet":"max-snippet:-1","max-image-preview":"max-image-preview:large","max-video-preview":"max-video-preview:-1"},"canonical":"https:\/\/es.greenpeace.org\/es\/trabajamos-en\/agricultura\/ganaderia-industrial-10-razones-para-rechazarla\/","og_locale":"es_ES","og_type":"article","og_title":"Ganader\u00eda industrial: 10 razones para rechazarla - ES | Greenpeace Espa\u00f1a","og_description":"El modelo de ganader\u00eda industrial solo pone en la balanza los beneficios econ\u00f3micos inmediatos, sin considerar los efectos en el largo plazo sobre las personas, la salud p\u00fablica, el medio ambiente o el bienestar animal. A pesar de que muchas veces se anuncian como su salvaci\u00f3n, las macrogranjas asfixian el medio rural porque a la [&hellip;]","og_url":"https:\/\/es.greenpeace.org\/es\/trabajamos-en\/agricultura\/ganaderia-industrial-10-razones-para-rechazarla\/","og_site_name":"ES | Greenpeace Espa\u00f1a","article_publisher":"https:\/\/www.facebook.com\/greenpeace.spain","article_modified_time":"2022-01-19T13:05:08+00:00","og_image":[{"width":1200,"height":800,"url":"https:\/\/es.greenpeace.org\/es\/wp-content\/uploads\/sites\/3\/2017\/11\/6c8dcbed-gp0stow06_medium_res.jpg","type":"image\/jpeg"}],"twitter_card":"summary_large_image","twitter_site":"@greenpeace_esp","twitter_misc":{"Tiempo de lectura":"4 minutos"},"schema":{"@context":"https:\/\/schema.org","@graph":[{"@type":"WebPage","@id":"https:\/\/es.greenpeace.org\/es\/trabajamos-en\/agricultura\/ganaderia-industrial-10-razones-para-rechazarla\/","url":"https:\/\/es.greenpeace.org\/es\/trabajamos-en\/agricultura\/ganaderia-industrial-10-razones-para-rechazarla\/","name":"Ganader\u00eda industrial: 10 razones para rechazarla - ES | Greenpeace Espa\u00f1a","isPartOf":{"@id":"https:\/\/es.greenpeace.org\/es\/#website"},"primaryImageOfPage":{"@id":"https:\/\/es.greenpeace.org\/es\/trabajamos-en\/agricultura\/ganaderia-industrial-10-razones-para-rechazarla\/#primaryimage"},"image":{"@id":"https:\/\/es.greenpeace.org\/es\/trabajamos-en\/agricultura\/ganaderia-industrial-10-razones-para-rechazarla\/#primaryimage"},"thumbnailUrl":"https:\/\/es.greenpeace.org\/es\/wp-content\/uploads\/sites\/3\/2017\/11\/6c8dcbed-gp0stow06_medium_res.jpg","datePublished":"2019-06-10T09:00:35+00:00","dateModified":"2022-01-19T13:05:08+00:00","breadcrumb":{"@id":"https:\/\/es.greenpeace.org\/es\/trabajamos-en\/agricultura\/ganaderia-industrial-10-razones-para-rechazarla\/#breadcrumb"},"inLanguage":"es","potentialAction":[{"@type":"ReadAction","target":["https:\/\/es.greenpeace.org\/es\/trabajamos-en\/agricultura\/ganaderia-industrial-10-razones-para-rechazarla\/"]}]},{"@type":"ImageObject","inLanguage":"es","@id":"https:\/\/es.greenpeace.org\/es\/trabajamos-en\/agricultura\/ganaderia-industrial-10-razones-para-rechazarla\/#primaryimage","url":"https:\/\/es.greenpeace.org\/es\/wp-content\/uploads\/sites\/3\/2017\/11\/6c8dcbed-gp0stow06_medium_res.jpg","contentUrl":"https:\/\/es.greenpeace.org\/es\/wp-content\/uploads\/sites\/3\/2017\/11\/6c8dcbed-gp0stow06_medium_res.jpg","width":1200,"height":800,"caption":"\u00a9 Greenpeace"},{"@type":"BreadcrumbList","@id":"https:\/\/es.greenpeace.org\/es\/trabajamos-en\/agricultura\/ganaderia-industrial-10-razones-para-rechazarla\/#breadcrumb","itemListElement":[{"@type":"ListItem","position":1,"name":"Home","item":"https:\/\/es.greenpeace.org\/es\/"},{"@type":"ListItem","position":2,"name":"Trabajamos en","item":"https:\/\/es.greenpeace.org\/es\/trabajamos-en\/"},{"@type":"ListItem","position":3,"name":"Agricultura y ganader\u00eda","item":"https:\/\/es.greenpeace.org\/es\/trabajamos-en\/agricultura\/"},{"@type":"ListItem","position":4,"name":"Ganader\u00eda industrial: 10 razones para rechazarla"}]},{"@type":"WebSite","@id":"https:\/\/es.greenpeace.org\/es\/#website","url":"https:\/\/es.greenpeace.org\/es\/","name":"Greenpeace Espa\u00f1a","description":"","publisher":{"@id":"https:\/\/es.greenpeace.org\/es\/#organization"},"potentialAction":[{"@type":"SearchAction","target":{"@type":"EntryPoint","urlTemplate":"https:\/\/es.greenpeace.org\/es\/?s={search_term_string}"},"query-input":{"@type":"PropertyValueSpecification","valueRequired":true,"valueName":"search_term_string"}}],"inLanguage":"es"},{"@type":"Organization","@id":"https:\/\/es.greenpeace.org\/es\/#organization","name":"Greenpeace Espa\u00f1a","alternateName":"Greenpeace","url":"https:\/\/es.greenpeace.org\/es\/","logo":{"@type":"ImageObject","inLanguage":"es","@id":"https:\/\/es.greenpeace.org\/es\/#\/schema\/logo\/image\/","url":"https:\/\/es.greenpeace.org\/es\/wp-content\/uploads\/sites\/3\/2024\/07\/greenpeace-logo-verde.svg","contentUrl":"https:\/\/es.greenpeace.org\/es\/wp-content\/uploads\/sites\/3\/2024\/07\/greenpeace-logo-verde.svg","width":1,"height":1,"caption":"Greenpeace Espa\u00f1a"},"image":{"@id":"https:\/\/es.greenpeace.org\/es\/#\/schema\/logo\/image\/"},"sameAs":["https:\/\/www.facebook.com\/greenpeace.spain","https:\/\/x.com\/greenpeace_esp","https:\/\/www.instagram.com\/greenpeace_esp\/"]}]}},"_links":{"self":[{"href":"https:\/\/es.greenpeace.org\/es\/wp-json\/wp\/v2\/pages\/18657","targetHints":{"allow":["GET"]}}],"collection":[{"href":"https:\/\/es.greenpeace.org\/es\/wp-json\/wp\/v2\/pages"}],"about":[{"href":"https:\/\/es.greenpeace.org\/es\/wp-json\/wp\/v2\/types\/page"}],"author":[{"embeddable":true,"href":"https:\/\/es.greenpeace.org\/es\/wp-json\/wp\/v2\/users\/44"}],"replies":[{"embeddable":true,"href":"https:\/\/es.greenpeace.org\/es\/wp-json\/wp\/v2\/comments?post=18657"}],"version-history":[{"count":10,"href":"https:\/\/es.greenpeace.org\/es\/wp-json\/wp\/v2\/pages\/18657\/revisions"}],"predecessor-version":[{"id":39754,"href":"https:\/\/es.greenpeace.org\/es\/wp-json\/wp\/v2\/pages\/18657\/revisions\/39754"}],"up":[{"embeddable":true,"href":"https:\/\/es.greenpeace.org\/es\/wp-json\/wp\/v2\/pages\/406"}],"wp:featuredmedia":[{"embeddable":true,"href":"https:\/\/es.greenpeace.org\/es\/wp-json\/wp\/v2\/media\/2889"}],"wp:attachment":[{"href":"https:\/\/es.greenpeace.org\/es\/wp-json\/wp\/v2\/media?parent=18657"}],"wp:term":[{"taxonomy":"category","embeddable":true,"href":"https:\/\/es.greenpeace.org\/es\/wp-json\/wp\/v2\/categories?post=18657"},{"taxonomy":"post_tag","embeddable":true,"href":"https:\/\/es.greenpeace.org\/es\/wp-json\/wp\/v2\/tags?post=18657"}],"curies":[{"name":"wp","href":"https:\/\/api.w.org\/{rel}","templated":true}]}}