{"id":24633,"date":"2020-03-30T11:29:39","date_gmt":"2020-03-30T09:29:39","guid":{"rendered":"https:\/\/es.greenpeace.org\/es\/?page_id=24633"},"modified":"2020-06-10T16:05:38","modified_gmt":"2020-06-10T14:05:38","slug":"covid-madrid-barcelona-sevilla","status":"publish","type":"page","link":"https:\/\/es.greenpeace.org\/es\/trabajamos-en\/consumismo\/contaminacion\/covid-madrid-barcelona-sevilla\/","title":{"rendered":"Monitoreo de la movilidad durante la crisis del Covid19"},"content":{"rendered":"<p>Desde la <strong>irrupci\u00f3n del coronavirus en Espa\u00f1a<\/strong>, miles de personas han fallecido y otras decenas de miles est\u00e1n sufriendo las consecuencias de la pandemia; sin contar a todas aquellas que est\u00e1n trabajando sin descanso en hospitales, supermercados, etc. Una situaci\u00f3n excepcional que hace que <strong>desde Greenpeace nos solidaricemos con todas las personas que de una forma u otra se est\u00e1n viendo afectadas por el virus<\/strong>.<\/p>\n<script src=\"https:\/\/cdnjs.cloudflare.com\/ajax\/libs\/Chart.js\/2.9.3\/Chart.bundle.min.js\" defer><\/script>\n<script src=\"https:\/\/cdn.jsdelivr.net\/npm\/chartjs-plugin-deferred@1.0.1\" defer><\/script>\n<script src=\"https:\/\/cdn.jsdelivr.net\/npm\/chartjs-plugin-annotation@0.5.7\/chartjs-plugin-annotation.min.js\" defer><\/script>\n<script src=\"https:\/\/static.greenpeace.es\/contaminacion-covid\/datos\/data.js\" defer><\/script>\n\n","protected":false},"excerpt":{"rendered":"<p>Desde la irrupci\u00f3n del coronavirus en Espa\u00f1a, miles de personas han fallecido y otras decenas de miles est\u00e1n sufriendo las consecuencias de la pandemia; sin contar a todas aquellas que est\u00e1n trabajando sin descanso en hospitales, supermercados, etc. Una situaci\u00f3n excepcional que hace que desde Greenpeace nos solidaricemos con todas las personas que de una [&hellip;]<\/p>\n","protected":false},"author":5,"featured_media":24651,"parent":1565,"menu_order":0,"comment_status":"closed","ping_status":"closed","template":"template-generic-acf.php","meta":{"_acf_changed":false,"footnotes":""},"categories":[],"tags":[],"class_list":["post-24633","page","type-page","status-publish","has-post-thumbnail","hentry"],"acf":[],"yoast_head":"<!-- This site is optimized with the Yoast SEO plugin v27.1.1 - https:\/\/yoast.com\/product\/yoast-seo-wordpress\/ -->\n<title>Monitoreo de la movilidad durante la crisis del Covid19 - ES | Greenpeace Espa\u00f1a<\/title>\n<meta name=\"robots\" content=\"index, follow, max-snippet:-1, max-image-preview:large, max-video-preview:-1\" \/>\n<link rel=\"canonical\" href=\"https:\/\/es.greenpeace.org\/es\/trabajamos-en\/consumismo\/contaminacion\/covid-madrid-barcelona-sevilla\/\" \/>\n<meta property=\"og:locale\" content=\"es_ES\" \/>\n<meta property=\"og:type\" content=\"article\" \/>\n<meta property=\"og:title\" content=\"Monitoreo de la movilidad durante la crisis del Covid19 - ES | Greenpeace Espa\u00f1a\" \/>\n<meta property=\"og:description\" content=\"Desde la irrupci\u00f3n del coronavirus en Espa\u00f1a, miles de personas han fallecido y otras decenas de miles est\u00e1n sufriendo las consecuencias de la pandemia; sin contar a todas aquellas que est\u00e1n trabajando sin descanso en hospitales, supermercados, etc. Una situaci\u00f3n excepcional que hace que desde Greenpeace nos solidaricemos con todas las personas que de una [&hellip;]\" \/>\n<meta property=\"og:url\" content=\"https:\/\/es.greenpeace.org\/es\/trabajamos-en\/consumismo\/contaminacion\/covid-madrid-barcelona-sevilla\/\" \/>\n<meta property=\"og:site_name\" content=\"ES | Greenpeace Espa\u00f1a\" \/>\n<meta property=\"article:publisher\" content=\"https:\/\/www.facebook.com\/greenpeace.spain\" \/>\n<meta property=\"article:modified_time\" content=\"2020-06-10T14:05:38+00:00\" \/>\n<meta property=\"og:image\" content=\"https:\/\/es.greenpeace.org\/es\/wp-content\/uploads\/sites\/3\/2020\/03\/ciudad_polucion.jpg\" \/>\n\t<meta property=\"og:image:width\" content=\"800\" \/>\n\t<meta property=\"og:image:height\" content=\"533\" \/>\n\t<meta property=\"og:image:type\" content=\"image\/jpeg\" \/>\n<meta name=\"twitter:card\" content=\"summary_large_image\" \/>\n<meta name=\"twitter:site\" content=\"@greenpeace_esp\" \/>\n<script type=\"application\/ld+json\" class=\"yoast-schema-graph\">{\"@context\":\"https:\/\/schema.org\",\"@graph\":[{\"@type\":\"WebPage\",\"@id\":\"https:\/\/es.greenpeace.org\/es\/trabajamos-en\/consumismo\/contaminacion\/covid-madrid-barcelona-sevilla\/\",\"url\":\"https:\/\/es.greenpeace.org\/es\/trabajamos-en\/consumismo\/contaminacion\/covid-madrid-barcelona-sevilla\/\",\"name\":\"Monitoreo de la movilidad durante la crisis del Covid19 - ES | Greenpeace Espa\u00f1a\",\"isPartOf\":{\"@id\":\"https:\/\/es.greenpeace.org\/es\/#website\"},\"primaryImageOfPage\":{\"@id\":\"https:\/\/es.greenpeace.org\/es\/trabajamos-en\/consumismo\/contaminacion\/covid-madrid-barcelona-sevilla\/#primaryimage\"},\"image\":{\"@id\":\"https:\/\/es.greenpeace.org\/es\/trabajamos-en\/consumismo\/contaminacion\/covid-madrid-barcelona-sevilla\/#primaryimage\"},\"thumbnailUrl\":\"https:\/\/es.greenpeace.org\/es\/wp-content\/uploads\/sites\/3\/2020\/03\/ciudad_polucion.jpg\",\"datePublished\":\"2020-03-30T09:29:39+00:00\",\"dateModified\":\"2020-06-10T14:05:38+00:00\",\"breadcrumb\":{\"@id\":\"https:\/\/es.greenpeace.org\/es\/trabajamos-en\/consumismo\/contaminacion\/covid-madrid-barcelona-sevilla\/#breadcrumb\"},\"inLanguage\":\"es\",\"potentialAction\":[{\"@type\":\"ReadAction\",\"target\":[\"https:\/\/es.greenpeace.org\/es\/trabajamos-en\/consumismo\/contaminacion\/covid-madrid-barcelona-sevilla\/\"]}]},{\"@type\":\"ImageObject\",\"inLanguage\":\"es\",\"@id\":\"https:\/\/es.greenpeace.org\/es\/trabajamos-en\/consumismo\/contaminacion\/covid-madrid-barcelona-sevilla\/#primaryimage\",\"url\":\"https:\/\/es.greenpeace.org\/es\/wp-content\/uploads\/sites\/3\/2020\/03\/ciudad_polucion.jpg\",\"contentUrl\":\"https:\/\/es.greenpeace.org\/es\/wp-content\/uploads\/sites\/3\/2020\/03\/ciudad_polucion.jpg\",\"width\":800,\"height\":533,\"caption\":\"Thick smog blankets Singapore's skyline. The Pollutant Standards Index (PSI), Singapore's main index for air pollution, has hit record levels. These measurements are classified as \\\"hazardous\\\" and can aggravate respiratory ailments.\"},{\"@type\":\"BreadcrumbList\",\"@id\":\"https:\/\/es.greenpeace.org\/es\/trabajamos-en\/consumismo\/contaminacion\/covid-madrid-barcelona-sevilla\/#breadcrumb\",\"itemListElement\":[{\"@type\":\"ListItem\",\"position\":1,\"name\":\"Home\",\"item\":\"https:\/\/es.greenpeace.org\/es\/\"},{\"@type\":\"ListItem\",\"position\":2,\"name\":\"Trabajamos en\",\"item\":\"https:\/\/es.greenpeace.org\/es\/trabajamos-en\/\"},{\"@type\":\"ListItem\",\"position\":3,\"name\":\"Consumismo\",\"item\":\"https:\/\/es.greenpeace.org\/es\/trabajamos-en\/consumismo\/\"},{\"@type\":\"ListItem\",\"position\":4,\"name\":\"Contaminaci\u00f3n\",\"item\":\"https:\/\/es.greenpeace.org\/es\/trabajamos-en\/consumismo\/contaminacion\/\"},{\"@type\":\"ListItem\",\"position\":5,\"name\":\"Monitoreo de la movilidad durante la crisis del Covid19\"}]},{\"@type\":\"WebSite\",\"@id\":\"https:\/\/es.greenpeace.org\/es\/#website\",\"url\":\"https:\/\/es.greenpeace.org\/es\/\",\"name\":\"Greenpeace Espa\u00f1a\",\"description\":\"\",\"publisher\":{\"@id\":\"https:\/\/es.greenpeace.org\/es\/#organization\"},\"potentialAction\":[{\"@type\":\"SearchAction\",\"target\":{\"@type\":\"EntryPoint\",\"urlTemplate\":\"https:\/\/es.greenpeace.org\/es\/?s={search_term_string}\"},\"query-input\":{\"@type\":\"PropertyValueSpecification\",\"valueRequired\":true,\"valueName\":\"search_term_string\"}}],\"inLanguage\":\"es\"},{\"@type\":\"Organization\",\"@id\":\"https:\/\/es.greenpeace.org\/es\/#organization\",\"name\":\"Greenpeace Espa\u00f1a\",\"alternateName\":\"Greenpeace\",\"url\":\"https:\/\/es.greenpeace.org\/es\/\",\"logo\":{\"@type\":\"ImageObject\",\"inLanguage\":\"es\",\"@id\":\"https:\/\/es.greenpeace.org\/es\/#\/schema\/logo\/image\/\",\"url\":\"https:\/\/es.greenpeace.org\/es\/wp-content\/uploads\/sites\/3\/2024\/07\/greenpeace-logo-verde.svg\",\"contentUrl\":\"https:\/\/es.greenpeace.org\/es\/wp-content\/uploads\/sites\/3\/2024\/07\/greenpeace-logo-verde.svg\",\"width\":1,\"height\":1,\"caption\":\"Greenpeace Espa\u00f1a\"},\"image\":{\"@id\":\"https:\/\/es.greenpeace.org\/es\/#\/schema\/logo\/image\/\"},\"sameAs\":[\"https:\/\/www.facebook.com\/greenpeace.spain\",\"https:\/\/x.com\/greenpeace_esp\",\"https:\/\/www.instagram.com\/greenpeace_esp\/\"]}]}<\/script>\n<!-- \/ Yoast SEO plugin. -->","yoast_head_json":{"title":"Monitoreo de la movilidad durante la crisis del Covid19 - ES | Greenpeace Espa\u00f1a","robots":{"index":"index","follow":"follow","max-snippet":"max-snippet:-1","max-image-preview":"max-image-preview:large","max-video-preview":"max-video-preview:-1"},"canonical":"https:\/\/es.greenpeace.org\/es\/trabajamos-en\/consumismo\/contaminacion\/covid-madrid-barcelona-sevilla\/","og_locale":"es_ES","og_type":"article","og_title":"Monitoreo de la movilidad durante la crisis del Covid19 - ES | Greenpeace Espa\u00f1a","og_description":"Desde la irrupci\u00f3n del coronavirus en Espa\u00f1a, miles de personas han fallecido y otras decenas de miles est\u00e1n sufriendo las consecuencias de la pandemia; sin contar a todas aquellas que est\u00e1n trabajando sin descanso en hospitales, supermercados, etc. Una situaci\u00f3n excepcional que hace que desde Greenpeace nos solidaricemos con todas las personas que de una [&hellip;]","og_url":"https:\/\/es.greenpeace.org\/es\/trabajamos-en\/consumismo\/contaminacion\/covid-madrid-barcelona-sevilla\/","og_site_name":"ES | Greenpeace Espa\u00f1a","article_publisher":"https:\/\/www.facebook.com\/greenpeace.spain","article_modified_time":"2020-06-10T14:05:38+00:00","og_image":[{"width":800,"height":533,"url":"https:\/\/es.greenpeace.org\/es\/wp-content\/uploads\/sites\/3\/2020\/03\/ciudad_polucion.jpg","type":"image\/jpeg"}],"twitter_card":"summary_large_image","twitter_site":"@greenpeace_esp","schema":{"@context":"https:\/\/schema.org","@graph":[{"@type":"WebPage","@id":"https:\/\/es.greenpeace.org\/es\/trabajamos-en\/consumismo\/contaminacion\/covid-madrid-barcelona-sevilla\/","url":"https:\/\/es.greenpeace.org\/es\/trabajamos-en\/consumismo\/contaminacion\/covid-madrid-barcelona-sevilla\/","name":"Monitoreo de la movilidad durante la crisis del Covid19 - ES | Greenpeace Espa\u00f1a","isPartOf":{"@id":"https:\/\/es.greenpeace.org\/es\/#website"},"primaryImageOfPage":{"@id":"https:\/\/es.greenpeace.org\/es\/trabajamos-en\/consumismo\/contaminacion\/covid-madrid-barcelona-sevilla\/#primaryimage"},"image":{"@id":"https:\/\/es.greenpeace.org\/es\/trabajamos-en\/consumismo\/contaminacion\/covid-madrid-barcelona-sevilla\/#primaryimage"},"thumbnailUrl":"https:\/\/es.greenpeace.org\/es\/wp-content\/uploads\/sites\/3\/2020\/03\/ciudad_polucion.jpg","datePublished":"2020-03-30T09:29:39+00:00","dateModified":"2020-06-10T14:05:38+00:00","breadcrumb":{"@id":"https:\/\/es.greenpeace.org\/es\/trabajamos-en\/consumismo\/contaminacion\/covid-madrid-barcelona-sevilla\/#breadcrumb"},"inLanguage":"es","potentialAction":[{"@type":"ReadAction","target":["https:\/\/es.greenpeace.org\/es\/trabajamos-en\/consumismo\/contaminacion\/covid-madrid-barcelona-sevilla\/"]}]},{"@type":"ImageObject","inLanguage":"es","@id":"https:\/\/es.greenpeace.org\/es\/trabajamos-en\/consumismo\/contaminacion\/covid-madrid-barcelona-sevilla\/#primaryimage","url":"https:\/\/es.greenpeace.org\/es\/wp-content\/uploads\/sites\/3\/2020\/03\/ciudad_polucion.jpg","contentUrl":"https:\/\/es.greenpeace.org\/es\/wp-content\/uploads\/sites\/3\/2020\/03\/ciudad_polucion.jpg","width":800,"height":533,"caption":"Thick smog blankets Singapore's skyline. The Pollutant Standards Index (PSI), Singapore's main index for air pollution, has hit record levels. These measurements are classified as \"hazardous\" and can aggravate respiratory ailments."},{"@type":"BreadcrumbList","@id":"https:\/\/es.greenpeace.org\/es\/trabajamos-en\/consumismo\/contaminacion\/covid-madrid-barcelona-sevilla\/#breadcrumb","itemListElement":[{"@type":"ListItem","position":1,"name":"Home","item":"https:\/\/es.greenpeace.org\/es\/"},{"@type":"ListItem","position":2,"name":"Trabajamos en","item":"https:\/\/es.greenpeace.org\/es\/trabajamos-en\/"},{"@type":"ListItem","position":3,"name":"Consumismo","item":"https:\/\/es.greenpeace.org\/es\/trabajamos-en\/consumismo\/"},{"@type":"ListItem","position":4,"name":"Contaminaci\u00f3n","item":"https:\/\/es.greenpeace.org\/es\/trabajamos-en\/consumismo\/contaminacion\/"},{"@type":"ListItem","position":5,"name":"Monitoreo de la movilidad durante la crisis del Covid19"}]},{"@type":"WebSite","@id":"https:\/\/es.greenpeace.org\/es\/#website","url":"https:\/\/es.greenpeace.org\/es\/","name":"Greenpeace Espa\u00f1a","description":"","publisher":{"@id":"https:\/\/es.greenpeace.org\/es\/#organization"},"potentialAction":[{"@type":"SearchAction","target":{"@type":"EntryPoint","urlTemplate":"https:\/\/es.greenpeace.org\/es\/?s={search_term_string}"},"query-input":{"@type":"PropertyValueSpecification","valueRequired":true,"valueName":"search_term_string"}}],"inLanguage":"es"},{"@type":"Organization","@id":"https:\/\/es.greenpeace.org\/es\/#organization","name":"Greenpeace Espa\u00f1a","alternateName":"Greenpeace","url":"https:\/\/es.greenpeace.org\/es\/","logo":{"@type":"ImageObject","inLanguage":"es","@id":"https:\/\/es.greenpeace.org\/es\/#\/schema\/logo\/image\/","url":"https:\/\/es.greenpeace.org\/es\/wp-content\/uploads\/sites\/3\/2024\/07\/greenpeace-logo-verde.svg","contentUrl":"https:\/\/es.greenpeace.org\/es\/wp-content\/uploads\/sites\/3\/2024\/07\/greenpeace-logo-verde.svg","width":1,"height":1,"caption":"Greenpeace Espa\u00f1a"},"image":{"@id":"https:\/\/es.greenpeace.org\/es\/#\/schema\/logo\/image\/"},"sameAs":["https:\/\/www.facebook.com\/greenpeace.spain","https:\/\/x.com\/greenpeace_esp","https:\/\/www.instagram.com\/greenpeace_esp\/"]}]}},"_links":{"self":[{"href":"https:\/\/es.greenpeace.org\/es\/wp-json\/wp\/v2\/pages\/24633","targetHints":{"allow":["GET"]}}],"collection":[{"href":"https:\/\/es.greenpeace.org\/es\/wp-json\/wp\/v2\/pages"}],"about":[{"href":"https:\/\/es.greenpeace.org\/es\/wp-json\/wp\/v2\/types\/page"}],"author":[{"embeddable":true,"href":"https:\/\/es.greenpeace.org\/es\/wp-json\/wp\/v2\/users\/5"}],"replies":[{"embeddable":true,"href":"https:\/\/es.greenpeace.org\/es\/wp-json\/wp\/v2\/comments?post=24633"}],"version-history":[{"count":10,"href":"https:\/\/es.greenpeace.org\/es\/wp-json\/wp\/v2\/pages\/24633\/revisions"}],"predecessor-version":[{"id":26224,"href":"https:\/\/es.greenpeace.org\/es\/wp-json\/wp\/v2\/pages\/24633\/revisions\/26224"}],"up":[{"embeddable":true,"href":"https:\/\/es.greenpeace.org\/es\/wp-json\/wp\/v2\/pages\/1565"}],"wp:featuredmedia":[{"embeddable":true,"href":"https:\/\/es.greenpeace.org\/es\/wp-json\/wp\/v2\/media\/24651"}],"wp:attachment":[{"href":"https:\/\/es.greenpeace.org\/es\/wp-json\/wp\/v2\/media?parent=24633"}],"wp:term":[{"taxonomy":"category","embeddable":true,"href":"https:\/\/es.greenpeace.org\/es\/wp-json\/wp\/v2\/categories?post=24633"},{"taxonomy":"post_tag","embeddable":true,"href":"https:\/\/es.greenpeace.org\/es\/wp-json\/wp\/v2\/tags?post=24633"}],"curies":[{"name":"wp","href":"https:\/\/api.w.org\/{rel}","templated":true}]}}