{"id":27227,"date":"2020-07-23T09:14:39","date_gmt":"2020-07-23T07:14:39","guid":{"rendered":"https:\/\/es.greenpeace.org\/es\/?page_id=27227"},"modified":"2021-07-09T15:12:09","modified_gmt":"2021-07-09T13:12:09","slug":"acabar-con-la-perdida-de-biodiversidad","status":"publish","type":"page","link":"https:\/\/es.greenpeace.org\/es\/quienes-somos\/informes-anuales\/informe-anual-2019\/acabar-con-la-perdida-de-biodiversidad\/","title":{"rendered":"Acabar con la p\u00e9rdida de biodiversidad"},"content":{"rendered":"<h4>Este 2019 fue un a\u00f1o complicado para la <strong>biodiversidad de nuestro planeta<\/strong>; la sequ\u00eda, las temperaturas cada vez m\u00e1s altas y la mala <strong>gesti\u00f3n medioambiental <\/strong><br \/>\nde gobiernos y empresas, desembocaron en la proliferaci\u00f3n de desastres medioambientales tanto nacionales (desastre en el Mar Menor), como internacionales (incendios en el Amazonas, Siberia, Australia&#8230;).<\/h4>\n<p>Pero tambi\u00e9n fue un a\u00f1o con grandes <strong>movilizaciones por el cambio clim\u00e1tico y la biodiversidad<\/strong>.<\/p>\n<p>Por nuestra parte, de esta <strong>crisis de biodiversidad<\/strong> que afronta el planeta, centramos los esfuerzos a escala internacional en los grandes <strong>incendios y la protecci\u00f3n de los oc\u00e9anos<\/strong>. Mientras que a nivel nacional, enfocamos el trabajo en la <strong>gesti\u00f3n forestal, costera y del agua<\/strong>, que fueron los vectores utilizados para escenificar c\u00f3mo la crisis de biodiversidad y la emergencia clim\u00e1tica van inexcusablemente unidas.<\/p>\n","protected":false},"excerpt":{"rendered":"<p>Este 2019 fue un a\u00f1o complicado para la biodiversidad de nuestro planeta; la sequ\u00eda, las temperaturas cada vez m\u00e1s altas y la mala gesti\u00f3n medioambiental de gobiernos y empresas, desembocaron en la proliferaci\u00f3n de desastres medioambientales tanto nacionales (desastre en el Mar Menor), como internacionales (incendios en el Amazonas, Siberia, Australia&#8230;). Pero tambi\u00e9n fue un [&hellip;]<\/p>\n","protected":false},"author":68,"featured_media":20609,"parent":27173,"menu_order":0,"comment_status":"closed","ping_status":"closed","template":"template-generic-acf.php","meta":{"_acf_changed":false,"footnotes":""},"categories":[36,37],"tags":[],"class_list":["post-27227","page","type-page","status-publish","has-post-thumbnail","hentry","category-bosques","category-oceanos"],"acf":[],"yoast_head":"<!-- This site is optimized with the Yoast SEO plugin v27.1.1 - https:\/\/yoast.com\/product\/yoast-seo-wordpress\/ -->\n<title>Acabar con la p\u00e9rdida de biodiversidad - ES | Greenpeace Espa\u00f1a<\/title>\n<meta name=\"robots\" content=\"index, follow, max-snippet:-1, max-image-preview:large, max-video-preview:-1\" \/>\n<link rel=\"canonical\" href=\"https:\/\/es.greenpeace.org\/es\/quienes-somos\/informes-anuales\/informe-anual-2019\/acabar-con-la-perdida-de-biodiversidad\/\" \/>\n<meta property=\"og:locale\" content=\"es_ES\" \/>\n<meta property=\"og:type\" content=\"article\" \/>\n<meta property=\"og:title\" content=\"Acabar con la p\u00e9rdida de biodiversidad - ES | Greenpeace Espa\u00f1a\" \/>\n<meta property=\"og:description\" content=\"Este 2019 fue un a\u00f1o complicado para la biodiversidad de nuestro planeta; la sequ\u00eda, las temperaturas cada vez m\u00e1s altas y la mala gesti\u00f3n medioambiental de gobiernos y empresas, desembocaron en la proliferaci\u00f3n de desastres medioambientales tanto nacionales (desastre en el Mar Menor), como internacionales (incendios en el Amazonas, Siberia, Australia&#8230;). Pero tambi\u00e9n fue un [&hellip;]\" \/>\n<meta property=\"og:url\" content=\"https:\/\/es.greenpeace.org\/es\/quienes-somos\/informes-anuales\/informe-anual-2019\/acabar-con-la-perdida-de-biodiversidad\/\" \/>\n<meta property=\"og:site_name\" content=\"ES | Greenpeace Espa\u00f1a\" \/>\n<meta property=\"article:publisher\" content=\"https:\/\/www.facebook.com\/greenpeace.spain\" \/>\n<meta property=\"article:modified_time\" content=\"2021-07-09T13:12:09+00:00\" \/>\n<meta property=\"og:image\" content=\"https:\/\/es.greenpeace.org\/es\/wp-content\/uploads\/sites\/3\/2019\/09\/i-xDmB2SQ-X3.jpg\" \/>\n\t<meta property=\"og:image:width\" content=\"1600\" \/>\n\t<meta property=\"og:image:height\" content=\"1067\" \/>\n\t<meta property=\"og:image:type\" content=\"image\/jpeg\" \/>\n<meta name=\"twitter:card\" content=\"summary_large_image\" \/>\n<meta name=\"twitter:site\" content=\"@greenpeace_esp\" \/>\n<meta name=\"twitter:label1\" content=\"Tiempo de lectura\" \/>\n\t<meta name=\"twitter:data1\" content=\"1 minuto\" \/>\n<script type=\"application\/ld+json\" class=\"yoast-schema-graph\">{\"@context\":\"https:\/\/schema.org\",\"@graph\":[{\"@type\":\"WebPage\",\"@id\":\"https:\/\/es.greenpeace.org\/es\/quienes-somos\/informes-anuales\/informe-anual-2019\/acabar-con-la-perdida-de-biodiversidad\/\",\"url\":\"https:\/\/es.greenpeace.org\/es\/quienes-somos\/informes-anuales\/informe-anual-2019\/acabar-con-la-perdida-de-biodiversidad\/\",\"name\":\"Acabar con la p\u00e9rdida de biodiversidad - ES | Greenpeace Espa\u00f1a\",\"isPartOf\":{\"@id\":\"https:\/\/es.greenpeace.org\/es\/#website\"},\"primaryImageOfPage\":{\"@id\":\"https:\/\/es.greenpeace.org\/es\/quienes-somos\/informes-anuales\/informe-anual-2019\/acabar-con-la-perdida-de-biodiversidad\/#primaryimage\"},\"image\":{\"@id\":\"https:\/\/es.greenpeace.org\/es\/quienes-somos\/informes-anuales\/informe-anual-2019\/acabar-con-la-perdida-de-biodiversidad\/#primaryimage\"},\"thumbnailUrl\":\"https:\/\/es.greenpeace.org\/es\/wp-content\/uploads\/sites\/3\/2019\/09\/i-xDmB2SQ-X3.jpg\",\"datePublished\":\"2020-07-23T07:14:39+00:00\",\"dateModified\":\"2021-07-09T13:12:09+00:00\",\"breadcrumb\":{\"@id\":\"https:\/\/es.greenpeace.org\/es\/quienes-somos\/informes-anuales\/informe-anual-2019\/acabar-con-la-perdida-de-biodiversidad\/#breadcrumb\"},\"inLanguage\":\"es\",\"potentialAction\":[{\"@type\":\"ReadAction\",\"target\":[\"https:\/\/es.greenpeace.org\/es\/quienes-somos\/informes-anuales\/informe-anual-2019\/acabar-con-la-perdida-de-biodiversidad\/\"]}]},{\"@type\":\"ImageObject\",\"inLanguage\":\"es\",\"@id\":\"https:\/\/es.greenpeace.org\/es\/quienes-somos\/informes-anuales\/informe-anual-2019\/acabar-con-la-perdida-de-biodiversidad\/#primaryimage\",\"url\":\"https:\/\/es.greenpeace.org\/es\/wp-content\/uploads\/sites\/3\/2019\/09\/i-xDmB2SQ-X3.jpg\",\"contentUrl\":\"https:\/\/es.greenpeace.org\/es\/wp-content\/uploads\/sites\/3\/2019\/09\/i-xDmB2SQ-X3.jpg\",\"width\":1600,\"height\":1067,\"caption\":\"Greenpeace \\\"incendia\\\" el Retiro en el D\u00eda de Acci\u00f3n Global por la Amazon\u00eda\"},{\"@type\":\"BreadcrumbList\",\"@id\":\"https:\/\/es.greenpeace.org\/es\/quienes-somos\/informes-anuales\/informe-anual-2019\/acabar-con-la-perdida-de-biodiversidad\/#breadcrumb\",\"itemListElement\":[{\"@type\":\"ListItem\",\"position\":1,\"name\":\"Home\",\"item\":\"https:\/\/es.greenpeace.org\/es\/\"},{\"@type\":\"ListItem\",\"position\":2,\"name\":\"Qui\u00e9nes somos\",\"item\":\"https:\/\/es.greenpeace.org\/es\/quienes-somos\/\"},{\"@type\":\"ListItem\",\"position\":3,\"name\":\"Informes anuales\",\"item\":\"https:\/\/es.greenpeace.org\/es\/quienes-somos\/informes-anuales\/\"},{\"@type\":\"ListItem\",\"position\":4,\"name\":\"Informe anual 2019\",\"item\":\"https:\/\/es.greenpeace.org\/es\/quienes-somos\/informes-anuales\/informe-anual-2019\/\"},{\"@type\":\"ListItem\",\"position\":5,\"name\":\"Acabar con la p\u00e9rdida de biodiversidad\"}]},{\"@type\":\"WebSite\",\"@id\":\"https:\/\/es.greenpeace.org\/es\/#website\",\"url\":\"https:\/\/es.greenpeace.org\/es\/\",\"name\":\"Greenpeace Espa\u00f1a\",\"description\":\"\",\"publisher\":{\"@id\":\"https:\/\/es.greenpeace.org\/es\/#organization\"},\"potentialAction\":[{\"@type\":\"SearchAction\",\"target\":{\"@type\":\"EntryPoint\",\"urlTemplate\":\"https:\/\/es.greenpeace.org\/es\/?s={search_term_string}\"},\"query-input\":{\"@type\":\"PropertyValueSpecification\",\"valueRequired\":true,\"valueName\":\"search_term_string\"}}],\"inLanguage\":\"es\"},{\"@type\":\"Organization\",\"@id\":\"https:\/\/es.greenpeace.org\/es\/#organization\",\"name\":\"Greenpeace Espa\u00f1a\",\"alternateName\":\"Greenpeace\",\"url\":\"https:\/\/es.greenpeace.org\/es\/\",\"logo\":{\"@type\":\"ImageObject\",\"inLanguage\":\"es\",\"@id\":\"https:\/\/es.greenpeace.org\/es\/#\/schema\/logo\/image\/\",\"url\":\"https:\/\/es.greenpeace.org\/es\/wp-content\/uploads\/sites\/3\/2024\/07\/greenpeace-logo-verde.svg\",\"contentUrl\":\"https:\/\/es.greenpeace.org\/es\/wp-content\/uploads\/sites\/3\/2024\/07\/greenpeace-logo-verde.svg\",\"width\":1,\"height\":1,\"caption\":\"Greenpeace Espa\u00f1a\"},\"image\":{\"@id\":\"https:\/\/es.greenpeace.org\/es\/#\/schema\/logo\/image\/\"},\"sameAs\":[\"https:\/\/www.facebook.com\/greenpeace.spain\",\"https:\/\/x.com\/greenpeace_esp\",\"https:\/\/www.instagram.com\/greenpeace_esp\/\"]}]}<\/script>\n<!-- \/ Yoast SEO plugin. -->","yoast_head_json":{"title":"Acabar con la p\u00e9rdida de biodiversidad - ES | Greenpeace Espa\u00f1a","robots":{"index":"index","follow":"follow","max-snippet":"max-snippet:-1","max-image-preview":"max-image-preview:large","max-video-preview":"max-video-preview:-1"},"canonical":"https:\/\/es.greenpeace.org\/es\/quienes-somos\/informes-anuales\/informe-anual-2019\/acabar-con-la-perdida-de-biodiversidad\/","og_locale":"es_ES","og_type":"article","og_title":"Acabar con la p\u00e9rdida de biodiversidad - ES | Greenpeace Espa\u00f1a","og_description":"Este 2019 fue un a\u00f1o complicado para la biodiversidad de nuestro planeta; la sequ\u00eda, las temperaturas cada vez m\u00e1s altas y la mala gesti\u00f3n medioambiental de gobiernos y empresas, desembocaron en la proliferaci\u00f3n de desastres medioambientales tanto nacionales (desastre en el Mar Menor), como internacionales (incendios en el Amazonas, Siberia, Australia&#8230;). Pero tambi\u00e9n fue un [&hellip;]","og_url":"https:\/\/es.greenpeace.org\/es\/quienes-somos\/informes-anuales\/informe-anual-2019\/acabar-con-la-perdida-de-biodiversidad\/","og_site_name":"ES | Greenpeace Espa\u00f1a","article_publisher":"https:\/\/www.facebook.com\/greenpeace.spain","article_modified_time":"2021-07-09T13:12:09+00:00","og_image":[{"width":1600,"height":1067,"url":"https:\/\/es.greenpeace.org\/es\/wp-content\/uploads\/sites\/3\/2019\/09\/i-xDmB2SQ-X3.jpg","type":"image\/jpeg"}],"twitter_card":"summary_large_image","twitter_site":"@greenpeace_esp","twitter_misc":{"Tiempo de lectura":"1 minuto"},"schema":{"@context":"https:\/\/schema.org","@graph":[{"@type":"WebPage","@id":"https:\/\/es.greenpeace.org\/es\/quienes-somos\/informes-anuales\/informe-anual-2019\/acabar-con-la-perdida-de-biodiversidad\/","url":"https:\/\/es.greenpeace.org\/es\/quienes-somos\/informes-anuales\/informe-anual-2019\/acabar-con-la-perdida-de-biodiversidad\/","name":"Acabar con la p\u00e9rdida de biodiversidad - ES | Greenpeace Espa\u00f1a","isPartOf":{"@id":"https:\/\/es.greenpeace.org\/es\/#website"},"primaryImageOfPage":{"@id":"https:\/\/es.greenpeace.org\/es\/quienes-somos\/informes-anuales\/informe-anual-2019\/acabar-con-la-perdida-de-biodiversidad\/#primaryimage"},"image":{"@id":"https:\/\/es.greenpeace.org\/es\/quienes-somos\/informes-anuales\/informe-anual-2019\/acabar-con-la-perdida-de-biodiversidad\/#primaryimage"},"thumbnailUrl":"https:\/\/es.greenpeace.org\/es\/wp-content\/uploads\/sites\/3\/2019\/09\/i-xDmB2SQ-X3.jpg","datePublished":"2020-07-23T07:14:39+00:00","dateModified":"2021-07-09T13:12:09+00:00","breadcrumb":{"@id":"https:\/\/es.greenpeace.org\/es\/quienes-somos\/informes-anuales\/informe-anual-2019\/acabar-con-la-perdida-de-biodiversidad\/#breadcrumb"},"inLanguage":"es","potentialAction":[{"@type":"ReadAction","target":["https:\/\/es.greenpeace.org\/es\/quienes-somos\/informes-anuales\/informe-anual-2019\/acabar-con-la-perdida-de-biodiversidad\/"]}]},{"@type":"ImageObject","inLanguage":"es","@id":"https:\/\/es.greenpeace.org\/es\/quienes-somos\/informes-anuales\/informe-anual-2019\/acabar-con-la-perdida-de-biodiversidad\/#primaryimage","url":"https:\/\/es.greenpeace.org\/es\/wp-content\/uploads\/sites\/3\/2019\/09\/i-xDmB2SQ-X3.jpg","contentUrl":"https:\/\/es.greenpeace.org\/es\/wp-content\/uploads\/sites\/3\/2019\/09\/i-xDmB2SQ-X3.jpg","width":1600,"height":1067,"caption":"Greenpeace \"incendia\" el Retiro en el D\u00eda de Acci\u00f3n Global por la Amazon\u00eda"},{"@type":"BreadcrumbList","@id":"https:\/\/es.greenpeace.org\/es\/quienes-somos\/informes-anuales\/informe-anual-2019\/acabar-con-la-perdida-de-biodiversidad\/#breadcrumb","itemListElement":[{"@type":"ListItem","position":1,"name":"Home","item":"https:\/\/es.greenpeace.org\/es\/"},{"@type":"ListItem","position":2,"name":"Qui\u00e9nes somos","item":"https:\/\/es.greenpeace.org\/es\/quienes-somos\/"},{"@type":"ListItem","position":3,"name":"Informes anuales","item":"https:\/\/es.greenpeace.org\/es\/quienes-somos\/informes-anuales\/"},{"@type":"ListItem","position":4,"name":"Informe anual 2019","item":"https:\/\/es.greenpeace.org\/es\/quienes-somos\/informes-anuales\/informe-anual-2019\/"},{"@type":"ListItem","position":5,"name":"Acabar con la p\u00e9rdida de biodiversidad"}]},{"@type":"WebSite","@id":"https:\/\/es.greenpeace.org\/es\/#website","url":"https:\/\/es.greenpeace.org\/es\/","name":"Greenpeace Espa\u00f1a","description":"","publisher":{"@id":"https:\/\/es.greenpeace.org\/es\/#organization"},"potentialAction":[{"@type":"SearchAction","target":{"@type":"EntryPoint","urlTemplate":"https:\/\/es.greenpeace.org\/es\/?s={search_term_string}"},"query-input":{"@type":"PropertyValueSpecification","valueRequired":true,"valueName":"search_term_string"}}],"inLanguage":"es"},{"@type":"Organization","@id":"https:\/\/es.greenpeace.org\/es\/#organization","name":"Greenpeace Espa\u00f1a","alternateName":"Greenpeace","url":"https:\/\/es.greenpeace.org\/es\/","logo":{"@type":"ImageObject","inLanguage":"es","@id":"https:\/\/es.greenpeace.org\/es\/#\/schema\/logo\/image\/","url":"https:\/\/es.greenpeace.org\/es\/wp-content\/uploads\/sites\/3\/2024\/07\/greenpeace-logo-verde.svg","contentUrl":"https:\/\/es.greenpeace.org\/es\/wp-content\/uploads\/sites\/3\/2024\/07\/greenpeace-logo-verde.svg","width":1,"height":1,"caption":"Greenpeace Espa\u00f1a"},"image":{"@id":"https:\/\/es.greenpeace.org\/es\/#\/schema\/logo\/image\/"},"sameAs":["https:\/\/www.facebook.com\/greenpeace.spain","https:\/\/x.com\/greenpeace_esp","https:\/\/www.instagram.com\/greenpeace_esp\/"]}]}},"_links":{"self":[{"href":"https:\/\/es.greenpeace.org\/es\/wp-json\/wp\/v2\/pages\/27227","targetHints":{"allow":["GET"]}}],"collection":[{"href":"https:\/\/es.greenpeace.org\/es\/wp-json\/wp\/v2\/pages"}],"about":[{"href":"https:\/\/es.greenpeace.org\/es\/wp-json\/wp\/v2\/types\/page"}],"author":[{"embeddable":true,"href":"https:\/\/es.greenpeace.org\/es\/wp-json\/wp\/v2\/users\/68"}],"replies":[{"embeddable":true,"href":"https:\/\/es.greenpeace.org\/es\/wp-json\/wp\/v2\/comments?post=27227"}],"version-history":[{"count":10,"href":"https:\/\/es.greenpeace.org\/es\/wp-json\/wp\/v2\/pages\/27227\/revisions"}],"predecessor-version":[{"id":35153,"href":"https:\/\/es.greenpeace.org\/es\/wp-json\/wp\/v2\/pages\/27227\/revisions\/35153"}],"up":[{"embeddable":true,"href":"https:\/\/es.greenpeace.org\/es\/wp-json\/wp\/v2\/pages\/27173"}],"wp:featuredmedia":[{"embeddable":true,"href":"https:\/\/es.greenpeace.org\/es\/wp-json\/wp\/v2\/media\/20609"}],"wp:attachment":[{"href":"https:\/\/es.greenpeace.org\/es\/wp-json\/wp\/v2\/media?parent=27227"}],"wp:term":[{"taxonomy":"category","embeddable":true,"href":"https:\/\/es.greenpeace.org\/es\/wp-json\/wp\/v2\/categories?post=27227"},{"taxonomy":"post_tag","embeddable":true,"href":"https:\/\/es.greenpeace.org\/es\/wp-json\/wp\/v2\/tags?post=27227"}],"curies":[{"name":"wp","href":"https:\/\/api.w.org\/{rel}","templated":true}]}}