{"id":35189,"date":"2021-07-19T11:19:39","date_gmt":"2021-07-19T09:19:39","guid":{"rendered":"https:\/\/es.greenpeace.org\/es\/?page_id=35189"},"modified":"2021-07-19T11:43:09","modified_gmt":"2021-07-19T09:43:09","slug":"cambia-tu-consumo-para-cambiar-el-mundo","status":"publish","type":"page","link":"https:\/\/es.greenpeace.org\/es\/quienes-somos\/informes-anuales\/informe-anual-2020\/cambia-tu-consumo-para-cambiar-el-mundo\/","title":{"rendered":"Cambia tu consumo para cambiar el mundo"},"content":{"rendered":"<h4>Uno de los mayores \u00e1mbitos de cambio en este 2020 ha sido sin duda el del consumo.<\/h4>\n<p>En Greenpeace hemos trabajado este a\u00f1o para <strong>promover ciudades por y para las personas<\/strong>, de forma que se frene el consumo excesivo (a trav\u00e9s del trabajo con movilidad, alimentaci\u00f3n, residuos, energ\u00eda&#8230;), con la colaboraci\u00f3n de movimientos urbanos para hacer frente a la <strong>emergencia clim\u00e1tica<\/strong>. De esta premisa nacen campa\u00f1as como <strong>Hack Your City (\u201cHackea Tu Ciudad\u201d)<\/strong>.<\/p>\n","protected":false},"excerpt":{"rendered":"<p>Uno de los mayores \u00e1mbitos de cambio en este 2020 ha sido sin duda el del consumo. En Greenpeace hemos trabajado este a\u00f1o para promover ciudades por y para las personas, de forma que se frene el consumo excesivo (a trav\u00e9s del trabajo con movilidad, alimentaci\u00f3n, residuos, energ\u00eda&#8230;), con la colaboraci\u00f3n de movimientos urbanos para [&hellip;]<\/p>\n","protected":false},"author":68,"featured_media":35198,"parent":35124,"menu_order":0,"comment_status":"closed","ping_status":"closed","template":"template-generic-acf.php","meta":{"_acf_changed":false,"footnotes":""},"categories":[4,102],"tags":[],"class_list":["post-35189","page","type-page","status-publish","has-post-thumbnail","hentry","category-general","category-justicia-social"],"acf":[],"yoast_head":"<!-- This site is optimized with the Yoast SEO plugin v27.1.1 - https:\/\/yoast.com\/product\/yoast-seo-wordpress\/ -->\n<title>Cambia tu consumo para cambiar el mundo - ES | Greenpeace Espa\u00f1a<\/title>\n<meta name=\"robots\" content=\"index, follow, max-snippet:-1, max-image-preview:large, max-video-preview:-1\" \/>\n<link rel=\"canonical\" href=\"https:\/\/es.greenpeace.org\/es\/quienes-somos\/informes-anuales\/informe-anual-2020\/cambia-tu-consumo-para-cambiar-el-mundo\/\" \/>\n<meta property=\"og:locale\" content=\"es_ES\" \/>\n<meta property=\"og:type\" content=\"article\" \/>\n<meta property=\"og:title\" content=\"Cambia tu consumo para cambiar el mundo - ES | Greenpeace Espa\u00f1a\" \/>\n<meta property=\"og:description\" content=\"Uno de los mayores \u00e1mbitos de cambio en este 2020 ha sido sin duda el del consumo. En Greenpeace hemos trabajado este a\u00f1o para promover ciudades por y para las personas, de forma que se frene el consumo excesivo (a trav\u00e9s del trabajo con movilidad, alimentaci\u00f3n, residuos, energ\u00eda&#8230;), con la colaboraci\u00f3n de movimientos urbanos para [&hellip;]\" \/>\n<meta property=\"og:url\" content=\"https:\/\/es.greenpeace.org\/es\/quienes-somos\/informes-anuales\/informe-anual-2020\/cambia-tu-consumo-para-cambiar-el-mundo\/\" \/>\n<meta property=\"og:site_name\" content=\"ES | Greenpeace Espa\u00f1a\" \/>\n<meta property=\"article:publisher\" content=\"https:\/\/www.facebook.com\/greenpeace.spain\" \/>\n<meta property=\"article:modified_time\" content=\"2021-07-19T09:43:09+00:00\" \/>\n<meta property=\"og:image\" content=\"https:\/\/es.greenpeace.org\/es\/wp-content\/uploads\/sites\/3\/2021\/07\/greenpeace-ecoembes-1.jpg\" \/>\n\t<meta property=\"og:image:width\" content=\"1200\" \/>\n\t<meta property=\"og:image:height\" content=\"607\" \/>\n\t<meta property=\"og:image:type\" content=\"image\/jpeg\" \/>\n<meta name=\"twitter:card\" content=\"summary_large_image\" \/>\n<meta name=\"twitter:site\" content=\"@greenpeace_esp\" \/>\n<script type=\"application\/ld+json\" class=\"yoast-schema-graph\">{\"@context\":\"https:\/\/schema.org\",\"@graph\":[{\"@type\":\"WebPage\",\"@id\":\"https:\/\/es.greenpeace.org\/es\/quienes-somos\/informes-anuales\/informe-anual-2020\/cambia-tu-consumo-para-cambiar-el-mundo\/\",\"url\":\"https:\/\/es.greenpeace.org\/es\/quienes-somos\/informes-anuales\/informe-anual-2020\/cambia-tu-consumo-para-cambiar-el-mundo\/\",\"name\":\"Cambia tu consumo para cambiar el mundo - ES | Greenpeace Espa\u00f1a\",\"isPartOf\":{\"@id\":\"https:\/\/es.greenpeace.org\/es\/#website\"},\"primaryImageOfPage\":{\"@id\":\"https:\/\/es.greenpeace.org\/es\/quienes-somos\/informes-anuales\/informe-anual-2020\/cambia-tu-consumo-para-cambiar-el-mundo\/#primaryimage\"},\"image\":{\"@id\":\"https:\/\/es.greenpeace.org\/es\/quienes-somos\/informes-anuales\/informe-anual-2020\/cambia-tu-consumo-para-cambiar-el-mundo\/#primaryimage\"},\"thumbnailUrl\":\"https:\/\/es.greenpeace.org\/es\/wp-content\/uploads\/sites\/3\/2021\/07\/greenpeace-ecoembes-1.jpg\",\"datePublished\":\"2021-07-19T09:19:39+00:00\",\"dateModified\":\"2021-07-19T09:43:09+00:00\",\"breadcrumb\":{\"@id\":\"https:\/\/es.greenpeace.org\/es\/quienes-somos\/informes-anuales\/informe-anual-2020\/cambia-tu-consumo-para-cambiar-el-mundo\/#breadcrumb\"},\"inLanguage\":\"es\",\"potentialAction\":[{\"@type\":\"ReadAction\",\"target\":[\"https:\/\/es.greenpeace.org\/es\/quienes-somos\/informes-anuales\/informe-anual-2020\/cambia-tu-consumo-para-cambiar-el-mundo\/\"]}]},{\"@type\":\"ImageObject\",\"inLanguage\":\"es\",\"@id\":\"https:\/\/es.greenpeace.org\/es\/quienes-somos\/informes-anuales\/informe-anual-2020\/cambia-tu-consumo-para-cambiar-el-mundo\/#primaryimage\",\"url\":\"https:\/\/es.greenpeace.org\/es\/wp-content\/uploads\/sites\/3\/2021\/07\/greenpeace-ecoembes-1.jpg\",\"contentUrl\":\"https:\/\/es.greenpeace.org\/es\/wp-content\/uploads\/sites\/3\/2021\/07\/greenpeace-ecoembes-1.jpg\",\"width\":1200,\"height\":607,\"caption\":\"23\/10\/2020. Almeria, Andalucia, Espa\u00f1a. En m\u00e1s de 90 localidades de todo el pa\u00eds han aparecido esta semana miles de contenedores amarillos de reciclado de envases con pegatinas que contienen el mensaje \u201cEcoembes miente\u201d. Mientras la ciudadan\u00eda deposita su bolsa de basura puede leer tambi\u00e9n en las 14.000 pegatinas colocadas: \u201cDe los envases de pl\u00e1stico que introduces aqu\u00ed, Ecoembes recicla menos del 25%. El resto acaba contaminando el medio ambiente\u201d. Se trata de una informaci\u00f3n muy desconocida y muy negativa, pero real y es resultado de investigaci\u00f3n de Greenpeace, que ha lanzado esta semana sobre Ecoembes, la empresa encargada de gestionar los contenedores amarillos de reciclaje de envases a nivel nacional. Han pasado m\u00e1s de 20 a\u00f1os desde que se instalaron los primeros contenedores de colores en las calles para separar ah\u00ed las diferentes fracciones de residuos (amarillo, verde, azul, marr\u00f3n\/gris). Parece evidente que en estos a\u00f1os no hemos logrado el resultado deseado, que es recoger todos nuestros residuos para que sean reciclados (todav\u00eda el 82% de los residuos urbanos se recogen mezclados). Hace tiempo que este sistema ha tocado techo y por s\u00ed solo no sirve para hacer frente al creciente consumo de bienes y a la contaminaci\u00f3n masiva de pl\u00e1sticos (entre otros) que ha cubierto el planeta. Con esta intervenci\u00f3n se da a conocer a la ciudadan\u00eda las deficiencias de este sistema y se\u00f1alar a los culpables para que entre todos hagamos presi\u00f3n. \u00a9Greenpeace\"},{\"@type\":\"BreadcrumbList\",\"@id\":\"https:\/\/es.greenpeace.org\/es\/quienes-somos\/informes-anuales\/informe-anual-2020\/cambia-tu-consumo-para-cambiar-el-mundo\/#breadcrumb\",\"itemListElement\":[{\"@type\":\"ListItem\",\"position\":1,\"name\":\"Home\",\"item\":\"https:\/\/es.greenpeace.org\/es\/\"},{\"@type\":\"ListItem\",\"position\":2,\"name\":\"Qui\u00e9nes somos\",\"item\":\"https:\/\/es.greenpeace.org\/es\/quienes-somos\/\"},{\"@type\":\"ListItem\",\"position\":3,\"name\":\"Informes anuales\",\"item\":\"https:\/\/es.greenpeace.org\/es\/quienes-somos\/informes-anuales\/\"},{\"@type\":\"ListItem\",\"position\":4,\"name\":\"Informe anual 2020\",\"item\":\"https:\/\/es.greenpeace.org\/es\/quienes-somos\/informes-anuales\/informe-anual-2020\/\"},{\"@type\":\"ListItem\",\"position\":5,\"name\":\"Cambia tu consumo para cambiar el mundo\"}]},{\"@type\":\"WebSite\",\"@id\":\"https:\/\/es.greenpeace.org\/es\/#website\",\"url\":\"https:\/\/es.greenpeace.org\/es\/\",\"name\":\"Greenpeace Espa\u00f1a\",\"description\":\"\",\"publisher\":{\"@id\":\"https:\/\/es.greenpeace.org\/es\/#organization\"},\"potentialAction\":[{\"@type\":\"SearchAction\",\"target\":{\"@type\":\"EntryPoint\",\"urlTemplate\":\"https:\/\/es.greenpeace.org\/es\/?s={search_term_string}\"},\"query-input\":{\"@type\":\"PropertyValueSpecification\",\"valueRequired\":true,\"valueName\":\"search_term_string\"}}],\"inLanguage\":\"es\"},{\"@type\":\"Organization\",\"@id\":\"https:\/\/es.greenpeace.org\/es\/#organization\",\"name\":\"Greenpeace Espa\u00f1a\",\"alternateName\":\"Greenpeace\",\"url\":\"https:\/\/es.greenpeace.org\/es\/\",\"logo\":{\"@type\":\"ImageObject\",\"inLanguage\":\"es\",\"@id\":\"https:\/\/es.greenpeace.org\/es\/#\/schema\/logo\/image\/\",\"url\":\"https:\/\/es.greenpeace.org\/es\/wp-content\/uploads\/sites\/3\/2024\/07\/greenpeace-logo-verde.svg\",\"contentUrl\":\"https:\/\/es.greenpeace.org\/es\/wp-content\/uploads\/sites\/3\/2024\/07\/greenpeace-logo-verde.svg\",\"width\":1,\"height\":1,\"caption\":\"Greenpeace Espa\u00f1a\"},\"image\":{\"@id\":\"https:\/\/es.greenpeace.org\/es\/#\/schema\/logo\/image\/\"},\"sameAs\":[\"https:\/\/www.facebook.com\/greenpeace.spain\",\"https:\/\/x.com\/greenpeace_esp\",\"https:\/\/www.instagram.com\/greenpeace_esp\/\"]}]}<\/script>\n<!-- \/ Yoast SEO plugin. -->","yoast_head_json":{"title":"Cambia tu consumo para cambiar el mundo - ES | Greenpeace Espa\u00f1a","robots":{"index":"index","follow":"follow","max-snippet":"max-snippet:-1","max-image-preview":"max-image-preview:large","max-video-preview":"max-video-preview:-1"},"canonical":"https:\/\/es.greenpeace.org\/es\/quienes-somos\/informes-anuales\/informe-anual-2020\/cambia-tu-consumo-para-cambiar-el-mundo\/","og_locale":"es_ES","og_type":"article","og_title":"Cambia tu consumo para cambiar el mundo - ES | Greenpeace Espa\u00f1a","og_description":"Uno de los mayores \u00e1mbitos de cambio en este 2020 ha sido sin duda el del consumo. En Greenpeace hemos trabajado este a\u00f1o para promover ciudades por y para las personas, de forma que se frene el consumo excesivo (a trav\u00e9s del trabajo con movilidad, alimentaci\u00f3n, residuos, energ\u00eda&#8230;), con la colaboraci\u00f3n de movimientos urbanos para [&hellip;]","og_url":"https:\/\/es.greenpeace.org\/es\/quienes-somos\/informes-anuales\/informe-anual-2020\/cambia-tu-consumo-para-cambiar-el-mundo\/","og_site_name":"ES | Greenpeace Espa\u00f1a","article_publisher":"https:\/\/www.facebook.com\/greenpeace.spain","article_modified_time":"2021-07-19T09:43:09+00:00","og_image":[{"width":1200,"height":607,"url":"https:\/\/es.greenpeace.org\/es\/wp-content\/uploads\/sites\/3\/2021\/07\/greenpeace-ecoembes-1.jpg","type":"image\/jpeg"}],"twitter_card":"summary_large_image","twitter_site":"@greenpeace_esp","schema":{"@context":"https:\/\/schema.org","@graph":[{"@type":"WebPage","@id":"https:\/\/es.greenpeace.org\/es\/quienes-somos\/informes-anuales\/informe-anual-2020\/cambia-tu-consumo-para-cambiar-el-mundo\/","url":"https:\/\/es.greenpeace.org\/es\/quienes-somos\/informes-anuales\/informe-anual-2020\/cambia-tu-consumo-para-cambiar-el-mundo\/","name":"Cambia tu consumo para cambiar el mundo - ES | Greenpeace Espa\u00f1a","isPartOf":{"@id":"https:\/\/es.greenpeace.org\/es\/#website"},"primaryImageOfPage":{"@id":"https:\/\/es.greenpeace.org\/es\/quienes-somos\/informes-anuales\/informe-anual-2020\/cambia-tu-consumo-para-cambiar-el-mundo\/#primaryimage"},"image":{"@id":"https:\/\/es.greenpeace.org\/es\/quienes-somos\/informes-anuales\/informe-anual-2020\/cambia-tu-consumo-para-cambiar-el-mundo\/#primaryimage"},"thumbnailUrl":"https:\/\/es.greenpeace.org\/es\/wp-content\/uploads\/sites\/3\/2021\/07\/greenpeace-ecoembes-1.jpg","datePublished":"2021-07-19T09:19:39+00:00","dateModified":"2021-07-19T09:43:09+00:00","breadcrumb":{"@id":"https:\/\/es.greenpeace.org\/es\/quienes-somos\/informes-anuales\/informe-anual-2020\/cambia-tu-consumo-para-cambiar-el-mundo\/#breadcrumb"},"inLanguage":"es","potentialAction":[{"@type":"ReadAction","target":["https:\/\/es.greenpeace.org\/es\/quienes-somos\/informes-anuales\/informe-anual-2020\/cambia-tu-consumo-para-cambiar-el-mundo\/"]}]},{"@type":"ImageObject","inLanguage":"es","@id":"https:\/\/es.greenpeace.org\/es\/quienes-somos\/informes-anuales\/informe-anual-2020\/cambia-tu-consumo-para-cambiar-el-mundo\/#primaryimage","url":"https:\/\/es.greenpeace.org\/es\/wp-content\/uploads\/sites\/3\/2021\/07\/greenpeace-ecoembes-1.jpg","contentUrl":"https:\/\/es.greenpeace.org\/es\/wp-content\/uploads\/sites\/3\/2021\/07\/greenpeace-ecoembes-1.jpg","width":1200,"height":607,"caption":"23\/10\/2020. Almeria, Andalucia, Espa\u00f1a. En m\u00e1s de 90 localidades de todo el pa\u00eds han aparecido esta semana miles de contenedores amarillos de reciclado de envases con pegatinas que contienen el mensaje \u201cEcoembes miente\u201d. Mientras la ciudadan\u00eda deposita su bolsa de basura puede leer tambi\u00e9n en las 14.000 pegatinas colocadas: \u201cDe los envases de pl\u00e1stico que introduces aqu\u00ed, Ecoembes recicla menos del 25%. El resto acaba contaminando el medio ambiente\u201d. Se trata de una informaci\u00f3n muy desconocida y muy negativa, pero real y es resultado de investigaci\u00f3n de Greenpeace, que ha lanzado esta semana sobre Ecoembes, la empresa encargada de gestionar los contenedores amarillos de reciclaje de envases a nivel nacional. Han pasado m\u00e1s de 20 a\u00f1os desde que se instalaron los primeros contenedores de colores en las calles para separar ah\u00ed las diferentes fracciones de residuos (amarillo, verde, azul, marr\u00f3n\/gris). Parece evidente que en estos a\u00f1os no hemos logrado el resultado deseado, que es recoger todos nuestros residuos para que sean reciclados (todav\u00eda el 82% de los residuos urbanos se recogen mezclados). Hace tiempo que este sistema ha tocado techo y por s\u00ed solo no sirve para hacer frente al creciente consumo de bienes y a la contaminaci\u00f3n masiva de pl\u00e1sticos (entre otros) que ha cubierto el planeta. Con esta intervenci\u00f3n se da a conocer a la ciudadan\u00eda las deficiencias de este sistema y se\u00f1alar a los culpables para que entre todos hagamos presi\u00f3n. \u00a9Greenpeace"},{"@type":"BreadcrumbList","@id":"https:\/\/es.greenpeace.org\/es\/quienes-somos\/informes-anuales\/informe-anual-2020\/cambia-tu-consumo-para-cambiar-el-mundo\/#breadcrumb","itemListElement":[{"@type":"ListItem","position":1,"name":"Home","item":"https:\/\/es.greenpeace.org\/es\/"},{"@type":"ListItem","position":2,"name":"Qui\u00e9nes somos","item":"https:\/\/es.greenpeace.org\/es\/quienes-somos\/"},{"@type":"ListItem","position":3,"name":"Informes anuales","item":"https:\/\/es.greenpeace.org\/es\/quienes-somos\/informes-anuales\/"},{"@type":"ListItem","position":4,"name":"Informe anual 2020","item":"https:\/\/es.greenpeace.org\/es\/quienes-somos\/informes-anuales\/informe-anual-2020\/"},{"@type":"ListItem","position":5,"name":"Cambia tu consumo para cambiar el mundo"}]},{"@type":"WebSite","@id":"https:\/\/es.greenpeace.org\/es\/#website","url":"https:\/\/es.greenpeace.org\/es\/","name":"Greenpeace Espa\u00f1a","description":"","publisher":{"@id":"https:\/\/es.greenpeace.org\/es\/#organization"},"potentialAction":[{"@type":"SearchAction","target":{"@type":"EntryPoint","urlTemplate":"https:\/\/es.greenpeace.org\/es\/?s={search_term_string}"},"query-input":{"@type":"PropertyValueSpecification","valueRequired":true,"valueName":"search_term_string"}}],"inLanguage":"es"},{"@type":"Organization","@id":"https:\/\/es.greenpeace.org\/es\/#organization","name":"Greenpeace Espa\u00f1a","alternateName":"Greenpeace","url":"https:\/\/es.greenpeace.org\/es\/","logo":{"@type":"ImageObject","inLanguage":"es","@id":"https:\/\/es.greenpeace.org\/es\/#\/schema\/logo\/image\/","url":"https:\/\/es.greenpeace.org\/es\/wp-content\/uploads\/sites\/3\/2024\/07\/greenpeace-logo-verde.svg","contentUrl":"https:\/\/es.greenpeace.org\/es\/wp-content\/uploads\/sites\/3\/2024\/07\/greenpeace-logo-verde.svg","width":1,"height":1,"caption":"Greenpeace Espa\u00f1a"},"image":{"@id":"https:\/\/es.greenpeace.org\/es\/#\/schema\/logo\/image\/"},"sameAs":["https:\/\/www.facebook.com\/greenpeace.spain","https:\/\/x.com\/greenpeace_esp","https:\/\/www.instagram.com\/greenpeace_esp\/"]}]}},"_links":{"self":[{"href":"https:\/\/es.greenpeace.org\/es\/wp-json\/wp\/v2\/pages\/35189","targetHints":{"allow":["GET"]}}],"collection":[{"href":"https:\/\/es.greenpeace.org\/es\/wp-json\/wp\/v2\/pages"}],"about":[{"href":"https:\/\/es.greenpeace.org\/es\/wp-json\/wp\/v2\/types\/page"}],"author":[{"embeddable":true,"href":"https:\/\/es.greenpeace.org\/es\/wp-json\/wp\/v2\/users\/68"}],"replies":[{"embeddable":true,"href":"https:\/\/es.greenpeace.org\/es\/wp-json\/wp\/v2\/comments?post=35189"}],"version-history":[{"count":9,"href":"https:\/\/es.greenpeace.org\/es\/wp-json\/wp\/v2\/pages\/35189\/revisions"}],"predecessor-version":[{"id":35370,"href":"https:\/\/es.greenpeace.org\/es\/wp-json\/wp\/v2\/pages\/35189\/revisions\/35370"}],"up":[{"embeddable":true,"href":"https:\/\/es.greenpeace.org\/es\/wp-json\/wp\/v2\/pages\/35124"}],"wp:featuredmedia":[{"embeddable":true,"href":"https:\/\/es.greenpeace.org\/es\/wp-json\/wp\/v2\/media\/35198"}],"wp:attachment":[{"href":"https:\/\/es.greenpeace.org\/es\/wp-json\/wp\/v2\/media?parent=35189"}],"wp:term":[{"taxonomy":"category","embeddable":true,"href":"https:\/\/es.greenpeace.org\/es\/wp-json\/wp\/v2\/categories?post=35189"},{"taxonomy":"post_tag","embeddable":true,"href":"https:\/\/es.greenpeace.org\/es\/wp-json\/wp\/v2\/tags?post=35189"}],"curies":[{"name":"wp","href":"https:\/\/api.w.org\/{rel}","templated":true}]}}