{"id":35203,"date":"2021-07-19T11:18:52","date_gmt":"2021-07-19T09:18:52","guid":{"rendered":"https:\/\/es.greenpeace.org\/es\/?page_id=35203"},"modified":"2021-07-19T11:48:31","modified_gmt":"2021-07-19T09:48:31","slug":"justicia-social-y-ambiental-desde-la-perspectiva-ecofeminista","status":"publish","type":"page","link":"https:\/\/es.greenpeace.org\/es\/quienes-somos\/informes-anuales\/informe-anual-2020\/justicia-social-y-ambiental-desde-la-perspectiva-ecofeminista\/","title":{"rendered":"Justicia social y ambiental desde la perspectiva ecofeminista"},"content":{"rendered":"<h4>Con la crisis sanitaria se puso de manifiesto la vulnerabilidad de las personas y del resto de seres vivos y, como siempre, nuestro equipo de trabajo, voluntarias\/os y activistas, se unieron para dar respuesta ante esta crisis, ya fuera ayudando a personas vulnerables, trabajando en realizar equipos m\u00e9dicos y mascarillas o mediante acciones por el clima, etc.<\/h4>\n<p>Adem\u00e1s vimos potenciada nuestra escuela de activismo lanzando una propuesta de curso online desde una <strong><a href=\"https:\/\/es.greenpeace.org\/es\/noticias\/escuela-de-activismo\/\">perspectiva ecofeminista como herramienta frente a la crisis<\/a>.<\/strong><\/p>\n","protected":false},"excerpt":{"rendered":"<p>Con la crisis sanitaria se puso de manifiesto la vulnerabilidad de las personas y del resto de seres vivos y, como siempre, nuestro equipo de trabajo, voluntarias\/os y activistas, se unieron para dar respuesta ante esta crisis, ya fuera ayudando a personas vulnerables, trabajando en realizar equipos m\u00e9dicos y mascarillas o mediante acciones por el [&hellip;]<\/p>\n","protected":false},"author":68,"featured_media":35132,"parent":35124,"menu_order":0,"comment_status":"closed","ping_status":"closed","template":"template-generic-acf.php","meta":{"_acf_changed":false,"footnotes":""},"categories":[4],"tags":[],"class_list":["post-35203","page","type-page","status-publish","has-post-thumbnail","hentry","category-general"],"acf":[],"yoast_head":"<!-- This site is optimized with the Yoast SEO plugin v27.1.1 - https:\/\/yoast.com\/product\/yoast-seo-wordpress\/ -->\n<title>Justicia social y ambiental desde la perspectiva ecofeminista - ES | Greenpeace Espa\u00f1a<\/title>\n<meta name=\"robots\" content=\"index, follow, max-snippet:-1, max-image-preview:large, max-video-preview:-1\" \/>\n<link rel=\"canonical\" href=\"https:\/\/es.greenpeace.org\/es\/quienes-somos\/informes-anuales\/informe-anual-2020\/justicia-social-y-ambiental-desde-la-perspectiva-ecofeminista\/\" \/>\n<meta property=\"og:locale\" content=\"es_ES\" \/>\n<meta property=\"og:type\" content=\"article\" \/>\n<meta property=\"og:title\" content=\"Justicia social y ambiental desde la perspectiva ecofeminista - ES | Greenpeace Espa\u00f1a\" \/>\n<meta property=\"og:description\" content=\"Con la crisis sanitaria se puso de manifiesto la vulnerabilidad de las personas y del resto de seres vivos y, como siempre, nuestro equipo de trabajo, voluntarias\/os y activistas, se unieron para dar respuesta ante esta crisis, ya fuera ayudando a personas vulnerables, trabajando en realizar equipos m\u00e9dicos y mascarillas o mediante acciones por el [&hellip;]\" \/>\n<meta property=\"og:url\" content=\"https:\/\/es.greenpeace.org\/es\/quienes-somos\/informes-anuales\/informe-anual-2020\/justicia-social-y-ambiental-desde-la-perspectiva-ecofeminista\/\" \/>\n<meta property=\"og:site_name\" content=\"ES | Greenpeace Espa\u00f1a\" \/>\n<meta property=\"article:publisher\" content=\"https:\/\/www.facebook.com\/greenpeace.spain\" \/>\n<meta property=\"article:modified_time\" content=\"2021-07-19T09:48:31+00:00\" \/>\n<meta property=\"og:image\" content=\"https:\/\/es.greenpeace.org\/es\/wp-content\/uploads\/sites\/3\/2021\/07\/justicia-medio-ambiental.jpg\" \/>\n\t<meta property=\"og:image:width\" content=\"1200\" \/>\n\t<meta property=\"og:image:height\" content=\"720\" \/>\n\t<meta property=\"og:image:type\" content=\"image\/jpeg\" \/>\n<meta name=\"twitter:card\" content=\"summary_large_image\" \/>\n<meta name=\"twitter:site\" content=\"@greenpeace_esp\" \/>\n<script type=\"application\/ld+json\" class=\"yoast-schema-graph\">{\"@context\":\"https:\/\/schema.org\",\"@graph\":[{\"@type\":\"WebPage\",\"@id\":\"https:\/\/es.greenpeace.org\/es\/quienes-somos\/informes-anuales\/informe-anual-2020\/justicia-social-y-ambiental-desde-la-perspectiva-ecofeminista\/\",\"url\":\"https:\/\/es.greenpeace.org\/es\/quienes-somos\/informes-anuales\/informe-anual-2020\/justicia-social-y-ambiental-desde-la-perspectiva-ecofeminista\/\",\"name\":\"Justicia social y ambiental desde la perspectiva ecofeminista - ES | Greenpeace Espa\u00f1a\",\"isPartOf\":{\"@id\":\"https:\/\/es.greenpeace.org\/es\/#website\"},\"primaryImageOfPage\":{\"@id\":\"https:\/\/es.greenpeace.org\/es\/quienes-somos\/informes-anuales\/informe-anual-2020\/justicia-social-y-ambiental-desde-la-perspectiva-ecofeminista\/#primaryimage\"},\"image\":{\"@id\":\"https:\/\/es.greenpeace.org\/es\/quienes-somos\/informes-anuales\/informe-anual-2020\/justicia-social-y-ambiental-desde-la-perspectiva-ecofeminista\/#primaryimage\"},\"thumbnailUrl\":\"https:\/\/es.greenpeace.org\/es\/wp-content\/uploads\/sites\/3\/2021\/07\/justicia-medio-ambiental.jpg\",\"datePublished\":\"2021-07-19T09:18:52+00:00\",\"dateModified\":\"2021-07-19T09:48:31+00:00\",\"breadcrumb\":{\"@id\":\"https:\/\/es.greenpeace.org\/es\/quienes-somos\/informes-anuales\/informe-anual-2020\/justicia-social-y-ambiental-desde-la-perspectiva-ecofeminista\/#breadcrumb\"},\"inLanguage\":\"es\",\"potentialAction\":[{\"@type\":\"ReadAction\",\"target\":[\"https:\/\/es.greenpeace.org\/es\/quienes-somos\/informes-anuales\/informe-anual-2020\/justicia-social-y-ambiental-desde-la-perspectiva-ecofeminista\/\"]}]},{\"@type\":\"ImageObject\",\"inLanguage\":\"es\",\"@id\":\"https:\/\/es.greenpeace.org\/es\/quienes-somos\/informes-anuales\/informe-anual-2020\/justicia-social-y-ambiental-desde-la-perspectiva-ecofeminista\/#primaryimage\",\"url\":\"https:\/\/es.greenpeace.org\/es\/wp-content\/uploads\/sites\/3\/2021\/07\/justicia-medio-ambiental.jpg\",\"contentUrl\":\"https:\/\/es.greenpeace.org\/es\/wp-content\/uploads\/sites\/3\/2021\/07\/justicia-medio-ambiental.jpg\",\"width\":1200,\"height\":720,\"caption\":\"20\/04\/2020. Manzanares el Real, Madrid, Comunidad de Madrid, Espa\u00f1a. En el contexto de la emergencia sanitaria actual y la posterior salida econ\u00f3mica, cientos de organizaciones sociales bajo el paraguas de Fridays For Future, 2020 Rebeli\u00f3n por el Clima y Alianza por el Clima (plataforma de la que forma parte Greenpeace) han convocado a la ciudadan\u00eda a una acci\u00f3n global por el clima para reivindicar una vuelta que ponga en el centro el medio ambiente y a las personas y tenga en cuenta criterios de justicia social y clim\u00e1tica. Para ello, las organizaciones han invitado a manifestarse mediante proyecciones de sombras y sonidos. \u00a9Greenpeace\/Pedro Armestre \u00a9Greenpeace Handout\/Pedro Armestre - No sales - No Archives - Editorial Use Only - Free use only for 14 days after release. Photo provided by GREENPEACE, distributed handout photo to be used only to illustrate news reporting or commentary on the facts or events depicted in this image.\"},{\"@type\":\"BreadcrumbList\",\"@id\":\"https:\/\/es.greenpeace.org\/es\/quienes-somos\/informes-anuales\/informe-anual-2020\/justicia-social-y-ambiental-desde-la-perspectiva-ecofeminista\/#breadcrumb\",\"itemListElement\":[{\"@type\":\"ListItem\",\"position\":1,\"name\":\"Home\",\"item\":\"https:\/\/es.greenpeace.org\/es\/\"},{\"@type\":\"ListItem\",\"position\":2,\"name\":\"Qui\u00e9nes somos\",\"item\":\"https:\/\/es.greenpeace.org\/es\/quienes-somos\/\"},{\"@type\":\"ListItem\",\"position\":3,\"name\":\"Informes anuales\",\"item\":\"https:\/\/es.greenpeace.org\/es\/quienes-somos\/informes-anuales\/\"},{\"@type\":\"ListItem\",\"position\":4,\"name\":\"Informe anual 2020\",\"item\":\"https:\/\/es.greenpeace.org\/es\/quienes-somos\/informes-anuales\/informe-anual-2020\/\"},{\"@type\":\"ListItem\",\"position\":5,\"name\":\"Justicia social y ambiental desde la perspectiva ecofeminista\"}]},{\"@type\":\"WebSite\",\"@id\":\"https:\/\/es.greenpeace.org\/es\/#website\",\"url\":\"https:\/\/es.greenpeace.org\/es\/\",\"name\":\"Greenpeace Espa\u00f1a\",\"description\":\"\",\"publisher\":{\"@id\":\"https:\/\/es.greenpeace.org\/es\/#organization\"},\"potentialAction\":[{\"@type\":\"SearchAction\",\"target\":{\"@type\":\"EntryPoint\",\"urlTemplate\":\"https:\/\/es.greenpeace.org\/es\/?s={search_term_string}\"},\"query-input\":{\"@type\":\"PropertyValueSpecification\",\"valueRequired\":true,\"valueName\":\"search_term_string\"}}],\"inLanguage\":\"es\"},{\"@type\":\"Organization\",\"@id\":\"https:\/\/es.greenpeace.org\/es\/#organization\",\"name\":\"Greenpeace Espa\u00f1a\",\"alternateName\":\"Greenpeace\",\"url\":\"https:\/\/es.greenpeace.org\/es\/\",\"logo\":{\"@type\":\"ImageObject\",\"inLanguage\":\"es\",\"@id\":\"https:\/\/es.greenpeace.org\/es\/#\/schema\/logo\/image\/\",\"url\":\"https:\/\/es.greenpeace.org\/es\/wp-content\/uploads\/sites\/3\/2024\/07\/greenpeace-logo-verde.svg\",\"contentUrl\":\"https:\/\/es.greenpeace.org\/es\/wp-content\/uploads\/sites\/3\/2024\/07\/greenpeace-logo-verde.svg\",\"width\":1,\"height\":1,\"caption\":\"Greenpeace Espa\u00f1a\"},\"image\":{\"@id\":\"https:\/\/es.greenpeace.org\/es\/#\/schema\/logo\/image\/\"},\"sameAs\":[\"https:\/\/www.facebook.com\/greenpeace.spain\",\"https:\/\/x.com\/greenpeace_esp\",\"https:\/\/www.instagram.com\/greenpeace_esp\/\"]}]}<\/script>\n<!-- \/ Yoast SEO plugin. -->","yoast_head_json":{"title":"Justicia social y ambiental desde la perspectiva ecofeminista - ES | Greenpeace Espa\u00f1a","robots":{"index":"index","follow":"follow","max-snippet":"max-snippet:-1","max-image-preview":"max-image-preview:large","max-video-preview":"max-video-preview:-1"},"canonical":"https:\/\/es.greenpeace.org\/es\/quienes-somos\/informes-anuales\/informe-anual-2020\/justicia-social-y-ambiental-desde-la-perspectiva-ecofeminista\/","og_locale":"es_ES","og_type":"article","og_title":"Justicia social y ambiental desde la perspectiva ecofeminista - ES | Greenpeace Espa\u00f1a","og_description":"Con la crisis sanitaria se puso de manifiesto la vulnerabilidad de las personas y del resto de seres vivos y, como siempre, nuestro equipo de trabajo, voluntarias\/os y activistas, se unieron para dar respuesta ante esta crisis, ya fuera ayudando a personas vulnerables, trabajando en realizar equipos m\u00e9dicos y mascarillas o mediante acciones por el [&hellip;]","og_url":"https:\/\/es.greenpeace.org\/es\/quienes-somos\/informes-anuales\/informe-anual-2020\/justicia-social-y-ambiental-desde-la-perspectiva-ecofeminista\/","og_site_name":"ES | Greenpeace Espa\u00f1a","article_publisher":"https:\/\/www.facebook.com\/greenpeace.spain","article_modified_time":"2021-07-19T09:48:31+00:00","og_image":[{"width":1200,"height":720,"url":"https:\/\/es.greenpeace.org\/es\/wp-content\/uploads\/sites\/3\/2021\/07\/justicia-medio-ambiental.jpg","type":"image\/jpeg"}],"twitter_card":"summary_large_image","twitter_site":"@greenpeace_esp","schema":{"@context":"https:\/\/schema.org","@graph":[{"@type":"WebPage","@id":"https:\/\/es.greenpeace.org\/es\/quienes-somos\/informes-anuales\/informe-anual-2020\/justicia-social-y-ambiental-desde-la-perspectiva-ecofeminista\/","url":"https:\/\/es.greenpeace.org\/es\/quienes-somos\/informes-anuales\/informe-anual-2020\/justicia-social-y-ambiental-desde-la-perspectiva-ecofeminista\/","name":"Justicia social y ambiental desde la perspectiva ecofeminista - ES | Greenpeace Espa\u00f1a","isPartOf":{"@id":"https:\/\/es.greenpeace.org\/es\/#website"},"primaryImageOfPage":{"@id":"https:\/\/es.greenpeace.org\/es\/quienes-somos\/informes-anuales\/informe-anual-2020\/justicia-social-y-ambiental-desde-la-perspectiva-ecofeminista\/#primaryimage"},"image":{"@id":"https:\/\/es.greenpeace.org\/es\/quienes-somos\/informes-anuales\/informe-anual-2020\/justicia-social-y-ambiental-desde-la-perspectiva-ecofeminista\/#primaryimage"},"thumbnailUrl":"https:\/\/es.greenpeace.org\/es\/wp-content\/uploads\/sites\/3\/2021\/07\/justicia-medio-ambiental.jpg","datePublished":"2021-07-19T09:18:52+00:00","dateModified":"2021-07-19T09:48:31+00:00","breadcrumb":{"@id":"https:\/\/es.greenpeace.org\/es\/quienes-somos\/informes-anuales\/informe-anual-2020\/justicia-social-y-ambiental-desde-la-perspectiva-ecofeminista\/#breadcrumb"},"inLanguage":"es","potentialAction":[{"@type":"ReadAction","target":["https:\/\/es.greenpeace.org\/es\/quienes-somos\/informes-anuales\/informe-anual-2020\/justicia-social-y-ambiental-desde-la-perspectiva-ecofeminista\/"]}]},{"@type":"ImageObject","inLanguage":"es","@id":"https:\/\/es.greenpeace.org\/es\/quienes-somos\/informes-anuales\/informe-anual-2020\/justicia-social-y-ambiental-desde-la-perspectiva-ecofeminista\/#primaryimage","url":"https:\/\/es.greenpeace.org\/es\/wp-content\/uploads\/sites\/3\/2021\/07\/justicia-medio-ambiental.jpg","contentUrl":"https:\/\/es.greenpeace.org\/es\/wp-content\/uploads\/sites\/3\/2021\/07\/justicia-medio-ambiental.jpg","width":1200,"height":720,"caption":"20\/04\/2020. Manzanares el Real, Madrid, Comunidad de Madrid, Espa\u00f1a. En el contexto de la emergencia sanitaria actual y la posterior salida econ\u00f3mica, cientos de organizaciones sociales bajo el paraguas de Fridays For Future, 2020 Rebeli\u00f3n por el Clima y Alianza por el Clima (plataforma de la que forma parte Greenpeace) han convocado a la ciudadan\u00eda a una acci\u00f3n global por el clima para reivindicar una vuelta que ponga en el centro el medio ambiente y a las personas y tenga en cuenta criterios de justicia social y clim\u00e1tica. Para ello, las organizaciones han invitado a manifestarse mediante proyecciones de sombras y sonidos. \u00a9Greenpeace\/Pedro Armestre \u00a9Greenpeace Handout\/Pedro Armestre - No sales - No Archives - Editorial Use Only - Free use only for 14 days after release. Photo provided by GREENPEACE, distributed handout photo to be used only to illustrate news reporting or commentary on the facts or events depicted in this image."},{"@type":"BreadcrumbList","@id":"https:\/\/es.greenpeace.org\/es\/quienes-somos\/informes-anuales\/informe-anual-2020\/justicia-social-y-ambiental-desde-la-perspectiva-ecofeminista\/#breadcrumb","itemListElement":[{"@type":"ListItem","position":1,"name":"Home","item":"https:\/\/es.greenpeace.org\/es\/"},{"@type":"ListItem","position":2,"name":"Qui\u00e9nes somos","item":"https:\/\/es.greenpeace.org\/es\/quienes-somos\/"},{"@type":"ListItem","position":3,"name":"Informes anuales","item":"https:\/\/es.greenpeace.org\/es\/quienes-somos\/informes-anuales\/"},{"@type":"ListItem","position":4,"name":"Informe anual 2020","item":"https:\/\/es.greenpeace.org\/es\/quienes-somos\/informes-anuales\/informe-anual-2020\/"},{"@type":"ListItem","position":5,"name":"Justicia social y ambiental desde la perspectiva ecofeminista"}]},{"@type":"WebSite","@id":"https:\/\/es.greenpeace.org\/es\/#website","url":"https:\/\/es.greenpeace.org\/es\/","name":"Greenpeace Espa\u00f1a","description":"","publisher":{"@id":"https:\/\/es.greenpeace.org\/es\/#organization"},"potentialAction":[{"@type":"SearchAction","target":{"@type":"EntryPoint","urlTemplate":"https:\/\/es.greenpeace.org\/es\/?s={search_term_string}"},"query-input":{"@type":"PropertyValueSpecification","valueRequired":true,"valueName":"search_term_string"}}],"inLanguage":"es"},{"@type":"Organization","@id":"https:\/\/es.greenpeace.org\/es\/#organization","name":"Greenpeace Espa\u00f1a","alternateName":"Greenpeace","url":"https:\/\/es.greenpeace.org\/es\/","logo":{"@type":"ImageObject","inLanguage":"es","@id":"https:\/\/es.greenpeace.org\/es\/#\/schema\/logo\/image\/","url":"https:\/\/es.greenpeace.org\/es\/wp-content\/uploads\/sites\/3\/2024\/07\/greenpeace-logo-verde.svg","contentUrl":"https:\/\/es.greenpeace.org\/es\/wp-content\/uploads\/sites\/3\/2024\/07\/greenpeace-logo-verde.svg","width":1,"height":1,"caption":"Greenpeace Espa\u00f1a"},"image":{"@id":"https:\/\/es.greenpeace.org\/es\/#\/schema\/logo\/image\/"},"sameAs":["https:\/\/www.facebook.com\/greenpeace.spain","https:\/\/x.com\/greenpeace_esp","https:\/\/www.instagram.com\/greenpeace_esp\/"]}]}},"_links":{"self":[{"href":"https:\/\/es.greenpeace.org\/es\/wp-json\/wp\/v2\/pages\/35203","targetHints":{"allow":["GET"]}}],"collection":[{"href":"https:\/\/es.greenpeace.org\/es\/wp-json\/wp\/v2\/pages"}],"about":[{"href":"https:\/\/es.greenpeace.org\/es\/wp-json\/wp\/v2\/types\/page"}],"author":[{"embeddable":true,"href":"https:\/\/es.greenpeace.org\/es\/wp-json\/wp\/v2\/users\/68"}],"replies":[{"embeddable":true,"href":"https:\/\/es.greenpeace.org\/es\/wp-json\/wp\/v2\/comments?post=35203"}],"version-history":[{"count":10,"href":"https:\/\/es.greenpeace.org\/es\/wp-json\/wp\/v2\/pages\/35203\/revisions"}],"predecessor-version":[{"id":35371,"href":"https:\/\/es.greenpeace.org\/es\/wp-json\/wp\/v2\/pages\/35203\/revisions\/35371"}],"up":[{"embeddable":true,"href":"https:\/\/es.greenpeace.org\/es\/wp-json\/wp\/v2\/pages\/35124"}],"wp:featuredmedia":[{"embeddable":true,"href":"https:\/\/es.greenpeace.org\/es\/wp-json\/wp\/v2\/media\/35132"}],"wp:attachment":[{"href":"https:\/\/es.greenpeace.org\/es\/wp-json\/wp\/v2\/media?parent=35203"}],"wp:term":[{"taxonomy":"category","embeddable":true,"href":"https:\/\/es.greenpeace.org\/es\/wp-json\/wp\/v2\/categories?post=35203"},{"taxonomy":"post_tag","embeddable":true,"href":"https:\/\/es.greenpeace.org\/es\/wp-json\/wp\/v2\/tags?post=35203"}],"curies":[{"name":"wp","href":"https:\/\/api.w.org\/{rel}","templated":true}]}}