{"id":39175,"date":"2021-12-13T11:11:15","date_gmt":"2021-12-13T09:11:15","guid":{"rendered":"https:\/\/es.greenpeace.org\/es\/?page_id=39175"},"modified":"2025-07-07T10:12:46","modified_gmt":"2025-07-07T08:12:46","slug":"greenpeace-50-anos-defendiendo-el-planeta","status":"publish","type":"page","link":"https:\/\/es.greenpeace.org\/es\/quienes-somos\/historia-de-greenpeace\/greenpeace-50-anos-defendiendo-el-planeta\/","title":{"rendered":"Greenpeace, 50 a\u00f1os defendiendo el planeta"},"content":{"rendered":"","protected":false},"excerpt":{"rendered":"","protected":false},"author":68,"featured_media":39183,"parent":186,"menu_order":0,"comment_status":"closed","ping_status":"closed","template":"template-generic-acf.php","meta":{"_acf_changed":false,"footnotes":""},"categories":[4],"tags":[],"class_list":["post-39175","page","type-page","status-publish","has-post-thumbnail","hentry","category-general"],"acf":[],"yoast_head":"<!-- This site is optimized with the Yoast SEO plugin v27.1.1 - https:\/\/yoast.com\/product\/yoast-seo-wordpress\/ -->\n<title>Greenpeace, 50 a\u00f1os defendiendo el planeta | Greenpeace Espa\u00f1a<\/title>\n<meta name=\"description\" content=\"Greenpeace es una historia de esperanza en acci\u00f3n: personas que creen en un futuro verde y pac\u00edfico y est\u00e1n dispuestas a luchar por ello.\" \/>\n<meta name=\"robots\" content=\"index, follow, max-snippet:-1, max-image-preview:large, max-video-preview:-1\" \/>\n<link rel=\"canonical\" href=\"https:\/\/es.greenpeace.org\/es\/quienes-somos\/historia-de-greenpeace\/greenpeace-50-anos-defendiendo-el-planeta\/\" \/>\n<meta property=\"og:locale\" content=\"es_ES\" \/>\n<meta property=\"og:type\" content=\"article\" \/>\n<meta property=\"og:title\" content=\"Greenpeace, 50 a\u00f1os defendiendo el planeta | Greenpeace Espa\u00f1a\" \/>\n<meta property=\"og:description\" content=\"Greenpeace es una historia de esperanza en acci\u00f3n: personas que creen en un futuro verde y pac\u00edfico y est\u00e1n dispuestas a luchar por ello.\" \/>\n<meta property=\"og:url\" content=\"https:\/\/es.greenpeace.org\/es\/quienes-somos\/historia-de-greenpeace\/greenpeace-50-anos-defendiendo-el-planeta\/\" \/>\n<meta property=\"og:site_name\" content=\"ES | Greenpeace Espa\u00f1a\" \/>\n<meta property=\"article:publisher\" content=\"https:\/\/www.facebook.com\/greenpeace.spain\" \/>\n<meta property=\"article:modified_time\" content=\"2025-07-07T08:12:46+00:00\" \/>\n<meta property=\"og:image\" content=\"https:\/\/es.greenpeace.org\/es\/wp-content\/uploads\/sites\/3\/2021\/12\/50-aniversario-grenpeace.jpg\" \/>\n\t<meta property=\"og:image:width\" content=\"1200\" \/>\n\t<meta property=\"og:image:height\" content=\"680\" \/>\n\t<meta property=\"og:image:type\" content=\"image\/jpeg\" \/>\n<meta name=\"twitter:card\" content=\"summary_large_image\" \/>\n<meta name=\"twitter:site\" content=\"@greenpeace_esp\" \/>\n<meta name=\"twitter:label1\" content=\"Tiempo de lectura\" \/>\n\t<meta name=\"twitter:data1\" content=\"18 minutos\" \/>\n<script type=\"application\/ld+json\" class=\"yoast-schema-graph\">{\"@context\":\"https:\/\/schema.org\",\"@graph\":[{\"@type\":\"WebPage\",\"@id\":\"https:\/\/es.greenpeace.org\/es\/quienes-somos\/historia-de-greenpeace\/greenpeace-50-anos-defendiendo-el-planeta\/\",\"url\":\"https:\/\/es.greenpeace.org\/es\/quienes-somos\/historia-de-greenpeace\/greenpeace-50-anos-defendiendo-el-planeta\/\",\"name\":\"Greenpeace, 50 a\u00f1os defendiendo el planeta | Greenpeace Espa\u00f1a\",\"isPartOf\":{\"@id\":\"https:\/\/es.greenpeace.org\/es\/#website\"},\"primaryImageOfPage\":{\"@id\":\"https:\/\/es.greenpeace.org\/es\/quienes-somos\/historia-de-greenpeace\/greenpeace-50-anos-defendiendo-el-planeta\/#primaryimage\"},\"image\":{\"@id\":\"https:\/\/es.greenpeace.org\/es\/quienes-somos\/historia-de-greenpeace\/greenpeace-50-anos-defendiendo-el-planeta\/#primaryimage\"},\"thumbnailUrl\":\"https:\/\/es.greenpeace.org\/es\/wp-content\/uploads\/sites\/3\/2021\/12\/50-aniversario-grenpeace.jpg\",\"datePublished\":\"2021-12-13T09:11:15+00:00\",\"dateModified\":\"2025-07-07T08:12:46+00:00\",\"description\":\"Greenpeace es una historia de esperanza en acci\u00f3n: personas que creen en un futuro verde y pac\u00edfico y est\u00e1n dispuestas a luchar por ello.\",\"breadcrumb\":{\"@id\":\"https:\/\/es.greenpeace.org\/es\/quienes-somos\/historia-de-greenpeace\/greenpeace-50-anos-defendiendo-el-planeta\/#breadcrumb\"},\"inLanguage\":\"es\",\"potentialAction\":[{\"@type\":\"ReadAction\",\"target\":[\"https:\/\/es.greenpeace.org\/es\/quienes-somos\/historia-de-greenpeace\/greenpeace-50-anos-defendiendo-el-planeta\/\"]}]},{\"@type\":\"ImageObject\",\"inLanguage\":\"es\",\"@id\":\"https:\/\/es.greenpeace.org\/es\/quienes-somos\/historia-de-greenpeace\/greenpeace-50-anos-defendiendo-el-planeta\/#primaryimage\",\"url\":\"https:\/\/es.greenpeace.org\/es\/wp-content\/uploads\/sites\/3\/2021\/12\/50-aniversario-grenpeace.jpg\",\"contentUrl\":\"https:\/\/es.greenpeace.org\/es\/wp-content\/uploads\/sites\/3\/2021\/12\/50-aniversario-grenpeace.jpg\",\"width\":1200,\"height\":680,\"caption\":\"50 aniversario Greenpeace\"},{\"@type\":\"BreadcrumbList\",\"@id\":\"https:\/\/es.greenpeace.org\/es\/quienes-somos\/historia-de-greenpeace\/greenpeace-50-anos-defendiendo-el-planeta\/#breadcrumb\",\"itemListElement\":[{\"@type\":\"ListItem\",\"position\":1,\"name\":\"Home\",\"item\":\"https:\/\/es.greenpeace.org\/es\/\"},{\"@type\":\"ListItem\",\"position\":2,\"name\":\"Qui\u00e9nes somos\",\"item\":\"https:\/\/es.greenpeace.org\/es\/quienes-somos\/\"},{\"@type\":\"ListItem\",\"position\":3,\"name\":\"Historia\",\"item\":\"https:\/\/es.greenpeace.org\/es\/quienes-somos\/historia-de-greenpeace\/\"},{\"@type\":\"ListItem\",\"position\":4,\"name\":\"Greenpeace, 50 a\u00f1os defendiendo el planeta\"}]},{\"@type\":\"WebSite\",\"@id\":\"https:\/\/es.greenpeace.org\/es\/#website\",\"url\":\"https:\/\/es.greenpeace.org\/es\/\",\"name\":\"Greenpeace Espa\u00f1a\",\"description\":\"\",\"publisher\":{\"@id\":\"https:\/\/es.greenpeace.org\/es\/#organization\"},\"potentialAction\":[{\"@type\":\"SearchAction\",\"target\":{\"@type\":\"EntryPoint\",\"urlTemplate\":\"https:\/\/es.greenpeace.org\/es\/?s={search_term_string}\"},\"query-input\":{\"@type\":\"PropertyValueSpecification\",\"valueRequired\":true,\"valueName\":\"search_term_string\"}}],\"inLanguage\":\"es\"},{\"@type\":\"Organization\",\"@id\":\"https:\/\/es.greenpeace.org\/es\/#organization\",\"name\":\"Greenpeace Espa\u00f1a\",\"alternateName\":\"Greenpeace\",\"url\":\"https:\/\/es.greenpeace.org\/es\/\",\"logo\":{\"@type\":\"ImageObject\",\"inLanguage\":\"es\",\"@id\":\"https:\/\/es.greenpeace.org\/es\/#\/schema\/logo\/image\/\",\"url\":\"https:\/\/es.greenpeace.org\/es\/wp-content\/uploads\/sites\/3\/2024\/07\/greenpeace-logo-verde.svg\",\"contentUrl\":\"https:\/\/es.greenpeace.org\/es\/wp-content\/uploads\/sites\/3\/2024\/07\/greenpeace-logo-verde.svg\",\"width\":1,\"height\":1,\"caption\":\"Greenpeace Espa\u00f1a\"},\"image\":{\"@id\":\"https:\/\/es.greenpeace.org\/es\/#\/schema\/logo\/image\/\"},\"sameAs\":[\"https:\/\/www.facebook.com\/greenpeace.spain\",\"https:\/\/x.com\/greenpeace_esp\",\"https:\/\/www.instagram.com\/greenpeace_esp\/\"]}]}<\/script>\n<!-- \/ Yoast SEO plugin. -->","yoast_head_json":{"title":"Greenpeace, 50 a\u00f1os defendiendo el planeta | Greenpeace Espa\u00f1a","description":"Greenpeace es una historia de esperanza en acci\u00f3n: personas que creen en un futuro verde y pac\u00edfico y est\u00e1n dispuestas a luchar por ello.","robots":{"index":"index","follow":"follow","max-snippet":"max-snippet:-1","max-image-preview":"max-image-preview:large","max-video-preview":"max-video-preview:-1"},"canonical":"https:\/\/es.greenpeace.org\/es\/quienes-somos\/historia-de-greenpeace\/greenpeace-50-anos-defendiendo-el-planeta\/","og_locale":"es_ES","og_type":"article","og_title":"Greenpeace, 50 a\u00f1os defendiendo el planeta | Greenpeace Espa\u00f1a","og_description":"Greenpeace es una historia de esperanza en acci\u00f3n: personas que creen en un futuro verde y pac\u00edfico y est\u00e1n dispuestas a luchar por ello.","og_url":"https:\/\/es.greenpeace.org\/es\/quienes-somos\/historia-de-greenpeace\/greenpeace-50-anos-defendiendo-el-planeta\/","og_site_name":"ES | Greenpeace Espa\u00f1a","article_publisher":"https:\/\/www.facebook.com\/greenpeace.spain","article_modified_time":"2025-07-07T08:12:46+00:00","og_image":[{"width":1200,"height":680,"url":"https:\/\/es.greenpeace.org\/es\/wp-content\/uploads\/sites\/3\/2021\/12\/50-aniversario-grenpeace.jpg","type":"image\/jpeg"}],"twitter_card":"summary_large_image","twitter_site":"@greenpeace_esp","twitter_misc":{"Tiempo de lectura":"18 minutos"},"schema":{"@context":"https:\/\/schema.org","@graph":[{"@type":"WebPage","@id":"https:\/\/es.greenpeace.org\/es\/quienes-somos\/historia-de-greenpeace\/greenpeace-50-anos-defendiendo-el-planeta\/","url":"https:\/\/es.greenpeace.org\/es\/quienes-somos\/historia-de-greenpeace\/greenpeace-50-anos-defendiendo-el-planeta\/","name":"Greenpeace, 50 a\u00f1os defendiendo el planeta | Greenpeace Espa\u00f1a","isPartOf":{"@id":"https:\/\/es.greenpeace.org\/es\/#website"},"primaryImageOfPage":{"@id":"https:\/\/es.greenpeace.org\/es\/quienes-somos\/historia-de-greenpeace\/greenpeace-50-anos-defendiendo-el-planeta\/#primaryimage"},"image":{"@id":"https:\/\/es.greenpeace.org\/es\/quienes-somos\/historia-de-greenpeace\/greenpeace-50-anos-defendiendo-el-planeta\/#primaryimage"},"thumbnailUrl":"https:\/\/es.greenpeace.org\/es\/wp-content\/uploads\/sites\/3\/2021\/12\/50-aniversario-grenpeace.jpg","datePublished":"2021-12-13T09:11:15+00:00","dateModified":"2025-07-07T08:12:46+00:00","description":"Greenpeace es una historia de esperanza en acci\u00f3n: personas que creen en un futuro verde y pac\u00edfico y est\u00e1n dispuestas a luchar por ello.","breadcrumb":{"@id":"https:\/\/es.greenpeace.org\/es\/quienes-somos\/historia-de-greenpeace\/greenpeace-50-anos-defendiendo-el-planeta\/#breadcrumb"},"inLanguage":"es","potentialAction":[{"@type":"ReadAction","target":["https:\/\/es.greenpeace.org\/es\/quienes-somos\/historia-de-greenpeace\/greenpeace-50-anos-defendiendo-el-planeta\/"]}]},{"@type":"ImageObject","inLanguage":"es","@id":"https:\/\/es.greenpeace.org\/es\/quienes-somos\/historia-de-greenpeace\/greenpeace-50-anos-defendiendo-el-planeta\/#primaryimage","url":"https:\/\/es.greenpeace.org\/es\/wp-content\/uploads\/sites\/3\/2021\/12\/50-aniversario-grenpeace.jpg","contentUrl":"https:\/\/es.greenpeace.org\/es\/wp-content\/uploads\/sites\/3\/2021\/12\/50-aniversario-grenpeace.jpg","width":1200,"height":680,"caption":"50 aniversario Greenpeace"},{"@type":"BreadcrumbList","@id":"https:\/\/es.greenpeace.org\/es\/quienes-somos\/historia-de-greenpeace\/greenpeace-50-anos-defendiendo-el-planeta\/#breadcrumb","itemListElement":[{"@type":"ListItem","position":1,"name":"Home","item":"https:\/\/es.greenpeace.org\/es\/"},{"@type":"ListItem","position":2,"name":"Qui\u00e9nes somos","item":"https:\/\/es.greenpeace.org\/es\/quienes-somos\/"},{"@type":"ListItem","position":3,"name":"Historia","item":"https:\/\/es.greenpeace.org\/es\/quienes-somos\/historia-de-greenpeace\/"},{"@type":"ListItem","position":4,"name":"Greenpeace, 50 a\u00f1os defendiendo el planeta"}]},{"@type":"WebSite","@id":"https:\/\/es.greenpeace.org\/es\/#website","url":"https:\/\/es.greenpeace.org\/es\/","name":"Greenpeace Espa\u00f1a","description":"","publisher":{"@id":"https:\/\/es.greenpeace.org\/es\/#organization"},"potentialAction":[{"@type":"SearchAction","target":{"@type":"EntryPoint","urlTemplate":"https:\/\/es.greenpeace.org\/es\/?s={search_term_string}"},"query-input":{"@type":"PropertyValueSpecification","valueRequired":true,"valueName":"search_term_string"}}],"inLanguage":"es"},{"@type":"Organization","@id":"https:\/\/es.greenpeace.org\/es\/#organization","name":"Greenpeace Espa\u00f1a","alternateName":"Greenpeace","url":"https:\/\/es.greenpeace.org\/es\/","logo":{"@type":"ImageObject","inLanguage":"es","@id":"https:\/\/es.greenpeace.org\/es\/#\/schema\/logo\/image\/","url":"https:\/\/es.greenpeace.org\/es\/wp-content\/uploads\/sites\/3\/2024\/07\/greenpeace-logo-verde.svg","contentUrl":"https:\/\/es.greenpeace.org\/es\/wp-content\/uploads\/sites\/3\/2024\/07\/greenpeace-logo-verde.svg","width":1,"height":1,"caption":"Greenpeace Espa\u00f1a"},"image":{"@id":"https:\/\/es.greenpeace.org\/es\/#\/schema\/logo\/image\/"},"sameAs":["https:\/\/www.facebook.com\/greenpeace.spain","https:\/\/x.com\/greenpeace_esp","https:\/\/www.instagram.com\/greenpeace_esp\/"]}]}},"_links":{"self":[{"href":"https:\/\/es.greenpeace.org\/es\/wp-json\/wp\/v2\/pages\/39175","targetHints":{"allow":["GET"]}}],"collection":[{"href":"https:\/\/es.greenpeace.org\/es\/wp-json\/wp\/v2\/pages"}],"about":[{"href":"https:\/\/es.greenpeace.org\/es\/wp-json\/wp\/v2\/types\/page"}],"author":[{"embeddable":true,"href":"https:\/\/es.greenpeace.org\/es\/wp-json\/wp\/v2\/users\/68"}],"replies":[{"embeddable":true,"href":"https:\/\/es.greenpeace.org\/es\/wp-json\/wp\/v2\/comments?post=39175"}],"version-history":[{"count":10,"href":"https:\/\/es.greenpeace.org\/es\/wp-json\/wp\/v2\/pages\/39175\/revisions"}],"predecessor-version":[{"id":67409,"href":"https:\/\/es.greenpeace.org\/es\/wp-json\/wp\/v2\/pages\/39175\/revisions\/67409"}],"up":[{"embeddable":true,"href":"https:\/\/es.greenpeace.org\/es\/wp-json\/wp\/v2\/pages\/186"}],"wp:featuredmedia":[{"embeddable":true,"href":"https:\/\/es.greenpeace.org\/es\/wp-json\/wp\/v2\/media\/39183"}],"wp:attachment":[{"href":"https:\/\/es.greenpeace.org\/es\/wp-json\/wp\/v2\/media?parent=39175"}],"wp:term":[{"taxonomy":"category","embeddable":true,"href":"https:\/\/es.greenpeace.org\/es\/wp-json\/wp\/v2\/categories?post=39175"},{"taxonomy":"post_tag","embeddable":true,"href":"https:\/\/es.greenpeace.org\/es\/wp-json\/wp\/v2\/tags?post=39175"}],"curies":[{"name":"wp","href":"https:\/\/api.w.org\/{rel}","templated":true}]}}