{"id":51422,"date":"2023-06-16T10:40:12","date_gmt":"2023-06-16T08:40:12","guid":{"rendered":"https:\/\/es.greenpeace.org\/es\/?page_id=51422"},"modified":"2023-06-16T13:35:57","modified_gmt":"2023-06-16T11:35:57","slug":"carta-de-la-direccion","status":"publish","type":"page","link":"https:\/\/es.greenpeace.org\/es\/quienes-somos\/informes-anuales\/informe-anual-2022\/carta-de-la-direccion\/","title":{"rendered":"Carta de la direcci\u00f3n"},"content":{"rendered":"<p>Cuando parec\u00eda que empez\u00e1bamos a recuperarnos de lo peor de la <strong>pandemia<\/strong>, una cruenta <strong>guerra<\/strong> y su consecuente crisis humanitaria nos sacudieron de nuevo. Al conflicto le sigui\u00f3 una grave <strong>crisis energ\u00e9tica<\/strong> y de aumento de precios de bienes b\u00e1sicos. A todo esto se le sum\u00f3 la dureza de los impactos del <a href=\"https:\/\/es.greenpeace.org\/es\/trabajamos-en\/cambio-climatico\/\" target=\"_blank\" rel=\"noopener\"><strong>cambio clim\u00e1tico<\/strong><\/a>, con un verano plagado de temperaturas r\u00e9cord e incendios nunca vistos.<\/p>\n<p>2022 no dej\u00f3 indiferente a nadie. Aunque a veces parece que nos estamos acostumbrando a vivir en una crisis continua, ya sea sanitaria, clim\u00e1tica o econ\u00f3mica, en Greenpeace insistimos en mirar a <strong>las soluciones que est\u00e1n a nuestro alcance<\/strong>. Porque sabemos que realmente todas las crisis est\u00e1n relacionadas y parten de lo mismo: un sistema econ\u00f3mico insostenible y depredador que hace aguas y que a\u00fan estamos a tiempo de cambiar.<\/p>\n<p>Por eso el a\u00f1o pasado dedicamos todos los esfuerzos de la organizaci\u00f3n en Espa\u00f1a a hacer frente a este modelo y mostrar sus alternativas, como demuestran algunos de los datos que marcaron esos 12 meses: <strong>152.173 personas socias<\/strong> y m\u00e1s de <strong>1.000 voluntarias movilizadas<\/strong>, <strong>14 acciones<\/strong> s\u00f3lo en Espa\u00f1a, m\u00e1s de <strong>18.000 apariciones<\/strong> en medios de comunicaci\u00f3n, 64 reuniones de incidencia pol\u00edtica y 34 de incidencia empresarial, 9 investigaciones, m\u00e1s de 850 participantes en la Escuela de Activismo y un largo etc\u00e9tera.<\/p>\n","protected":false},"excerpt":{"rendered":"<p>Cuando parec\u00eda que empez\u00e1bamos a recuperarnos de lo peor de la pandemia, una cruenta guerra y su consecuente crisis humanitaria nos sacudieron de nuevo. Al conflicto le sigui\u00f3 una grave crisis energ\u00e9tica y de aumento de precios de bienes b\u00e1sicos. A todo esto se le sum\u00f3 la dureza de los impactos del cambio clim\u00e1tico, con [&hellip;]<\/p>\n","protected":false},"author":58,"featured_media":51425,"parent":51420,"menu_order":0,"comment_status":"closed","ping_status":"closed","template":"template-generic-acf.php","meta":{"_acf_changed":false,"footnotes":""},"categories":[4],"tags":[],"class_list":["post-51422","page","type-page","status-publish","has-post-thumbnail","hentry","category-general"],"acf":[],"yoast_head":"<!-- This site is optimized with the Yoast SEO plugin v27.1.1 - https:\/\/yoast.com\/product\/yoast-seo-wordpress\/ -->\n<title>Carta de la direcci\u00f3n - ES | Greenpeace Espa\u00f1a<\/title>\n<meta name=\"robots\" content=\"index, follow, max-snippet:-1, max-image-preview:large, max-video-preview:-1\" \/>\n<link rel=\"canonical\" href=\"https:\/\/es.greenpeace.org\/es\/quienes-somos\/informes-anuales\/informe-anual-2022\/carta-de-la-direccion\/\" \/>\n<meta property=\"og:locale\" content=\"es_ES\" \/>\n<meta property=\"og:type\" content=\"article\" \/>\n<meta property=\"og:title\" content=\"Carta de la direcci\u00f3n - ES | Greenpeace Espa\u00f1a\" \/>\n<meta property=\"og:description\" content=\"Cuando parec\u00eda que empez\u00e1bamos a recuperarnos de lo peor de la pandemia, una cruenta guerra y su consecuente crisis humanitaria nos sacudieron de nuevo. Al conflicto le sigui\u00f3 una grave crisis energ\u00e9tica y de aumento de precios de bienes b\u00e1sicos. A todo esto se le sum\u00f3 la dureza de los impactos del cambio clim\u00e1tico, con [&hellip;]\" \/>\n<meta property=\"og:url\" content=\"https:\/\/es.greenpeace.org\/es\/quienes-somos\/informes-anuales\/informe-anual-2022\/carta-de-la-direccion\/\" \/>\n<meta property=\"og:site_name\" content=\"ES | Greenpeace Espa\u00f1a\" \/>\n<meta property=\"article:publisher\" content=\"https:\/\/www.facebook.com\/greenpeace.spain\" \/>\n<meta property=\"article:modified_time\" content=\"2023-06-16T11:35:57+00:00\" \/>\n<meta property=\"og:image\" content=\"https:\/\/es.greenpeace.org\/es\/wp-content\/uploads\/sites\/3\/2023\/06\/GP1SXIV6_Medium_res.jpg\" \/>\n\t<meta property=\"og:image:width\" content=\"1200\" \/>\n\t<meta property=\"og:image:height\" content=\"800\" \/>\n\t<meta property=\"og:image:type\" content=\"image\/jpeg\" \/>\n<meta name=\"twitter:card\" content=\"summary_large_image\" \/>\n<meta name=\"twitter:site\" content=\"@greenpeace_esp\" \/>\n<meta name=\"twitter:label1\" content=\"Tiempo de lectura\" \/>\n\t<meta name=\"twitter:data1\" content=\"1 minuto\" \/>\n<script type=\"application\/ld+json\" class=\"yoast-schema-graph\">{\"@context\":\"https:\/\/schema.org\",\"@graph\":[{\"@type\":\"WebPage\",\"@id\":\"https:\/\/es.greenpeace.org\/es\/quienes-somos\/informes-anuales\/informe-anual-2022\/carta-de-la-direccion\/\",\"url\":\"https:\/\/es.greenpeace.org\/es\/quienes-somos\/informes-anuales\/informe-anual-2022\/carta-de-la-direccion\/\",\"name\":\"Carta de la direcci\u00f3n - ES | Greenpeace Espa\u00f1a\",\"isPartOf\":{\"@id\":\"https:\/\/es.greenpeace.org\/es\/#website\"},\"primaryImageOfPage\":{\"@id\":\"https:\/\/es.greenpeace.org\/es\/quienes-somos\/informes-anuales\/informe-anual-2022\/carta-de-la-direccion\/#primaryimage\"},\"image\":{\"@id\":\"https:\/\/es.greenpeace.org\/es\/quienes-somos\/informes-anuales\/informe-anual-2022\/carta-de-la-direccion\/#primaryimage\"},\"thumbnailUrl\":\"https:\/\/es.greenpeace.org\/es\/wp-content\/uploads\/sites\/3\/2023\/06\/GP1SXIV6_Medium_res.jpg\",\"datePublished\":\"2023-06-16T08:40:12+00:00\",\"dateModified\":\"2023-06-16T11:35:57+00:00\",\"breadcrumb\":{\"@id\":\"https:\/\/es.greenpeace.org\/es\/quienes-somos\/informes-anuales\/informe-anual-2022\/carta-de-la-direccion\/#breadcrumb\"},\"inLanguage\":\"es\",\"potentialAction\":[{\"@type\":\"ReadAction\",\"target\":[\"https:\/\/es.greenpeace.org\/es\/quienes-somos\/informes-anuales\/informe-anual-2022\/carta-de-la-direccion\/\"]}]},{\"@type\":\"ImageObject\",\"inLanguage\":\"es\",\"@id\":\"https:\/\/es.greenpeace.org\/es\/quienes-somos\/informes-anuales\/informe-anual-2022\/carta-de-la-direccion\/#primaryimage\",\"url\":\"https:\/\/es.greenpeace.org\/es\/wp-content\/uploads\/sites\/3\/2023\/06\/GP1SXIV6_Medium_res.jpg\",\"contentUrl\":\"https:\/\/es.greenpeace.org\/es\/wp-content\/uploads\/sites\/3\/2023\/06\/GP1SXIV6_Medium_res.jpg\",\"width\":1200,\"height\":800,\"caption\":\"Carta de la direcci\u00f3n 2022\"},{\"@type\":\"BreadcrumbList\",\"@id\":\"https:\/\/es.greenpeace.org\/es\/quienes-somos\/informes-anuales\/informe-anual-2022\/carta-de-la-direccion\/#breadcrumb\",\"itemListElement\":[{\"@type\":\"ListItem\",\"position\":1,\"name\":\"Home\",\"item\":\"https:\/\/es.greenpeace.org\/es\/\"},{\"@type\":\"ListItem\",\"position\":2,\"name\":\"Qui\u00e9nes somos\",\"item\":\"https:\/\/es.greenpeace.org\/es\/quienes-somos\/\"},{\"@type\":\"ListItem\",\"position\":3,\"name\":\"Informes anuales\",\"item\":\"https:\/\/es.greenpeace.org\/es\/quienes-somos\/informes-anuales\/\"},{\"@type\":\"ListItem\",\"position\":4,\"name\":\"Informe anual 2022\",\"item\":\"https:\/\/es.greenpeace.org\/es\/quienes-somos\/informes-anuales\/informe-anual-2022\/\"},{\"@type\":\"ListItem\",\"position\":5,\"name\":\"Carta de la direcci\u00f3n\"}]},{\"@type\":\"WebSite\",\"@id\":\"https:\/\/es.greenpeace.org\/es\/#website\",\"url\":\"https:\/\/es.greenpeace.org\/es\/\",\"name\":\"Greenpeace Espa\u00f1a\",\"description\":\"\",\"publisher\":{\"@id\":\"https:\/\/es.greenpeace.org\/es\/#organization\"},\"potentialAction\":[{\"@type\":\"SearchAction\",\"target\":{\"@type\":\"EntryPoint\",\"urlTemplate\":\"https:\/\/es.greenpeace.org\/es\/?s={search_term_string}\"},\"query-input\":{\"@type\":\"PropertyValueSpecification\",\"valueRequired\":true,\"valueName\":\"search_term_string\"}}],\"inLanguage\":\"es\"},{\"@type\":\"Organization\",\"@id\":\"https:\/\/es.greenpeace.org\/es\/#organization\",\"name\":\"Greenpeace Espa\u00f1a\",\"alternateName\":\"Greenpeace\",\"url\":\"https:\/\/es.greenpeace.org\/es\/\",\"logo\":{\"@type\":\"ImageObject\",\"inLanguage\":\"es\",\"@id\":\"https:\/\/es.greenpeace.org\/es\/#\/schema\/logo\/image\/\",\"url\":\"https:\/\/es.greenpeace.org\/es\/wp-content\/uploads\/sites\/3\/2024\/07\/greenpeace-logo-verde.svg\",\"contentUrl\":\"https:\/\/es.greenpeace.org\/es\/wp-content\/uploads\/sites\/3\/2024\/07\/greenpeace-logo-verde.svg\",\"width\":1,\"height\":1,\"caption\":\"Greenpeace Espa\u00f1a\"},\"image\":{\"@id\":\"https:\/\/es.greenpeace.org\/es\/#\/schema\/logo\/image\/\"},\"sameAs\":[\"https:\/\/www.facebook.com\/greenpeace.spain\",\"https:\/\/x.com\/greenpeace_esp\",\"https:\/\/www.instagram.com\/greenpeace_esp\/\"]}]}<\/script>\n<!-- \/ Yoast SEO plugin. -->","yoast_head_json":{"title":"Carta de la direcci\u00f3n - ES | Greenpeace Espa\u00f1a","robots":{"index":"index","follow":"follow","max-snippet":"max-snippet:-1","max-image-preview":"max-image-preview:large","max-video-preview":"max-video-preview:-1"},"canonical":"https:\/\/es.greenpeace.org\/es\/quienes-somos\/informes-anuales\/informe-anual-2022\/carta-de-la-direccion\/","og_locale":"es_ES","og_type":"article","og_title":"Carta de la direcci\u00f3n - ES | Greenpeace Espa\u00f1a","og_description":"Cuando parec\u00eda que empez\u00e1bamos a recuperarnos de lo peor de la pandemia, una cruenta guerra y su consecuente crisis humanitaria nos sacudieron de nuevo. Al conflicto le sigui\u00f3 una grave crisis energ\u00e9tica y de aumento de precios de bienes b\u00e1sicos. A todo esto se le sum\u00f3 la dureza de los impactos del cambio clim\u00e1tico, con [&hellip;]","og_url":"https:\/\/es.greenpeace.org\/es\/quienes-somos\/informes-anuales\/informe-anual-2022\/carta-de-la-direccion\/","og_site_name":"ES | Greenpeace Espa\u00f1a","article_publisher":"https:\/\/www.facebook.com\/greenpeace.spain","article_modified_time":"2023-06-16T11:35:57+00:00","og_image":[{"width":1200,"height":800,"url":"https:\/\/es.greenpeace.org\/es\/wp-content\/uploads\/sites\/3\/2023\/06\/GP1SXIV6_Medium_res.jpg","type":"image\/jpeg"}],"twitter_card":"summary_large_image","twitter_site":"@greenpeace_esp","twitter_misc":{"Tiempo de lectura":"1 minuto"},"schema":{"@context":"https:\/\/schema.org","@graph":[{"@type":"WebPage","@id":"https:\/\/es.greenpeace.org\/es\/quienes-somos\/informes-anuales\/informe-anual-2022\/carta-de-la-direccion\/","url":"https:\/\/es.greenpeace.org\/es\/quienes-somos\/informes-anuales\/informe-anual-2022\/carta-de-la-direccion\/","name":"Carta de la direcci\u00f3n - ES | Greenpeace Espa\u00f1a","isPartOf":{"@id":"https:\/\/es.greenpeace.org\/es\/#website"},"primaryImageOfPage":{"@id":"https:\/\/es.greenpeace.org\/es\/quienes-somos\/informes-anuales\/informe-anual-2022\/carta-de-la-direccion\/#primaryimage"},"image":{"@id":"https:\/\/es.greenpeace.org\/es\/quienes-somos\/informes-anuales\/informe-anual-2022\/carta-de-la-direccion\/#primaryimage"},"thumbnailUrl":"https:\/\/es.greenpeace.org\/es\/wp-content\/uploads\/sites\/3\/2023\/06\/GP1SXIV6_Medium_res.jpg","datePublished":"2023-06-16T08:40:12+00:00","dateModified":"2023-06-16T11:35:57+00:00","breadcrumb":{"@id":"https:\/\/es.greenpeace.org\/es\/quienes-somos\/informes-anuales\/informe-anual-2022\/carta-de-la-direccion\/#breadcrumb"},"inLanguage":"es","potentialAction":[{"@type":"ReadAction","target":["https:\/\/es.greenpeace.org\/es\/quienes-somos\/informes-anuales\/informe-anual-2022\/carta-de-la-direccion\/"]}]},{"@type":"ImageObject","inLanguage":"es","@id":"https:\/\/es.greenpeace.org\/es\/quienes-somos\/informes-anuales\/informe-anual-2022\/carta-de-la-direccion\/#primaryimage","url":"https:\/\/es.greenpeace.org\/es\/wp-content\/uploads\/sites\/3\/2023\/06\/GP1SXIV6_Medium_res.jpg","contentUrl":"https:\/\/es.greenpeace.org\/es\/wp-content\/uploads\/sites\/3\/2023\/06\/GP1SXIV6_Medium_res.jpg","width":1200,"height":800,"caption":"Carta de la direcci\u00f3n 2022"},{"@type":"BreadcrumbList","@id":"https:\/\/es.greenpeace.org\/es\/quienes-somos\/informes-anuales\/informe-anual-2022\/carta-de-la-direccion\/#breadcrumb","itemListElement":[{"@type":"ListItem","position":1,"name":"Home","item":"https:\/\/es.greenpeace.org\/es\/"},{"@type":"ListItem","position":2,"name":"Qui\u00e9nes somos","item":"https:\/\/es.greenpeace.org\/es\/quienes-somos\/"},{"@type":"ListItem","position":3,"name":"Informes anuales","item":"https:\/\/es.greenpeace.org\/es\/quienes-somos\/informes-anuales\/"},{"@type":"ListItem","position":4,"name":"Informe anual 2022","item":"https:\/\/es.greenpeace.org\/es\/quienes-somos\/informes-anuales\/informe-anual-2022\/"},{"@type":"ListItem","position":5,"name":"Carta de la direcci\u00f3n"}]},{"@type":"WebSite","@id":"https:\/\/es.greenpeace.org\/es\/#website","url":"https:\/\/es.greenpeace.org\/es\/","name":"Greenpeace Espa\u00f1a","description":"","publisher":{"@id":"https:\/\/es.greenpeace.org\/es\/#organization"},"potentialAction":[{"@type":"SearchAction","target":{"@type":"EntryPoint","urlTemplate":"https:\/\/es.greenpeace.org\/es\/?s={search_term_string}"},"query-input":{"@type":"PropertyValueSpecification","valueRequired":true,"valueName":"search_term_string"}}],"inLanguage":"es"},{"@type":"Organization","@id":"https:\/\/es.greenpeace.org\/es\/#organization","name":"Greenpeace Espa\u00f1a","alternateName":"Greenpeace","url":"https:\/\/es.greenpeace.org\/es\/","logo":{"@type":"ImageObject","inLanguage":"es","@id":"https:\/\/es.greenpeace.org\/es\/#\/schema\/logo\/image\/","url":"https:\/\/es.greenpeace.org\/es\/wp-content\/uploads\/sites\/3\/2024\/07\/greenpeace-logo-verde.svg","contentUrl":"https:\/\/es.greenpeace.org\/es\/wp-content\/uploads\/sites\/3\/2024\/07\/greenpeace-logo-verde.svg","width":1,"height":1,"caption":"Greenpeace Espa\u00f1a"},"image":{"@id":"https:\/\/es.greenpeace.org\/es\/#\/schema\/logo\/image\/"},"sameAs":["https:\/\/www.facebook.com\/greenpeace.spain","https:\/\/x.com\/greenpeace_esp","https:\/\/www.instagram.com\/greenpeace_esp\/"]}]}},"_links":{"self":[{"href":"https:\/\/es.greenpeace.org\/es\/wp-json\/wp\/v2\/pages\/51422","targetHints":{"allow":["GET"]}}],"collection":[{"href":"https:\/\/es.greenpeace.org\/es\/wp-json\/wp\/v2\/pages"}],"about":[{"href":"https:\/\/es.greenpeace.org\/es\/wp-json\/wp\/v2\/types\/page"}],"author":[{"embeddable":true,"href":"https:\/\/es.greenpeace.org\/es\/wp-json\/wp\/v2\/users\/58"}],"replies":[{"embeddable":true,"href":"https:\/\/es.greenpeace.org\/es\/wp-json\/wp\/v2\/comments?post=51422"}],"version-history":[{"count":6,"href":"https:\/\/es.greenpeace.org\/es\/wp-json\/wp\/v2\/pages\/51422\/revisions"}],"predecessor-version":[{"id":51679,"href":"https:\/\/es.greenpeace.org\/es\/wp-json\/wp\/v2\/pages\/51422\/revisions\/51679"}],"up":[{"embeddable":true,"href":"https:\/\/es.greenpeace.org\/es\/wp-json\/wp\/v2\/pages\/51420"}],"wp:featuredmedia":[{"embeddable":true,"href":"https:\/\/es.greenpeace.org\/es\/wp-json\/wp\/v2\/media\/51425"}],"wp:attachment":[{"href":"https:\/\/es.greenpeace.org\/es\/wp-json\/wp\/v2\/media?parent=51422"}],"wp:term":[{"taxonomy":"category","embeddable":true,"href":"https:\/\/es.greenpeace.org\/es\/wp-json\/wp\/v2\/categories?post=51422"},{"taxonomy":"post_tag","embeddable":true,"href":"https:\/\/es.greenpeace.org\/es\/wp-json\/wp\/v2\/tags?post=51422"}],"curies":[{"name":"wp","href":"https:\/\/api.w.org\/{rel}","templated":true}]}}