{"id":51491,"date":"2023-06-16T10:41:36","date_gmt":"2023-06-16T08:41:36","guid":{"rendered":"https:\/\/es.greenpeace.org\/es\/?page_id=51491"},"modified":"2024-07-30T13:52:59","modified_gmt":"2024-07-30T11:52:59","slug":"cambio-climatico","status":"publish","type":"page","link":"https:\/\/es.greenpeace.org\/es\/quienes-somos\/informes-anuales\/informe-anual-2022\/cambio-climatico\/","title":{"rendered":"Cambio clim\u00e1tico: nuestro trabajo en 2022"},"content":{"rendered":"<h4>El inicio de la guerra en Ucrania en marzo de 2022 desvel\u00f3 la vulnerabilidad de nuestro sistema energ\u00e9tico.<\/h4>\n<p>&nbsp;<\/p>\n<p>Sin embargo, este triste episodio dio paso a un despegue sin precedentes del <strong>autoconsumo de energ\u00eda renovable<\/strong>, una de las herramientas imprescindibles para afrontar la crisis clim\u00e1tica y social en la que nos encontramos.<\/p>\n<p>Adem\u00e1s de impulsar las soluciones que necesitamos, durante el pasado a\u00f1o en Greenpeace seguimos se\u00f1alando a los <strong>culpables<\/strong>. El poder f\u00f3sil no puede seguir lavando su imagen como si, en lugar de estar destruyendo el planeta, lo estuviera salvando.<\/p>\n","protected":false},"excerpt":{"rendered":"<p>El inicio de la guerra en Ucrania en marzo de 2022 desvel\u00f3 la vulnerabilidad de nuestro sistema energ\u00e9tico. &nbsp; Sin embargo, este triste episodio dio paso a un despegue sin precedentes del autoconsumo de energ\u00eda renovable, una de las herramientas imprescindibles para afrontar la crisis clim\u00e1tica y social en la que nos encontramos. Adem\u00e1s de [&hellip;]<\/p>\n","protected":false},"author":58,"featured_media":51492,"parent":51420,"menu_order":0,"comment_status":"closed","ping_status":"closed","template":"template-generic-acf.php","meta":{"_acf_changed":false,"footnotes":""},"categories":[35],"tags":[],"class_list":["post-51491","page","type-page","status-publish","has-post-thumbnail","hentry","category-cambio-climatico"],"acf":[],"yoast_head":"<!-- This site is optimized with the Yoast SEO plugin v27.1.1 - https:\/\/yoast.com\/product\/yoast-seo-wordpress\/ -->\n<title>Cambio clim\u00e1tico: nuestro trabajo en 2022- Greenpeace Espa\u00f1a<\/title>\n<meta name=\"description\" content=\"El poder f\u00f3sil no puede seguir lavando su imagen como si, en lugar de estar destruyendo el planeta, lo estuviera salvando.\" \/>\n<meta name=\"robots\" content=\"index, follow, max-snippet:-1, max-image-preview:large, max-video-preview:-1\" \/>\n<link rel=\"canonical\" href=\"https:\/\/es.greenpeace.org\/es\/quienes-somos\/informes-anuales\/informe-anual-2022\/cambio-climatico\/\" \/>\n<meta property=\"og:locale\" content=\"es_ES\" \/>\n<meta property=\"og:type\" content=\"article\" \/>\n<meta property=\"og:title\" content=\"Cambio clim\u00e1tico: nuestro trabajo en 2022- Greenpeace Espa\u00f1a\" \/>\n<meta property=\"og:description\" content=\"El poder f\u00f3sil no puede seguir lavando su imagen como si, en lugar de estar destruyendo el planeta, lo estuviera salvando.\" \/>\n<meta property=\"og:url\" content=\"https:\/\/es.greenpeace.org\/es\/quienes-somos\/informes-anuales\/informe-anual-2022\/cambio-climatico\/\" \/>\n<meta property=\"og:site_name\" content=\"ES | Greenpeace Espa\u00f1a\" \/>\n<meta property=\"article:publisher\" content=\"https:\/\/www.facebook.com\/greenpeace.spain\" \/>\n<meta property=\"article:modified_time\" content=\"2024-07-30T11:52:59+00:00\" \/>\n<meta property=\"og:image\" content=\"https:\/\/es.greenpeace.org\/es\/wp-content\/uploads\/sites\/3\/2023\/06\/i-ghSfKVb-X2.jpg\" \/>\n\t<meta property=\"og:image:width\" content=\"1280\" \/>\n\t<meta property=\"og:image:height\" content=\"853\" \/>\n\t<meta property=\"og:image:type\" content=\"image\/jpeg\" \/>\n<meta name=\"twitter:card\" content=\"summary_large_image\" \/>\n<meta name=\"twitter:site\" content=\"@greenpeace_esp\" \/>\n<meta name=\"twitter:label1\" content=\"Tiempo de lectura\" \/>\n\t<meta name=\"twitter:data1\" content=\"3 minutos\" \/>\n<script type=\"application\/ld+json\" class=\"yoast-schema-graph\">{\"@context\":\"https:\/\/schema.org\",\"@graph\":[{\"@type\":\"WebPage\",\"@id\":\"https:\/\/es.greenpeace.org\/es\/quienes-somos\/informes-anuales\/informe-anual-2022\/cambio-climatico\/\",\"url\":\"https:\/\/es.greenpeace.org\/es\/quienes-somos\/informes-anuales\/informe-anual-2022\/cambio-climatico\/\",\"name\":\"Cambio clim\u00e1tico: nuestro trabajo en 2022- Greenpeace Espa\u00f1a\",\"isPartOf\":{\"@id\":\"https:\/\/es.greenpeace.org\/es\/#website\"},\"primaryImageOfPage\":{\"@id\":\"https:\/\/es.greenpeace.org\/es\/quienes-somos\/informes-anuales\/informe-anual-2022\/cambio-climatico\/#primaryimage\"},\"image\":{\"@id\":\"https:\/\/es.greenpeace.org\/es\/quienes-somos\/informes-anuales\/informe-anual-2022\/cambio-climatico\/#primaryimage\"},\"thumbnailUrl\":\"https:\/\/es.greenpeace.org\/es\/wp-content\/uploads\/sites\/3\/2023\/06\/i-ghSfKVb-X2.jpg\",\"datePublished\":\"2023-06-16T08:41:36+00:00\",\"dateModified\":\"2024-07-30T11:52:59+00:00\",\"description\":\"El poder f\u00f3sil no puede seguir lavando su imagen como si, en lugar de estar destruyendo el planeta, lo estuviera salvando.\",\"breadcrumb\":{\"@id\":\"https:\/\/es.greenpeace.org\/es\/quienes-somos\/informes-anuales\/informe-anual-2022\/cambio-climatico\/#breadcrumb\"},\"inLanguage\":\"es\",\"potentialAction\":[{\"@type\":\"ReadAction\",\"target\":[\"https:\/\/es.greenpeace.org\/es\/quienes-somos\/informes-anuales\/informe-anual-2022\/cambio-climatico\/\"]}]},{\"@type\":\"ImageObject\",\"inLanguage\":\"es\",\"@id\":\"https:\/\/es.greenpeace.org\/es\/quienes-somos\/informes-anuales\/informe-anual-2022\/cambio-climatico\/#primaryimage\",\"url\":\"https:\/\/es.greenpeace.org\/es\/wp-content\/uploads\/sites\/3\/2023\/06\/i-ghSfKVb-X2.jpg\",\"contentUrl\":\"https:\/\/es.greenpeace.org\/es\/wp-content\/uploads\/sites\/3\/2023\/06\/i-ghSfKVb-X2.jpg\",\"width\":1280,\"height\":853,\"caption\":\"Cambio clim\u00e1tico 2022\"},{\"@type\":\"BreadcrumbList\",\"@id\":\"https:\/\/es.greenpeace.org\/es\/quienes-somos\/informes-anuales\/informe-anual-2022\/cambio-climatico\/#breadcrumb\",\"itemListElement\":[{\"@type\":\"ListItem\",\"position\":1,\"name\":\"Home\",\"item\":\"https:\/\/es.greenpeace.org\/es\/\"},{\"@type\":\"ListItem\",\"position\":2,\"name\":\"Qui\u00e9nes somos\",\"item\":\"https:\/\/es.greenpeace.org\/es\/quienes-somos\/\"},{\"@type\":\"ListItem\",\"position\":3,\"name\":\"Informes anuales\",\"item\":\"https:\/\/es.greenpeace.org\/es\/quienes-somos\/informes-anuales\/\"},{\"@type\":\"ListItem\",\"position\":4,\"name\":\"Informe anual 2022\",\"item\":\"https:\/\/es.greenpeace.org\/es\/quienes-somos\/informes-anuales\/informe-anual-2022\/\"},{\"@type\":\"ListItem\",\"position\":5,\"name\":\"Cambio clim\u00e1tico: nuestro trabajo en 2022\"}]},{\"@type\":\"WebSite\",\"@id\":\"https:\/\/es.greenpeace.org\/es\/#website\",\"url\":\"https:\/\/es.greenpeace.org\/es\/\",\"name\":\"Greenpeace Espa\u00f1a\",\"description\":\"\",\"publisher\":{\"@id\":\"https:\/\/es.greenpeace.org\/es\/#organization\"},\"potentialAction\":[{\"@type\":\"SearchAction\",\"target\":{\"@type\":\"EntryPoint\",\"urlTemplate\":\"https:\/\/es.greenpeace.org\/es\/?s={search_term_string}\"},\"query-input\":{\"@type\":\"PropertyValueSpecification\",\"valueRequired\":true,\"valueName\":\"search_term_string\"}}],\"inLanguage\":\"es\"},{\"@type\":\"Organization\",\"@id\":\"https:\/\/es.greenpeace.org\/es\/#organization\",\"name\":\"Greenpeace Espa\u00f1a\",\"alternateName\":\"Greenpeace\",\"url\":\"https:\/\/es.greenpeace.org\/es\/\",\"logo\":{\"@type\":\"ImageObject\",\"inLanguage\":\"es\",\"@id\":\"https:\/\/es.greenpeace.org\/es\/#\/schema\/logo\/image\/\",\"url\":\"https:\/\/es.greenpeace.org\/es\/wp-content\/uploads\/sites\/3\/2024\/07\/greenpeace-logo-verde.svg\",\"contentUrl\":\"https:\/\/es.greenpeace.org\/es\/wp-content\/uploads\/sites\/3\/2024\/07\/greenpeace-logo-verde.svg\",\"width\":1,\"height\":1,\"caption\":\"Greenpeace Espa\u00f1a\"},\"image\":{\"@id\":\"https:\/\/es.greenpeace.org\/es\/#\/schema\/logo\/image\/\"},\"sameAs\":[\"https:\/\/www.facebook.com\/greenpeace.spain\",\"https:\/\/x.com\/greenpeace_esp\",\"https:\/\/www.instagram.com\/greenpeace_esp\/\"]}]}<\/script>\n<!-- \/ Yoast SEO plugin. -->","yoast_head_json":{"title":"Cambio clim\u00e1tico: nuestro trabajo en 2022- Greenpeace Espa\u00f1a","description":"El poder f\u00f3sil no puede seguir lavando su imagen como si, en lugar de estar destruyendo el planeta, lo estuviera salvando.","robots":{"index":"index","follow":"follow","max-snippet":"max-snippet:-1","max-image-preview":"max-image-preview:large","max-video-preview":"max-video-preview:-1"},"canonical":"https:\/\/es.greenpeace.org\/es\/quienes-somos\/informes-anuales\/informe-anual-2022\/cambio-climatico\/","og_locale":"es_ES","og_type":"article","og_title":"Cambio clim\u00e1tico: nuestro trabajo en 2022- Greenpeace Espa\u00f1a","og_description":"El poder f\u00f3sil no puede seguir lavando su imagen como si, en lugar de estar destruyendo el planeta, lo estuviera salvando.","og_url":"https:\/\/es.greenpeace.org\/es\/quienes-somos\/informes-anuales\/informe-anual-2022\/cambio-climatico\/","og_site_name":"ES | Greenpeace Espa\u00f1a","article_publisher":"https:\/\/www.facebook.com\/greenpeace.spain","article_modified_time":"2024-07-30T11:52:59+00:00","og_image":[{"width":1280,"height":853,"url":"https:\/\/es.greenpeace.org\/es\/wp-content\/uploads\/sites\/3\/2023\/06\/i-ghSfKVb-X2.jpg","type":"image\/jpeg"}],"twitter_card":"summary_large_image","twitter_site":"@greenpeace_esp","twitter_misc":{"Tiempo de lectura":"3 minutos"},"schema":{"@context":"https:\/\/schema.org","@graph":[{"@type":"WebPage","@id":"https:\/\/es.greenpeace.org\/es\/quienes-somos\/informes-anuales\/informe-anual-2022\/cambio-climatico\/","url":"https:\/\/es.greenpeace.org\/es\/quienes-somos\/informes-anuales\/informe-anual-2022\/cambio-climatico\/","name":"Cambio clim\u00e1tico: nuestro trabajo en 2022- Greenpeace Espa\u00f1a","isPartOf":{"@id":"https:\/\/es.greenpeace.org\/es\/#website"},"primaryImageOfPage":{"@id":"https:\/\/es.greenpeace.org\/es\/quienes-somos\/informes-anuales\/informe-anual-2022\/cambio-climatico\/#primaryimage"},"image":{"@id":"https:\/\/es.greenpeace.org\/es\/quienes-somos\/informes-anuales\/informe-anual-2022\/cambio-climatico\/#primaryimage"},"thumbnailUrl":"https:\/\/es.greenpeace.org\/es\/wp-content\/uploads\/sites\/3\/2023\/06\/i-ghSfKVb-X2.jpg","datePublished":"2023-06-16T08:41:36+00:00","dateModified":"2024-07-30T11:52:59+00:00","description":"El poder f\u00f3sil no puede seguir lavando su imagen como si, en lugar de estar destruyendo el planeta, lo estuviera salvando.","breadcrumb":{"@id":"https:\/\/es.greenpeace.org\/es\/quienes-somos\/informes-anuales\/informe-anual-2022\/cambio-climatico\/#breadcrumb"},"inLanguage":"es","potentialAction":[{"@type":"ReadAction","target":["https:\/\/es.greenpeace.org\/es\/quienes-somos\/informes-anuales\/informe-anual-2022\/cambio-climatico\/"]}]},{"@type":"ImageObject","inLanguage":"es","@id":"https:\/\/es.greenpeace.org\/es\/quienes-somos\/informes-anuales\/informe-anual-2022\/cambio-climatico\/#primaryimage","url":"https:\/\/es.greenpeace.org\/es\/wp-content\/uploads\/sites\/3\/2023\/06\/i-ghSfKVb-X2.jpg","contentUrl":"https:\/\/es.greenpeace.org\/es\/wp-content\/uploads\/sites\/3\/2023\/06\/i-ghSfKVb-X2.jpg","width":1280,"height":853,"caption":"Cambio clim\u00e1tico 2022"},{"@type":"BreadcrumbList","@id":"https:\/\/es.greenpeace.org\/es\/quienes-somos\/informes-anuales\/informe-anual-2022\/cambio-climatico\/#breadcrumb","itemListElement":[{"@type":"ListItem","position":1,"name":"Home","item":"https:\/\/es.greenpeace.org\/es\/"},{"@type":"ListItem","position":2,"name":"Qui\u00e9nes somos","item":"https:\/\/es.greenpeace.org\/es\/quienes-somos\/"},{"@type":"ListItem","position":3,"name":"Informes anuales","item":"https:\/\/es.greenpeace.org\/es\/quienes-somos\/informes-anuales\/"},{"@type":"ListItem","position":4,"name":"Informe anual 2022","item":"https:\/\/es.greenpeace.org\/es\/quienes-somos\/informes-anuales\/informe-anual-2022\/"},{"@type":"ListItem","position":5,"name":"Cambio clim\u00e1tico: nuestro trabajo en 2022"}]},{"@type":"WebSite","@id":"https:\/\/es.greenpeace.org\/es\/#website","url":"https:\/\/es.greenpeace.org\/es\/","name":"Greenpeace Espa\u00f1a","description":"","publisher":{"@id":"https:\/\/es.greenpeace.org\/es\/#organization"},"potentialAction":[{"@type":"SearchAction","target":{"@type":"EntryPoint","urlTemplate":"https:\/\/es.greenpeace.org\/es\/?s={search_term_string}"},"query-input":{"@type":"PropertyValueSpecification","valueRequired":true,"valueName":"search_term_string"}}],"inLanguage":"es"},{"@type":"Organization","@id":"https:\/\/es.greenpeace.org\/es\/#organization","name":"Greenpeace Espa\u00f1a","alternateName":"Greenpeace","url":"https:\/\/es.greenpeace.org\/es\/","logo":{"@type":"ImageObject","inLanguage":"es","@id":"https:\/\/es.greenpeace.org\/es\/#\/schema\/logo\/image\/","url":"https:\/\/es.greenpeace.org\/es\/wp-content\/uploads\/sites\/3\/2024\/07\/greenpeace-logo-verde.svg","contentUrl":"https:\/\/es.greenpeace.org\/es\/wp-content\/uploads\/sites\/3\/2024\/07\/greenpeace-logo-verde.svg","width":1,"height":1,"caption":"Greenpeace Espa\u00f1a"},"image":{"@id":"https:\/\/es.greenpeace.org\/es\/#\/schema\/logo\/image\/"},"sameAs":["https:\/\/www.facebook.com\/greenpeace.spain","https:\/\/x.com\/greenpeace_esp","https:\/\/www.instagram.com\/greenpeace_esp\/"]}]}},"_links":{"self":[{"href":"https:\/\/es.greenpeace.org\/es\/wp-json\/wp\/v2\/pages\/51491","targetHints":{"allow":["GET"]}}],"collection":[{"href":"https:\/\/es.greenpeace.org\/es\/wp-json\/wp\/v2\/pages"}],"about":[{"href":"https:\/\/es.greenpeace.org\/es\/wp-json\/wp\/v2\/types\/page"}],"author":[{"embeddable":true,"href":"https:\/\/es.greenpeace.org\/es\/wp-json\/wp\/v2\/users\/58"}],"replies":[{"embeddable":true,"href":"https:\/\/es.greenpeace.org\/es\/wp-json\/wp\/v2\/comments?post=51491"}],"version-history":[{"count":9,"href":"https:\/\/es.greenpeace.org\/es\/wp-json\/wp\/v2\/pages\/51491\/revisions"}],"predecessor-version":[{"id":51683,"href":"https:\/\/es.greenpeace.org\/es\/wp-json\/wp\/v2\/pages\/51491\/revisions\/51683"}],"up":[{"embeddable":true,"href":"https:\/\/es.greenpeace.org\/es\/wp-json\/wp\/v2\/pages\/51420"}],"wp:featuredmedia":[{"embeddable":true,"href":"https:\/\/es.greenpeace.org\/es\/wp-json\/wp\/v2\/media\/51492"}],"wp:attachment":[{"href":"https:\/\/es.greenpeace.org\/es\/wp-json\/wp\/v2\/media?parent=51491"}],"wp:term":[{"taxonomy":"category","embeddable":true,"href":"https:\/\/es.greenpeace.org\/es\/wp-json\/wp\/v2\/categories?post=51491"},{"taxonomy":"post_tag","embeddable":true,"href":"https:\/\/es.greenpeace.org\/es\/wp-json\/wp\/v2\/tags?post=51491"}],"curies":[{"name":"wp","href":"https:\/\/api.w.org\/{rel}","templated":true}]}}