{"id":59900,"date":"2024-08-01T15:42:15","date_gmt":"2024-08-01T13:42:15","guid":{"rendered":"https:\/\/es.greenpeace.org\/es\/?page_id=59900"},"modified":"2024-08-07T10:41:08","modified_gmt":"2024-08-07T08:41:08","slug":"cambio-climatico","status":"publish","type":"page","link":"https:\/\/es.greenpeace.org\/es\/quienes-somos\/informes-anuales\/informe-anual-2023\/cambio-climatico\/","title":{"rendered":"Cambio clim\u00e1tico: nuestro trabajo en 2023"},"content":{"rendered":"<h5>El mensaje de la comunidad cient\u00edfica en 2023 fue incuestionable: para frenar el cambio clim\u00e1tico debemos abandonar los combustibles f\u00f3siles y apostar por las energ\u00edas renovables. Aunque el tiempo se acorta, todav\u00eda tenemos una ventana de oportunidad para revertir esta situaci\u00f3n. El destino de nuestro planeta est\u00e1 en juego y depende de las decisiones que tomemos en la pr\u00f3xima d\u00e9cada.<\/h5>\n<p><span style=\"font-weight: 400;\">En un a\u00f1o marcado por r\u00e9cords de calor extremo y <\/span><span style=\"font-weight: 400;\">sin primavera,<\/span><span style=\"font-weight: 400;\"> desde Greenpeace alzamos la voz para se\u00f1alar el v\u00ednculo directo entre los combustibles f\u00f3siles y el <a href=\"https:\/\/es.greenpeace.org\/es\/trabajamos-en\/cambio-climatico\/\">cambio clim\u00e1tico<\/a>. Existen soluciones, y debemos implementarlas con urgencia.<\/span><\/p>\n","protected":false},"excerpt":{"rendered":"<p>El mensaje de la comunidad cient\u00edfica en 2023 fue incuestionable: para frenar el cambio clim\u00e1tico debemos abandonar los combustibles f\u00f3siles y apostar por las energ\u00edas renovables. Aunque el tiempo se acorta, todav\u00eda tenemos una ventana de oportunidad para revertir esta situaci\u00f3n. El destino de nuestro planeta est\u00e1 en juego y depende de las decisiones que [&hellip;]<\/p>\n","protected":false},"author":100,"featured_media":51628,"parent":58941,"menu_order":0,"comment_status":"closed","ping_status":"closed","template":"template-generic-acf.php","meta":{"_acf_changed":false,"footnotes":""},"categories":[35],"tags":[],"class_list":["post-59900","page","type-page","status-publish","has-post-thumbnail","hentry","category-cambio-climatico"],"acf":[],"yoast_head":"<!-- This site is optimized with the Yoast SEO plugin v27.1.1 - https:\/\/yoast.com\/product\/yoast-seo-wordpress\/ -->\n<title>Cambio clim\u00e1tico: nuestro trabajo en 2023 | Greenpeace Espa\u00f1a<\/title>\n<meta name=\"description\" content=\"Para frenar el cambio clim\u00e1tico debemos abandonar los combustibles f\u00f3siles y apostar por las energ\u00edas renovables.\" \/>\n<meta name=\"robots\" content=\"index, follow, max-snippet:-1, max-image-preview:large, max-video-preview:-1\" \/>\n<link rel=\"canonical\" href=\"https:\/\/es.greenpeace.org\/es\/quienes-somos\/informes-anuales\/informe-anual-2023\/cambio-climatico\/\" \/>\n<meta property=\"og:locale\" content=\"es_ES\" \/>\n<meta property=\"og:type\" content=\"article\" \/>\n<meta property=\"og:title\" content=\"Cambio clim\u00e1tico: nuestro trabajo en 2023 | Greenpeace Espa\u00f1a\" \/>\n<meta property=\"og:description\" content=\"Para frenar el cambio clim\u00e1tico debemos abandonar los combustibles f\u00f3siles y apostar por las energ\u00edas renovables.\" \/>\n<meta property=\"og:url\" content=\"https:\/\/es.greenpeace.org\/es\/quienes-somos\/informes-anuales\/informe-anual-2023\/cambio-climatico\/\" \/>\n<meta property=\"og:site_name\" content=\"ES | Greenpeace Espa\u00f1a\" \/>\n<meta property=\"article:publisher\" content=\"https:\/\/www.facebook.com\/greenpeace.spain\" \/>\n<meta property=\"article:modified_time\" content=\"2024-08-07T08:41:08+00:00\" \/>\n<meta property=\"og:image\" content=\"https:\/\/es.greenpeace.org\/es\/wp-content\/uploads\/sites\/3\/2023\/06\/GPES20220906PA0734-scaled.jpg\" \/>\n\t<meta property=\"og:image:width\" content=\"2560\" \/>\n\t<meta property=\"og:image:height\" content=\"1707\" \/>\n\t<meta property=\"og:image:type\" content=\"image\/jpeg\" \/>\n<meta name=\"twitter:card\" content=\"summary_large_image\" \/>\n<meta name=\"twitter:site\" content=\"@greenpeace_esp\" \/>\n<meta name=\"twitter:label1\" content=\"Tiempo de lectura\" \/>\n\t<meta name=\"twitter:data1\" content=\"4 minutos\" \/>\n<script type=\"application\/ld+json\" class=\"yoast-schema-graph\">{\"@context\":\"https:\/\/schema.org\",\"@graph\":[{\"@type\":\"WebPage\",\"@id\":\"https:\/\/es.greenpeace.org\/es\/quienes-somos\/informes-anuales\/informe-anual-2023\/cambio-climatico\/\",\"url\":\"https:\/\/es.greenpeace.org\/es\/quienes-somos\/informes-anuales\/informe-anual-2023\/cambio-climatico\/\",\"name\":\"Cambio clim\u00e1tico: nuestro trabajo en 2023 | Greenpeace Espa\u00f1a\",\"isPartOf\":{\"@id\":\"https:\/\/es.greenpeace.org\/es\/#website\"},\"primaryImageOfPage\":{\"@id\":\"https:\/\/es.greenpeace.org\/es\/quienes-somos\/informes-anuales\/informe-anual-2023\/cambio-climatico\/#primaryimage\"},\"image\":{\"@id\":\"https:\/\/es.greenpeace.org\/es\/quienes-somos\/informes-anuales\/informe-anual-2023\/cambio-climatico\/#primaryimage\"},\"thumbnailUrl\":\"https:\/\/es.greenpeace.org\/es\/wp-content\/uploads\/sites\/3\/2023\/06\/GPES20220906PA0734-scaled.jpg\",\"datePublished\":\"2024-08-01T13:42:15+00:00\",\"dateModified\":\"2024-08-07T08:41:08+00:00\",\"description\":\"Para frenar el cambio clim\u00e1tico debemos abandonar los combustibles f\u00f3siles y apostar por las energ\u00edas renovables.\",\"breadcrumb\":{\"@id\":\"https:\/\/es.greenpeace.org\/es\/quienes-somos\/informes-anuales\/informe-anual-2023\/cambio-climatico\/#breadcrumb\"},\"inLanguage\":\"es\",\"potentialAction\":[{\"@type\":\"ReadAction\",\"target\":[\"https:\/\/es.greenpeace.org\/es\/quienes-somos\/informes-anuales\/informe-anual-2023\/cambio-climatico\/\"]}]},{\"@type\":\"ImageObject\",\"inLanguage\":\"es\",\"@id\":\"https:\/\/es.greenpeace.org\/es\/quienes-somos\/informes-anuales\/informe-anual-2023\/cambio-climatico\/#primaryimage\",\"url\":\"https:\/\/es.greenpeace.org\/es\/wp-content\/uploads\/sites\/3\/2023\/06\/GPES20220906PA0734-scaled.jpg\",\"contentUrl\":\"https:\/\/es.greenpeace.org\/es\/wp-content\/uploads\/sites\/3\/2023\/06\/GPES20220906PA0734-scaled.jpg\",\"width\":2560,\"height\":1707,\"caption\":\"06\/09\/2022. Ver\u00edn, Ourense, Galicia, Espa\u00f1a. La sequ\u00eda de este verano y comienzo del oto\u00f1o est\u00e1 teniendo como consecuencia pueblos sin agua en localidades de toda Espa\u00f1a, desde las zonas m\u00e1s acostumbradas a los cortes de agua, hasta las que siempre han tenido abundancia y no pod\u00edan ni imaginar que tendr\u00edan que afrontar una escasez como la alcanzada este a\u00f1o. Los embalses nacionales se encuentran en una media del 35 % de su capacidad y lejos de tratarse de un problema de solo falta de lluvias la gesti\u00f3n del agua se presenta como una de las principales patas en las que enfocarse para solucionar estos problemas. Adem\u00e1s la sequ\u00eda generalizada en nuestro pa\u00eds y extendida en el tiempo no es un problema temporal, sino que el cambio clim\u00e1tico ha acentuado esta tendencia que continuar\u00e1 y se acentuar\u00e1 seg\u00fan los expertos. \u00a9Greenpeace\/Pedro Armestre \u00a9Greenpeace Handout\/Pedro Armestre- No sales - No Archives - Editorial Use Only - Free use only for 14 days after release. Photo provided by GREENPEACE, distributed handout photo to be used only to illustrate news reporting or commentary on the facts or events depicted in this image.\"},{\"@type\":\"BreadcrumbList\",\"@id\":\"https:\/\/es.greenpeace.org\/es\/quienes-somos\/informes-anuales\/informe-anual-2023\/cambio-climatico\/#breadcrumb\",\"itemListElement\":[{\"@type\":\"ListItem\",\"position\":1,\"name\":\"Home\",\"item\":\"https:\/\/es.greenpeace.org\/es\/\"},{\"@type\":\"ListItem\",\"position\":2,\"name\":\"Qui\u00e9nes somos\",\"item\":\"https:\/\/es.greenpeace.org\/es\/quienes-somos\/\"},{\"@type\":\"ListItem\",\"position\":3,\"name\":\"Informes anuales\",\"item\":\"https:\/\/es.greenpeace.org\/es\/quienes-somos\/informes-anuales\/\"},{\"@type\":\"ListItem\",\"position\":4,\"name\":\"Informe anual 2023\",\"item\":\"https:\/\/es.greenpeace.org\/es\/quienes-somos\/informes-anuales\/informe-anual-2023\/\"},{\"@type\":\"ListItem\",\"position\":5,\"name\":\"Cambio clim\u00e1tico: nuestro trabajo en 2023\"}]},{\"@type\":\"WebSite\",\"@id\":\"https:\/\/es.greenpeace.org\/es\/#website\",\"url\":\"https:\/\/es.greenpeace.org\/es\/\",\"name\":\"Greenpeace Espa\u00f1a\",\"description\":\"\",\"publisher\":{\"@id\":\"https:\/\/es.greenpeace.org\/es\/#organization\"},\"potentialAction\":[{\"@type\":\"SearchAction\",\"target\":{\"@type\":\"EntryPoint\",\"urlTemplate\":\"https:\/\/es.greenpeace.org\/es\/?s={search_term_string}\"},\"query-input\":{\"@type\":\"PropertyValueSpecification\",\"valueRequired\":true,\"valueName\":\"search_term_string\"}}],\"inLanguage\":\"es\"},{\"@type\":\"Organization\",\"@id\":\"https:\/\/es.greenpeace.org\/es\/#organization\",\"name\":\"Greenpeace Espa\u00f1a\",\"alternateName\":\"Greenpeace\",\"url\":\"https:\/\/es.greenpeace.org\/es\/\",\"logo\":{\"@type\":\"ImageObject\",\"inLanguage\":\"es\",\"@id\":\"https:\/\/es.greenpeace.org\/es\/#\/schema\/logo\/image\/\",\"url\":\"https:\/\/es.greenpeace.org\/es\/wp-content\/uploads\/sites\/3\/2024\/07\/greenpeace-logo-verde.svg\",\"contentUrl\":\"https:\/\/es.greenpeace.org\/es\/wp-content\/uploads\/sites\/3\/2024\/07\/greenpeace-logo-verde.svg\",\"width\":1,\"height\":1,\"caption\":\"Greenpeace Espa\u00f1a\"},\"image\":{\"@id\":\"https:\/\/es.greenpeace.org\/es\/#\/schema\/logo\/image\/\"},\"sameAs\":[\"https:\/\/www.facebook.com\/greenpeace.spain\",\"https:\/\/x.com\/greenpeace_esp\",\"https:\/\/www.instagram.com\/greenpeace_esp\/\"]}]}<\/script>\n<!-- \/ Yoast SEO plugin. -->","yoast_head_json":{"title":"Cambio clim\u00e1tico: nuestro trabajo en 2023 | Greenpeace Espa\u00f1a","description":"Para frenar el cambio clim\u00e1tico debemos abandonar los combustibles f\u00f3siles y apostar por las energ\u00edas renovables.","robots":{"index":"index","follow":"follow","max-snippet":"max-snippet:-1","max-image-preview":"max-image-preview:large","max-video-preview":"max-video-preview:-1"},"canonical":"https:\/\/es.greenpeace.org\/es\/quienes-somos\/informes-anuales\/informe-anual-2023\/cambio-climatico\/","og_locale":"es_ES","og_type":"article","og_title":"Cambio clim\u00e1tico: nuestro trabajo en 2023 | Greenpeace Espa\u00f1a","og_description":"Para frenar el cambio clim\u00e1tico debemos abandonar los combustibles f\u00f3siles y apostar por las energ\u00edas renovables.","og_url":"https:\/\/es.greenpeace.org\/es\/quienes-somos\/informes-anuales\/informe-anual-2023\/cambio-climatico\/","og_site_name":"ES | Greenpeace Espa\u00f1a","article_publisher":"https:\/\/www.facebook.com\/greenpeace.spain","article_modified_time":"2024-08-07T08:41:08+00:00","og_image":[{"width":2560,"height":1707,"url":"https:\/\/es.greenpeace.org\/es\/wp-content\/uploads\/sites\/3\/2023\/06\/GPES20220906PA0734-scaled.jpg","type":"image\/jpeg"}],"twitter_card":"summary_large_image","twitter_site":"@greenpeace_esp","twitter_misc":{"Tiempo de lectura":"4 minutos"},"schema":{"@context":"https:\/\/schema.org","@graph":[{"@type":"WebPage","@id":"https:\/\/es.greenpeace.org\/es\/quienes-somos\/informes-anuales\/informe-anual-2023\/cambio-climatico\/","url":"https:\/\/es.greenpeace.org\/es\/quienes-somos\/informes-anuales\/informe-anual-2023\/cambio-climatico\/","name":"Cambio clim\u00e1tico: nuestro trabajo en 2023 | Greenpeace Espa\u00f1a","isPartOf":{"@id":"https:\/\/es.greenpeace.org\/es\/#website"},"primaryImageOfPage":{"@id":"https:\/\/es.greenpeace.org\/es\/quienes-somos\/informes-anuales\/informe-anual-2023\/cambio-climatico\/#primaryimage"},"image":{"@id":"https:\/\/es.greenpeace.org\/es\/quienes-somos\/informes-anuales\/informe-anual-2023\/cambio-climatico\/#primaryimage"},"thumbnailUrl":"https:\/\/es.greenpeace.org\/es\/wp-content\/uploads\/sites\/3\/2023\/06\/GPES20220906PA0734-scaled.jpg","datePublished":"2024-08-01T13:42:15+00:00","dateModified":"2024-08-07T08:41:08+00:00","description":"Para frenar el cambio clim\u00e1tico debemos abandonar los combustibles f\u00f3siles y apostar por las energ\u00edas renovables.","breadcrumb":{"@id":"https:\/\/es.greenpeace.org\/es\/quienes-somos\/informes-anuales\/informe-anual-2023\/cambio-climatico\/#breadcrumb"},"inLanguage":"es","potentialAction":[{"@type":"ReadAction","target":["https:\/\/es.greenpeace.org\/es\/quienes-somos\/informes-anuales\/informe-anual-2023\/cambio-climatico\/"]}]},{"@type":"ImageObject","inLanguage":"es","@id":"https:\/\/es.greenpeace.org\/es\/quienes-somos\/informes-anuales\/informe-anual-2023\/cambio-climatico\/#primaryimage","url":"https:\/\/es.greenpeace.org\/es\/wp-content\/uploads\/sites\/3\/2023\/06\/GPES20220906PA0734-scaled.jpg","contentUrl":"https:\/\/es.greenpeace.org\/es\/wp-content\/uploads\/sites\/3\/2023\/06\/GPES20220906PA0734-scaled.jpg","width":2560,"height":1707,"caption":"06\/09\/2022. Ver\u00edn, Ourense, Galicia, Espa\u00f1a. La sequ\u00eda de este verano y comienzo del oto\u00f1o est\u00e1 teniendo como consecuencia pueblos sin agua en localidades de toda Espa\u00f1a, desde las zonas m\u00e1s acostumbradas a los cortes de agua, hasta las que siempre han tenido abundancia y no pod\u00edan ni imaginar que tendr\u00edan que afrontar una escasez como la alcanzada este a\u00f1o. Los embalses nacionales se encuentran en una media del 35 % de su capacidad y lejos de tratarse de un problema de solo falta de lluvias la gesti\u00f3n del agua se presenta como una de las principales patas en las que enfocarse para solucionar estos problemas. Adem\u00e1s la sequ\u00eda generalizada en nuestro pa\u00eds y extendida en el tiempo no es un problema temporal, sino que el cambio clim\u00e1tico ha acentuado esta tendencia que continuar\u00e1 y se acentuar\u00e1 seg\u00fan los expertos. \u00a9Greenpeace\/Pedro Armestre \u00a9Greenpeace Handout\/Pedro Armestre- No sales - No Archives - Editorial Use Only - Free use only for 14 days after release. Photo provided by GREENPEACE, distributed handout photo to be used only to illustrate news reporting or commentary on the facts or events depicted in this image."},{"@type":"BreadcrumbList","@id":"https:\/\/es.greenpeace.org\/es\/quienes-somos\/informes-anuales\/informe-anual-2023\/cambio-climatico\/#breadcrumb","itemListElement":[{"@type":"ListItem","position":1,"name":"Home","item":"https:\/\/es.greenpeace.org\/es\/"},{"@type":"ListItem","position":2,"name":"Qui\u00e9nes somos","item":"https:\/\/es.greenpeace.org\/es\/quienes-somos\/"},{"@type":"ListItem","position":3,"name":"Informes anuales","item":"https:\/\/es.greenpeace.org\/es\/quienes-somos\/informes-anuales\/"},{"@type":"ListItem","position":4,"name":"Informe anual 2023","item":"https:\/\/es.greenpeace.org\/es\/quienes-somos\/informes-anuales\/informe-anual-2023\/"},{"@type":"ListItem","position":5,"name":"Cambio clim\u00e1tico: nuestro trabajo en 2023"}]},{"@type":"WebSite","@id":"https:\/\/es.greenpeace.org\/es\/#website","url":"https:\/\/es.greenpeace.org\/es\/","name":"Greenpeace Espa\u00f1a","description":"","publisher":{"@id":"https:\/\/es.greenpeace.org\/es\/#organization"},"potentialAction":[{"@type":"SearchAction","target":{"@type":"EntryPoint","urlTemplate":"https:\/\/es.greenpeace.org\/es\/?s={search_term_string}"},"query-input":{"@type":"PropertyValueSpecification","valueRequired":true,"valueName":"search_term_string"}}],"inLanguage":"es"},{"@type":"Organization","@id":"https:\/\/es.greenpeace.org\/es\/#organization","name":"Greenpeace Espa\u00f1a","alternateName":"Greenpeace","url":"https:\/\/es.greenpeace.org\/es\/","logo":{"@type":"ImageObject","inLanguage":"es","@id":"https:\/\/es.greenpeace.org\/es\/#\/schema\/logo\/image\/","url":"https:\/\/es.greenpeace.org\/es\/wp-content\/uploads\/sites\/3\/2024\/07\/greenpeace-logo-verde.svg","contentUrl":"https:\/\/es.greenpeace.org\/es\/wp-content\/uploads\/sites\/3\/2024\/07\/greenpeace-logo-verde.svg","width":1,"height":1,"caption":"Greenpeace Espa\u00f1a"},"image":{"@id":"https:\/\/es.greenpeace.org\/es\/#\/schema\/logo\/image\/"},"sameAs":["https:\/\/www.facebook.com\/greenpeace.spain","https:\/\/x.com\/greenpeace_esp","https:\/\/www.instagram.com\/greenpeace_esp\/"]}]}},"_links":{"self":[{"href":"https:\/\/es.greenpeace.org\/es\/wp-json\/wp\/v2\/pages\/59900","targetHints":{"allow":["GET"]}}],"collection":[{"href":"https:\/\/es.greenpeace.org\/es\/wp-json\/wp\/v2\/pages"}],"about":[{"href":"https:\/\/es.greenpeace.org\/es\/wp-json\/wp\/v2\/types\/page"}],"author":[{"embeddable":true,"href":"https:\/\/es.greenpeace.org\/es\/wp-json\/wp\/v2\/users\/100"}],"replies":[{"embeddable":true,"href":"https:\/\/es.greenpeace.org\/es\/wp-json\/wp\/v2\/comments?post=59900"}],"version-history":[{"count":10,"href":"https:\/\/es.greenpeace.org\/es\/wp-json\/wp\/v2\/pages\/59900\/revisions"}],"predecessor-version":[{"id":60109,"href":"https:\/\/es.greenpeace.org\/es\/wp-json\/wp\/v2\/pages\/59900\/revisions\/60109"}],"up":[{"embeddable":true,"href":"https:\/\/es.greenpeace.org\/es\/wp-json\/wp\/v2\/pages\/58941"}],"wp:featuredmedia":[{"embeddable":true,"href":"https:\/\/es.greenpeace.org\/es\/wp-json\/wp\/v2\/media\/51628"}],"wp:attachment":[{"href":"https:\/\/es.greenpeace.org\/es\/wp-json\/wp\/v2\/media?parent=59900"}],"wp:term":[{"taxonomy":"category","embeddable":true,"href":"https:\/\/es.greenpeace.org\/es\/wp-json\/wp\/v2\/categories?post=59900"},{"taxonomy":"post_tag","embeddable":true,"href":"https:\/\/es.greenpeace.org\/es\/wp-json\/wp\/v2\/tags?post=59900"}],"curies":[{"name":"wp","href":"https:\/\/api.w.org\/{rel}","templated":true}]}}