{"id":59920,"date":"2024-08-01T15:46:48","date_gmt":"2024-08-01T13:46:48","guid":{"rendered":"https:\/\/es.greenpeace.org\/es\/?page_id=59920"},"modified":"2024-08-07T10:42:03","modified_gmt":"2024-08-07T08:42:03","slug":"biodiversidad","status":"publish","type":"page","link":"https:\/\/es.greenpeace.org\/es\/quienes-somos\/informes-anuales\/informe-anual-2023\/biodiversidad\/","title":{"rendered":"Biodiversidad: nuestro trabajo en 2023"},"content":{"rendered":"<h4><b>Calor fuera de registros, sequ\u00eda y p\u00e9rdida de biodiversidad. 2023 fue un a\u00f1o complicado para la Tierra. En Greenpeace, nos propusimos ser el altavoz del planeta para mostrar la situaci\u00f3n de emergencia clim\u00e1tica y pedir medidas contundentes para proteger nuestro \u00fanico hogar.<\/b><\/h4>\n<p>El cambio clim\u00e1tico promete dejarnos sequ\u00edas m\u00e1s frecuentes y severas, y sobrevolamos la pen\u00ednsula para comprobar, con im\u00e1genes, la situaci\u00f3n de nuestros campos. <strong>Pusimos el foco en la <a href=\"https:\/\/es.greenpeace.org\/es\/noticias\/la-burbuja-del-regadio-en-imagenes\/\" target=\"_blank\" rel=\"noopener\">burbuja del regad\u00edo<\/a><\/strong> y nuestros activistas denunciaron el <strong>mal uso del agua<\/strong>, que se gestiona como si fuera infinita.<\/p>\n<p>Tambi\u00e9n 2023 fue un a\u00f1o de grandes victorias. Por fin, despu\u00e9s de a\u00f1os de trabajo intenso, conseguimos el primer Tratado Global para proteger nuestros oc\u00e9anos. Adem\u00e1s, conseguimos que se mantuviera la <strong>prohibici\u00f3n a la miner\u00eda submarina<\/strong>, pero seguimos vigilando esta gran amenaza para nuestros fondos marinos.<\/p>\n<p>En el \u00e1mbito europeo, e<strong>l Parlamento aprob\u00f3 la Ley de Restauraci\u00f3n de la Naturaleza<\/strong> que obliga a reparar el 20% de los ecosistemas terrestres y marinos para 2030. En Espa\u00f1a, celebramos la nueva Ley de Pesca Sostenible para proteger nuestros recursos pesqueros frente al cambio clim\u00e1tico, aunque insuficiente para detener la pesca excesiva y las capturas accidentales.<\/p>\n","protected":false},"excerpt":{"rendered":"<p>Calor fuera de registros, sequ\u00eda y p\u00e9rdida de biodiversidad. 2023 fue un a\u00f1o complicado para la Tierra. En Greenpeace, nos propusimos ser el altavoz del planeta para mostrar la situaci\u00f3n de emergencia clim\u00e1tica y pedir medidas contundentes para proteger nuestro \u00fanico hogar. El cambio clim\u00e1tico promete dejarnos sequ\u00edas m\u00e1s frecuentes y severas, y sobrevolamos la [&hellip;]<\/p>\n","protected":false},"author":100,"featured_media":60098,"parent":58941,"menu_order":0,"comment_status":"closed","ping_status":"closed","template":"template-generic-acf.php","meta":{"_acf_changed":false,"footnotes":""},"categories":[4],"tags":[],"class_list":["post-59920","page","type-page","status-publish","has-post-thumbnail","hentry","category-general"],"acf":[],"yoast_head":"<!-- This site is optimized with the Yoast SEO plugin v27.1.1 - https:\/\/yoast.com\/product\/yoast-seo-wordpress\/ -->\n<title>Biodiversidad: nuestro trabajo en 2023 | Greenpeace Espa\u00f1a<\/title>\n<meta name=\"description\" content=\"Calor, sequ\u00eda y p\u00e9rdida de biodiversidad. 2023 fue complicado para la Tierra. En Greenpeace demostramos que la emergencia clim\u00e1tica lo es.\" \/>\n<meta name=\"robots\" content=\"index, follow, max-snippet:-1, max-image-preview:large, max-video-preview:-1\" \/>\n<link rel=\"canonical\" href=\"https:\/\/es.greenpeace.org\/es\/quienes-somos\/informes-anuales\/informe-anual-2023\/biodiversidad\/\" \/>\n<meta property=\"og:locale\" content=\"es_ES\" \/>\n<meta property=\"og:type\" content=\"article\" \/>\n<meta property=\"og:title\" content=\"Biodiversidad: nuestro trabajo en 2023 | Greenpeace Espa\u00f1a\" \/>\n<meta property=\"og:description\" content=\"Calor, sequ\u00eda y p\u00e9rdida de biodiversidad. 2023 fue complicado para la Tierra. En Greenpeace demostramos que la emergencia clim\u00e1tica lo es.\" \/>\n<meta property=\"og:url\" content=\"https:\/\/es.greenpeace.org\/es\/quienes-somos\/informes-anuales\/informe-anual-2023\/biodiversidad\/\" \/>\n<meta property=\"og:site_name\" content=\"ES | Greenpeace Espa\u00f1a\" \/>\n<meta property=\"article:publisher\" content=\"https:\/\/www.facebook.com\/greenpeace.spain\" \/>\n<meta property=\"article:modified_time\" content=\"2024-08-07T08:42:03+00:00\" \/>\n<meta property=\"og:image\" content=\"https:\/\/es.greenpeace.org\/es\/wp-content\/uploads\/sites\/3\/2024\/08\/portada_bio.jpg\" \/>\n\t<meta property=\"og:image:width\" content=\"1280\" \/>\n\t<meta property=\"og:image:height\" content=\"853\" \/>\n\t<meta property=\"og:image:type\" content=\"image\/jpeg\" \/>\n<meta name=\"twitter:card\" content=\"summary_large_image\" \/>\n<meta name=\"twitter:site\" content=\"@greenpeace_esp\" \/>\n<meta name=\"twitter:label1\" content=\"Tiempo de lectura\" \/>\n\t<meta name=\"twitter:data1\" content=\"4 minutos\" \/>\n<script type=\"application\/ld+json\" class=\"yoast-schema-graph\">{\"@context\":\"https:\/\/schema.org\",\"@graph\":[{\"@type\":\"WebPage\",\"@id\":\"https:\/\/es.greenpeace.org\/es\/quienes-somos\/informes-anuales\/informe-anual-2023\/biodiversidad\/\",\"url\":\"https:\/\/es.greenpeace.org\/es\/quienes-somos\/informes-anuales\/informe-anual-2023\/biodiversidad\/\",\"name\":\"Biodiversidad: nuestro trabajo en 2023 | Greenpeace Espa\u00f1a\",\"isPartOf\":{\"@id\":\"https:\/\/es.greenpeace.org\/es\/#website\"},\"primaryImageOfPage\":{\"@id\":\"https:\/\/es.greenpeace.org\/es\/quienes-somos\/informes-anuales\/informe-anual-2023\/biodiversidad\/#primaryimage\"},\"image\":{\"@id\":\"https:\/\/es.greenpeace.org\/es\/quienes-somos\/informes-anuales\/informe-anual-2023\/biodiversidad\/#primaryimage\"},\"thumbnailUrl\":\"https:\/\/es.greenpeace.org\/es\/wp-content\/uploads\/sites\/3\/2024\/08\/portada_bio.jpg\",\"datePublished\":\"2024-08-01T13:46:48+00:00\",\"dateModified\":\"2024-08-07T08:42:03+00:00\",\"description\":\"Calor, sequ\u00eda y p\u00e9rdida de biodiversidad. 2023 fue complicado para la Tierra. En Greenpeace demostramos que la emergencia clim\u00e1tica lo es.\",\"breadcrumb\":{\"@id\":\"https:\/\/es.greenpeace.org\/es\/quienes-somos\/informes-anuales\/informe-anual-2023\/biodiversidad\/#breadcrumb\"},\"inLanguage\":\"es\",\"potentialAction\":[{\"@type\":\"ReadAction\",\"target\":[\"https:\/\/es.greenpeace.org\/es\/quienes-somos\/informes-anuales\/informe-anual-2023\/biodiversidad\/\"]}]},{\"@type\":\"ImageObject\",\"inLanguage\":\"es\",\"@id\":\"https:\/\/es.greenpeace.org\/es\/quienes-somos\/informes-anuales\/informe-anual-2023\/biodiversidad\/#primaryimage\",\"url\":\"https:\/\/es.greenpeace.org\/es\/wp-content\/uploads\/sites\/3\/2024\/08\/portada_bio.jpg\",\"contentUrl\":\"https:\/\/es.greenpeace.org\/es\/wp-content\/uploads\/sites\/3\/2024\/08\/portada_bio.jpg\",\"width\":1280,\"height\":853,\"caption\":\"20\/06\/2023. Villamart\u00edn, Cadiz, Andaluc\u00eda, Espa\u00f1a.rr\u0093No hay agua para tanto regad\u00edo\u0094: Greenpeace publica un informe que acredita la necesidad de recortarlo y, por primera vez, se\u00f1ala las zonas prioritarias de reducci\u00f3n.rrAunque la ciencia advierte que Espa\u00f1a cada vez tendr\u00e1 menos agua, de 2004 a 2021, los regad\u00edos -y solo los legales- han aumentado un 16 %.rrAun con embalses al 47 %, la planificaci\u00f3n hidrol\u00f3gica para los pr\u00f3ximos a\u00f1os recoge aumentos de regad\u00edos en cuencas como Ebro, Duero, Guadiana o Segura.rrEl 16,2 % del regad\u00edo est\u00e1 en zonas con acu\u00edferos en mal estado o vulnerables a nitratos y un 3,7 % de ese regad\u00edo est\u00e1 en zonas donde ya ha cambiado el clima.rrTenemos agua escasa, contaminada y mal gestionada, algo que no nos podemos permitir y cada vez menos. Por eso, dentro de su campa\u00f1a \u0093Salvar el Agua\u0094, Greenpeace presenta hoy el informe \u0093La burbuja del regad\u00edo en Espa\u00f1a\u0094 con datos, elaborados por el Observatorio de la Sostenibilidad, que alertan sobre el regad\u00edo sobredimensionado de este pa\u00eds. rrEn poco m\u00e1s de una d\u00e9cada, las reservas de agua superficiales han bajado unos 10 puntos porcentuales de media y seguir\u00e1 disminuyendo, seg\u00fan apunta la ciencia, por los efectos del cambio clim\u00e1tico. La fuente alternativa no pueden ser solo las aguas subterr\u00e1neas, puesto que el 44 % ya est\u00e1n en mal estado y, las que quedan servibles, deben ser reservas de agua extremadamente bien gestionadas y controladas para el futuro. Por lo tanto, solo queda reducir el consumo. rrTeniendo en cuenta que casi el 80 % del consumo va a regad\u00edo, parece evidente que es el primer sector con un recorte necesario.r\u00a9Greenpeace\/Pedro Armestrerr\u00a9Greenpeace Handout\/ Pedro Armestre - No sales - No Archives - Editorial Use Only - Free use only for 14 days after release. Photo provided by GREENPEACE, distributed handout photo to be used only to illustrate news reporting or commentary on the facts or events depicted in this image.\"},{\"@type\":\"BreadcrumbList\",\"@id\":\"https:\/\/es.greenpeace.org\/es\/quienes-somos\/informes-anuales\/informe-anual-2023\/biodiversidad\/#breadcrumb\",\"itemListElement\":[{\"@type\":\"ListItem\",\"position\":1,\"name\":\"Home\",\"item\":\"https:\/\/es.greenpeace.org\/es\/\"},{\"@type\":\"ListItem\",\"position\":2,\"name\":\"Qui\u00e9nes somos\",\"item\":\"https:\/\/es.greenpeace.org\/es\/quienes-somos\/\"},{\"@type\":\"ListItem\",\"position\":3,\"name\":\"Informes anuales\",\"item\":\"https:\/\/es.greenpeace.org\/es\/quienes-somos\/informes-anuales\/\"},{\"@type\":\"ListItem\",\"position\":4,\"name\":\"Informe anual 2023\",\"item\":\"https:\/\/es.greenpeace.org\/es\/quienes-somos\/informes-anuales\/informe-anual-2023\/\"},{\"@type\":\"ListItem\",\"position\":5,\"name\":\"Biodiversidad: nuestro trabajo en 2023\"}]},{\"@type\":\"WebSite\",\"@id\":\"https:\/\/es.greenpeace.org\/es\/#website\",\"url\":\"https:\/\/es.greenpeace.org\/es\/\",\"name\":\"Greenpeace Espa\u00f1a\",\"description\":\"\",\"publisher\":{\"@id\":\"https:\/\/es.greenpeace.org\/es\/#organization\"},\"potentialAction\":[{\"@type\":\"SearchAction\",\"target\":{\"@type\":\"EntryPoint\",\"urlTemplate\":\"https:\/\/es.greenpeace.org\/es\/?s={search_term_string}\"},\"query-input\":{\"@type\":\"PropertyValueSpecification\",\"valueRequired\":true,\"valueName\":\"search_term_string\"}}],\"inLanguage\":\"es\"},{\"@type\":\"Organization\",\"@id\":\"https:\/\/es.greenpeace.org\/es\/#organization\",\"name\":\"Greenpeace Espa\u00f1a\",\"alternateName\":\"Greenpeace\",\"url\":\"https:\/\/es.greenpeace.org\/es\/\",\"logo\":{\"@type\":\"ImageObject\",\"inLanguage\":\"es\",\"@id\":\"https:\/\/es.greenpeace.org\/es\/#\/schema\/logo\/image\/\",\"url\":\"https:\/\/es.greenpeace.org\/es\/wp-content\/uploads\/sites\/3\/2024\/07\/greenpeace-logo-verde.svg\",\"contentUrl\":\"https:\/\/es.greenpeace.org\/es\/wp-content\/uploads\/sites\/3\/2024\/07\/greenpeace-logo-verde.svg\",\"width\":1,\"height\":1,\"caption\":\"Greenpeace Espa\u00f1a\"},\"image\":{\"@id\":\"https:\/\/es.greenpeace.org\/es\/#\/schema\/logo\/image\/\"},\"sameAs\":[\"https:\/\/www.facebook.com\/greenpeace.spain\",\"https:\/\/x.com\/greenpeace_esp\",\"https:\/\/www.instagram.com\/greenpeace_esp\/\"]}]}<\/script>\n<!-- \/ Yoast SEO plugin. -->","yoast_head_json":{"title":"Biodiversidad: nuestro trabajo en 2023 | Greenpeace Espa\u00f1a","description":"Calor, sequ\u00eda y p\u00e9rdida de biodiversidad. 2023 fue complicado para la Tierra. En Greenpeace demostramos que la emergencia clim\u00e1tica lo es.","robots":{"index":"index","follow":"follow","max-snippet":"max-snippet:-1","max-image-preview":"max-image-preview:large","max-video-preview":"max-video-preview:-1"},"canonical":"https:\/\/es.greenpeace.org\/es\/quienes-somos\/informes-anuales\/informe-anual-2023\/biodiversidad\/","og_locale":"es_ES","og_type":"article","og_title":"Biodiversidad: nuestro trabajo en 2023 | Greenpeace Espa\u00f1a","og_description":"Calor, sequ\u00eda y p\u00e9rdida de biodiversidad. 2023 fue complicado para la Tierra. En Greenpeace demostramos que la emergencia clim\u00e1tica lo es.","og_url":"https:\/\/es.greenpeace.org\/es\/quienes-somos\/informes-anuales\/informe-anual-2023\/biodiversidad\/","og_site_name":"ES | Greenpeace Espa\u00f1a","article_publisher":"https:\/\/www.facebook.com\/greenpeace.spain","article_modified_time":"2024-08-07T08:42:03+00:00","og_image":[{"width":1280,"height":853,"url":"https:\/\/es.greenpeace.org\/es\/wp-content\/uploads\/sites\/3\/2024\/08\/portada_bio.jpg","type":"image\/jpeg"}],"twitter_card":"summary_large_image","twitter_site":"@greenpeace_esp","twitter_misc":{"Tiempo de lectura":"4 minutos"},"schema":{"@context":"https:\/\/schema.org","@graph":[{"@type":"WebPage","@id":"https:\/\/es.greenpeace.org\/es\/quienes-somos\/informes-anuales\/informe-anual-2023\/biodiversidad\/","url":"https:\/\/es.greenpeace.org\/es\/quienes-somos\/informes-anuales\/informe-anual-2023\/biodiversidad\/","name":"Biodiversidad: nuestro trabajo en 2023 | Greenpeace Espa\u00f1a","isPartOf":{"@id":"https:\/\/es.greenpeace.org\/es\/#website"},"primaryImageOfPage":{"@id":"https:\/\/es.greenpeace.org\/es\/quienes-somos\/informes-anuales\/informe-anual-2023\/biodiversidad\/#primaryimage"},"image":{"@id":"https:\/\/es.greenpeace.org\/es\/quienes-somos\/informes-anuales\/informe-anual-2023\/biodiversidad\/#primaryimage"},"thumbnailUrl":"https:\/\/es.greenpeace.org\/es\/wp-content\/uploads\/sites\/3\/2024\/08\/portada_bio.jpg","datePublished":"2024-08-01T13:46:48+00:00","dateModified":"2024-08-07T08:42:03+00:00","description":"Calor, sequ\u00eda y p\u00e9rdida de biodiversidad. 2023 fue complicado para la Tierra. En Greenpeace demostramos que la emergencia clim\u00e1tica lo es.","breadcrumb":{"@id":"https:\/\/es.greenpeace.org\/es\/quienes-somos\/informes-anuales\/informe-anual-2023\/biodiversidad\/#breadcrumb"},"inLanguage":"es","potentialAction":[{"@type":"ReadAction","target":["https:\/\/es.greenpeace.org\/es\/quienes-somos\/informes-anuales\/informe-anual-2023\/biodiversidad\/"]}]},{"@type":"ImageObject","inLanguage":"es","@id":"https:\/\/es.greenpeace.org\/es\/quienes-somos\/informes-anuales\/informe-anual-2023\/biodiversidad\/#primaryimage","url":"https:\/\/es.greenpeace.org\/es\/wp-content\/uploads\/sites\/3\/2024\/08\/portada_bio.jpg","contentUrl":"https:\/\/es.greenpeace.org\/es\/wp-content\/uploads\/sites\/3\/2024\/08\/portada_bio.jpg","width":1280,"height":853,"caption":"20\/06\/2023. Villamart\u00edn, Cadiz, Andaluc\u00eda, Espa\u00f1a.rr\u0093No hay agua para tanto regad\u00edo\u0094: Greenpeace publica un informe que acredita la necesidad de recortarlo y, por primera vez, se\u00f1ala las zonas prioritarias de reducci\u00f3n.rrAunque la ciencia advierte que Espa\u00f1a cada vez tendr\u00e1 menos agua, de 2004 a 2021, los regad\u00edos -y solo los legales- han aumentado un 16 %.rrAun con embalses al 47 %, la planificaci\u00f3n hidrol\u00f3gica para los pr\u00f3ximos a\u00f1os recoge aumentos de regad\u00edos en cuencas como Ebro, Duero, Guadiana o Segura.rrEl 16,2 % del regad\u00edo est\u00e1 en zonas con acu\u00edferos en mal estado o vulnerables a nitratos y un 3,7 % de ese regad\u00edo est\u00e1 en zonas donde ya ha cambiado el clima.rrTenemos agua escasa, contaminada y mal gestionada, algo que no nos podemos permitir y cada vez menos. Por eso, dentro de su campa\u00f1a \u0093Salvar el Agua\u0094, Greenpeace presenta hoy el informe \u0093La burbuja del regad\u00edo en Espa\u00f1a\u0094 con datos, elaborados por el Observatorio de la Sostenibilidad, que alertan sobre el regad\u00edo sobredimensionado de este pa\u00eds. rrEn poco m\u00e1s de una d\u00e9cada, las reservas de agua superficiales han bajado unos 10 puntos porcentuales de media y seguir\u00e1 disminuyendo, seg\u00fan apunta la ciencia, por los efectos del cambio clim\u00e1tico. La fuente alternativa no pueden ser solo las aguas subterr\u00e1neas, puesto que el 44 % ya est\u00e1n en mal estado y, las que quedan servibles, deben ser reservas de agua extremadamente bien gestionadas y controladas para el futuro. Por lo tanto, solo queda reducir el consumo. rrTeniendo en cuenta que casi el 80 % del consumo va a regad\u00edo, parece evidente que es el primer sector con un recorte necesario.r\u00a9Greenpeace\/Pedro Armestrerr\u00a9Greenpeace Handout\/ Pedro Armestre - No sales - No Archives - Editorial Use Only - Free use only for 14 days after release. Photo provided by GREENPEACE, distributed handout photo to be used only to illustrate news reporting or commentary on the facts or events depicted in this image."},{"@type":"BreadcrumbList","@id":"https:\/\/es.greenpeace.org\/es\/quienes-somos\/informes-anuales\/informe-anual-2023\/biodiversidad\/#breadcrumb","itemListElement":[{"@type":"ListItem","position":1,"name":"Home","item":"https:\/\/es.greenpeace.org\/es\/"},{"@type":"ListItem","position":2,"name":"Qui\u00e9nes somos","item":"https:\/\/es.greenpeace.org\/es\/quienes-somos\/"},{"@type":"ListItem","position":3,"name":"Informes anuales","item":"https:\/\/es.greenpeace.org\/es\/quienes-somos\/informes-anuales\/"},{"@type":"ListItem","position":4,"name":"Informe anual 2023","item":"https:\/\/es.greenpeace.org\/es\/quienes-somos\/informes-anuales\/informe-anual-2023\/"},{"@type":"ListItem","position":5,"name":"Biodiversidad: nuestro trabajo en 2023"}]},{"@type":"WebSite","@id":"https:\/\/es.greenpeace.org\/es\/#website","url":"https:\/\/es.greenpeace.org\/es\/","name":"Greenpeace Espa\u00f1a","description":"","publisher":{"@id":"https:\/\/es.greenpeace.org\/es\/#organization"},"potentialAction":[{"@type":"SearchAction","target":{"@type":"EntryPoint","urlTemplate":"https:\/\/es.greenpeace.org\/es\/?s={search_term_string}"},"query-input":{"@type":"PropertyValueSpecification","valueRequired":true,"valueName":"search_term_string"}}],"inLanguage":"es"},{"@type":"Organization","@id":"https:\/\/es.greenpeace.org\/es\/#organization","name":"Greenpeace Espa\u00f1a","alternateName":"Greenpeace","url":"https:\/\/es.greenpeace.org\/es\/","logo":{"@type":"ImageObject","inLanguage":"es","@id":"https:\/\/es.greenpeace.org\/es\/#\/schema\/logo\/image\/","url":"https:\/\/es.greenpeace.org\/es\/wp-content\/uploads\/sites\/3\/2024\/07\/greenpeace-logo-verde.svg","contentUrl":"https:\/\/es.greenpeace.org\/es\/wp-content\/uploads\/sites\/3\/2024\/07\/greenpeace-logo-verde.svg","width":1,"height":1,"caption":"Greenpeace Espa\u00f1a"},"image":{"@id":"https:\/\/es.greenpeace.org\/es\/#\/schema\/logo\/image\/"},"sameAs":["https:\/\/www.facebook.com\/greenpeace.spain","https:\/\/x.com\/greenpeace_esp","https:\/\/www.instagram.com\/greenpeace_esp\/"]}]}},"_links":{"self":[{"href":"https:\/\/es.greenpeace.org\/es\/wp-json\/wp\/v2\/pages\/59920","targetHints":{"allow":["GET"]}}],"collection":[{"href":"https:\/\/es.greenpeace.org\/es\/wp-json\/wp\/v2\/pages"}],"about":[{"href":"https:\/\/es.greenpeace.org\/es\/wp-json\/wp\/v2\/types\/page"}],"author":[{"embeddable":true,"href":"https:\/\/es.greenpeace.org\/es\/wp-json\/wp\/v2\/users\/100"}],"replies":[{"embeddable":true,"href":"https:\/\/es.greenpeace.org\/es\/wp-json\/wp\/v2\/comments?post=59920"}],"version-history":[{"count":9,"href":"https:\/\/es.greenpeace.org\/es\/wp-json\/wp\/v2\/pages\/59920\/revisions"}],"predecessor-version":[{"id":60110,"href":"https:\/\/es.greenpeace.org\/es\/wp-json\/wp\/v2\/pages\/59920\/revisions\/60110"}],"up":[{"embeddable":true,"href":"https:\/\/es.greenpeace.org\/es\/wp-json\/wp\/v2\/pages\/58941"}],"wp:featuredmedia":[{"embeddable":true,"href":"https:\/\/es.greenpeace.org\/es\/wp-json\/wp\/v2\/media\/60098"}],"wp:attachment":[{"href":"https:\/\/es.greenpeace.org\/es\/wp-json\/wp\/v2\/media?parent=59920"}],"wp:term":[{"taxonomy":"category","embeddable":true,"href":"https:\/\/es.greenpeace.org\/es\/wp-json\/wp\/v2\/categories?post=59920"},{"taxonomy":"post_tag","embeddable":true,"href":"https:\/\/es.greenpeace.org\/es\/wp-json\/wp\/v2\/tags?post=59920"}],"curies":[{"name":"wp","href":"https:\/\/api.w.org\/{rel}","templated":true}]}}