{"id":59951,"date":"2024-08-01T15:39:06","date_gmt":"2024-08-01T13:39:06","guid":{"rendered":"https:\/\/es.greenpeace.org\/es\/?page_id=59951"},"modified":"2024-08-07T10:39:47","modified_gmt":"2024-08-07T08:39:47","slug":"carta-de-la-direccion","status":"publish","type":"page","link":"https:\/\/es.greenpeace.org\/es\/quienes-somos\/informes-anuales\/informe-anual-2023\/carta-de-la-direccion\/","title":{"rendered":"Carta de la direcci\u00f3n"},"content":{"rendered":"<h4>Un a\u00f1o m\u00e1s y 2023 no ha sido una excepci\u00f3n, las cifras siguen ah\u00ed, mostr\u00e1ndonos una realidad tozuda que avanza alarmantemente y que no podemos obviar. Datos r\u00e9cord en eventos clim\u00e1ticos extremos, cifras de calentamiento inquietante de los oc\u00e9anos, aumento del nivel del mar, incremento del CO2 emitido y tristemente un largo etc\u00e9tera.<\/h4>\n<p>En Greenpeace los hemos recogido, investigado, visibilizado y denunciado. Y adem\u00e1s, hemos puesto foco en las alternativas. Mires por donde mires, hace tiempo que llegamos al mismo punto: el <strong>modelo socioecon\u00f3mico est\u00e1 devastando y poniendo en riesgo la condiciones necesarias para habitar el planeta<\/strong>. El crecimiento econ\u00f3mico sin l\u00edmite est\u00e1 arrojando a\u00f1o tras a\u00f1o todos esos datos que Greenpeace recoge y denuncia. Y <strong>creemos de veras que s\u00ed hay otros modelos<\/strong>, que hay otras formas de habitar nuestro hogar, y lo mejor de todo, que ya se est\u00e1n haciendo.<\/p>\n<p>Por este motivo, frente a los datos y junto a ellos, Greenpeace trabaja para iluminar esas alternativas necesarias y posibles que nos dar\u00e1n un futuro m\u00e1s esperanzador. Y lo hacemos tambi\u00e9n con datos: Espa\u00f1a alcanz\u00f3 un <strong>r\u00e9cord hist\u00f3rico en 2023 <\/strong>y <strong>las energ\u00edas renovables produjeron m\u00e1s electricidad que las energ\u00edas sucias<\/strong>. El <strong>autoconsumo<\/strong> y las <strong>comunidades energ\u00e9ticas<\/strong>, a pesar de las trabas, <strong>se est\u00e1n multiplicando<\/strong>. M\u00e1s de 20.000 familias instalaron cada mes placas fotovoltaicas en sus hogares. Nuestra gu\u00eda de autoconsumo y calculadora solar fueron claves en este logro y ayudamos a que m\u00e1s personas pudieran liberarse de los altos precios del oligopolio el\u00e9ctrico.<\/p>\n<p>Conseguimos que los gobiernos del mundo acordaran en la ONU el primer <strong>Tratado Global de los Oc\u00e9anos<\/strong> <strong>para proteger al menos el 30% de los oc\u00e9anos antes de 2030<\/strong>. Otra de las victorias fundamentales de 2023 fue <strong>parar la propuesta para legalizar regad\u00edos ilegales en Do\u00f1ana<\/strong>. Son victorias que llegan despu\u00e9s de esfuerzo, tiempo, trabajo en alianzas y el apoyo como elemento esencial <strong>gracias a las m\u00e1s de 153.000 personas socias que sostienen Greenpeace<\/strong>.<\/p>\n<p>Otra de las alternativas para construir ese futuro esperanzador durante el 2023 fue mostrar la <strong>viabilidad de una tarjeta de transporte \u00fanico, T-lleva<\/strong>. Una tarifa plana asequible, accesible y, sobre todo, viable t\u00e9cnica y econ\u00f3micamente, que esperamos que muy pronto se haga realidad.<\/p>\n<p>C\u00f3mo queremos mirar el mundo es una decisi\u00f3n que hacemos d\u00eda a d\u00eda. En Greenpeace tenemos claro que queremos tener una mirada transformadora. Una mirada que visibilice las amenazas y aliente las soluciones. El futuro ser\u00e1 lo que queramos que sea.<\/p>\n<p>Gracias por vuestro apoyo. Gracias por tu apoyo.<\/p>\n<p style=\"text-align: right;\"><strong>El Consejo, la Junta Directiva y la directora ejecutiva de Greenpeace Espa\u00f1a<\/strong><\/p>\n","protected":false},"excerpt":{"rendered":"<p>Un a\u00f1o m\u00e1s y 2023 no ha sido una excepci\u00f3n, las cifras siguen ah\u00ed, mostr\u00e1ndonos una realidad tozuda que avanza alarmantemente y que no podemos obviar. Datos r\u00e9cord en eventos clim\u00e1ticos extremos, cifras de calentamiento inquietante de los oc\u00e9anos, aumento del nivel del mar, incremento del CO2 emitido y tristemente un largo etc\u00e9tera. En Greenpeace [&hellip;]<\/p>\n","protected":false},"author":100,"featured_media":57267,"parent":58941,"menu_order":0,"comment_status":"closed","ping_status":"closed","template":"template-generic-acf.php","meta":{"_acf_changed":false,"footnotes":""},"categories":[4],"tags":[],"class_list":["post-59951","page","type-page","status-publish","has-post-thumbnail","hentry","category-general"],"acf":[],"yoast_head":"<!-- This site is optimized with the Yoast SEO plugin v27.1.1 - https:\/\/yoast.com\/product\/yoast-seo-wordpress\/ -->\n<title>Carta de la direcci\u00f3n 2023 | Greenpeace Espa\u00f1a<\/title>\n<meta name=\"description\" content=\"Datos r\u00e9cord de eventos clim\u00e1ticos extremos, cifra inquietantes de calentamiento de los oc\u00e9anos... 2023 no ha sido un buen a\u00f1o para el clima.\" \/>\n<meta name=\"robots\" content=\"index, follow, max-snippet:-1, max-image-preview:large, max-video-preview:-1\" \/>\n<link rel=\"canonical\" href=\"https:\/\/es.greenpeace.org\/es\/quienes-somos\/informes-anuales\/informe-anual-2023\/carta-de-la-direccion\/\" \/>\n<meta property=\"og:locale\" content=\"es_ES\" \/>\n<meta property=\"og:type\" content=\"article\" \/>\n<meta property=\"og:title\" content=\"Carta de la direcci\u00f3n 2023 | Greenpeace Espa\u00f1a\" \/>\n<meta property=\"og:description\" content=\"Datos r\u00e9cord de eventos clim\u00e1ticos extremos, cifra inquietantes de calentamiento de los oc\u00e9anos... 2023 no ha sido un buen a\u00f1o para el clima.\" \/>\n<meta property=\"og:url\" content=\"https:\/\/es.greenpeace.org\/es\/quienes-somos\/informes-anuales\/informe-anual-2023\/carta-de-la-direccion\/\" \/>\n<meta property=\"og:site_name\" content=\"ES | Greenpeace Espa\u00f1a\" \/>\n<meta property=\"article:publisher\" content=\"https:\/\/www.facebook.com\/greenpeace.spain\" \/>\n<meta property=\"article:modified_time\" content=\"2024-08-07T08:39:47+00:00\" \/>\n<meta property=\"og:image\" content=\"https:\/\/es.greenpeace.org\/es\/wp-content\/uploads\/sites\/3\/2024\/05\/GP1SXZ41_Medium-res-1200px.jpg\" \/>\n\t<meta property=\"og:image:width\" content=\"1200\" \/>\n\t<meta property=\"og:image:height\" content=\"800\" \/>\n\t<meta property=\"og:image:type\" content=\"image\/jpeg\" \/>\n<meta name=\"twitter:card\" content=\"summary_large_image\" \/>\n<meta name=\"twitter:site\" content=\"@greenpeace_esp\" \/>\n<meta name=\"twitter:label1\" content=\"Tiempo de lectura\" \/>\n\t<meta name=\"twitter:data1\" content=\"3 minutos\" \/>\n<script type=\"application\/ld+json\" class=\"yoast-schema-graph\">{\"@context\":\"https:\/\/schema.org\",\"@graph\":[{\"@type\":\"WebPage\",\"@id\":\"https:\/\/es.greenpeace.org\/es\/quienes-somos\/informes-anuales\/informe-anual-2023\/carta-de-la-direccion\/\",\"url\":\"https:\/\/es.greenpeace.org\/es\/quienes-somos\/informes-anuales\/informe-anual-2023\/carta-de-la-direccion\/\",\"name\":\"Carta de la direcci\u00f3n 2023 | Greenpeace Espa\u00f1a\",\"isPartOf\":{\"@id\":\"https:\/\/es.greenpeace.org\/es\/#website\"},\"primaryImageOfPage\":{\"@id\":\"https:\/\/es.greenpeace.org\/es\/quienes-somos\/informes-anuales\/informe-anual-2023\/carta-de-la-direccion\/#primaryimage\"},\"image\":{\"@id\":\"https:\/\/es.greenpeace.org\/es\/quienes-somos\/informes-anuales\/informe-anual-2023\/carta-de-la-direccion\/#primaryimage\"},\"thumbnailUrl\":\"https:\/\/es.greenpeace.org\/es\/wp-content\/uploads\/sites\/3\/2024\/05\/GP1SXZ41_Medium-res-1200px.jpg\",\"datePublished\":\"2024-08-01T13:39:06+00:00\",\"dateModified\":\"2024-08-07T08:39:47+00:00\",\"description\":\"Datos r\u00e9cord de eventos clim\u00e1ticos extremos, cifra inquietantes de calentamiento de los oc\u00e9anos... 2023 no ha sido un buen a\u00f1o para el clima.\",\"breadcrumb\":{\"@id\":\"https:\/\/es.greenpeace.org\/es\/quienes-somos\/informes-anuales\/informe-anual-2023\/carta-de-la-direccion\/#breadcrumb\"},\"inLanguage\":\"es\",\"potentialAction\":[{\"@type\":\"ReadAction\",\"target\":[\"https:\/\/es.greenpeace.org\/es\/quienes-somos\/informes-anuales\/informe-anual-2023\/carta-de-la-direccion\/\"]}]},{\"@type\":\"ImageObject\",\"inLanguage\":\"es\",\"@id\":\"https:\/\/es.greenpeace.org\/es\/quienes-somos\/informes-anuales\/informe-anual-2023\/carta-de-la-direccion\/#primaryimage\",\"url\":\"https:\/\/es.greenpeace.org\/es\/wp-content\/uploads\/sites\/3\/2024\/05\/GP1SXZ41_Medium-res-1200px.jpg\",\"contentUrl\":\"https:\/\/es.greenpeace.org\/es\/wp-content\/uploads\/sites\/3\/2024\/05\/GP1SXZ41_Medium-res-1200px.jpg\",\"width\":1200,\"height\":800,\"caption\":\"Bottlenose dolphin (Tursiops truncatus) in the Mediterranean sea.\"},{\"@type\":\"BreadcrumbList\",\"@id\":\"https:\/\/es.greenpeace.org\/es\/quienes-somos\/informes-anuales\/informe-anual-2023\/carta-de-la-direccion\/#breadcrumb\",\"itemListElement\":[{\"@type\":\"ListItem\",\"position\":1,\"name\":\"Home\",\"item\":\"https:\/\/es.greenpeace.org\/es\/\"},{\"@type\":\"ListItem\",\"position\":2,\"name\":\"Qui\u00e9nes somos\",\"item\":\"https:\/\/es.greenpeace.org\/es\/quienes-somos\/\"},{\"@type\":\"ListItem\",\"position\":3,\"name\":\"Informes anuales\",\"item\":\"https:\/\/es.greenpeace.org\/es\/quienes-somos\/informes-anuales\/\"},{\"@type\":\"ListItem\",\"position\":4,\"name\":\"Informe anual 2023\",\"item\":\"https:\/\/es.greenpeace.org\/es\/quienes-somos\/informes-anuales\/informe-anual-2023\/\"},{\"@type\":\"ListItem\",\"position\":5,\"name\":\"Carta de la direcci\u00f3n\"}]},{\"@type\":\"WebSite\",\"@id\":\"https:\/\/es.greenpeace.org\/es\/#website\",\"url\":\"https:\/\/es.greenpeace.org\/es\/\",\"name\":\"Greenpeace Espa\u00f1a\",\"description\":\"\",\"publisher\":{\"@id\":\"https:\/\/es.greenpeace.org\/es\/#organization\"},\"potentialAction\":[{\"@type\":\"SearchAction\",\"target\":{\"@type\":\"EntryPoint\",\"urlTemplate\":\"https:\/\/es.greenpeace.org\/es\/?s={search_term_string}\"},\"query-input\":{\"@type\":\"PropertyValueSpecification\",\"valueRequired\":true,\"valueName\":\"search_term_string\"}}],\"inLanguage\":\"es\"},{\"@type\":\"Organization\",\"@id\":\"https:\/\/es.greenpeace.org\/es\/#organization\",\"name\":\"Greenpeace Espa\u00f1a\",\"alternateName\":\"Greenpeace\",\"url\":\"https:\/\/es.greenpeace.org\/es\/\",\"logo\":{\"@type\":\"ImageObject\",\"inLanguage\":\"es\",\"@id\":\"https:\/\/es.greenpeace.org\/es\/#\/schema\/logo\/image\/\",\"url\":\"https:\/\/es.greenpeace.org\/es\/wp-content\/uploads\/sites\/3\/2024\/07\/greenpeace-logo-verde.svg\",\"contentUrl\":\"https:\/\/es.greenpeace.org\/es\/wp-content\/uploads\/sites\/3\/2024\/07\/greenpeace-logo-verde.svg\",\"width\":1,\"height\":1,\"caption\":\"Greenpeace Espa\u00f1a\"},\"image\":{\"@id\":\"https:\/\/es.greenpeace.org\/es\/#\/schema\/logo\/image\/\"},\"sameAs\":[\"https:\/\/www.facebook.com\/greenpeace.spain\",\"https:\/\/x.com\/greenpeace_esp\",\"https:\/\/www.instagram.com\/greenpeace_esp\/\"]}]}<\/script>\n<!-- \/ Yoast SEO plugin. -->","yoast_head_json":{"title":"Carta de la direcci\u00f3n 2023 | Greenpeace Espa\u00f1a","description":"Datos r\u00e9cord de eventos clim\u00e1ticos extremos, cifra inquietantes de calentamiento de los oc\u00e9anos... 2023 no ha sido un buen a\u00f1o para el clima.","robots":{"index":"index","follow":"follow","max-snippet":"max-snippet:-1","max-image-preview":"max-image-preview:large","max-video-preview":"max-video-preview:-1"},"canonical":"https:\/\/es.greenpeace.org\/es\/quienes-somos\/informes-anuales\/informe-anual-2023\/carta-de-la-direccion\/","og_locale":"es_ES","og_type":"article","og_title":"Carta de la direcci\u00f3n 2023 | Greenpeace Espa\u00f1a","og_description":"Datos r\u00e9cord de eventos clim\u00e1ticos extremos, cifra inquietantes de calentamiento de los oc\u00e9anos... 2023 no ha sido un buen a\u00f1o para el clima.","og_url":"https:\/\/es.greenpeace.org\/es\/quienes-somos\/informes-anuales\/informe-anual-2023\/carta-de-la-direccion\/","og_site_name":"ES | Greenpeace Espa\u00f1a","article_publisher":"https:\/\/www.facebook.com\/greenpeace.spain","article_modified_time":"2024-08-07T08:39:47+00:00","og_image":[{"width":1200,"height":800,"url":"https:\/\/es.greenpeace.org\/es\/wp-content\/uploads\/sites\/3\/2024\/05\/GP1SXZ41_Medium-res-1200px.jpg","type":"image\/jpeg"}],"twitter_card":"summary_large_image","twitter_site":"@greenpeace_esp","twitter_misc":{"Tiempo de lectura":"3 minutos"},"schema":{"@context":"https:\/\/schema.org","@graph":[{"@type":"WebPage","@id":"https:\/\/es.greenpeace.org\/es\/quienes-somos\/informes-anuales\/informe-anual-2023\/carta-de-la-direccion\/","url":"https:\/\/es.greenpeace.org\/es\/quienes-somos\/informes-anuales\/informe-anual-2023\/carta-de-la-direccion\/","name":"Carta de la direcci\u00f3n 2023 | Greenpeace Espa\u00f1a","isPartOf":{"@id":"https:\/\/es.greenpeace.org\/es\/#website"},"primaryImageOfPage":{"@id":"https:\/\/es.greenpeace.org\/es\/quienes-somos\/informes-anuales\/informe-anual-2023\/carta-de-la-direccion\/#primaryimage"},"image":{"@id":"https:\/\/es.greenpeace.org\/es\/quienes-somos\/informes-anuales\/informe-anual-2023\/carta-de-la-direccion\/#primaryimage"},"thumbnailUrl":"https:\/\/es.greenpeace.org\/es\/wp-content\/uploads\/sites\/3\/2024\/05\/GP1SXZ41_Medium-res-1200px.jpg","datePublished":"2024-08-01T13:39:06+00:00","dateModified":"2024-08-07T08:39:47+00:00","description":"Datos r\u00e9cord de eventos clim\u00e1ticos extremos, cifra inquietantes de calentamiento de los oc\u00e9anos... 2023 no ha sido un buen a\u00f1o para el clima.","breadcrumb":{"@id":"https:\/\/es.greenpeace.org\/es\/quienes-somos\/informes-anuales\/informe-anual-2023\/carta-de-la-direccion\/#breadcrumb"},"inLanguage":"es","potentialAction":[{"@type":"ReadAction","target":["https:\/\/es.greenpeace.org\/es\/quienes-somos\/informes-anuales\/informe-anual-2023\/carta-de-la-direccion\/"]}]},{"@type":"ImageObject","inLanguage":"es","@id":"https:\/\/es.greenpeace.org\/es\/quienes-somos\/informes-anuales\/informe-anual-2023\/carta-de-la-direccion\/#primaryimage","url":"https:\/\/es.greenpeace.org\/es\/wp-content\/uploads\/sites\/3\/2024\/05\/GP1SXZ41_Medium-res-1200px.jpg","contentUrl":"https:\/\/es.greenpeace.org\/es\/wp-content\/uploads\/sites\/3\/2024\/05\/GP1SXZ41_Medium-res-1200px.jpg","width":1200,"height":800,"caption":"Bottlenose dolphin (Tursiops truncatus) in the Mediterranean sea."},{"@type":"BreadcrumbList","@id":"https:\/\/es.greenpeace.org\/es\/quienes-somos\/informes-anuales\/informe-anual-2023\/carta-de-la-direccion\/#breadcrumb","itemListElement":[{"@type":"ListItem","position":1,"name":"Home","item":"https:\/\/es.greenpeace.org\/es\/"},{"@type":"ListItem","position":2,"name":"Qui\u00e9nes somos","item":"https:\/\/es.greenpeace.org\/es\/quienes-somos\/"},{"@type":"ListItem","position":3,"name":"Informes anuales","item":"https:\/\/es.greenpeace.org\/es\/quienes-somos\/informes-anuales\/"},{"@type":"ListItem","position":4,"name":"Informe anual 2023","item":"https:\/\/es.greenpeace.org\/es\/quienes-somos\/informes-anuales\/informe-anual-2023\/"},{"@type":"ListItem","position":5,"name":"Carta de la direcci\u00f3n"}]},{"@type":"WebSite","@id":"https:\/\/es.greenpeace.org\/es\/#website","url":"https:\/\/es.greenpeace.org\/es\/","name":"Greenpeace Espa\u00f1a","description":"","publisher":{"@id":"https:\/\/es.greenpeace.org\/es\/#organization"},"potentialAction":[{"@type":"SearchAction","target":{"@type":"EntryPoint","urlTemplate":"https:\/\/es.greenpeace.org\/es\/?s={search_term_string}"},"query-input":{"@type":"PropertyValueSpecification","valueRequired":true,"valueName":"search_term_string"}}],"inLanguage":"es"},{"@type":"Organization","@id":"https:\/\/es.greenpeace.org\/es\/#organization","name":"Greenpeace Espa\u00f1a","alternateName":"Greenpeace","url":"https:\/\/es.greenpeace.org\/es\/","logo":{"@type":"ImageObject","inLanguage":"es","@id":"https:\/\/es.greenpeace.org\/es\/#\/schema\/logo\/image\/","url":"https:\/\/es.greenpeace.org\/es\/wp-content\/uploads\/sites\/3\/2024\/07\/greenpeace-logo-verde.svg","contentUrl":"https:\/\/es.greenpeace.org\/es\/wp-content\/uploads\/sites\/3\/2024\/07\/greenpeace-logo-verde.svg","width":1,"height":1,"caption":"Greenpeace Espa\u00f1a"},"image":{"@id":"https:\/\/es.greenpeace.org\/es\/#\/schema\/logo\/image\/"},"sameAs":["https:\/\/www.facebook.com\/greenpeace.spain","https:\/\/x.com\/greenpeace_esp","https:\/\/www.instagram.com\/greenpeace_esp\/"]}]}},"_links":{"self":[{"href":"https:\/\/es.greenpeace.org\/es\/wp-json\/wp\/v2\/pages\/59951","targetHints":{"allow":["GET"]}}],"collection":[{"href":"https:\/\/es.greenpeace.org\/es\/wp-json\/wp\/v2\/pages"}],"about":[{"href":"https:\/\/es.greenpeace.org\/es\/wp-json\/wp\/v2\/types\/page"}],"author":[{"embeddable":true,"href":"https:\/\/es.greenpeace.org\/es\/wp-json\/wp\/v2\/users\/100"}],"replies":[{"embeddable":true,"href":"https:\/\/es.greenpeace.org\/es\/wp-json\/wp\/v2\/comments?post=59951"}],"version-history":[{"count":3,"href":"https:\/\/es.greenpeace.org\/es\/wp-json\/wp\/v2\/pages\/59951\/revisions"}],"predecessor-version":[{"id":60108,"href":"https:\/\/es.greenpeace.org\/es\/wp-json\/wp\/v2\/pages\/59951\/revisions\/60108"}],"up":[{"embeddable":true,"href":"https:\/\/es.greenpeace.org\/es\/wp-json\/wp\/v2\/pages\/58941"}],"wp:featuredmedia":[{"embeddable":true,"href":"https:\/\/es.greenpeace.org\/es\/wp-json\/wp\/v2\/media\/57267"}],"wp:attachment":[{"href":"https:\/\/es.greenpeace.org\/es\/wp-json\/wp\/v2\/media?parent=59951"}],"wp:term":[{"taxonomy":"category","embeddable":true,"href":"https:\/\/es.greenpeace.org\/es\/wp-json\/wp\/v2\/categories?post=59951"},{"taxonomy":"post_tag","embeddable":true,"href":"https:\/\/es.greenpeace.org\/es\/wp-json\/wp\/v2\/tags?post=59951"}],"curies":[{"name":"wp","href":"https:\/\/api.w.org\/{rel}","templated":true}]}}