{"id":6424,"date":"2018-04-04T10:45:47","date_gmt":"2018-04-04T09:45:47","guid":{"rendered":"https:\/\/es.greenpeace.org\/es\/?page_id=6424"},"modified":"2024-08-06T11:40:42","modified_gmt":"2024-08-06T09:40:42","slug":"como-nos-organizamos","status":"publish","type":"page","link":"https:\/\/es.greenpeace.org\/es\/quienes-somos\/como-nos-organizamos\/","title":{"rendered":"C\u00f3mo nos organizamos"},"content":{"rendered":"<p><strong>Greenpeace es una organizaci\u00f3n medioambiental global que consta de Greenpeace Internacional y de oficinas nacionales y regionales en 55 pa\u00edses. Estas oficinas realizan de manera independiente las estrategias globales de campa\u00f1a dentro de su contexto local y buscan el apoyo financiero necesario de socios\/as y donantes para financiar este trabajo.<\/strong><\/p>\n<p>Para asegurar una adecuada coordinaci\u00f3n, existe una oficina internacional en \u00c1msterdam que trabaja en estrecha colaboraci\u00f3n con las 55 oficinas nacionales y con los barcos, parte fundamental de la organizaci\u00f3n.<\/p>\n<p>Dentro de la estructura de Greenpeace se ha establecido un mecanismo de toma de decisiones en el que tienen participaci\u00f3n distintos sectores de la organizaci\u00f3n, lo que permite tomar decisiones consensuadas y r\u00e1pidas, y evitar que ninguna persona o sector de Greenpeace pueda tomar decisiones unilaterales que no est\u00e9n avaladas por la mayor\u00eda de la organizaci\u00f3n.<\/p>\n<p>La estructura interna de Greenpeace Espa\u00f1a est\u00e1 formada por:<\/p>\n","protected":false},"excerpt":{"rendered":"<p>Greenpeace es una organizaci\u00f3n medioambiental global que consta de Greenpeace Internacional y de oficinas nacionales y regionales en 55 pa\u00edses. Estas oficinas realizan de manera independiente las estrategias globales de campa\u00f1a dentro de su contexto local y buscan el apoyo financiero necesario de socios\/as y donantes para financiar este trabajo. Para asegurar una adecuada coordinaci\u00f3n, [&hellip;]<\/p>\n","protected":false},"author":1,"featured_media":1334,"parent":6444,"menu_order":0,"comment_status":"closed","ping_status":"closed","template":"template-generic-acf.php","meta":{"_acf_changed":false,"footnotes":""},"categories":[],"tags":[],"class_list":["post-6424","page","type-page","status-publish","has-post-thumbnail","hentry"],"acf":[],"yoast_head":"<!-- This site is optimized with the Yoast SEO plugin v27.1.1 - https:\/\/yoast.com\/product\/yoast-seo-wordpress\/ -->\n<title>C\u00f3mo nos organizamos | Greenpeace Espa\u00f1a<\/title>\n<meta name=\"description\" content=\"Greenpeace es una organizaci\u00f3n medioambiental global. Consta de Greenpeace Internacional y de oficinas nacionales y regionales en 55 pa\u00edses.\" \/>\n<meta name=\"robots\" content=\"index, follow, max-snippet:-1, max-image-preview:large, max-video-preview:-1\" \/>\n<link rel=\"canonical\" href=\"https:\/\/es.greenpeace.org\/es\/quienes-somos\/como-nos-organizamos\/\" \/>\n<meta property=\"og:locale\" content=\"es_ES\" \/>\n<meta property=\"og:type\" content=\"article\" \/>\n<meta property=\"og:title\" content=\"C\u00f3mo nos organizamos | Greenpeace Espa\u00f1a\" \/>\n<meta property=\"og:description\" content=\"Greenpeace es una organizaci\u00f3n medioambiental global. Consta de Greenpeace Internacional y de oficinas nacionales y regionales en 55 pa\u00edses.\" \/>\n<meta property=\"og:url\" content=\"https:\/\/es.greenpeace.org\/es\/quienes-somos\/como-nos-organizamos\/\" \/>\n<meta property=\"og:site_name\" content=\"ES | Greenpeace Espa\u00f1a\" \/>\n<meta property=\"article:publisher\" content=\"https:\/\/www.facebook.com\/greenpeace.spain\" \/>\n<meta property=\"article:modified_time\" content=\"2024-08-06T09:40:42+00:00\" \/>\n<meta property=\"og:image\" content=\"https:\/\/es.greenpeace.org\/es\/wp-content\/uploads\/sites\/3\/2017\/09\/4aa78ec2-gp0stpito_medium_res.jpg\" \/>\n\t<meta property=\"og:image:width\" content=\"1200\" \/>\n\t<meta property=\"og:image:height\" content=\"800\" \/>\n\t<meta property=\"og:image:type\" content=\"image\/jpeg\" \/>\n<meta name=\"twitter:card\" content=\"summary_large_image\" \/>\n<meta name=\"twitter:site\" content=\"@greenpeace_esp\" \/>\n<meta name=\"twitter:label1\" content=\"Tiempo de lectura\" \/>\n\t<meta name=\"twitter:data1\" content=\"3 minutos\" \/>\n<script type=\"application\/ld+json\" class=\"yoast-schema-graph\">{\"@context\":\"https:\/\/schema.org\",\"@graph\":[{\"@type\":\"WebPage\",\"@id\":\"https:\/\/es.greenpeace.org\/es\/quienes-somos\/como-nos-organizamos\/\",\"url\":\"https:\/\/es.greenpeace.org\/es\/quienes-somos\/como-nos-organizamos\/\",\"name\":\"C\u00f3mo nos organizamos | Greenpeace Espa\u00f1a\",\"isPartOf\":{\"@id\":\"https:\/\/es.greenpeace.org\/es\/#website\"},\"primaryImageOfPage\":{\"@id\":\"https:\/\/es.greenpeace.org\/es\/quienes-somos\/como-nos-organizamos\/#primaryimage\"},\"image\":{\"@id\":\"https:\/\/es.greenpeace.org\/es\/quienes-somos\/como-nos-organizamos\/#primaryimage\"},\"thumbnailUrl\":\"https:\/\/es.greenpeace.org\/es\/wp-content\/uploads\/sites\/3\/2017\/09\/4aa78ec2-gp0stpito_medium_res.jpg\",\"datePublished\":\"2018-04-04T09:45:47+00:00\",\"dateModified\":\"2024-08-06T09:40:42+00:00\",\"description\":\"Greenpeace es una organizaci\u00f3n medioambiental global. Consta de Greenpeace Internacional y de oficinas nacionales y regionales en 55 pa\u00edses.\",\"breadcrumb\":{\"@id\":\"https:\/\/es.greenpeace.org\/es\/quienes-somos\/como-nos-organizamos\/#breadcrumb\"},\"inLanguage\":\"es\",\"potentialAction\":[{\"@type\":\"ReadAction\",\"target\":[\"https:\/\/es.greenpeace.org\/es\/quienes-somos\/como-nos-organizamos\/\"]}]},{\"@type\":\"ImageObject\",\"inLanguage\":\"es\",\"@id\":\"https:\/\/es.greenpeace.org\/es\/quienes-somos\/como-nos-organizamos\/#primaryimage\",\"url\":\"https:\/\/es.greenpeace.org\/es\/wp-content\/uploads\/sites\/3\/2017\/09\/4aa78ec2-gp0stpito_medium_res.jpg\",\"contentUrl\":\"https:\/\/es.greenpeace.org\/es\/wp-content\/uploads\/sites\/3\/2017\/09\/4aa78ec2-gp0stpito_medium_res.jpg\",\"width\":1200,\"height\":800,\"caption\":\"\u00a9 Cristobal Olivares \/ Greenpeace\"},{\"@type\":\"BreadcrumbList\",\"@id\":\"https:\/\/es.greenpeace.org\/es\/quienes-somos\/como-nos-organizamos\/#breadcrumb\",\"itemListElement\":[{\"@type\":\"ListItem\",\"position\":1,\"name\":\"Home\",\"item\":\"https:\/\/es.greenpeace.org\/es\/\"},{\"@type\":\"ListItem\",\"position\":2,\"name\":\"Qui\u00e9nes somos\",\"item\":\"https:\/\/es.greenpeace.org\/es\/quienes-somos\/\"},{\"@type\":\"ListItem\",\"position\":3,\"name\":\"C\u00f3mo nos organizamos\"}]},{\"@type\":\"WebSite\",\"@id\":\"https:\/\/es.greenpeace.org\/es\/#website\",\"url\":\"https:\/\/es.greenpeace.org\/es\/\",\"name\":\"Greenpeace Espa\u00f1a\",\"description\":\"\",\"publisher\":{\"@id\":\"https:\/\/es.greenpeace.org\/es\/#organization\"},\"potentialAction\":[{\"@type\":\"SearchAction\",\"target\":{\"@type\":\"EntryPoint\",\"urlTemplate\":\"https:\/\/es.greenpeace.org\/es\/?s={search_term_string}\"},\"query-input\":{\"@type\":\"PropertyValueSpecification\",\"valueRequired\":true,\"valueName\":\"search_term_string\"}}],\"inLanguage\":\"es\"},{\"@type\":\"Organization\",\"@id\":\"https:\/\/es.greenpeace.org\/es\/#organization\",\"name\":\"Greenpeace Espa\u00f1a\",\"alternateName\":\"Greenpeace\",\"url\":\"https:\/\/es.greenpeace.org\/es\/\",\"logo\":{\"@type\":\"ImageObject\",\"inLanguage\":\"es\",\"@id\":\"https:\/\/es.greenpeace.org\/es\/#\/schema\/logo\/image\/\",\"url\":\"https:\/\/es.greenpeace.org\/es\/wp-content\/uploads\/sites\/3\/2024\/07\/greenpeace-logo-verde.svg\",\"contentUrl\":\"https:\/\/es.greenpeace.org\/es\/wp-content\/uploads\/sites\/3\/2024\/07\/greenpeace-logo-verde.svg\",\"width\":1,\"height\":1,\"caption\":\"Greenpeace Espa\u00f1a\"},\"image\":{\"@id\":\"https:\/\/es.greenpeace.org\/es\/#\/schema\/logo\/image\/\"},\"sameAs\":[\"https:\/\/www.facebook.com\/greenpeace.spain\",\"https:\/\/x.com\/greenpeace_esp\",\"https:\/\/www.instagram.com\/greenpeace_esp\/\"]}]}<\/script>\n<!-- \/ Yoast SEO plugin. -->","yoast_head_json":{"title":"C\u00f3mo nos organizamos | Greenpeace Espa\u00f1a","description":"Greenpeace es una organizaci\u00f3n medioambiental global. Consta de Greenpeace Internacional y de oficinas nacionales y regionales en 55 pa\u00edses.","robots":{"index":"index","follow":"follow","max-snippet":"max-snippet:-1","max-image-preview":"max-image-preview:large","max-video-preview":"max-video-preview:-1"},"canonical":"https:\/\/es.greenpeace.org\/es\/quienes-somos\/como-nos-organizamos\/","og_locale":"es_ES","og_type":"article","og_title":"C\u00f3mo nos organizamos | Greenpeace Espa\u00f1a","og_description":"Greenpeace es una organizaci\u00f3n medioambiental global. Consta de Greenpeace Internacional y de oficinas nacionales y regionales en 55 pa\u00edses.","og_url":"https:\/\/es.greenpeace.org\/es\/quienes-somos\/como-nos-organizamos\/","og_site_name":"ES | Greenpeace Espa\u00f1a","article_publisher":"https:\/\/www.facebook.com\/greenpeace.spain","article_modified_time":"2024-08-06T09:40:42+00:00","og_image":[{"width":1200,"height":800,"url":"https:\/\/es.greenpeace.org\/es\/wp-content\/uploads\/sites\/3\/2017\/09\/4aa78ec2-gp0stpito_medium_res.jpg","type":"image\/jpeg"}],"twitter_card":"summary_large_image","twitter_site":"@greenpeace_esp","twitter_misc":{"Tiempo de lectura":"3 minutos"},"schema":{"@context":"https:\/\/schema.org","@graph":[{"@type":"WebPage","@id":"https:\/\/es.greenpeace.org\/es\/quienes-somos\/como-nos-organizamos\/","url":"https:\/\/es.greenpeace.org\/es\/quienes-somos\/como-nos-organizamos\/","name":"C\u00f3mo nos organizamos | Greenpeace Espa\u00f1a","isPartOf":{"@id":"https:\/\/es.greenpeace.org\/es\/#website"},"primaryImageOfPage":{"@id":"https:\/\/es.greenpeace.org\/es\/quienes-somos\/como-nos-organizamos\/#primaryimage"},"image":{"@id":"https:\/\/es.greenpeace.org\/es\/quienes-somos\/como-nos-organizamos\/#primaryimage"},"thumbnailUrl":"https:\/\/es.greenpeace.org\/es\/wp-content\/uploads\/sites\/3\/2017\/09\/4aa78ec2-gp0stpito_medium_res.jpg","datePublished":"2018-04-04T09:45:47+00:00","dateModified":"2024-08-06T09:40:42+00:00","description":"Greenpeace es una organizaci\u00f3n medioambiental global. Consta de Greenpeace Internacional y de oficinas nacionales y regionales en 55 pa\u00edses.","breadcrumb":{"@id":"https:\/\/es.greenpeace.org\/es\/quienes-somos\/como-nos-organizamos\/#breadcrumb"},"inLanguage":"es","potentialAction":[{"@type":"ReadAction","target":["https:\/\/es.greenpeace.org\/es\/quienes-somos\/como-nos-organizamos\/"]}]},{"@type":"ImageObject","inLanguage":"es","@id":"https:\/\/es.greenpeace.org\/es\/quienes-somos\/como-nos-organizamos\/#primaryimage","url":"https:\/\/es.greenpeace.org\/es\/wp-content\/uploads\/sites\/3\/2017\/09\/4aa78ec2-gp0stpito_medium_res.jpg","contentUrl":"https:\/\/es.greenpeace.org\/es\/wp-content\/uploads\/sites\/3\/2017\/09\/4aa78ec2-gp0stpito_medium_res.jpg","width":1200,"height":800,"caption":"\u00a9 Cristobal Olivares \/ Greenpeace"},{"@type":"BreadcrumbList","@id":"https:\/\/es.greenpeace.org\/es\/quienes-somos\/como-nos-organizamos\/#breadcrumb","itemListElement":[{"@type":"ListItem","position":1,"name":"Home","item":"https:\/\/es.greenpeace.org\/es\/"},{"@type":"ListItem","position":2,"name":"Qui\u00e9nes somos","item":"https:\/\/es.greenpeace.org\/es\/quienes-somos\/"},{"@type":"ListItem","position":3,"name":"C\u00f3mo nos organizamos"}]},{"@type":"WebSite","@id":"https:\/\/es.greenpeace.org\/es\/#website","url":"https:\/\/es.greenpeace.org\/es\/","name":"Greenpeace Espa\u00f1a","description":"","publisher":{"@id":"https:\/\/es.greenpeace.org\/es\/#organization"},"potentialAction":[{"@type":"SearchAction","target":{"@type":"EntryPoint","urlTemplate":"https:\/\/es.greenpeace.org\/es\/?s={search_term_string}"},"query-input":{"@type":"PropertyValueSpecification","valueRequired":true,"valueName":"search_term_string"}}],"inLanguage":"es"},{"@type":"Organization","@id":"https:\/\/es.greenpeace.org\/es\/#organization","name":"Greenpeace Espa\u00f1a","alternateName":"Greenpeace","url":"https:\/\/es.greenpeace.org\/es\/","logo":{"@type":"ImageObject","inLanguage":"es","@id":"https:\/\/es.greenpeace.org\/es\/#\/schema\/logo\/image\/","url":"https:\/\/es.greenpeace.org\/es\/wp-content\/uploads\/sites\/3\/2024\/07\/greenpeace-logo-verde.svg","contentUrl":"https:\/\/es.greenpeace.org\/es\/wp-content\/uploads\/sites\/3\/2024\/07\/greenpeace-logo-verde.svg","width":1,"height":1,"caption":"Greenpeace Espa\u00f1a"},"image":{"@id":"https:\/\/es.greenpeace.org\/es\/#\/schema\/logo\/image\/"},"sameAs":["https:\/\/www.facebook.com\/greenpeace.spain","https:\/\/x.com\/greenpeace_esp","https:\/\/www.instagram.com\/greenpeace_esp\/"]}]}},"_links":{"self":[{"href":"https:\/\/es.greenpeace.org\/es\/wp-json\/wp\/v2\/pages\/6424","targetHints":{"allow":["GET"]}}],"collection":[{"href":"https:\/\/es.greenpeace.org\/es\/wp-json\/wp\/v2\/pages"}],"about":[{"href":"https:\/\/es.greenpeace.org\/es\/wp-json\/wp\/v2\/types\/page"}],"author":[{"embeddable":true,"href":"https:\/\/es.greenpeace.org\/es\/wp-json\/wp\/v2\/users\/1"}],"replies":[{"embeddable":true,"href":"https:\/\/es.greenpeace.org\/es\/wp-json\/wp\/v2\/comments?post=6424"}],"version-history":[{"count":11,"href":"https:\/\/es.greenpeace.org\/es\/wp-json\/wp\/v2\/pages\/6424\/revisions"}],"predecessor-version":[{"id":59787,"href":"https:\/\/es.greenpeace.org\/es\/wp-json\/wp\/v2\/pages\/6424\/revisions\/59787"}],"up":[{"embeddable":true,"href":"https:\/\/es.greenpeace.org\/es\/wp-json\/wp\/v2\/pages\/6444"}],"wp:featuredmedia":[{"embeddable":true,"href":"https:\/\/es.greenpeace.org\/es\/wp-json\/wp\/v2\/media\/1334"}],"wp:attachment":[{"href":"https:\/\/es.greenpeace.org\/es\/wp-json\/wp\/v2\/media?parent=6424"}],"wp:term":[{"taxonomy":"category","embeddable":true,"href":"https:\/\/es.greenpeace.org\/es\/wp-json\/wp\/v2\/categories?post=6424"},{"taxonomy":"post_tag","embeddable":true,"href":"https:\/\/es.greenpeace.org\/es\/wp-json\/wp\/v2\/tags?post=6424"}],"curies":[{"name":"wp","href":"https:\/\/api.w.org\/{rel}","templated":true}]}}