{"id":6432,"date":"2018-04-04T11:12:40","date_gmt":"2018-04-04T10:12:40","guid":{"rendered":"https:\/\/es.greenpeace.org\/es\/?page_id=6432"},"modified":"2025-05-26T08:44:16","modified_gmt":"2025-05-26T06:44:16","slug":"nuestros-socios","status":"publish","type":"page","link":"https:\/\/es.greenpeace.org\/es\/quienes-somos\/como-nos-organizamos\/nuestros-socios\/","title":{"rendered":"Nuestros socios y socias"},"content":{"rendered":"<div class=\"text-center\">\n<h5 class=\"mb-4\">Junto a Greenpeace defiendes los derechos medioambientales y la paz<\/h5>\n<p class=\"text-2\">Tu apoyo es fundamental para impulsar todas nuestras<strong> campa\u00f1as a favor del medio ambiente y el desarme<\/strong>, porque nos financiamos \u00fanicamente gracias a las aportaciones de personas como t\u00fa. Los <strong>socios y socias de Greenpeace<\/strong> represent\u00e1is el soporte econ\u00f3mico y la fuerza social de la organizaci\u00f3n para cambiar la realidad que nos rodea.<\/p>\n<\/div>\n","protected":false},"excerpt":{"rendered":"<p>Junto a Greenpeace defiendes los derechos medioambientales y la paz Tu apoyo es fundamental para impulsar todas nuestras campa\u00f1as a favor del medio ambiente y el desarme, porque nos financiamos \u00fanicamente gracias a las aportaciones de personas como t\u00fa. Los socios y socias de Greenpeace represent\u00e1is el soporte econ\u00f3mico y la fuerza social de la [&hellip;]<\/p>\n","protected":false},"author":1,"featured_media":6433,"parent":6424,"menu_order":0,"comment_status":"closed","ping_status":"closed","template":"template-generic-acf.php","meta":{"_acf_changed":false,"footnotes":""},"categories":[],"tags":[],"class_list":["post-6432","page","type-page","status-publish","has-post-thumbnail","hentry"],"acf":[],"yoast_head":"<!-- This site is optimized with the Yoast SEO plugin v27.1.1 - https:\/\/yoast.com\/product\/yoast-seo-wordpress\/ -->\n<title>Socios y socias | Greenpeace Espa\u00f1a<\/title>\n<meta name=\"description\" content=\"Nuestros socios y socias son son el soporte econ\u00f3mico y la fuerza social de la organizaci\u00f3n para cambiar la realidad que nos rodea.\" \/>\n<meta name=\"robots\" content=\"index, follow, max-snippet:-1, max-image-preview:large, max-video-preview:-1\" \/>\n<link rel=\"canonical\" href=\"https:\/\/es.greenpeace.org\/es\/quienes-somos\/como-nos-organizamos\/nuestros-socios\/\" \/>\n<meta property=\"og:locale\" content=\"es_ES\" \/>\n<meta property=\"og:type\" content=\"article\" \/>\n<meta property=\"og:title\" content=\"Socios y socias | Greenpeace Espa\u00f1a\" \/>\n<meta property=\"og:description\" content=\"Nuestros socios y socias son son el soporte econ\u00f3mico y la fuerza social de la organizaci\u00f3n para cambiar la realidad que nos rodea.\" \/>\n<meta property=\"og:url\" content=\"https:\/\/es.greenpeace.org\/es\/quienes-somos\/como-nos-organizamos\/nuestros-socios\/\" \/>\n<meta property=\"og:site_name\" content=\"ES | Greenpeace Espa\u00f1a\" \/>\n<meta property=\"article:publisher\" content=\"https:\/\/www.facebook.com\/greenpeace.spain\" \/>\n<meta property=\"article:modified_time\" content=\"2025-05-26T06:44:16+00:00\" \/>\n<meta property=\"og:image\" content=\"https:\/\/es.greenpeace.org\/es\/wp-content\/uploads\/sites\/3\/2018\/04\/nuestros-socios.jpg\" \/>\n\t<meta property=\"og:image:width\" content=\"1199\" \/>\n\t<meta property=\"og:image:height\" content=\"798\" \/>\n\t<meta property=\"og:image:type\" content=\"image\/jpeg\" \/>\n<meta name=\"twitter:card\" content=\"summary_large_image\" \/>\n<meta name=\"twitter:site\" content=\"@greenpeace_esp\" \/>\n<meta name=\"twitter:label1\" content=\"Tiempo de lectura\" \/>\n\t<meta name=\"twitter:data1\" content=\"3 minutos\" \/>\n<script type=\"application\/ld+json\" class=\"yoast-schema-graph\">{\"@context\":\"https:\/\/schema.org\",\"@graph\":[{\"@type\":\"WebPage\",\"@id\":\"https:\/\/es.greenpeace.org\/es\/quienes-somos\/como-nos-organizamos\/nuestros-socios\/\",\"url\":\"https:\/\/es.greenpeace.org\/es\/quienes-somos\/como-nos-organizamos\/nuestros-socios\/\",\"name\":\"Socios y socias | Greenpeace Espa\u00f1a\",\"isPartOf\":{\"@id\":\"https:\/\/es.greenpeace.org\/es\/#website\"},\"primaryImageOfPage\":{\"@id\":\"https:\/\/es.greenpeace.org\/es\/quienes-somos\/como-nos-organizamos\/nuestros-socios\/#primaryimage\"},\"image\":{\"@id\":\"https:\/\/es.greenpeace.org\/es\/quienes-somos\/como-nos-organizamos\/nuestros-socios\/#primaryimage\"},\"thumbnailUrl\":\"https:\/\/es.greenpeace.org\/es\/wp-content\/uploads\/sites\/3\/2018\/04\/nuestros-socios.jpg\",\"datePublished\":\"2018-04-04T10:12:40+00:00\",\"dateModified\":\"2025-05-26T06:44:16+00:00\",\"description\":\"Nuestros socios y socias son son el soporte econ\u00f3mico y la fuerza social de la organizaci\u00f3n para cambiar la realidad que nos rodea.\",\"breadcrumb\":{\"@id\":\"https:\/\/es.greenpeace.org\/es\/quienes-somos\/como-nos-organizamos\/nuestros-socios\/#breadcrumb\"},\"inLanguage\":\"es\",\"potentialAction\":[{\"@type\":\"ReadAction\",\"target\":[\"https:\/\/es.greenpeace.org\/es\/quienes-somos\/como-nos-organizamos\/nuestros-socios\/\"]}]},{\"@type\":\"ImageObject\",\"inLanguage\":\"es\",\"@id\":\"https:\/\/es.greenpeace.org\/es\/quienes-somos\/como-nos-organizamos\/nuestros-socios\/#primaryimage\",\"url\":\"https:\/\/es.greenpeace.org\/es\/wp-content\/uploads\/sites\/3\/2018\/04\/nuestros-socios.jpg\",\"contentUrl\":\"https:\/\/es.greenpeace.org\/es\/wp-content\/uploads\/sites\/3\/2018\/04\/nuestros-socios.jpg\",\"width\":1199,\"height\":798,\"caption\":\"Greenpeace and Tcktcktck volunteers raise a wind turbine on the beach at dawn in Durban, South Africa. To send a message of hope for the latest round of UN climate change talks opening here on Monday. Campaigners say Durban must be a new dawn for the international negotiations to agree a fair, ambitious and legally binding treaty to avert climate chaos. They are demanding that politicians stop listening to the polluting corporations and listen to the people who want an end to our dependence on fossil fuels. Africa is on the front line of dangerous climate change, with millions already suffering the impacts through increased drought and extreme weather events, threatening lives and food security.\"},{\"@type\":\"BreadcrumbList\",\"@id\":\"https:\/\/es.greenpeace.org\/es\/quienes-somos\/como-nos-organizamos\/nuestros-socios\/#breadcrumb\",\"itemListElement\":[{\"@type\":\"ListItem\",\"position\":1,\"name\":\"Home\",\"item\":\"https:\/\/es.greenpeace.org\/es\/\"},{\"@type\":\"ListItem\",\"position\":2,\"name\":\"Qui\u00e9nes somos\",\"item\":\"https:\/\/es.greenpeace.org\/es\/quienes-somos\/\"},{\"@type\":\"ListItem\",\"position\":3,\"name\":\"C\u00f3mo nos organizamos\",\"item\":\"https:\/\/es.greenpeace.org\/es\/quienes-somos\/como-nos-organizamos\/\"},{\"@type\":\"ListItem\",\"position\":4,\"name\":\"Nuestros socios y socias\"}]},{\"@type\":\"WebSite\",\"@id\":\"https:\/\/es.greenpeace.org\/es\/#website\",\"url\":\"https:\/\/es.greenpeace.org\/es\/\",\"name\":\"Greenpeace Espa\u00f1a\",\"description\":\"\",\"publisher\":{\"@id\":\"https:\/\/es.greenpeace.org\/es\/#organization\"},\"potentialAction\":[{\"@type\":\"SearchAction\",\"target\":{\"@type\":\"EntryPoint\",\"urlTemplate\":\"https:\/\/es.greenpeace.org\/es\/?s={search_term_string}\"},\"query-input\":{\"@type\":\"PropertyValueSpecification\",\"valueRequired\":true,\"valueName\":\"search_term_string\"}}],\"inLanguage\":\"es\"},{\"@type\":\"Organization\",\"@id\":\"https:\/\/es.greenpeace.org\/es\/#organization\",\"name\":\"Greenpeace Espa\u00f1a\",\"alternateName\":\"Greenpeace\",\"url\":\"https:\/\/es.greenpeace.org\/es\/\",\"logo\":{\"@type\":\"ImageObject\",\"inLanguage\":\"es\",\"@id\":\"https:\/\/es.greenpeace.org\/es\/#\/schema\/logo\/image\/\",\"url\":\"https:\/\/es.greenpeace.org\/es\/wp-content\/uploads\/sites\/3\/2024\/07\/greenpeace-logo-verde.svg\",\"contentUrl\":\"https:\/\/es.greenpeace.org\/es\/wp-content\/uploads\/sites\/3\/2024\/07\/greenpeace-logo-verde.svg\",\"width\":1,\"height\":1,\"caption\":\"Greenpeace Espa\u00f1a\"},\"image\":{\"@id\":\"https:\/\/es.greenpeace.org\/es\/#\/schema\/logo\/image\/\"},\"sameAs\":[\"https:\/\/www.facebook.com\/greenpeace.spain\",\"https:\/\/x.com\/greenpeace_esp\",\"https:\/\/www.instagram.com\/greenpeace_esp\/\"]}]}<\/script>\n<!-- \/ Yoast SEO plugin. -->","yoast_head_json":{"title":"Socios y socias | Greenpeace Espa\u00f1a","description":"Nuestros socios y socias son son el soporte econ\u00f3mico y la fuerza social de la organizaci\u00f3n para cambiar la realidad que nos rodea.","robots":{"index":"index","follow":"follow","max-snippet":"max-snippet:-1","max-image-preview":"max-image-preview:large","max-video-preview":"max-video-preview:-1"},"canonical":"https:\/\/es.greenpeace.org\/es\/quienes-somos\/como-nos-organizamos\/nuestros-socios\/","og_locale":"es_ES","og_type":"article","og_title":"Socios y socias | Greenpeace Espa\u00f1a","og_description":"Nuestros socios y socias son son el soporte econ\u00f3mico y la fuerza social de la organizaci\u00f3n para cambiar la realidad que nos rodea.","og_url":"https:\/\/es.greenpeace.org\/es\/quienes-somos\/como-nos-organizamos\/nuestros-socios\/","og_site_name":"ES | Greenpeace Espa\u00f1a","article_publisher":"https:\/\/www.facebook.com\/greenpeace.spain","article_modified_time":"2025-05-26T06:44:16+00:00","og_image":[{"width":1199,"height":798,"url":"https:\/\/es.greenpeace.org\/es\/wp-content\/uploads\/sites\/3\/2018\/04\/nuestros-socios.jpg","type":"image\/jpeg"}],"twitter_card":"summary_large_image","twitter_site":"@greenpeace_esp","twitter_misc":{"Tiempo de lectura":"3 minutos"},"schema":{"@context":"https:\/\/schema.org","@graph":[{"@type":"WebPage","@id":"https:\/\/es.greenpeace.org\/es\/quienes-somos\/como-nos-organizamos\/nuestros-socios\/","url":"https:\/\/es.greenpeace.org\/es\/quienes-somos\/como-nos-organizamos\/nuestros-socios\/","name":"Socios y socias | Greenpeace Espa\u00f1a","isPartOf":{"@id":"https:\/\/es.greenpeace.org\/es\/#website"},"primaryImageOfPage":{"@id":"https:\/\/es.greenpeace.org\/es\/quienes-somos\/como-nos-organizamos\/nuestros-socios\/#primaryimage"},"image":{"@id":"https:\/\/es.greenpeace.org\/es\/quienes-somos\/como-nos-organizamos\/nuestros-socios\/#primaryimage"},"thumbnailUrl":"https:\/\/es.greenpeace.org\/es\/wp-content\/uploads\/sites\/3\/2018\/04\/nuestros-socios.jpg","datePublished":"2018-04-04T10:12:40+00:00","dateModified":"2025-05-26T06:44:16+00:00","description":"Nuestros socios y socias son son el soporte econ\u00f3mico y la fuerza social de la organizaci\u00f3n para cambiar la realidad que nos rodea.","breadcrumb":{"@id":"https:\/\/es.greenpeace.org\/es\/quienes-somos\/como-nos-organizamos\/nuestros-socios\/#breadcrumb"},"inLanguage":"es","potentialAction":[{"@type":"ReadAction","target":["https:\/\/es.greenpeace.org\/es\/quienes-somos\/como-nos-organizamos\/nuestros-socios\/"]}]},{"@type":"ImageObject","inLanguage":"es","@id":"https:\/\/es.greenpeace.org\/es\/quienes-somos\/como-nos-organizamos\/nuestros-socios\/#primaryimage","url":"https:\/\/es.greenpeace.org\/es\/wp-content\/uploads\/sites\/3\/2018\/04\/nuestros-socios.jpg","contentUrl":"https:\/\/es.greenpeace.org\/es\/wp-content\/uploads\/sites\/3\/2018\/04\/nuestros-socios.jpg","width":1199,"height":798,"caption":"Greenpeace and Tcktcktck volunteers raise a wind turbine on the beach at dawn in Durban, South Africa. To send a message of hope for the latest round of UN climate change talks opening here on Monday. Campaigners say Durban must be a new dawn for the international negotiations to agree a fair, ambitious and legally binding treaty to avert climate chaos. They are demanding that politicians stop listening to the polluting corporations and listen to the people who want an end to our dependence on fossil fuels. Africa is on the front line of dangerous climate change, with millions already suffering the impacts through increased drought and extreme weather events, threatening lives and food security."},{"@type":"BreadcrumbList","@id":"https:\/\/es.greenpeace.org\/es\/quienes-somos\/como-nos-organizamos\/nuestros-socios\/#breadcrumb","itemListElement":[{"@type":"ListItem","position":1,"name":"Home","item":"https:\/\/es.greenpeace.org\/es\/"},{"@type":"ListItem","position":2,"name":"Qui\u00e9nes somos","item":"https:\/\/es.greenpeace.org\/es\/quienes-somos\/"},{"@type":"ListItem","position":3,"name":"C\u00f3mo nos organizamos","item":"https:\/\/es.greenpeace.org\/es\/quienes-somos\/como-nos-organizamos\/"},{"@type":"ListItem","position":4,"name":"Nuestros socios y socias"}]},{"@type":"WebSite","@id":"https:\/\/es.greenpeace.org\/es\/#website","url":"https:\/\/es.greenpeace.org\/es\/","name":"Greenpeace Espa\u00f1a","description":"","publisher":{"@id":"https:\/\/es.greenpeace.org\/es\/#organization"},"potentialAction":[{"@type":"SearchAction","target":{"@type":"EntryPoint","urlTemplate":"https:\/\/es.greenpeace.org\/es\/?s={search_term_string}"},"query-input":{"@type":"PropertyValueSpecification","valueRequired":true,"valueName":"search_term_string"}}],"inLanguage":"es"},{"@type":"Organization","@id":"https:\/\/es.greenpeace.org\/es\/#organization","name":"Greenpeace Espa\u00f1a","alternateName":"Greenpeace","url":"https:\/\/es.greenpeace.org\/es\/","logo":{"@type":"ImageObject","inLanguage":"es","@id":"https:\/\/es.greenpeace.org\/es\/#\/schema\/logo\/image\/","url":"https:\/\/es.greenpeace.org\/es\/wp-content\/uploads\/sites\/3\/2024\/07\/greenpeace-logo-verde.svg","contentUrl":"https:\/\/es.greenpeace.org\/es\/wp-content\/uploads\/sites\/3\/2024\/07\/greenpeace-logo-verde.svg","width":1,"height":1,"caption":"Greenpeace Espa\u00f1a"},"image":{"@id":"https:\/\/es.greenpeace.org\/es\/#\/schema\/logo\/image\/"},"sameAs":["https:\/\/www.facebook.com\/greenpeace.spain","https:\/\/x.com\/greenpeace_esp","https:\/\/www.instagram.com\/greenpeace_esp\/"]}]}},"_links":{"self":[{"href":"https:\/\/es.greenpeace.org\/es\/wp-json\/wp\/v2\/pages\/6432","targetHints":{"allow":["GET"]}}],"collection":[{"href":"https:\/\/es.greenpeace.org\/es\/wp-json\/wp\/v2\/pages"}],"about":[{"href":"https:\/\/es.greenpeace.org\/es\/wp-json\/wp\/v2\/types\/page"}],"author":[{"embeddable":true,"href":"https:\/\/es.greenpeace.org\/es\/wp-json\/wp\/v2\/users\/1"}],"replies":[{"embeddable":true,"href":"https:\/\/es.greenpeace.org\/es\/wp-json\/wp\/v2\/comments?post=6432"}],"version-history":[{"count":12,"href":"https:\/\/es.greenpeace.org\/es\/wp-json\/wp\/v2\/pages\/6432\/revisions"}],"predecessor-version":[{"id":66174,"href":"https:\/\/es.greenpeace.org\/es\/wp-json\/wp\/v2\/pages\/6432\/revisions\/66174"}],"up":[{"embeddable":true,"href":"https:\/\/es.greenpeace.org\/es\/wp-json\/wp\/v2\/pages\/6424"}],"wp:featuredmedia":[{"embeddable":true,"href":"https:\/\/es.greenpeace.org\/es\/wp-json\/wp\/v2\/media\/6433"}],"wp:attachment":[{"href":"https:\/\/es.greenpeace.org\/es\/wp-json\/wp\/v2\/media?parent=6432"}],"wp:term":[{"taxonomy":"category","embeddable":true,"href":"https:\/\/es.greenpeace.org\/es\/wp-json\/wp\/v2\/categories?post=6432"},{"taxonomy":"post_tag","embeddable":true,"href":"https:\/\/es.greenpeace.org\/es\/wp-json\/wp\/v2\/tags?post=6432"}],"curies":[{"name":"wp","href":"https:\/\/api.w.org\/{rel}","templated":true}]}}