{"id":67102,"date":"2025-07-01T10:24:32","date_gmt":"2025-07-01T08:24:32","guid":{"rendered":"https:\/\/es.greenpeace.org\/es\/?page_id=67102"},"modified":"2025-07-03T11:56:01","modified_gmt":"2025-07-03T09:56:01","slug":"informe-anual-2024","status":"publish","type":"page","link":"https:\/\/es.greenpeace.org\/es\/quienes-somos\/informes-anuales\/informe-anual-2024\/","title":{"rendered":"Informe anual 2024"},"content":{"rendered":"<div class=\"container my-3\">\n<h2 style=\"text-align: center;\"><strong>40 a\u00f1os defendiendo el planeta. Y seguimos.<\/strong><\/h2>\n<\/div>\n<p style=\"text-align: center;\">En 2024 hemos celebrado nuestro <strong>40\u00ba aniversario<\/strong>. Cuatro d\u00e9cadas en las que Greenpeace ha defendido, sin descanso, los valores con los que naci\u00f3: justicia ambiental, paz y acci\u00f3n no violenta para proteger la vida en la Tierra. Hoy el contexto ha cambiado. Nos enfrentamos a una <strong>crisis ecosocial sin precedentes<\/strong>, con impactos cada vez m\u00e1s visibles como los fen\u00f3menos extremos provocados por el cambio clim\u00e1tico o los conflictos que <strong>agravan las desigualdades y el deterioro del planeta<\/strong>. Pero tambi\u00e9n vivimos un momento de toma de conciencia global, en el que <strong>millones de personas se est\u00e1n movilizando para cambiar el rumbo<\/strong>. En este <strong>a\u00f1o de retos<\/strong>, pero tambi\u00e9n de <strong>aprendizajes<\/strong> y <strong>alianzas<\/strong>, hemos reafirmado nuestro compromiso de seguir alzando la voz frente a quienes amenazan el futuro com\u00fan. Y <strong>no estamos solas<\/strong>. Cada d\u00eda somos m\u00e1s: <strong>m\u00e1s socias<\/strong>, <strong>m\u00e1s activistas<\/strong>, <strong>m\u00e1s movimientos que creen que otro mundo es posible<\/strong>. Y lo estamos construyendo juntas.<\/p>\n","protected":false},"excerpt":{"rendered":"<p>40 a\u00f1os defendiendo el planeta. Y seguimos. En 2024 hemos celebrado nuestro 40\u00ba aniversario. Cuatro d\u00e9cadas en las que Greenpeace ha defendido, sin descanso, los valores con los que naci\u00f3: justicia ambiental, paz y acci\u00f3n no violenta para proteger la vida en la Tierra. Hoy el contexto ha cambiado. Nos enfrentamos a una crisis ecosocial [&hellip;]<\/p>\n","protected":false},"author":100,"featured_media":67166,"parent":10152,"menu_order":0,"comment_status":"closed","ping_status":"closed","template":"template-generic-acf.php","meta":{"_acf_changed":false,"footnotes":""},"categories":[],"tags":[],"class_list":["post-67102","page","type-page","status-publish","has-post-thumbnail","hentry"],"acf":[],"yoast_head":"<!-- This site is optimized with the Yoast SEO plugin v27.1.1 - https:\/\/yoast.com\/product\/yoast-seo-wordpress\/ -->\n<title>Informe anual 2024 | Greenpeace Espa\u00f1a<\/title>\n<meta name=\"description\" content=\"En 2024 hemos celebrado nuestro 40\u00ba aniversario. 40 a\u00f1os defendiendo la justicia ambiental, la paz y acci\u00f3n no violenta por y para el planeta\" \/>\n<meta name=\"robots\" content=\"index, follow, max-snippet:-1, max-image-preview:large, max-video-preview:-1\" \/>\n<link rel=\"canonical\" href=\"https:\/\/es.greenpeace.org\/es\/quienes-somos\/informes-anuales\/informe-anual-2024\/\" \/>\n<meta property=\"og:locale\" content=\"es_ES\" \/>\n<meta property=\"og:type\" content=\"article\" \/>\n<meta property=\"og:title\" content=\"Informe anual 2024 | Greenpeace Espa\u00f1a\" \/>\n<meta property=\"og:description\" content=\"En 2024 hemos celebrado nuestro 40\u00ba aniversario. 40 a\u00f1os defendiendo la justicia ambiental, la paz y acci\u00f3n no violenta por y para el planeta\" \/>\n<meta property=\"og:url\" content=\"https:\/\/es.greenpeace.org\/es\/quienes-somos\/informes-anuales\/informe-anual-2024\/\" \/>\n<meta property=\"og:site_name\" content=\"ES | Greenpeace Espa\u00f1a\" \/>\n<meta property=\"article:publisher\" content=\"https:\/\/www.facebook.com\/greenpeace.spain\" \/>\n<meta property=\"article:modified_time\" content=\"2025-07-03T09:56:01+00:00\" \/>\n<meta property=\"og:image\" content=\"https:\/\/es.greenpeace.org\/es\/wp-content\/uploads\/sites\/3\/2025\/07\/Dana_2024.jpg\" \/>\n\t<meta property=\"og:image:width\" content=\"1280\" \/>\n\t<meta property=\"og:image:height\" content=\"853\" \/>\n\t<meta property=\"og:image:type\" content=\"image\/jpeg\" \/>\n<meta name=\"twitter:card\" content=\"summary_large_image\" \/>\n<meta name=\"twitter:site\" content=\"@greenpeace_esp\" \/>\n<meta name=\"twitter:label1\" content=\"Tiempo de lectura\" \/>\n\t<meta name=\"twitter:data1\" content=\"5 minutos\" \/>\n<script type=\"application\/ld+json\" class=\"yoast-schema-graph\">{\"@context\":\"https:\/\/schema.org\",\"@graph\":[{\"@type\":\"WebPage\",\"@id\":\"https:\/\/es.greenpeace.org\/es\/quienes-somos\/informes-anuales\/informe-anual-2024\/\",\"url\":\"https:\/\/es.greenpeace.org\/es\/quienes-somos\/informes-anuales\/informe-anual-2024\/\",\"name\":\"Informe anual 2024 | Greenpeace Espa\u00f1a\",\"isPartOf\":{\"@id\":\"https:\/\/es.greenpeace.org\/es\/#website\"},\"primaryImageOfPage\":{\"@id\":\"https:\/\/es.greenpeace.org\/es\/quienes-somos\/informes-anuales\/informe-anual-2024\/#primaryimage\"},\"image\":{\"@id\":\"https:\/\/es.greenpeace.org\/es\/quienes-somos\/informes-anuales\/informe-anual-2024\/#primaryimage\"},\"thumbnailUrl\":\"https:\/\/es.greenpeace.org\/es\/wp-content\/uploads\/sites\/3\/2025\/07\/Dana_2024.jpg\",\"datePublished\":\"2025-07-01T08:24:32+00:00\",\"dateModified\":\"2025-07-03T09:56:01+00:00\",\"description\":\"En 2024 hemos celebrado nuestro 40\u00ba aniversario. 40 a\u00f1os defendiendo la justicia ambiental, la paz y acci\u00f3n no violenta por y para el planeta\",\"breadcrumb\":{\"@id\":\"https:\/\/es.greenpeace.org\/es\/quienes-somos\/informes-anuales\/informe-anual-2024\/#breadcrumb\"},\"inLanguage\":\"es\",\"potentialAction\":[{\"@type\":\"ReadAction\",\"target\":[\"https:\/\/es.greenpeace.org\/es\/quienes-somos\/informes-anuales\/informe-anual-2024\/\"]}]},{\"@type\":\"ImageObject\",\"inLanguage\":\"es\",\"@id\":\"https:\/\/es.greenpeace.org\/es\/quienes-somos\/informes-anuales\/informe-anual-2024\/#primaryimage\",\"url\":\"https:\/\/es.greenpeace.org\/es\/wp-content\/uploads\/sites\/3\/2025\/07\/Dana_2024.jpg\",\"contentUrl\":\"https:\/\/es.greenpeace.org\/es\/wp-content\/uploads\/sites\/3\/2025\/07\/Dana_2024.jpg\",\"width\":1280,\"height\":853,\"caption\":\"16\/11\/2024. Catarroja, Valencia, Comunidad Valenciana, Espa\u00f1a.rrLa Directora Ejecutiva de Greenpeace Espa\u00f1a Eva Salda\u00f1a observa una campa de veh\u00edculos da\u00f1ados y retirados durante la Dana.rrGreenpeace documenta posibles causas del enorme impacto de las lluvias torrenciales en el este y el sur de Espa\u00f1a. r\u00a9Greenpeace\/Pedro Armestrerr\u00a9Greenpeace Handout\/Pedro Armestre- No sales - No Archives - Editorial Use Only - Free use only for 14 days after release. Photo provided by GREENPEACE, distributed handout photo to be used only to illustrate news reporting or commentary on the facts or events depicted in this image.\"},{\"@type\":\"BreadcrumbList\",\"@id\":\"https:\/\/es.greenpeace.org\/es\/quienes-somos\/informes-anuales\/informe-anual-2024\/#breadcrumb\",\"itemListElement\":[{\"@type\":\"ListItem\",\"position\":1,\"name\":\"Home\",\"item\":\"https:\/\/es.greenpeace.org\/es\/\"},{\"@type\":\"ListItem\",\"position\":2,\"name\":\"Qui\u00e9nes somos\",\"item\":\"https:\/\/es.greenpeace.org\/es\/quienes-somos\/\"},{\"@type\":\"ListItem\",\"position\":3,\"name\":\"Informes anuales\",\"item\":\"https:\/\/es.greenpeace.org\/es\/quienes-somos\/informes-anuales\/\"},{\"@type\":\"ListItem\",\"position\":4,\"name\":\"Informe anual 2024\"}]},{\"@type\":\"WebSite\",\"@id\":\"https:\/\/es.greenpeace.org\/es\/#website\",\"url\":\"https:\/\/es.greenpeace.org\/es\/\",\"name\":\"Greenpeace Espa\u00f1a\",\"description\":\"\",\"publisher\":{\"@id\":\"https:\/\/es.greenpeace.org\/es\/#organization\"},\"potentialAction\":[{\"@type\":\"SearchAction\",\"target\":{\"@type\":\"EntryPoint\",\"urlTemplate\":\"https:\/\/es.greenpeace.org\/es\/?s={search_term_string}\"},\"query-input\":{\"@type\":\"PropertyValueSpecification\",\"valueRequired\":true,\"valueName\":\"search_term_string\"}}],\"inLanguage\":\"es\"},{\"@type\":\"Organization\",\"@id\":\"https:\/\/es.greenpeace.org\/es\/#organization\",\"name\":\"Greenpeace Espa\u00f1a\",\"alternateName\":\"Greenpeace\",\"url\":\"https:\/\/es.greenpeace.org\/es\/\",\"logo\":{\"@type\":\"ImageObject\",\"inLanguage\":\"es\",\"@id\":\"https:\/\/es.greenpeace.org\/es\/#\/schema\/logo\/image\/\",\"url\":\"https:\/\/es.greenpeace.org\/es\/wp-content\/uploads\/sites\/3\/2024\/07\/greenpeace-logo-verde.svg\",\"contentUrl\":\"https:\/\/es.greenpeace.org\/es\/wp-content\/uploads\/sites\/3\/2024\/07\/greenpeace-logo-verde.svg\",\"width\":1,\"height\":1,\"caption\":\"Greenpeace Espa\u00f1a\"},\"image\":{\"@id\":\"https:\/\/es.greenpeace.org\/es\/#\/schema\/logo\/image\/\"},\"sameAs\":[\"https:\/\/www.facebook.com\/greenpeace.spain\",\"https:\/\/x.com\/greenpeace_esp\",\"https:\/\/www.instagram.com\/greenpeace_esp\/\"]}]}<\/script>\n<!-- \/ Yoast SEO plugin. -->","yoast_head_json":{"title":"Informe anual 2024 | Greenpeace Espa\u00f1a","description":"En 2024 hemos celebrado nuestro 40\u00ba aniversario. 40 a\u00f1os defendiendo la justicia ambiental, la paz y acci\u00f3n no violenta por y para el planeta","robots":{"index":"index","follow":"follow","max-snippet":"max-snippet:-1","max-image-preview":"max-image-preview:large","max-video-preview":"max-video-preview:-1"},"canonical":"https:\/\/es.greenpeace.org\/es\/quienes-somos\/informes-anuales\/informe-anual-2024\/","og_locale":"es_ES","og_type":"article","og_title":"Informe anual 2024 | Greenpeace Espa\u00f1a","og_description":"En 2024 hemos celebrado nuestro 40\u00ba aniversario. 40 a\u00f1os defendiendo la justicia ambiental, la paz y acci\u00f3n no violenta por y para el planeta","og_url":"https:\/\/es.greenpeace.org\/es\/quienes-somos\/informes-anuales\/informe-anual-2024\/","og_site_name":"ES | Greenpeace Espa\u00f1a","article_publisher":"https:\/\/www.facebook.com\/greenpeace.spain","article_modified_time":"2025-07-03T09:56:01+00:00","og_image":[{"width":1280,"height":853,"url":"https:\/\/es.greenpeace.org\/es\/wp-content\/uploads\/sites\/3\/2025\/07\/Dana_2024.jpg","type":"image\/jpeg"}],"twitter_card":"summary_large_image","twitter_site":"@greenpeace_esp","twitter_misc":{"Tiempo de lectura":"5 minutos"},"schema":{"@context":"https:\/\/schema.org","@graph":[{"@type":"WebPage","@id":"https:\/\/es.greenpeace.org\/es\/quienes-somos\/informes-anuales\/informe-anual-2024\/","url":"https:\/\/es.greenpeace.org\/es\/quienes-somos\/informes-anuales\/informe-anual-2024\/","name":"Informe anual 2024 | Greenpeace Espa\u00f1a","isPartOf":{"@id":"https:\/\/es.greenpeace.org\/es\/#website"},"primaryImageOfPage":{"@id":"https:\/\/es.greenpeace.org\/es\/quienes-somos\/informes-anuales\/informe-anual-2024\/#primaryimage"},"image":{"@id":"https:\/\/es.greenpeace.org\/es\/quienes-somos\/informes-anuales\/informe-anual-2024\/#primaryimage"},"thumbnailUrl":"https:\/\/es.greenpeace.org\/es\/wp-content\/uploads\/sites\/3\/2025\/07\/Dana_2024.jpg","datePublished":"2025-07-01T08:24:32+00:00","dateModified":"2025-07-03T09:56:01+00:00","description":"En 2024 hemos celebrado nuestro 40\u00ba aniversario. 40 a\u00f1os defendiendo la justicia ambiental, la paz y acci\u00f3n no violenta por y para el planeta","breadcrumb":{"@id":"https:\/\/es.greenpeace.org\/es\/quienes-somos\/informes-anuales\/informe-anual-2024\/#breadcrumb"},"inLanguage":"es","potentialAction":[{"@type":"ReadAction","target":["https:\/\/es.greenpeace.org\/es\/quienes-somos\/informes-anuales\/informe-anual-2024\/"]}]},{"@type":"ImageObject","inLanguage":"es","@id":"https:\/\/es.greenpeace.org\/es\/quienes-somos\/informes-anuales\/informe-anual-2024\/#primaryimage","url":"https:\/\/es.greenpeace.org\/es\/wp-content\/uploads\/sites\/3\/2025\/07\/Dana_2024.jpg","contentUrl":"https:\/\/es.greenpeace.org\/es\/wp-content\/uploads\/sites\/3\/2025\/07\/Dana_2024.jpg","width":1280,"height":853,"caption":"16\/11\/2024. Catarroja, Valencia, Comunidad Valenciana, Espa\u00f1a.rrLa Directora Ejecutiva de Greenpeace Espa\u00f1a Eva Salda\u00f1a observa una campa de veh\u00edculos da\u00f1ados y retirados durante la Dana.rrGreenpeace documenta posibles causas del enorme impacto de las lluvias torrenciales en el este y el sur de Espa\u00f1a. r\u00a9Greenpeace\/Pedro Armestrerr\u00a9Greenpeace Handout\/Pedro Armestre- No sales - No Archives - Editorial Use Only - Free use only for 14 days after release. Photo provided by GREENPEACE, distributed handout photo to be used only to illustrate news reporting or commentary on the facts or events depicted in this image."},{"@type":"BreadcrumbList","@id":"https:\/\/es.greenpeace.org\/es\/quienes-somos\/informes-anuales\/informe-anual-2024\/#breadcrumb","itemListElement":[{"@type":"ListItem","position":1,"name":"Home","item":"https:\/\/es.greenpeace.org\/es\/"},{"@type":"ListItem","position":2,"name":"Qui\u00e9nes somos","item":"https:\/\/es.greenpeace.org\/es\/quienes-somos\/"},{"@type":"ListItem","position":3,"name":"Informes anuales","item":"https:\/\/es.greenpeace.org\/es\/quienes-somos\/informes-anuales\/"},{"@type":"ListItem","position":4,"name":"Informe anual 2024"}]},{"@type":"WebSite","@id":"https:\/\/es.greenpeace.org\/es\/#website","url":"https:\/\/es.greenpeace.org\/es\/","name":"Greenpeace Espa\u00f1a","description":"","publisher":{"@id":"https:\/\/es.greenpeace.org\/es\/#organization"},"potentialAction":[{"@type":"SearchAction","target":{"@type":"EntryPoint","urlTemplate":"https:\/\/es.greenpeace.org\/es\/?s={search_term_string}"},"query-input":{"@type":"PropertyValueSpecification","valueRequired":true,"valueName":"search_term_string"}}],"inLanguage":"es"},{"@type":"Organization","@id":"https:\/\/es.greenpeace.org\/es\/#organization","name":"Greenpeace Espa\u00f1a","alternateName":"Greenpeace","url":"https:\/\/es.greenpeace.org\/es\/","logo":{"@type":"ImageObject","inLanguage":"es","@id":"https:\/\/es.greenpeace.org\/es\/#\/schema\/logo\/image\/","url":"https:\/\/es.greenpeace.org\/es\/wp-content\/uploads\/sites\/3\/2024\/07\/greenpeace-logo-verde.svg","contentUrl":"https:\/\/es.greenpeace.org\/es\/wp-content\/uploads\/sites\/3\/2024\/07\/greenpeace-logo-verde.svg","width":1,"height":1,"caption":"Greenpeace Espa\u00f1a"},"image":{"@id":"https:\/\/es.greenpeace.org\/es\/#\/schema\/logo\/image\/"},"sameAs":["https:\/\/www.facebook.com\/greenpeace.spain","https:\/\/x.com\/greenpeace_esp","https:\/\/www.instagram.com\/greenpeace_esp\/"]}]}},"_links":{"self":[{"href":"https:\/\/es.greenpeace.org\/es\/wp-json\/wp\/v2\/pages\/67102","targetHints":{"allow":["GET"]}}],"collection":[{"href":"https:\/\/es.greenpeace.org\/es\/wp-json\/wp\/v2\/pages"}],"about":[{"href":"https:\/\/es.greenpeace.org\/es\/wp-json\/wp\/v2\/types\/page"}],"author":[{"embeddable":true,"href":"https:\/\/es.greenpeace.org\/es\/wp-json\/wp\/v2\/users\/100"}],"replies":[{"embeddable":true,"href":"https:\/\/es.greenpeace.org\/es\/wp-json\/wp\/v2\/comments?post=67102"}],"version-history":[{"count":10,"href":"https:\/\/es.greenpeace.org\/es\/wp-json\/wp\/v2\/pages\/67102\/revisions"}],"predecessor-version":[{"id":67359,"href":"https:\/\/es.greenpeace.org\/es\/wp-json\/wp\/v2\/pages\/67102\/revisions\/67359"}],"up":[{"embeddable":true,"href":"https:\/\/es.greenpeace.org\/es\/wp-json\/wp\/v2\/pages\/10152"}],"wp:featuredmedia":[{"embeddable":true,"href":"https:\/\/es.greenpeace.org\/es\/wp-json\/wp\/v2\/media\/67166"}],"wp:attachment":[{"href":"https:\/\/es.greenpeace.org\/es\/wp-json\/wp\/v2\/media?parent=67102"}],"wp:term":[{"taxonomy":"category","embeddable":true,"href":"https:\/\/es.greenpeace.org\/es\/wp-json\/wp\/v2\/categories?post=67102"},{"taxonomy":"post_tag","embeddable":true,"href":"https:\/\/es.greenpeace.org\/es\/wp-json\/wp\/v2\/tags?post=67102"}],"curies":[{"name":"wp","href":"https:\/\/api.w.org\/{rel}","templated":true}]}}