{"id":67173,"date":"2025-07-01T10:33:25","date_gmt":"2025-07-01T08:33:25","guid":{"rendered":"https:\/\/es.greenpeace.org\/es\/?page_id=67173"},"modified":"2025-07-02T15:53:42","modified_gmt":"2025-07-02T13:53:42","slug":"carta-de-la-direccion","status":"publish","type":"page","link":"https:\/\/es.greenpeace.org\/es\/quienes-somos\/informes-anuales\/informe-anual-2024\/carta-de-la-direccion\/","title":{"rendered":"Carta de la direcci\u00f3n"},"content":{"rendered":"<h5>Construir un futuro en tiempos dif\u00edciles<\/h5>\n<p>2024 no ha sido un a\u00f1o cualquiera. Ha sido el a\u00f1o en que <a href=\"https:\/\/es.greenpeace.org\/es\/trabajamos-en\/democracia-y-contrapoder\/democracia-y-movilizacion-en-espana\/40-anos-de-ecologismo-y-pacifismo\/\" target=\"_blank\" rel=\"noopener\"><strong>Greenpeace Espa\u00f1a cumpli\u00f3 40 a\u00f1os<\/strong><\/a>. Cuatro d\u00e9cadas de acci\u00f3n directa, de presi\u00f3n pol\u00edtica, de trabajo con datos, con emociones y con alianzas. <strong>Cuatro d\u00e9cadas gritando cuando tocaba gritar<\/strong>, proponiendo cuando era urgente construir y resistiendo en medio de cada tormenta, literal o metaf\u00f3rica.<\/p>\n<p>Y como en toda fecha redonda, el aniversario no solo sirve para celebrar. Tambi\u00e9n obliga a mirar hacia atr\u00e1s, hacer balance y decidir hacia d\u00f3nde se quiere ir. Porque si algo tenemos claro es que <strong>no basta con mirar el pasado con orgullo, nos toca seguir empujando el futuro con coraje<\/strong>.<\/p>\n<p><strong>2024<\/strong> <strong>nos ha recordado<\/strong> \u2014una vez m\u00e1s\u2014 <strong>la velocidad del deterioro ecol\u00f3gico<\/strong>. Eventos clim\u00e1ticos extremos cada vez m\u00e1s frecuentes, oc\u00e9anos que baten r\u00e9cords de temperatura, decisiones pol\u00edticas que no siempre est\u00e1n a la altura de la emergencia\u2026 Pero tambi\u00e9n ha sido un a\u00f1o de respuestas, de trabajo riguroso, de campa\u00f1as valientes y de resultados tangibles.<\/p>\n<p><strong>Visibilizamos nuestras demandas<\/strong> en las elecciones vascas y catalanas, se\u00f1alamos los <a href=\"https:\/\/es.greenpeace.org\/es\/wp-content\/uploads\/sites\/3\/2024\/09\/INFORME-CLIMA-Y-REGADIO-%C2%BFCUANTO-PODREMOS-REGAR.pdf\" target=\"_blank\" rel=\"noopener\"><strong>impactos del modelo de regad\u00edos<\/strong>,<\/a> <strong>protegimos siete nuevos espacios marinos<\/strong>, nos embarcamos para llevar el mensaje al mar y lo trajimos de vuelta en forma de sensibilizaci\u00f3n y movilizaci\u00f3n ciudadana. Tambi\u00e9n estuvimos all\u00ed donde el clima golpea m\u00e1s fuerte denunciando, explicando, exigiendo y reconstruyendo.<\/p>\n<p>Puertas adentro, 2024 ha sido tambi\u00e9n un a\u00f1o de refuerzo. Afinamos nuestras herramientas de<strong> escucha social<\/strong>, medimos avances del marco estrat\u00e9gico y dimos nuevos pasos en <strong>comunicaci\u00f3n<\/strong>, <strong>movilizaci\u00f3n<\/strong> <strong>e incidencia pol\u00edtica y jur\u00eddica<\/strong>. Todo ello, sin dejar de revisar lo que no sali\u00f3 como esper\u00e1bamos. Porque tambi\u00e9n hay valor y aprendizajes en lo que falla, se pospone o se transforma.<\/p>\n<p>En temas de <strong>voluntariado<\/strong>, nos hemos puesto manos a la obra para contar con un sistema m\u00e1s preciso que nos ayude a medir y gestionar a todas las personas activas. Mantenemos <strong>entre 1.200 y 1.500 personas registradas en <a href=\"https:\/\/greenwire.greenpeace.es\/\" target=\"_blank\" rel=\"noopener\">Greenwire<\/a> cada trimestre<\/strong>. Aunque hemos notado una ligera bajada, ya estamos trabajando para revertirla en 2025.<\/p>\n<p><strong>En socios y socias<\/strong>, la cifra crece. 843 personas se han unido este a\u00f1o y han ayudado a mantener vivo el m\u00fasculo social que sostiene esta organizaci\u00f3n.<strong> \u00a1Ya somos m\u00e1s de 157.000!<\/strong><\/p>\n<p>40 a\u00f1os despu\u00e9s, seguimos creyendo que <strong>otra forma de habitar el planeta no solo es posible, sino urgente<\/strong>. Que los datos no pueden ser el final de la historia, sino el comienzo de una respuesta. Y que nuestra labor es tambi\u00e9n imaginar, iluminar y acelerar esas respuestas.<\/p>\n<p><strong>Gracias por seguir empujando con nosotras.<\/strong><\/p>\n<p><em><strong>El Consejo, la Junta Directiva y la Direcci\u00f3n Ejecutiva de Greenpeace Espa\u00f1a<\/strong><\/em><\/p>\n","protected":false},"excerpt":{"rendered":"<p>Construir un futuro en tiempos dif\u00edciles 2024 no ha sido un a\u00f1o cualquiera. Ha sido el a\u00f1o en que Greenpeace Espa\u00f1a cumpli\u00f3 40 a\u00f1os. Cuatro d\u00e9cadas de acci\u00f3n directa, de presi\u00f3n pol\u00edtica, de trabajo con datos, con emociones y con alianzas. Cuatro d\u00e9cadas gritando cuando tocaba gritar, proponiendo cuando era urgente construir y resistiendo en [&hellip;]<\/p>\n","protected":false},"author":100,"featured_media":67175,"parent":67102,"menu_order":0,"comment_status":"closed","ping_status":"closed","template":"template-generic-acf.php","meta":{"_acf_changed":false,"footnotes":""},"categories":[],"tags":[],"class_list":["post-67173","page","type-page","status-publish","has-post-thumbnail","hentry"],"acf":[],"yoast_head":"<!-- This site is optimized with the Yoast SEO plugin v27.1.1 - https:\/\/yoast.com\/product\/yoast-seo-wordpress\/ -->\n<title>Carta de la direcci\u00f3n 2024 | Greenpeace Espa\u00f1a<\/title>\n<meta name=\"description\" content=\"Cuatro d\u00e9cadas de acci\u00f3n directa, presi\u00f3n pol\u00edtica, trabajo con datos, emociones y con alianzas. Cuatro d\u00e9cadas gritando cuando tocaba gritar.\" \/>\n<meta name=\"robots\" content=\"index, follow, max-snippet:-1, max-image-preview:large, max-video-preview:-1\" \/>\n<link rel=\"canonical\" href=\"https:\/\/es.greenpeace.org\/es\/quienes-somos\/informes-anuales\/informe-anual-2024\/carta-de-la-direccion\/\" \/>\n<meta property=\"og:locale\" content=\"es_ES\" \/>\n<meta property=\"og:type\" content=\"article\" \/>\n<meta property=\"og:title\" content=\"Carta de la direcci\u00f3n 2024 | Greenpeace Espa\u00f1a\" \/>\n<meta property=\"og:description\" content=\"Cuatro d\u00e9cadas de acci\u00f3n directa, presi\u00f3n pol\u00edtica, trabajo con datos, emociones y con alianzas. Cuatro d\u00e9cadas gritando cuando tocaba gritar.\" \/>\n<meta property=\"og:url\" content=\"https:\/\/es.greenpeace.org\/es\/quienes-somos\/informes-anuales\/informe-anual-2024\/carta-de-la-direccion\/\" \/>\n<meta property=\"og:site_name\" content=\"ES | Greenpeace Espa\u00f1a\" \/>\n<meta property=\"article:publisher\" content=\"https:\/\/www.facebook.com\/greenpeace.spain\" \/>\n<meta property=\"article:modified_time\" content=\"2025-07-02T13:53:42+00:00\" \/>\n<meta property=\"og:image\" content=\"https:\/\/es.greenpeace.org\/es\/wp-content\/uploads\/sites\/3\/2025\/07\/3.1.-Carta-direccion.jpg\" \/>\n\t<meta property=\"og:image:width\" content=\"1200\" \/>\n\t<meta property=\"og:image:height\" content=\"800\" \/>\n\t<meta property=\"og:image:type\" content=\"image\/jpeg\" \/>\n<meta name=\"twitter:card\" content=\"summary_large_image\" \/>\n<meta name=\"twitter:site\" content=\"@greenpeace_esp\" \/>\n<meta name=\"twitter:label1\" content=\"Tiempo de lectura\" \/>\n\t<meta name=\"twitter:data1\" content=\"3 minutos\" \/>\n<script type=\"application\/ld+json\" class=\"yoast-schema-graph\">{\"@context\":\"https:\/\/schema.org\",\"@graph\":[{\"@type\":\"WebPage\",\"@id\":\"https:\/\/es.greenpeace.org\/es\/quienes-somos\/informes-anuales\/informe-anual-2024\/carta-de-la-direccion\/\",\"url\":\"https:\/\/es.greenpeace.org\/es\/quienes-somos\/informes-anuales\/informe-anual-2024\/carta-de-la-direccion\/\",\"name\":\"Carta de la direcci\u00f3n 2024 | Greenpeace Espa\u00f1a\",\"isPartOf\":{\"@id\":\"https:\/\/es.greenpeace.org\/es\/#website\"},\"primaryImageOfPage\":{\"@id\":\"https:\/\/es.greenpeace.org\/es\/quienes-somos\/informes-anuales\/informe-anual-2024\/carta-de-la-direccion\/#primaryimage\"},\"image\":{\"@id\":\"https:\/\/es.greenpeace.org\/es\/quienes-somos\/informes-anuales\/informe-anual-2024\/carta-de-la-direccion\/#primaryimage\"},\"thumbnailUrl\":\"https:\/\/es.greenpeace.org\/es\/wp-content\/uploads\/sites\/3\/2025\/07\/3.1.-Carta-direccion.jpg\",\"datePublished\":\"2025-07-01T08:33:25+00:00\",\"dateModified\":\"2025-07-02T13:53:42+00:00\",\"description\":\"Cuatro d\u00e9cadas de acci\u00f3n directa, presi\u00f3n pol\u00edtica, trabajo con datos, emociones y con alianzas. Cuatro d\u00e9cadas gritando cuando tocaba gritar.\",\"breadcrumb\":{\"@id\":\"https:\/\/es.greenpeace.org\/es\/quienes-somos\/informes-anuales\/informe-anual-2024\/carta-de-la-direccion\/#breadcrumb\"},\"inLanguage\":\"es\",\"potentialAction\":[{\"@type\":\"ReadAction\",\"target\":[\"https:\/\/es.greenpeace.org\/es\/quienes-somos\/informes-anuales\/informe-anual-2024\/carta-de-la-direccion\/\"]}]},{\"@type\":\"ImageObject\",\"inLanguage\":\"es\",\"@id\":\"https:\/\/es.greenpeace.org\/es\/quienes-somos\/informes-anuales\/informe-anual-2024\/carta-de-la-direccion\/#primaryimage\",\"url\":\"https:\/\/es.greenpeace.org\/es\/wp-content\/uploads\/sites\/3\/2025\/07\/3.1.-Carta-direccion.jpg\",\"contentUrl\":\"https:\/\/es.greenpeace.org\/es\/wp-content\/uploads\/sites\/3\/2025\/07\/3.1.-Carta-direccion.jpg\",\"width\":1200,\"height\":800,\"caption\":\"activista colgado de un edificio\"},{\"@type\":\"BreadcrumbList\",\"@id\":\"https:\/\/es.greenpeace.org\/es\/quienes-somos\/informes-anuales\/informe-anual-2024\/carta-de-la-direccion\/#breadcrumb\",\"itemListElement\":[{\"@type\":\"ListItem\",\"position\":1,\"name\":\"Home\",\"item\":\"https:\/\/es.greenpeace.org\/es\/\"},{\"@type\":\"ListItem\",\"position\":2,\"name\":\"Qui\u00e9nes somos\",\"item\":\"https:\/\/es.greenpeace.org\/es\/quienes-somos\/\"},{\"@type\":\"ListItem\",\"position\":3,\"name\":\"Informes anuales\",\"item\":\"https:\/\/es.greenpeace.org\/es\/quienes-somos\/informes-anuales\/\"},{\"@type\":\"ListItem\",\"position\":4,\"name\":\"Informe anual 2024\",\"item\":\"https:\/\/es.greenpeace.org\/es\/quienes-somos\/informes-anuales\/informe-anual-2024\/\"},{\"@type\":\"ListItem\",\"position\":5,\"name\":\"Carta de la direcci\u00f3n\"}]},{\"@type\":\"WebSite\",\"@id\":\"https:\/\/es.greenpeace.org\/es\/#website\",\"url\":\"https:\/\/es.greenpeace.org\/es\/\",\"name\":\"Greenpeace Espa\u00f1a\",\"description\":\"\",\"publisher\":{\"@id\":\"https:\/\/es.greenpeace.org\/es\/#organization\"},\"potentialAction\":[{\"@type\":\"SearchAction\",\"target\":{\"@type\":\"EntryPoint\",\"urlTemplate\":\"https:\/\/es.greenpeace.org\/es\/?s={search_term_string}\"},\"query-input\":{\"@type\":\"PropertyValueSpecification\",\"valueRequired\":true,\"valueName\":\"search_term_string\"}}],\"inLanguage\":\"es\"},{\"@type\":\"Organization\",\"@id\":\"https:\/\/es.greenpeace.org\/es\/#organization\",\"name\":\"Greenpeace Espa\u00f1a\",\"alternateName\":\"Greenpeace\",\"url\":\"https:\/\/es.greenpeace.org\/es\/\",\"logo\":{\"@type\":\"ImageObject\",\"inLanguage\":\"es\",\"@id\":\"https:\/\/es.greenpeace.org\/es\/#\/schema\/logo\/image\/\",\"url\":\"https:\/\/es.greenpeace.org\/es\/wp-content\/uploads\/sites\/3\/2024\/07\/greenpeace-logo-verde.svg\",\"contentUrl\":\"https:\/\/es.greenpeace.org\/es\/wp-content\/uploads\/sites\/3\/2024\/07\/greenpeace-logo-verde.svg\",\"width\":1,\"height\":1,\"caption\":\"Greenpeace Espa\u00f1a\"},\"image\":{\"@id\":\"https:\/\/es.greenpeace.org\/es\/#\/schema\/logo\/image\/\"},\"sameAs\":[\"https:\/\/www.facebook.com\/greenpeace.spain\",\"https:\/\/x.com\/greenpeace_esp\",\"https:\/\/www.instagram.com\/greenpeace_esp\/\"]}]}<\/script>\n<!-- \/ Yoast SEO plugin. -->","yoast_head_json":{"title":"Carta de la direcci\u00f3n 2024 | Greenpeace Espa\u00f1a","description":"Cuatro d\u00e9cadas de acci\u00f3n directa, presi\u00f3n pol\u00edtica, trabajo con datos, emociones y con alianzas. Cuatro d\u00e9cadas gritando cuando tocaba gritar.","robots":{"index":"index","follow":"follow","max-snippet":"max-snippet:-1","max-image-preview":"max-image-preview:large","max-video-preview":"max-video-preview:-1"},"canonical":"https:\/\/es.greenpeace.org\/es\/quienes-somos\/informes-anuales\/informe-anual-2024\/carta-de-la-direccion\/","og_locale":"es_ES","og_type":"article","og_title":"Carta de la direcci\u00f3n 2024 | Greenpeace Espa\u00f1a","og_description":"Cuatro d\u00e9cadas de acci\u00f3n directa, presi\u00f3n pol\u00edtica, trabajo con datos, emociones y con alianzas. Cuatro d\u00e9cadas gritando cuando tocaba gritar.","og_url":"https:\/\/es.greenpeace.org\/es\/quienes-somos\/informes-anuales\/informe-anual-2024\/carta-de-la-direccion\/","og_site_name":"ES | Greenpeace Espa\u00f1a","article_publisher":"https:\/\/www.facebook.com\/greenpeace.spain","article_modified_time":"2025-07-02T13:53:42+00:00","og_image":[{"width":1200,"height":800,"url":"https:\/\/es.greenpeace.org\/es\/wp-content\/uploads\/sites\/3\/2025\/07\/3.1.-Carta-direccion.jpg","type":"image\/jpeg"}],"twitter_card":"summary_large_image","twitter_site":"@greenpeace_esp","twitter_misc":{"Tiempo de lectura":"3 minutos"},"schema":{"@context":"https:\/\/schema.org","@graph":[{"@type":"WebPage","@id":"https:\/\/es.greenpeace.org\/es\/quienes-somos\/informes-anuales\/informe-anual-2024\/carta-de-la-direccion\/","url":"https:\/\/es.greenpeace.org\/es\/quienes-somos\/informes-anuales\/informe-anual-2024\/carta-de-la-direccion\/","name":"Carta de la direcci\u00f3n 2024 | Greenpeace Espa\u00f1a","isPartOf":{"@id":"https:\/\/es.greenpeace.org\/es\/#website"},"primaryImageOfPage":{"@id":"https:\/\/es.greenpeace.org\/es\/quienes-somos\/informes-anuales\/informe-anual-2024\/carta-de-la-direccion\/#primaryimage"},"image":{"@id":"https:\/\/es.greenpeace.org\/es\/quienes-somos\/informes-anuales\/informe-anual-2024\/carta-de-la-direccion\/#primaryimage"},"thumbnailUrl":"https:\/\/es.greenpeace.org\/es\/wp-content\/uploads\/sites\/3\/2025\/07\/3.1.-Carta-direccion.jpg","datePublished":"2025-07-01T08:33:25+00:00","dateModified":"2025-07-02T13:53:42+00:00","description":"Cuatro d\u00e9cadas de acci\u00f3n directa, presi\u00f3n pol\u00edtica, trabajo con datos, emociones y con alianzas. Cuatro d\u00e9cadas gritando cuando tocaba gritar.","breadcrumb":{"@id":"https:\/\/es.greenpeace.org\/es\/quienes-somos\/informes-anuales\/informe-anual-2024\/carta-de-la-direccion\/#breadcrumb"},"inLanguage":"es","potentialAction":[{"@type":"ReadAction","target":["https:\/\/es.greenpeace.org\/es\/quienes-somos\/informes-anuales\/informe-anual-2024\/carta-de-la-direccion\/"]}]},{"@type":"ImageObject","inLanguage":"es","@id":"https:\/\/es.greenpeace.org\/es\/quienes-somos\/informes-anuales\/informe-anual-2024\/carta-de-la-direccion\/#primaryimage","url":"https:\/\/es.greenpeace.org\/es\/wp-content\/uploads\/sites\/3\/2025\/07\/3.1.-Carta-direccion.jpg","contentUrl":"https:\/\/es.greenpeace.org\/es\/wp-content\/uploads\/sites\/3\/2025\/07\/3.1.-Carta-direccion.jpg","width":1200,"height":800,"caption":"activista colgado de un edificio"},{"@type":"BreadcrumbList","@id":"https:\/\/es.greenpeace.org\/es\/quienes-somos\/informes-anuales\/informe-anual-2024\/carta-de-la-direccion\/#breadcrumb","itemListElement":[{"@type":"ListItem","position":1,"name":"Home","item":"https:\/\/es.greenpeace.org\/es\/"},{"@type":"ListItem","position":2,"name":"Qui\u00e9nes somos","item":"https:\/\/es.greenpeace.org\/es\/quienes-somos\/"},{"@type":"ListItem","position":3,"name":"Informes anuales","item":"https:\/\/es.greenpeace.org\/es\/quienes-somos\/informes-anuales\/"},{"@type":"ListItem","position":4,"name":"Informe anual 2024","item":"https:\/\/es.greenpeace.org\/es\/quienes-somos\/informes-anuales\/informe-anual-2024\/"},{"@type":"ListItem","position":5,"name":"Carta de la direcci\u00f3n"}]},{"@type":"WebSite","@id":"https:\/\/es.greenpeace.org\/es\/#website","url":"https:\/\/es.greenpeace.org\/es\/","name":"Greenpeace Espa\u00f1a","description":"","publisher":{"@id":"https:\/\/es.greenpeace.org\/es\/#organization"},"potentialAction":[{"@type":"SearchAction","target":{"@type":"EntryPoint","urlTemplate":"https:\/\/es.greenpeace.org\/es\/?s={search_term_string}"},"query-input":{"@type":"PropertyValueSpecification","valueRequired":true,"valueName":"search_term_string"}}],"inLanguage":"es"},{"@type":"Organization","@id":"https:\/\/es.greenpeace.org\/es\/#organization","name":"Greenpeace Espa\u00f1a","alternateName":"Greenpeace","url":"https:\/\/es.greenpeace.org\/es\/","logo":{"@type":"ImageObject","inLanguage":"es","@id":"https:\/\/es.greenpeace.org\/es\/#\/schema\/logo\/image\/","url":"https:\/\/es.greenpeace.org\/es\/wp-content\/uploads\/sites\/3\/2024\/07\/greenpeace-logo-verde.svg","contentUrl":"https:\/\/es.greenpeace.org\/es\/wp-content\/uploads\/sites\/3\/2024\/07\/greenpeace-logo-verde.svg","width":1,"height":1,"caption":"Greenpeace Espa\u00f1a"},"image":{"@id":"https:\/\/es.greenpeace.org\/es\/#\/schema\/logo\/image\/"},"sameAs":["https:\/\/www.facebook.com\/greenpeace.spain","https:\/\/x.com\/greenpeace_esp","https:\/\/www.instagram.com\/greenpeace_esp\/"]}]}},"_links":{"self":[{"href":"https:\/\/es.greenpeace.org\/es\/wp-json\/wp\/v2\/pages\/67173","targetHints":{"allow":["GET"]}}],"collection":[{"href":"https:\/\/es.greenpeace.org\/es\/wp-json\/wp\/v2\/pages"}],"about":[{"href":"https:\/\/es.greenpeace.org\/es\/wp-json\/wp\/v2\/types\/page"}],"author":[{"embeddable":true,"href":"https:\/\/es.greenpeace.org\/es\/wp-json\/wp\/v2\/users\/100"}],"replies":[{"embeddable":true,"href":"https:\/\/es.greenpeace.org\/es\/wp-json\/wp\/v2\/comments?post=67173"}],"version-history":[{"count":6,"href":"https:\/\/es.greenpeace.org\/es\/wp-json\/wp\/v2\/pages\/67173\/revisions"}],"predecessor-version":[{"id":67340,"href":"https:\/\/es.greenpeace.org\/es\/wp-json\/wp\/v2\/pages\/67173\/revisions\/67340"}],"up":[{"embeddable":true,"href":"https:\/\/es.greenpeace.org\/es\/wp-json\/wp\/v2\/pages\/67102"}],"wp:featuredmedia":[{"embeddable":true,"href":"https:\/\/es.greenpeace.org\/es\/wp-json\/wp\/v2\/media\/67175"}],"wp:attachment":[{"href":"https:\/\/es.greenpeace.org\/es\/wp-json\/wp\/v2\/media?parent=67173"}],"wp:term":[{"taxonomy":"category","embeddable":true,"href":"https:\/\/es.greenpeace.org\/es\/wp-json\/wp\/v2\/categories?post=67173"},{"taxonomy":"post_tag","embeddable":true,"href":"https:\/\/es.greenpeace.org\/es\/wp-json\/wp\/v2\/tags?post=67173"}],"curies":[{"name":"wp","href":"https:\/\/api.w.org\/{rel}","templated":true}]}}