{"id":67181,"date":"2025-07-01T11:31:17","date_gmt":"2025-07-01T09:31:17","guid":{"rendered":"https:\/\/es.greenpeace.org\/es\/?page_id=67181"},"modified":"2025-07-08T12:54:18","modified_gmt":"2025-07-08T10:54:18","slug":"nuestras-cuentas-2024","status":"publish","type":"page","link":"https:\/\/es.greenpeace.org\/es\/quienes-somos\/informes-anuales\/informe-anual-2024\/nuestras-cuentas-2024\/","title":{"rendered":"Nuestras cuentas"},"content":{"rendered":"","protected":false},"excerpt":{"rendered":"","protected":false},"author":100,"featured_media":67182,"parent":67102,"menu_order":0,"comment_status":"closed","ping_status":"closed","template":"template-generic-acf.php","meta":{"_acf_changed":false,"footnotes":""},"categories":[4],"tags":[],"class_list":["post-67181","page","type-page","status-publish","has-post-thumbnail","hentry","category-general"],"acf":[],"yoast_head":"<!-- This site is optimized with the Yoast SEO plugin v27.1.1 - https:\/\/yoast.com\/product\/yoast-seo-wordpress\/ -->\n<title>Nuestras cuentas 2024 | Greenpeace Espa\u00f1a<\/title>\n<meta name=\"description\" content=\"Estas son nuestras cuentas 2024. En Greenpeace somos 100% independientes. No recibimos ni aceptamos subvenciones de Gobiernos o empresas.\" \/>\n<meta name=\"robots\" content=\"index, follow, max-snippet:-1, max-image-preview:large, max-video-preview:-1\" \/>\n<link rel=\"canonical\" href=\"https:\/\/es.greenpeace.org\/es\/quienes-somos\/informes-anuales\/informe-anual-2024\/nuestras-cuentas-2024\/\" \/>\n<meta property=\"og:locale\" content=\"es_ES\" \/>\n<meta property=\"og:type\" content=\"article\" \/>\n<meta property=\"og:title\" content=\"Nuestras cuentas 2024 | Greenpeace Espa\u00f1a\" \/>\n<meta property=\"og:description\" content=\"Estas son nuestras cuentas 2024. En Greenpeace somos 100% independientes. No recibimos ni aceptamos subvenciones de Gobiernos o empresas.\" \/>\n<meta property=\"og:url\" content=\"https:\/\/es.greenpeace.org\/es\/quienes-somos\/informes-anuales\/informe-anual-2024\/nuestras-cuentas-2024\/\" \/>\n<meta property=\"og:site_name\" content=\"ES | Greenpeace Espa\u00f1a\" \/>\n<meta property=\"article:publisher\" content=\"https:\/\/www.facebook.com\/greenpeace.spain\" \/>\n<meta property=\"article:modified_time\" content=\"2025-07-08T10:54:18+00:00\" \/>\n<meta property=\"og:image\" content=\"https:\/\/es.greenpeace.org\/es\/wp-content\/uploads\/sites\/3\/2025\/07\/4.-Nuestras-cuentas.jpg\" \/>\n\t<meta property=\"og:image:width\" content=\"1280\" \/>\n\t<meta property=\"og:image:height\" content=\"853\" \/>\n\t<meta property=\"og:image:type\" content=\"image\/jpeg\" \/>\n<meta name=\"twitter:card\" content=\"summary_large_image\" \/>\n<meta name=\"twitter:site\" content=\"@greenpeace_esp\" \/>\n<meta name=\"twitter:label1\" content=\"Tiempo de lectura\" \/>\n\t<meta name=\"twitter:data1\" content=\"2 minutos\" \/>\n<script type=\"application\/ld+json\" class=\"yoast-schema-graph\">{\"@context\":\"https:\/\/schema.org\",\"@graph\":[{\"@type\":\"WebPage\",\"@id\":\"https:\/\/es.greenpeace.org\/es\/quienes-somos\/informes-anuales\/informe-anual-2024\/nuestras-cuentas-2024\/\",\"url\":\"https:\/\/es.greenpeace.org\/es\/quienes-somos\/informes-anuales\/informe-anual-2024\/nuestras-cuentas-2024\/\",\"name\":\"Nuestras cuentas 2024 | Greenpeace Espa\u00f1a\",\"isPartOf\":{\"@id\":\"https:\/\/es.greenpeace.org\/es\/#website\"},\"primaryImageOfPage\":{\"@id\":\"https:\/\/es.greenpeace.org\/es\/quienes-somos\/informes-anuales\/informe-anual-2024\/nuestras-cuentas-2024\/#primaryimage\"},\"image\":{\"@id\":\"https:\/\/es.greenpeace.org\/es\/quienes-somos\/informes-anuales\/informe-anual-2024\/nuestras-cuentas-2024\/#primaryimage\"},\"thumbnailUrl\":\"https:\/\/es.greenpeace.org\/es\/wp-content\/uploads\/sites\/3\/2025\/07\/4.-Nuestras-cuentas.jpg\",\"datePublished\":\"2025-07-01T09:31:17+00:00\",\"dateModified\":\"2025-07-08T10:54:18+00:00\",\"description\":\"Estas son nuestras cuentas 2024. En Greenpeace somos 100% independientes. No recibimos ni aceptamos subvenciones de Gobiernos o empresas.\",\"breadcrumb\":{\"@id\":\"https:\/\/es.greenpeace.org\/es\/quienes-somos\/informes-anuales\/informe-anual-2024\/nuestras-cuentas-2024\/#breadcrumb\"},\"inLanguage\":\"es\",\"potentialAction\":[{\"@type\":\"ReadAction\",\"target\":[\"https:\/\/es.greenpeace.org\/es\/quienes-somos\/informes-anuales\/informe-anual-2024\/nuestras-cuentas-2024\/\"]}]},{\"@type\":\"ImageObject\",\"inLanguage\":\"es\",\"@id\":\"https:\/\/es.greenpeace.org\/es\/quienes-somos\/informes-anuales\/informe-anual-2024\/nuestras-cuentas-2024\/#primaryimage\",\"url\":\"https:\/\/es.greenpeace.org\/es\/wp-content\/uploads\/sites\/3\/2025\/07\/4.-Nuestras-cuentas.jpg\",\"contentUrl\":\"https:\/\/es.greenpeace.org\/es\/wp-content\/uploads\/sites\/3\/2025\/07\/4.-Nuestras-cuentas.jpg\",\"width\":1280,\"height\":853,\"caption\":\"7\/6\/2024. Vilagarc\u00eda de Arousa, Pontevedra, Galicia, Espa\u00f1a.rrEl Arctic Sunrise entra en la r\u00eda de Arousa el acompa\u00f1ado de numerosas embarcaciones pertenecientes a varias cofrad\u00edas de la r\u00eda para reivindicar en conjunto con el sector de la pesca artesanal, el marisqueo y la acuicultura extensiva tradicionales una mayor protecci\u00f3n para los oc\u00e9anos y la regeneraci\u00f3n de la r\u00eda de Arousa. rrEl emblem\u00e1tico barco rompehielos Arctic Sunrise de Greenpeace visita el Pa\u00eds Vasco, Galicia y Mallorca durante este mes de junio. rrEl Arctic Sunrise llega a Espa\u00f1a para demandar la ratificaci\u00f3n inmediata del Tratado Global de los oc\u00e9anos por el gobierno espa\u00f1ol, al menos 60 pa\u00edses deben ratificar antes de junio de 2025 para que pueda entrar en vigor y poder declarar as\u00ed los primeros santuarios oce\u00e1nicos que nos permitan proteger al menos el 30 % de las aguas internacionales para 2030. rrNuestras aguas a nivel nacional tambi\u00e9n deben contar con un 30 % de protecci\u00f3n para 2030 y as\u00ed dar cumplimiento a los compromisos internacionales, pero m\u00e1s all\u00e1 del porcentaje de protecci\u00f3n escrito sobre el papel, necesitamos que cuenten con unos planes de gesti\u00f3n que hagan efectiva su protecci\u00f3n y no queden en parques de papel.r\u00a9Greenpeace\/Pedro Armestrerr\u00a9Greenpeace Handout\/Pedro Armestre- No sales - No Archives - Editorial Use Only - Free use only for 14 days after release. Photo provided by GREENPEACE, distributed handout photo to be used only to illustrate news reporting or commentary on the facts or events depicted in this image.\"},{\"@type\":\"BreadcrumbList\",\"@id\":\"https:\/\/es.greenpeace.org\/es\/quienes-somos\/informes-anuales\/informe-anual-2024\/nuestras-cuentas-2024\/#breadcrumb\",\"itemListElement\":[{\"@type\":\"ListItem\",\"position\":1,\"name\":\"Home\",\"item\":\"https:\/\/es.greenpeace.org\/es\/\"},{\"@type\":\"ListItem\",\"position\":2,\"name\":\"Qui\u00e9nes somos\",\"item\":\"https:\/\/es.greenpeace.org\/es\/quienes-somos\/\"},{\"@type\":\"ListItem\",\"position\":3,\"name\":\"Informes anuales\",\"item\":\"https:\/\/es.greenpeace.org\/es\/quienes-somos\/informes-anuales\/\"},{\"@type\":\"ListItem\",\"position\":4,\"name\":\"Informe anual 2024\",\"item\":\"https:\/\/es.greenpeace.org\/es\/quienes-somos\/informes-anuales\/informe-anual-2024\/\"},{\"@type\":\"ListItem\",\"position\":5,\"name\":\"Nuestras cuentas\"}]},{\"@type\":\"WebSite\",\"@id\":\"https:\/\/es.greenpeace.org\/es\/#website\",\"url\":\"https:\/\/es.greenpeace.org\/es\/\",\"name\":\"Greenpeace Espa\u00f1a\",\"description\":\"\",\"publisher\":{\"@id\":\"https:\/\/es.greenpeace.org\/es\/#organization\"},\"potentialAction\":[{\"@type\":\"SearchAction\",\"target\":{\"@type\":\"EntryPoint\",\"urlTemplate\":\"https:\/\/es.greenpeace.org\/es\/?s={search_term_string}\"},\"query-input\":{\"@type\":\"PropertyValueSpecification\",\"valueRequired\":true,\"valueName\":\"search_term_string\"}}],\"inLanguage\":\"es\"},{\"@type\":\"Organization\",\"@id\":\"https:\/\/es.greenpeace.org\/es\/#organization\",\"name\":\"Greenpeace Espa\u00f1a\",\"alternateName\":\"Greenpeace\",\"url\":\"https:\/\/es.greenpeace.org\/es\/\",\"logo\":{\"@type\":\"ImageObject\",\"inLanguage\":\"es\",\"@id\":\"https:\/\/es.greenpeace.org\/es\/#\/schema\/logo\/image\/\",\"url\":\"https:\/\/es.greenpeace.org\/es\/wp-content\/uploads\/sites\/3\/2024\/07\/greenpeace-logo-verde.svg\",\"contentUrl\":\"https:\/\/es.greenpeace.org\/es\/wp-content\/uploads\/sites\/3\/2024\/07\/greenpeace-logo-verde.svg\",\"width\":1,\"height\":1,\"caption\":\"Greenpeace Espa\u00f1a\"},\"image\":{\"@id\":\"https:\/\/es.greenpeace.org\/es\/#\/schema\/logo\/image\/\"},\"sameAs\":[\"https:\/\/www.facebook.com\/greenpeace.spain\",\"https:\/\/x.com\/greenpeace_esp\",\"https:\/\/www.instagram.com\/greenpeace_esp\/\"]}]}<\/script>\n<!-- \/ Yoast SEO plugin. -->","yoast_head_json":{"title":"Nuestras cuentas 2024 | Greenpeace Espa\u00f1a","description":"Estas son nuestras cuentas 2024. En Greenpeace somos 100% independientes. No recibimos ni aceptamos subvenciones de Gobiernos o empresas.","robots":{"index":"index","follow":"follow","max-snippet":"max-snippet:-1","max-image-preview":"max-image-preview:large","max-video-preview":"max-video-preview:-1"},"canonical":"https:\/\/es.greenpeace.org\/es\/quienes-somos\/informes-anuales\/informe-anual-2024\/nuestras-cuentas-2024\/","og_locale":"es_ES","og_type":"article","og_title":"Nuestras cuentas 2024 | Greenpeace Espa\u00f1a","og_description":"Estas son nuestras cuentas 2024. En Greenpeace somos 100% independientes. No recibimos ni aceptamos subvenciones de Gobiernos o empresas.","og_url":"https:\/\/es.greenpeace.org\/es\/quienes-somos\/informes-anuales\/informe-anual-2024\/nuestras-cuentas-2024\/","og_site_name":"ES | Greenpeace Espa\u00f1a","article_publisher":"https:\/\/www.facebook.com\/greenpeace.spain","article_modified_time":"2025-07-08T10:54:18+00:00","og_image":[{"width":1280,"height":853,"url":"https:\/\/es.greenpeace.org\/es\/wp-content\/uploads\/sites\/3\/2025\/07\/4.-Nuestras-cuentas.jpg","type":"image\/jpeg"}],"twitter_card":"summary_large_image","twitter_site":"@greenpeace_esp","twitter_misc":{"Tiempo de lectura":"2 minutos"},"schema":{"@context":"https:\/\/schema.org","@graph":[{"@type":"WebPage","@id":"https:\/\/es.greenpeace.org\/es\/quienes-somos\/informes-anuales\/informe-anual-2024\/nuestras-cuentas-2024\/","url":"https:\/\/es.greenpeace.org\/es\/quienes-somos\/informes-anuales\/informe-anual-2024\/nuestras-cuentas-2024\/","name":"Nuestras cuentas 2024 | Greenpeace Espa\u00f1a","isPartOf":{"@id":"https:\/\/es.greenpeace.org\/es\/#website"},"primaryImageOfPage":{"@id":"https:\/\/es.greenpeace.org\/es\/quienes-somos\/informes-anuales\/informe-anual-2024\/nuestras-cuentas-2024\/#primaryimage"},"image":{"@id":"https:\/\/es.greenpeace.org\/es\/quienes-somos\/informes-anuales\/informe-anual-2024\/nuestras-cuentas-2024\/#primaryimage"},"thumbnailUrl":"https:\/\/es.greenpeace.org\/es\/wp-content\/uploads\/sites\/3\/2025\/07\/4.-Nuestras-cuentas.jpg","datePublished":"2025-07-01T09:31:17+00:00","dateModified":"2025-07-08T10:54:18+00:00","description":"Estas son nuestras cuentas 2024. En Greenpeace somos 100% independientes. No recibimos ni aceptamos subvenciones de Gobiernos o empresas.","breadcrumb":{"@id":"https:\/\/es.greenpeace.org\/es\/quienes-somos\/informes-anuales\/informe-anual-2024\/nuestras-cuentas-2024\/#breadcrumb"},"inLanguage":"es","potentialAction":[{"@type":"ReadAction","target":["https:\/\/es.greenpeace.org\/es\/quienes-somos\/informes-anuales\/informe-anual-2024\/nuestras-cuentas-2024\/"]}]},{"@type":"ImageObject","inLanguage":"es","@id":"https:\/\/es.greenpeace.org\/es\/quienes-somos\/informes-anuales\/informe-anual-2024\/nuestras-cuentas-2024\/#primaryimage","url":"https:\/\/es.greenpeace.org\/es\/wp-content\/uploads\/sites\/3\/2025\/07\/4.-Nuestras-cuentas.jpg","contentUrl":"https:\/\/es.greenpeace.org\/es\/wp-content\/uploads\/sites\/3\/2025\/07\/4.-Nuestras-cuentas.jpg","width":1280,"height":853,"caption":"7\/6\/2024. Vilagarc\u00eda de Arousa, Pontevedra, Galicia, Espa\u00f1a.rrEl Arctic Sunrise entra en la r\u00eda de Arousa el acompa\u00f1ado de numerosas embarcaciones pertenecientes a varias cofrad\u00edas de la r\u00eda para reivindicar en conjunto con el sector de la pesca artesanal, el marisqueo y la acuicultura extensiva tradicionales una mayor protecci\u00f3n para los oc\u00e9anos y la regeneraci\u00f3n de la r\u00eda de Arousa. rrEl emblem\u00e1tico barco rompehielos Arctic Sunrise de Greenpeace visita el Pa\u00eds Vasco, Galicia y Mallorca durante este mes de junio. rrEl Arctic Sunrise llega a Espa\u00f1a para demandar la ratificaci\u00f3n inmediata del Tratado Global de los oc\u00e9anos por el gobierno espa\u00f1ol, al menos 60 pa\u00edses deben ratificar antes de junio de 2025 para que pueda entrar en vigor y poder declarar as\u00ed los primeros santuarios oce\u00e1nicos que nos permitan proteger al menos el 30 % de las aguas internacionales para 2030. rrNuestras aguas a nivel nacional tambi\u00e9n deben contar con un 30 % de protecci\u00f3n para 2030 y as\u00ed dar cumplimiento a los compromisos internacionales, pero m\u00e1s all\u00e1 del porcentaje de protecci\u00f3n escrito sobre el papel, necesitamos que cuenten con unos planes de gesti\u00f3n que hagan efectiva su protecci\u00f3n y no queden en parques de papel.r\u00a9Greenpeace\/Pedro Armestrerr\u00a9Greenpeace Handout\/Pedro Armestre- No sales - No Archives - Editorial Use Only - Free use only for 14 days after release. Photo provided by GREENPEACE, distributed handout photo to be used only to illustrate news reporting or commentary on the facts or events depicted in this image."},{"@type":"BreadcrumbList","@id":"https:\/\/es.greenpeace.org\/es\/quienes-somos\/informes-anuales\/informe-anual-2024\/nuestras-cuentas-2024\/#breadcrumb","itemListElement":[{"@type":"ListItem","position":1,"name":"Home","item":"https:\/\/es.greenpeace.org\/es\/"},{"@type":"ListItem","position":2,"name":"Qui\u00e9nes somos","item":"https:\/\/es.greenpeace.org\/es\/quienes-somos\/"},{"@type":"ListItem","position":3,"name":"Informes anuales","item":"https:\/\/es.greenpeace.org\/es\/quienes-somos\/informes-anuales\/"},{"@type":"ListItem","position":4,"name":"Informe anual 2024","item":"https:\/\/es.greenpeace.org\/es\/quienes-somos\/informes-anuales\/informe-anual-2024\/"},{"@type":"ListItem","position":5,"name":"Nuestras cuentas"}]},{"@type":"WebSite","@id":"https:\/\/es.greenpeace.org\/es\/#website","url":"https:\/\/es.greenpeace.org\/es\/","name":"Greenpeace Espa\u00f1a","description":"","publisher":{"@id":"https:\/\/es.greenpeace.org\/es\/#organization"},"potentialAction":[{"@type":"SearchAction","target":{"@type":"EntryPoint","urlTemplate":"https:\/\/es.greenpeace.org\/es\/?s={search_term_string}"},"query-input":{"@type":"PropertyValueSpecification","valueRequired":true,"valueName":"search_term_string"}}],"inLanguage":"es"},{"@type":"Organization","@id":"https:\/\/es.greenpeace.org\/es\/#organization","name":"Greenpeace Espa\u00f1a","alternateName":"Greenpeace","url":"https:\/\/es.greenpeace.org\/es\/","logo":{"@type":"ImageObject","inLanguage":"es","@id":"https:\/\/es.greenpeace.org\/es\/#\/schema\/logo\/image\/","url":"https:\/\/es.greenpeace.org\/es\/wp-content\/uploads\/sites\/3\/2024\/07\/greenpeace-logo-verde.svg","contentUrl":"https:\/\/es.greenpeace.org\/es\/wp-content\/uploads\/sites\/3\/2024\/07\/greenpeace-logo-verde.svg","width":1,"height":1,"caption":"Greenpeace Espa\u00f1a"},"image":{"@id":"https:\/\/es.greenpeace.org\/es\/#\/schema\/logo\/image\/"},"sameAs":["https:\/\/www.facebook.com\/greenpeace.spain","https:\/\/x.com\/greenpeace_esp","https:\/\/www.instagram.com\/greenpeace_esp\/"]}]}},"_links":{"self":[{"href":"https:\/\/es.greenpeace.org\/es\/wp-json\/wp\/v2\/pages\/67181","targetHints":{"allow":["GET"]}}],"collection":[{"href":"https:\/\/es.greenpeace.org\/es\/wp-json\/wp\/v2\/pages"}],"about":[{"href":"https:\/\/es.greenpeace.org\/es\/wp-json\/wp\/v2\/types\/page"}],"author":[{"embeddable":true,"href":"https:\/\/es.greenpeace.org\/es\/wp-json\/wp\/v2\/users\/100"}],"replies":[{"embeddable":true,"href":"https:\/\/es.greenpeace.org\/es\/wp-json\/wp\/v2\/comments?post=67181"}],"version-history":[{"count":9,"href":"https:\/\/es.greenpeace.org\/es\/wp-json\/wp\/v2\/pages\/67181\/revisions"}],"predecessor-version":[{"id":67431,"href":"https:\/\/es.greenpeace.org\/es\/wp-json\/wp\/v2\/pages\/67181\/revisions\/67431"}],"up":[{"embeddable":true,"href":"https:\/\/es.greenpeace.org\/es\/wp-json\/wp\/v2\/pages\/67102"}],"wp:featuredmedia":[{"embeddable":true,"href":"https:\/\/es.greenpeace.org\/es\/wp-json\/wp\/v2\/media\/67182"}],"wp:attachment":[{"href":"https:\/\/es.greenpeace.org\/es\/wp-json\/wp\/v2\/media?parent=67181"}],"wp:term":[{"taxonomy":"category","embeddable":true,"href":"https:\/\/es.greenpeace.org\/es\/wp-json\/wp\/v2\/categories?post=67181"},{"taxonomy":"post_tag","embeddable":true,"href":"https:\/\/es.greenpeace.org\/es\/wp-json\/wp\/v2\/tags?post=67181"}],"curies":[{"name":"wp","href":"https:\/\/api.w.org\/{rel}","templated":true}]}}