{"id":67203,"date":"2025-07-02T12:13:44","date_gmt":"2025-07-02T10:13:44","guid":{"rendered":"https:\/\/es.greenpeace.org\/es\/?page_id=67203"},"modified":"2025-07-02T16:08:12","modified_gmt":"2025-07-02T14:08:12","slug":"lo-que-hicimos-posible","status":"publish","type":"page","link":"https:\/\/es.greenpeace.org\/es\/quienes-somos\/informes-anuales\/informe-anual-2024\/lo-que-hicimos-posible\/","title":{"rendered":"Lo que hicimos posible"},"content":{"rendered":"","protected":false},"excerpt":{"rendered":"","protected":false},"author":100,"featured_media":67142,"parent":67102,"menu_order":0,"comment_status":"closed","ping_status":"closed","template":"template-generic-acf.php","meta":{"_acf_changed":false,"footnotes":""},"categories":[],"tags":[],"class_list":["post-67203","page","type-page","status-publish","has-post-thumbnail","hentry"],"acf":[],"yoast_head":"<!-- This site is optimized with the Yoast SEO plugin v27.1.1 - https:\/\/yoast.com\/product\/yoast-seo-wordpress\/ -->\n<title>Nuestros logros en 2024 | Greenpeace Espa\u00f1a<\/title>\n<meta name=\"description\" content=\"Desde Greenpeace, demostramos que la movilizaci\u00f3n social, la presi\u00f3n bien dirigida y las alianzas pueden mover lo que parec\u00eda inamovible.\" \/>\n<meta name=\"robots\" content=\"index, follow, max-snippet:-1, max-image-preview:large, max-video-preview:-1\" \/>\n<link rel=\"canonical\" href=\"https:\/\/es.greenpeace.org\/es\/quienes-somos\/informes-anuales\/informe-anual-2024\/lo-que-hicimos-posible\/\" \/>\n<meta property=\"og:locale\" content=\"es_ES\" \/>\n<meta property=\"og:type\" content=\"article\" \/>\n<meta property=\"og:title\" content=\"Nuestros logros en 2024 | Greenpeace Espa\u00f1a\" \/>\n<meta property=\"og:description\" content=\"Desde Greenpeace, demostramos que la movilizaci\u00f3n social, la presi\u00f3n bien dirigida y las alianzas pueden mover lo que parec\u00eda inamovible.\" \/>\n<meta property=\"og:url\" content=\"https:\/\/es.greenpeace.org\/es\/quienes-somos\/informes-anuales\/informe-anual-2024\/lo-que-hicimos-posible\/\" \/>\n<meta property=\"og:site_name\" content=\"ES | Greenpeace Espa\u00f1a\" \/>\n<meta property=\"article:publisher\" content=\"https:\/\/www.facebook.com\/greenpeace.spain\" \/>\n<meta property=\"article:modified_time\" content=\"2025-07-02T14:08:12+00:00\" \/>\n<meta property=\"og:image\" content=\"https:\/\/es.greenpeace.org\/es\/wp-content\/uploads\/sites\/3\/2025\/06\/5.Lo-que-hicimos-posible.jpg\" \/>\n\t<meta property=\"og:image:width\" content=\"1200\" \/>\n\t<meta property=\"og:image:height\" content=\"800\" \/>\n\t<meta property=\"og:image:type\" content=\"image\/jpeg\" \/>\n<meta name=\"twitter:card\" content=\"summary_large_image\" \/>\n<meta name=\"twitter:site\" content=\"@greenpeace_esp\" \/>\n<meta name=\"twitter:label1\" content=\"Tiempo de lectura\" \/>\n\t<meta name=\"twitter:data1\" content=\"4 minutos\" \/>\n<script type=\"application\/ld+json\" class=\"yoast-schema-graph\">{\"@context\":\"https:\/\/schema.org\",\"@graph\":[{\"@type\":\"WebPage\",\"@id\":\"https:\/\/es.greenpeace.org\/es\/quienes-somos\/informes-anuales\/informe-anual-2024\/lo-que-hicimos-posible\/\",\"url\":\"https:\/\/es.greenpeace.org\/es\/quienes-somos\/informes-anuales\/informe-anual-2024\/lo-que-hicimos-posible\/\",\"name\":\"Nuestros logros en 2024 | Greenpeace Espa\u00f1a\",\"isPartOf\":{\"@id\":\"https:\/\/es.greenpeace.org\/es\/#website\"},\"primaryImageOfPage\":{\"@id\":\"https:\/\/es.greenpeace.org\/es\/quienes-somos\/informes-anuales\/informe-anual-2024\/lo-que-hicimos-posible\/#primaryimage\"},\"image\":{\"@id\":\"https:\/\/es.greenpeace.org\/es\/quienes-somos\/informes-anuales\/informe-anual-2024\/lo-que-hicimos-posible\/#primaryimage\"},\"thumbnailUrl\":\"https:\/\/es.greenpeace.org\/es\/wp-content\/uploads\/sites\/3\/2025\/06\/5.Lo-que-hicimos-posible.jpg\",\"datePublished\":\"2025-07-02T10:13:44+00:00\",\"dateModified\":\"2025-07-02T14:08:12+00:00\",\"description\":\"Desde Greenpeace, demostramos que la movilizaci\u00f3n social, la presi\u00f3n bien dirigida y las alianzas pueden mover lo que parec\u00eda inamovible.\",\"breadcrumb\":{\"@id\":\"https:\/\/es.greenpeace.org\/es\/quienes-somos\/informes-anuales\/informe-anual-2024\/lo-que-hicimos-posible\/#breadcrumb\"},\"inLanguage\":\"es\",\"potentialAction\":[{\"@type\":\"ReadAction\",\"target\":[\"https:\/\/es.greenpeace.org\/es\/quienes-somos\/informes-anuales\/informe-anual-2024\/lo-que-hicimos-posible\/\"]}]},{\"@type\":\"ImageObject\",\"inLanguage\":\"es\",\"@id\":\"https:\/\/es.greenpeace.org\/es\/quienes-somos\/informes-anuales\/informe-anual-2024\/lo-que-hicimos-posible\/#primaryimage\",\"url\":\"https:\/\/es.greenpeace.org\/es\/wp-content\/uploads\/sites\/3\/2025\/06\/5.Lo-que-hicimos-posible.jpg\",\"contentUrl\":\"https:\/\/es.greenpeace.org\/es\/wp-content\/uploads\/sites\/3\/2025\/06\/5.Lo-que-hicimos-posible.jpg\",\"width\":1200,\"height\":800,\"caption\":\"On Sunday, May 4, the Platform for the Defense of the Arousa Estuary (PDRA), the Ulloa Viva Platform, the Mina Touro-O Pino Non Platform, Adega, Greenpeace Galicia, Ecologists in Action, the Galician Society of Natural History, Baixo Ulla Vivo, the Padr\u00f3n City Council, the Pontecesures City Council, and Kayac extremo Galiza are calling for a rally in defense of the Ulla River and against the mega-cellulose project that Altri wants to build in Galicia. Padr\u00f3n, A Coru\u00f1a - El domingo 4 de mayo, la Plataforma en Defensa de la R\u00eda de Arousa (PDRA), la Plataforma Ulloa Viva, la Plataforma Mina Touro-O Pino Non, Adega, Greenpeace Galicia, Ecologistas en Acci\u00f3n, la Sociedad Galega de Historia Natural, Baixo Ulla Vivo, el Ayuntamiento de Padr\u00f3n, el Ayuntamiento de Pontecesures y Kayac extremo Galiza convocan una concentraci\u00f3n en defensa del r\u00edo Ulla y contra el proyecto de macrocelulosa que Altri quiere construir en Galicia.\"},{\"@type\":\"BreadcrumbList\",\"@id\":\"https:\/\/es.greenpeace.org\/es\/quienes-somos\/informes-anuales\/informe-anual-2024\/lo-que-hicimos-posible\/#breadcrumb\",\"itemListElement\":[{\"@type\":\"ListItem\",\"position\":1,\"name\":\"Home\",\"item\":\"https:\/\/es.greenpeace.org\/es\/\"},{\"@type\":\"ListItem\",\"position\":2,\"name\":\"Qui\u00e9nes somos\",\"item\":\"https:\/\/es.greenpeace.org\/es\/quienes-somos\/\"},{\"@type\":\"ListItem\",\"position\":3,\"name\":\"Informes anuales\",\"item\":\"https:\/\/es.greenpeace.org\/es\/quienes-somos\/informes-anuales\/\"},{\"@type\":\"ListItem\",\"position\":4,\"name\":\"Informe anual 2024\",\"item\":\"https:\/\/es.greenpeace.org\/es\/quienes-somos\/informes-anuales\/informe-anual-2024\/\"},{\"@type\":\"ListItem\",\"position\":5,\"name\":\"Lo que hicimos posible\"}]},{\"@type\":\"WebSite\",\"@id\":\"https:\/\/es.greenpeace.org\/es\/#website\",\"url\":\"https:\/\/es.greenpeace.org\/es\/\",\"name\":\"Greenpeace Espa\u00f1a\",\"description\":\"\",\"publisher\":{\"@id\":\"https:\/\/es.greenpeace.org\/es\/#organization\"},\"potentialAction\":[{\"@type\":\"SearchAction\",\"target\":{\"@type\":\"EntryPoint\",\"urlTemplate\":\"https:\/\/es.greenpeace.org\/es\/?s={search_term_string}\"},\"query-input\":{\"@type\":\"PropertyValueSpecification\",\"valueRequired\":true,\"valueName\":\"search_term_string\"}}],\"inLanguage\":\"es\"},{\"@type\":\"Organization\",\"@id\":\"https:\/\/es.greenpeace.org\/es\/#organization\",\"name\":\"Greenpeace Espa\u00f1a\",\"alternateName\":\"Greenpeace\",\"url\":\"https:\/\/es.greenpeace.org\/es\/\",\"logo\":{\"@type\":\"ImageObject\",\"inLanguage\":\"es\",\"@id\":\"https:\/\/es.greenpeace.org\/es\/#\/schema\/logo\/image\/\",\"url\":\"https:\/\/es.greenpeace.org\/es\/wp-content\/uploads\/sites\/3\/2024\/07\/greenpeace-logo-verde.svg\",\"contentUrl\":\"https:\/\/es.greenpeace.org\/es\/wp-content\/uploads\/sites\/3\/2024\/07\/greenpeace-logo-verde.svg\",\"width\":1,\"height\":1,\"caption\":\"Greenpeace Espa\u00f1a\"},\"image\":{\"@id\":\"https:\/\/es.greenpeace.org\/es\/#\/schema\/logo\/image\/\"},\"sameAs\":[\"https:\/\/www.facebook.com\/greenpeace.spain\",\"https:\/\/x.com\/greenpeace_esp\",\"https:\/\/www.instagram.com\/greenpeace_esp\/\"]}]}<\/script>\n<!-- \/ Yoast SEO plugin. -->","yoast_head_json":{"title":"Nuestros logros en 2024 | Greenpeace Espa\u00f1a","description":"Desde Greenpeace, demostramos que la movilizaci\u00f3n social, la presi\u00f3n bien dirigida y las alianzas pueden mover lo que parec\u00eda inamovible.","robots":{"index":"index","follow":"follow","max-snippet":"max-snippet:-1","max-image-preview":"max-image-preview:large","max-video-preview":"max-video-preview:-1"},"canonical":"https:\/\/es.greenpeace.org\/es\/quienes-somos\/informes-anuales\/informe-anual-2024\/lo-que-hicimos-posible\/","og_locale":"es_ES","og_type":"article","og_title":"Nuestros logros en 2024 | Greenpeace Espa\u00f1a","og_description":"Desde Greenpeace, demostramos que la movilizaci\u00f3n social, la presi\u00f3n bien dirigida y las alianzas pueden mover lo que parec\u00eda inamovible.","og_url":"https:\/\/es.greenpeace.org\/es\/quienes-somos\/informes-anuales\/informe-anual-2024\/lo-que-hicimos-posible\/","og_site_name":"ES | Greenpeace Espa\u00f1a","article_publisher":"https:\/\/www.facebook.com\/greenpeace.spain","article_modified_time":"2025-07-02T14:08:12+00:00","og_image":[{"width":1200,"height":800,"url":"https:\/\/es.greenpeace.org\/es\/wp-content\/uploads\/sites\/3\/2025\/06\/5.Lo-que-hicimos-posible.jpg","type":"image\/jpeg"}],"twitter_card":"summary_large_image","twitter_site":"@greenpeace_esp","twitter_misc":{"Tiempo de lectura":"4 minutos"},"schema":{"@context":"https:\/\/schema.org","@graph":[{"@type":"WebPage","@id":"https:\/\/es.greenpeace.org\/es\/quienes-somos\/informes-anuales\/informe-anual-2024\/lo-que-hicimos-posible\/","url":"https:\/\/es.greenpeace.org\/es\/quienes-somos\/informes-anuales\/informe-anual-2024\/lo-que-hicimos-posible\/","name":"Nuestros logros en 2024 | Greenpeace Espa\u00f1a","isPartOf":{"@id":"https:\/\/es.greenpeace.org\/es\/#website"},"primaryImageOfPage":{"@id":"https:\/\/es.greenpeace.org\/es\/quienes-somos\/informes-anuales\/informe-anual-2024\/lo-que-hicimos-posible\/#primaryimage"},"image":{"@id":"https:\/\/es.greenpeace.org\/es\/quienes-somos\/informes-anuales\/informe-anual-2024\/lo-que-hicimos-posible\/#primaryimage"},"thumbnailUrl":"https:\/\/es.greenpeace.org\/es\/wp-content\/uploads\/sites\/3\/2025\/06\/5.Lo-que-hicimos-posible.jpg","datePublished":"2025-07-02T10:13:44+00:00","dateModified":"2025-07-02T14:08:12+00:00","description":"Desde Greenpeace, demostramos que la movilizaci\u00f3n social, la presi\u00f3n bien dirigida y las alianzas pueden mover lo que parec\u00eda inamovible.","breadcrumb":{"@id":"https:\/\/es.greenpeace.org\/es\/quienes-somos\/informes-anuales\/informe-anual-2024\/lo-que-hicimos-posible\/#breadcrumb"},"inLanguage":"es","potentialAction":[{"@type":"ReadAction","target":["https:\/\/es.greenpeace.org\/es\/quienes-somos\/informes-anuales\/informe-anual-2024\/lo-que-hicimos-posible\/"]}]},{"@type":"ImageObject","inLanguage":"es","@id":"https:\/\/es.greenpeace.org\/es\/quienes-somos\/informes-anuales\/informe-anual-2024\/lo-que-hicimos-posible\/#primaryimage","url":"https:\/\/es.greenpeace.org\/es\/wp-content\/uploads\/sites\/3\/2025\/06\/5.Lo-que-hicimos-posible.jpg","contentUrl":"https:\/\/es.greenpeace.org\/es\/wp-content\/uploads\/sites\/3\/2025\/06\/5.Lo-que-hicimos-posible.jpg","width":1200,"height":800,"caption":"On Sunday, May 4, the Platform for the Defense of the Arousa Estuary (PDRA), the Ulloa Viva Platform, the Mina Touro-O Pino Non Platform, Adega, Greenpeace Galicia, Ecologists in Action, the Galician Society of Natural History, Baixo Ulla Vivo, the Padr\u00f3n City Council, the Pontecesures City Council, and Kayac extremo Galiza are calling for a rally in defense of the Ulla River and against the mega-cellulose project that Altri wants to build in Galicia. Padr\u00f3n, A Coru\u00f1a - El domingo 4 de mayo, la Plataforma en Defensa de la R\u00eda de Arousa (PDRA), la Plataforma Ulloa Viva, la Plataforma Mina Touro-O Pino Non, Adega, Greenpeace Galicia, Ecologistas en Acci\u00f3n, la Sociedad Galega de Historia Natural, Baixo Ulla Vivo, el Ayuntamiento de Padr\u00f3n, el Ayuntamiento de Pontecesures y Kayac extremo Galiza convocan una concentraci\u00f3n en defensa del r\u00edo Ulla y contra el proyecto de macrocelulosa que Altri quiere construir en Galicia."},{"@type":"BreadcrumbList","@id":"https:\/\/es.greenpeace.org\/es\/quienes-somos\/informes-anuales\/informe-anual-2024\/lo-que-hicimos-posible\/#breadcrumb","itemListElement":[{"@type":"ListItem","position":1,"name":"Home","item":"https:\/\/es.greenpeace.org\/es\/"},{"@type":"ListItem","position":2,"name":"Qui\u00e9nes somos","item":"https:\/\/es.greenpeace.org\/es\/quienes-somos\/"},{"@type":"ListItem","position":3,"name":"Informes anuales","item":"https:\/\/es.greenpeace.org\/es\/quienes-somos\/informes-anuales\/"},{"@type":"ListItem","position":4,"name":"Informe anual 2024","item":"https:\/\/es.greenpeace.org\/es\/quienes-somos\/informes-anuales\/informe-anual-2024\/"},{"@type":"ListItem","position":5,"name":"Lo que hicimos posible"}]},{"@type":"WebSite","@id":"https:\/\/es.greenpeace.org\/es\/#website","url":"https:\/\/es.greenpeace.org\/es\/","name":"Greenpeace Espa\u00f1a","description":"","publisher":{"@id":"https:\/\/es.greenpeace.org\/es\/#organization"},"potentialAction":[{"@type":"SearchAction","target":{"@type":"EntryPoint","urlTemplate":"https:\/\/es.greenpeace.org\/es\/?s={search_term_string}"},"query-input":{"@type":"PropertyValueSpecification","valueRequired":true,"valueName":"search_term_string"}}],"inLanguage":"es"},{"@type":"Organization","@id":"https:\/\/es.greenpeace.org\/es\/#organization","name":"Greenpeace Espa\u00f1a","alternateName":"Greenpeace","url":"https:\/\/es.greenpeace.org\/es\/","logo":{"@type":"ImageObject","inLanguage":"es","@id":"https:\/\/es.greenpeace.org\/es\/#\/schema\/logo\/image\/","url":"https:\/\/es.greenpeace.org\/es\/wp-content\/uploads\/sites\/3\/2024\/07\/greenpeace-logo-verde.svg","contentUrl":"https:\/\/es.greenpeace.org\/es\/wp-content\/uploads\/sites\/3\/2024\/07\/greenpeace-logo-verde.svg","width":1,"height":1,"caption":"Greenpeace Espa\u00f1a"},"image":{"@id":"https:\/\/es.greenpeace.org\/es\/#\/schema\/logo\/image\/"},"sameAs":["https:\/\/www.facebook.com\/greenpeace.spain","https:\/\/x.com\/greenpeace_esp","https:\/\/www.instagram.com\/greenpeace_esp\/"]}]}},"_links":{"self":[{"href":"https:\/\/es.greenpeace.org\/es\/wp-json\/wp\/v2\/pages\/67203","targetHints":{"allow":["GET"]}}],"collection":[{"href":"https:\/\/es.greenpeace.org\/es\/wp-json\/wp\/v2\/pages"}],"about":[{"href":"https:\/\/es.greenpeace.org\/es\/wp-json\/wp\/v2\/types\/page"}],"author":[{"embeddable":true,"href":"https:\/\/es.greenpeace.org\/es\/wp-json\/wp\/v2\/users\/100"}],"replies":[{"embeddable":true,"href":"https:\/\/es.greenpeace.org\/es\/wp-json\/wp\/v2\/comments?post=67203"}],"version-history":[{"count":10,"href":"https:\/\/es.greenpeace.org\/es\/wp-json\/wp\/v2\/pages\/67203\/revisions"}],"predecessor-version":[{"id":67344,"href":"https:\/\/es.greenpeace.org\/es\/wp-json\/wp\/v2\/pages\/67203\/revisions\/67344"}],"up":[{"embeddable":true,"href":"https:\/\/es.greenpeace.org\/es\/wp-json\/wp\/v2\/pages\/67102"}],"wp:featuredmedia":[{"embeddable":true,"href":"https:\/\/es.greenpeace.org\/es\/wp-json\/wp\/v2\/media\/67142"}],"wp:attachment":[{"href":"https:\/\/es.greenpeace.org\/es\/wp-json\/wp\/v2\/media?parent=67203"}],"wp:term":[{"taxonomy":"category","embeddable":true,"href":"https:\/\/es.greenpeace.org\/es\/wp-json\/wp\/v2\/categories?post=67203"},{"taxonomy":"post_tag","embeddable":true,"href":"https:\/\/es.greenpeace.org\/es\/wp-json\/wp\/v2\/tags?post=67203"}],"curies":[{"name":"wp","href":"https:\/\/api.w.org\/{rel}","templated":true}]}}