{"id":1482,"date":"2017-10-27T07:52:46","date_gmt":"2017-10-27T07:52:46","guid":{"rendered":"https:\/\/es.greenpeace.org\/gl\/?page_id=1482"},"modified":"2024-02-16T11:46:37","modified_gmt":"2024-02-16T09:46:37","slug":"consejo","status":"publish","type":"page","link":"https:\/\/es.greenpeace.org\/gl\/quienes-somos\/como-nos-organizamos\/consejo\/","title":{"rendered":"Consello"},"content":{"rendered":"<div class=\"col-12\" style=\"text-align: center;\">\n<h5 style=\"text-align: left;\">Consello de Greenpeace Espa\u00f1a<\/h5>\n<p style=\"text-align: left;\">O Consello \u00e9 o \u00f3rgano representativo das persoas socias, elixido segundo se regula nos <a href=\"https:\/\/es.greenpeace.org\/es\/wp-content\/uploads\/sites\/3\/2021\/12\/estatutos-de-greenpeace-espana-2021.pdf\" target=\"_blank\" rel=\"noopener\">Estatutos da Asociaci\u00f3n<\/a>.<\/p>\n<p style=\"text-align: left;\">Tr\u00e1tase do m\u00e1ximo \u00f3rgano de decisi\u00f3n de Greenpeace Espa\u00f1a e est\u00e1 constituido por 75 persoas: 60 son elixidas pola nosa base social (m\u00e1is de 152.000 socias e socios) e 15 polo Consello sa\u00ednte.<\/p>\n<p style=\"text-align: left;\">Entre as funci\u00f3ns do Consello, que se detallan nos Estatutos, destacamos a aprobaci\u00f3n dos orzamentos e do balance de actividades, que se debaten na Asemblea Ordinaria celebrada cada ano no mes de marzo. Tam\u00e9n elixe as persoas que integran a Xunta Directiva e exercen a supervisi\u00f3n e control do seu traballo. \u00c9 igualmente o \u00f3rgano respons\u00e1bel de aprobar (e modificar cando for preciso) os Estatutos e o Regulamento de Funcionamento Interno. O Consello celebra a s\u00faa Asemblea Ordinaria no primeiro trimestre do ano e unha asemblea extraordinaria no \u00faltimo trimestre, para o debate e a votaci\u00f3n do orzamento, sen prexu\u00edzo de que se poidan facer outras asembleas extraordinarias se for preciso.<\/p>\n<p style=\"text-align: left;\">Para facilitar o funcionamento do Consello, existen tres comisi\u00f3ns de car\u00e1cter permanente (Comisi\u00f3n de Arbitraxe, Comisi\u00f3n Electoral e Comisi\u00f3n de Funcionamento Interno), ademais de grupos de traballo de car\u00e1cter temporal que se constit\u00faen para abordar cuesti\u00f3ns concretas.<\/p>\n<p style=\"text-align: left;\">Finalizadas as elecci\u00f3ns que levamos a cabo en 2022, o novo mandato comezou o 10 de xaneiro de 2023. O Consello est\u00e1 actualmente constitu\u00eddo por <strong>47 socias<\/strong> e <strong>28 socios<\/strong>:<\/p>\n<div class=\"row\">\n<div class=\"col-lg\">\n<p style=\"text-align: left;\">Alonso Asensio, Oscar Manuel<\/p>\n<p style=\"text-align: left;\">Alonso Etayo, Martin Andr\u00e9s<\/p>\n<p style=\"text-align: left;\">Alonso Sanju\u00e1n, \u00c1ngel<\/p>\n<p style=\"text-align: left;\">Aparicio Ortega, Miguel<\/p>\n<p style=\"text-align: left;\">Ayuso S\u00e1nchez, Sandra<\/p>\n<p style=\"text-align: left;\">Carrascosa Vacas, \u00c1lex<\/p>\n<p style=\"text-align: left;\">Calzada Rodr\u00edguez, Julio<\/p>\n<p style=\"text-align: left;\">Ceccaroni, Luigi<\/p>\n<p style=\"text-align: left;\">Cereceda Gat\u00f3n, Raquel<\/p>\n<p style=\"text-align: left;\">De Andr\u00e9s Cuartero, M\u00f3nica<\/p>\n<p style=\"text-align: left;\">Del Olmo Garc\u00eda, Mar\u00eda Dolores<\/p>\n<p style=\"text-align: left;\">Dobaran Santiago, Naiara<\/p>\n<p style=\"text-align: left;\">Dom\u00ednguez L\u00f3pez, Pedro Jos\u00e9<\/p>\n<p style=\"text-align: left;\">Duro Lago, Ricard<\/p>\n<p style=\"text-align: left;\">Escud\u00e9 Mas, Ernest<\/p>\n<p style=\"text-align: left;\">Escudero Escudier, Alicia<\/p>\n<p style=\"text-align: left;\">Fern\u00e1ndez Castillo, Marta<\/p>\n<p style=\"text-align: left;\">Fern\u00e1ndez Fuentes, \u00c1ngeles<\/p>\n<p style=\"text-align: left;\">Fern\u00e1ndez Marino, Consolaci\u00f3n<\/p>\n<p style=\"text-align: left;\">Fern\u00e1ndez Milan, Blanca<\/p>\n<p style=\"text-align: left;\">Fern\u00e1ndez Montoya, Antonio<\/p>\n<p style=\"text-align: left;\">Frucella, Silvina<\/p>\n<p style=\"text-align: left;\">Garc\u00eda \u00c1lvarez, Teresa<\/p>\n<p style=\"text-align: left;\">Garc\u00eda Exp\u00f3sito, Maribel<\/p>\n<p style=\"text-align: left;\">Garz\u00f3n Pacheco, Dina<\/p>\n<\/div>\n<div class=\"col-lg\">\n<p style=\"text-align: left;\">G\u00f3mez Donat, Mar\u00eda Jos\u00e9<\/p>\n<p style=\"text-align: left;\">Gonz\u00e1lez Barona, Francisco<\/p>\n<p style=\"text-align: left;\">Gonz\u00e1lez Garrido, Amaia<\/p>\n<p style=\"text-align: left;\">Gonz\u00e1lez Prieto, Pablo \u00d3scar<\/p>\n<p style=\"text-align: left;\">Guinot Vera, Paula<\/p>\n<p style=\"text-align: left;\">Hern\u00e1ndez Adri\u00e1n, Raquel<\/p>\n<p style=\"text-align: left;\">Honrubia Garc\u00eda, Jes\u00fas<\/p>\n<p style=\"text-align: left;\">Jorda Solbes, Ester<\/p>\n<p style=\"text-align: left;\">Knoppen, Desiree<\/p>\n<p style=\"text-align: left;\">Kraft, Jan<\/p>\n<p style=\"text-align: left;\">Lled\u00f3 Vilaplana, Alba<\/p>\n<p style=\"text-align: left;\">Lobato Valero, Juan<\/p>\n<p style=\"text-align: left;\">L\u00f3pez de Uralde, Koro<\/p>\n<p style=\"text-align: left;\">Mart\u00ednez Guijosa, Jordi<\/p>\n<p style=\"text-align: left;\">Merino Hern\u00e1ndez, Carmen<\/p>\n<p style=\"text-align: left;\">Mielgo Mart\u00edn, Jos\u00e9 Manuel<\/p>\n<p style=\"text-align: left;\">Mijangos R\u00edus, Ander<\/p>\n<p style=\"text-align: left;\">Mu\u00f1oz Aznar, Dolores<\/p>\n<p style=\"text-align: left;\">Najarro Garc\u00eda, Maitane<\/p>\n<p style=\"text-align: left;\">Ogando Hermida, Beatriz<\/p>\n<p style=\"text-align: left;\">Olabarrieta Paul, Idoia<\/p>\n<p style=\"text-align: left;\">Olaizola, Edita<\/p>\n<p style=\"text-align: left;\">Pastor Alfonso, Paloma<\/p>\n<p style=\"text-align: left;\">Pe\u00f1a Fern\u00e1ndez, Xos\u00e9<\/p>\n<p style=\"text-align: left;\">P\u00e9rez-Lozao Gallego, Miguel<\/p>\n<\/div>\n<div class=\"col-lg\">\n<p style=\"text-align: left;\">Pina Castillo, F\u00e9lix<\/p>\n<p style=\"text-align: left;\">Pozo Gimon, Lupe<\/p>\n<p style=\"text-align: left;\">Quilez Cerd\u00e0, Am\u00e9lia<\/p>\n<p style=\"text-align: left;\">Rodr\u00edguez Fern\u00e1ndez-Blanco, Carmen<\/p>\n<p style=\"text-align: left;\">Romero Soler, Alicia<\/p>\n<p style=\"text-align: left;\">Rubio Arcones, Juan Manuel<\/p>\n<p style=\"text-align: left;\">Rubio Hernando, Sonia<\/p>\n<p style=\"text-align: left;\">Ruiz Fern\u00e1ndez, Concepci\u00f3n<\/p>\n<p style=\"text-align: left;\">Sandoval Gracia, Idoia<\/p>\n<p style=\"text-align: left;\">Serrano Linares, \u00c1ngel<\/p>\n<p style=\"text-align: left;\">Sim\u00f3 Espert, Francesc<\/p>\n<p style=\"text-align: left;\">Soto O\u00f1ate, David<\/p>\n<p style=\"text-align: left;\">Su\u00e1rez Luna, Julia<\/p>\n<p style=\"text-align: left;\">Taboada Fern\u00e1ndez, Susana<\/p>\n<p style=\"text-align: left;\">Tellitu Franco, Izaskun<\/p>\n<p style=\"text-align: left;\">Torada Ma\u00f1ez, Rebeca<\/p>\n<p style=\"text-align: left;\">Villanueva Vico, Mar\u00eda<\/p>\n<p style=\"text-align: left;\">Villar Arnal, Teresa<\/p>\n<p style=\"text-align: left;\">Villena Barjau, Elisenda<\/p>\n<p style=\"text-align: left;\">Vi\u00f1uales Edo, V\u00edctor<\/p>\n<p style=\"text-align: left;\">Xort\u00f3 Borr\u00e0s, Xavier<\/p>\n<p style=\"text-align: left;\">Zamora Barcel\u00f3, Josefina<\/p>\n<\/div>\n<\/div>\n<\/div>\n","protected":false},"excerpt":{"rendered":"<p>Consello de Greenpeace Espa\u00f1a O Consello \u00e9 o \u00f3rgano representativo das persoas socias, elixido segundo se regula nos Estatutos da Asociaci\u00f3n. Tr\u00e1tase do m\u00e1ximo \u00f3rgano de decisi\u00f3n de Greenpeace Espa\u00f1a e est\u00e1 constituido por 75 persoas: 60 son elixidas pola nosa base social (m\u00e1is de 152.000 socias e socios) e 15 polo Consello sa\u00ednte. Entre [&hellip;]<\/p>\n","protected":false},"author":4,"featured_media":0,"parent":197,"menu_order":0,"comment_status":"closed","ping_status":"closed","template":"template-generic-page.php","meta":{"_acf_changed":false,"footnotes":""},"categories":[],"tags":[],"class_list":["post-1482","page","type-page","status-publish","hentry"],"acf":[],"yoast_head":"<!-- This site is optimized with the Yoast SEO plugin v27.1.1 - https:\/\/yoast.com\/product\/yoast-seo-wordpress\/ -->\n<title>Consello - GL | Greenpeace Espa\u00f1a<\/title>\n<meta name=\"robots\" content=\"index, follow, max-snippet:-1, max-image-preview:large, max-video-preview:-1\" \/>\n<link rel=\"canonical\" href=\"https:\/\/es.greenpeace.org\/gl\/quienes-somos\/como-nos-organizamos\/consejo\/\" \/>\n<meta property=\"og:locale\" content=\"en_US\" \/>\n<meta property=\"og:type\" content=\"article\" \/>\n<meta property=\"og:title\" content=\"Consello - GL | Greenpeace Espa\u00f1a\" \/>\n<meta property=\"og:description\" content=\"Consello de Greenpeace Espa\u00f1a O Consello \u00e9 o \u00f3rgano representativo das persoas socias, elixido segundo se regula nos Estatutos da Asociaci\u00f3n. Tr\u00e1tase do m\u00e1ximo \u00f3rgano de decisi\u00f3n de Greenpeace Espa\u00f1a e est\u00e1 constituido por 75 persoas: 60 son elixidas pola nosa base social (m\u00e1is de 152.000 socias e socios) e 15 polo Consello sa\u00ednte. Entre [&hellip;]\" \/>\n<meta property=\"og:url\" content=\"https:\/\/es.greenpeace.org\/gl\/quienes-somos\/como-nos-organizamos\/consejo\/\" \/>\n<meta property=\"og:site_name\" content=\"GL | Greenpeace Espa\u00f1a\" \/>\n<meta property=\"article:publisher\" content=\"https:\/\/www.facebook.com\/greenpeace.spain\" \/>\n<meta property=\"article:modified_time\" content=\"2024-02-16T09:46:37+00:00\" \/>\n<meta name=\"twitter:card\" content=\"summary_large_image\" \/>\n<meta name=\"twitter:site\" content=\"@greenpeace_esp\" \/>\n<meta name=\"twitter:label1\" content=\"Est. reading time\" \/>\n\t<meta name=\"twitter:data1\" content=\"3 minutes\" \/>\n<script type=\"application\/ld+json\" class=\"yoast-schema-graph\">{\"@context\":\"https:\/\/schema.org\",\"@graph\":[{\"@type\":\"WebPage\",\"@id\":\"https:\/\/es.greenpeace.org\/gl\/quienes-somos\/como-nos-organizamos\/consejo\/\",\"url\":\"https:\/\/es.greenpeace.org\/gl\/quienes-somos\/como-nos-organizamos\/consejo\/\",\"name\":\"Consello - GL | Greenpeace Espa\u00f1a\",\"isPartOf\":{\"@id\":\"https:\/\/es.greenpeace.org\/gl\/#website\"},\"datePublished\":\"2017-10-27T07:52:46+00:00\",\"dateModified\":\"2024-02-16T09:46:37+00:00\",\"breadcrumb\":{\"@id\":\"https:\/\/es.greenpeace.org\/gl\/quienes-somos\/como-nos-organizamos\/consejo\/#breadcrumb\"},\"inLanguage\":\"gl-ES\",\"potentialAction\":[{\"@type\":\"ReadAction\",\"target\":[\"https:\/\/es.greenpeace.org\/gl\/quienes-somos\/como-nos-organizamos\/consejo\/\"]}]},{\"@type\":\"BreadcrumbList\",\"@id\":\"https:\/\/es.greenpeace.org\/gl\/quienes-somos\/como-nos-organizamos\/consejo\/#breadcrumb\",\"itemListElement\":[{\"@type\":\"ListItem\",\"position\":1,\"name\":\"Home\",\"item\":\"https:\/\/es.greenpeace.org\/gl\/\"},{\"@type\":\"ListItem\",\"position\":2,\"name\":\"Quen somos\",\"item\":\"https:\/\/es.greenpeace.org\/gl\/quienes-somos\/\"},{\"@type\":\"ListItem\",\"position\":3,\"name\":\"Como nos organizamos\",\"item\":\"https:\/\/es.greenpeace.org\/gl\/quienes-somos\/como-nos-organizamos\/\"},{\"@type\":\"ListItem\",\"position\":4,\"name\":\"Consello\"}]},{\"@type\":\"WebSite\",\"@id\":\"https:\/\/es.greenpeace.org\/gl\/#website\",\"url\":\"https:\/\/es.greenpeace.org\/gl\/\",\"name\":\"GL | Greenpeace Espa\u00f1a\",\"description\":\"\",\"publisher\":{\"@id\":\"https:\/\/es.greenpeace.org\/gl\/#organization\"},\"potentialAction\":[{\"@type\":\"SearchAction\",\"target\":{\"@type\":\"EntryPoint\",\"urlTemplate\":\"https:\/\/es.greenpeace.org\/gl\/?s={search_term_string}\"},\"query-input\":{\"@type\":\"PropertyValueSpecification\",\"valueRequired\":true,\"valueName\":\"search_term_string\"}}],\"inLanguage\":\"gl-ES\"},{\"@type\":\"Organization\",\"@id\":\"https:\/\/es.greenpeace.org\/gl\/#organization\",\"name\":\"Greenpeace Espa\u00f1a\",\"url\":\"https:\/\/es.greenpeace.org\/gl\/\",\"logo\":{\"@type\":\"ImageObject\",\"inLanguage\":\"gl-ES\",\"@id\":\"https:\/\/es.greenpeace.org\/gl\/#\/schema\/logo\/image\/\",\"url\":\"https:\/\/es.greenpeace.org\/gl\/wp-content\/uploads\/sites\/8\/2024\/07\/greenpeace-logo-verde.svg\",\"contentUrl\":\"https:\/\/es.greenpeace.org\/gl\/wp-content\/uploads\/sites\/8\/2024\/07\/greenpeace-logo-verde.svg\",\"width\":1,\"height\":1,\"caption\":\"Greenpeace Espa\u00f1a\"},\"image\":{\"@id\":\"https:\/\/es.greenpeace.org\/gl\/#\/schema\/logo\/image\/\"},\"sameAs\":[\"https:\/\/www.facebook.com\/greenpeace.spain\",\"https:\/\/x.com\/greenpeace_esp\",\"https:\/\/www.instagram.com\/greenpeace_esp\/\"]}]}<\/script>\n<!-- \/ Yoast SEO plugin. -->","yoast_head_json":{"title":"Consello - GL | Greenpeace Espa\u00f1a","robots":{"index":"index","follow":"follow","max-snippet":"max-snippet:-1","max-image-preview":"max-image-preview:large","max-video-preview":"max-video-preview:-1"},"canonical":"https:\/\/es.greenpeace.org\/gl\/quienes-somos\/como-nos-organizamos\/consejo\/","og_locale":"en_US","og_type":"article","og_title":"Consello - GL | Greenpeace Espa\u00f1a","og_description":"Consello de Greenpeace Espa\u00f1a O Consello \u00e9 o \u00f3rgano representativo das persoas socias, elixido segundo se regula nos Estatutos da Asociaci\u00f3n. Tr\u00e1tase do m\u00e1ximo \u00f3rgano de decisi\u00f3n de Greenpeace Espa\u00f1a e est\u00e1 constituido por 75 persoas: 60 son elixidas pola nosa base social (m\u00e1is de 152.000 socias e socios) e 15 polo Consello sa\u00ednte. Entre [&hellip;]","og_url":"https:\/\/es.greenpeace.org\/gl\/quienes-somos\/como-nos-organizamos\/consejo\/","og_site_name":"GL | Greenpeace Espa\u00f1a","article_publisher":"https:\/\/www.facebook.com\/greenpeace.spain","article_modified_time":"2024-02-16T09:46:37+00:00","twitter_card":"summary_large_image","twitter_site":"@greenpeace_esp","twitter_misc":{"Est. reading time":"3 minutes"},"schema":{"@context":"https:\/\/schema.org","@graph":[{"@type":"WebPage","@id":"https:\/\/es.greenpeace.org\/gl\/quienes-somos\/como-nos-organizamos\/consejo\/","url":"https:\/\/es.greenpeace.org\/gl\/quienes-somos\/como-nos-organizamos\/consejo\/","name":"Consello - GL | Greenpeace Espa\u00f1a","isPartOf":{"@id":"https:\/\/es.greenpeace.org\/gl\/#website"},"datePublished":"2017-10-27T07:52:46+00:00","dateModified":"2024-02-16T09:46:37+00:00","breadcrumb":{"@id":"https:\/\/es.greenpeace.org\/gl\/quienes-somos\/como-nos-organizamos\/consejo\/#breadcrumb"},"inLanguage":"gl-ES","potentialAction":[{"@type":"ReadAction","target":["https:\/\/es.greenpeace.org\/gl\/quienes-somos\/como-nos-organizamos\/consejo\/"]}]},{"@type":"BreadcrumbList","@id":"https:\/\/es.greenpeace.org\/gl\/quienes-somos\/como-nos-organizamos\/consejo\/#breadcrumb","itemListElement":[{"@type":"ListItem","position":1,"name":"Home","item":"https:\/\/es.greenpeace.org\/gl\/"},{"@type":"ListItem","position":2,"name":"Quen somos","item":"https:\/\/es.greenpeace.org\/gl\/quienes-somos\/"},{"@type":"ListItem","position":3,"name":"Como nos organizamos","item":"https:\/\/es.greenpeace.org\/gl\/quienes-somos\/como-nos-organizamos\/"},{"@type":"ListItem","position":4,"name":"Consello"}]},{"@type":"WebSite","@id":"https:\/\/es.greenpeace.org\/gl\/#website","url":"https:\/\/es.greenpeace.org\/gl\/","name":"GL | Greenpeace Espa\u00f1a","description":"","publisher":{"@id":"https:\/\/es.greenpeace.org\/gl\/#organization"},"potentialAction":[{"@type":"SearchAction","target":{"@type":"EntryPoint","urlTemplate":"https:\/\/es.greenpeace.org\/gl\/?s={search_term_string}"},"query-input":{"@type":"PropertyValueSpecification","valueRequired":true,"valueName":"search_term_string"}}],"inLanguage":"gl-ES"},{"@type":"Organization","@id":"https:\/\/es.greenpeace.org\/gl\/#organization","name":"Greenpeace Espa\u00f1a","url":"https:\/\/es.greenpeace.org\/gl\/","logo":{"@type":"ImageObject","inLanguage":"gl-ES","@id":"https:\/\/es.greenpeace.org\/gl\/#\/schema\/logo\/image\/","url":"https:\/\/es.greenpeace.org\/gl\/wp-content\/uploads\/sites\/8\/2024\/07\/greenpeace-logo-verde.svg","contentUrl":"https:\/\/es.greenpeace.org\/gl\/wp-content\/uploads\/sites\/8\/2024\/07\/greenpeace-logo-verde.svg","width":1,"height":1,"caption":"Greenpeace Espa\u00f1a"},"image":{"@id":"https:\/\/es.greenpeace.org\/gl\/#\/schema\/logo\/image\/"},"sameAs":["https:\/\/www.facebook.com\/greenpeace.spain","https:\/\/x.com\/greenpeace_esp","https:\/\/www.instagram.com\/greenpeace_esp\/"]}]}},"_links":{"self":[{"href":"https:\/\/es.greenpeace.org\/gl\/wp-json\/wp\/v2\/pages\/1482","targetHints":{"allow":["GET"]}}],"collection":[{"href":"https:\/\/es.greenpeace.org\/gl\/wp-json\/wp\/v2\/pages"}],"about":[{"href":"https:\/\/es.greenpeace.org\/gl\/wp-json\/wp\/v2\/types\/page"}],"author":[{"embeddable":true,"href":"https:\/\/es.greenpeace.org\/gl\/wp-json\/wp\/v2\/users\/4"}],"replies":[{"embeddable":true,"href":"https:\/\/es.greenpeace.org\/gl\/wp-json\/wp\/v2\/comments?post=1482"}],"version-history":[{"count":12,"href":"https:\/\/es.greenpeace.org\/gl\/wp-json\/wp\/v2\/pages\/1482\/revisions"}],"predecessor-version":[{"id":6927,"href":"https:\/\/es.greenpeace.org\/gl\/wp-json\/wp\/v2\/pages\/1482\/revisions\/6927"}],"up":[{"embeddable":true,"href":"https:\/\/es.greenpeace.org\/gl\/wp-json\/wp\/v2\/pages\/197"}],"wp:attachment":[{"href":"https:\/\/es.greenpeace.org\/gl\/wp-json\/wp\/v2\/media?parent=1482"}],"wp:term":[{"taxonomy":"category","embeddable":true,"href":"https:\/\/es.greenpeace.org\/gl\/wp-json\/wp\/v2\/categories?post=1482"},{"taxonomy":"post_tag","embeddable":true,"href":"https:\/\/es.greenpeace.org\/gl\/wp-json\/wp\/v2\/tags?post=1482"}],"curies":[{"name":"wp","href":"https:\/\/api.w.org\/{rel}","templated":true}]}}